{"id":38802,"date":"2025-12-29T08:33:43","date_gmt":"2025-12-29T08:33:43","guid":{"rendered":"https:\/\/collectin.eu\/?post_type=product&#038;p=38802"},"modified":"2026-04-08T10:24:55","modified_gmt":"2026-04-08T10:24:55","slug":"lego-76207-naujojo-asgardo-ataka","status":"publish","type":"product","link":"https:\/\/collectin.eu\/en\/product\/lego-76207-naujojo-asgardo-ataka\/","title":{"rendered":"LEGO\u00ae 76207 Attack on New Asgard"},"content":{"rendered":"<p>Vaikai gali susigrumti su siaubingu ko\u0161maru \u0161iame megapabaisos ir superheroj\u0173 \u017eaidimo rinkinyje. Konstruojam\u0105 \u017eaisl\u0105 sudaro 3 populiarios minifig\u016br\u0117l\u0117s: Gorr, kuris prikelia \u0160e\u0161\u0117li\u0173 pabais\u0105, Thor su savo kirviu Stormbreaker ir Mighty Thor su k\u016bju Mj\u00f6lnir. Mil\u017eini\u0161kas monstras turi lanks\u010dias rankas ir nagus, kurie \u012fsp\u016bdingai atrodo ir suteikia nei\u0161semiam\u0173 \u017eaidimo ir eksponavimo galimybi\u0173. Kad konstruoti b\u016bt\u0173 smagiau, program\u0117l\u0117je LEGO Building Instructions yra paprast\u0173 skaitmenini\u0173 ap\u017ei\u016bros \u012franki\u0173, \u012fskaitant priartinim\u0105 ir pasukim\u0105.<\/p>\n<ul>\n<li>Superheroj\u0173 m\u016b\u0161is su pabaisa. Su LEGO\u00ae Marvel Naujojo Asgardo ataka (76207) vaikai gali tapti \u201eMarvel Studios\u201c filmo \u201eThor: Love and Thunder\u201c filmo veiksmo dalimi.<\/li>\n<li>Legendiniai \u201eMarvel\u201c persona\u017eai. Rinkinyje yra Thor, Mighty Thor ir Gorr minifig\u016br\u0117l\u0117s bei konstruojama \u0160e\u0161\u0117li\u0173 pabaisa su lanks\u010diomis rankomis ir nagais i\u0161radingam \u017eaidimui ir eksponavimui.<\/li>\n<li>Nei\u0161semiamos \u017eaidimo galimyb\u0117s. Vaikai atkuria filmo scenas ir \u017eaid\u017eia savus nuotykius, kaudamiesi su besirangan\u010diu, griebian\u010diu ir nagais kauk\u0161in\u010diu Nightmare Monster.<\/li>\n<\/ul>","protected":false},"excerpt":{"rendered":"<p>Vaikai gali susigrumti su siaubingu ko\u0161maru \u0161iame megapabaisos ir superheroj\u0173 \u017eaidimo rinkinyje. Konstruojam\u0105 \u017eaisl\u0105 sudaro 3 populiarios minifig\u016br\u0117l\u0117s: Gorr, kuris<\/p>","protected":false},"featured_media":38803,"comment_status":"open","ping_status":"closed","template":"","meta":[],"product_brand":[423],"product_cat":[677,406,491],"product_tag":[],"class_list":{"0":"post-38802","1":"product","2":"type-product","3":"status-publish","4":"has-post-thumbnail","6":"product_brand-lego","7":"product_cat-lego-konstruktoriai","8":"product_cat-lego","9":"product_cat-lego-marvel","11":"first","12":"instock","13":"taxable","14":"shipping-taxable","15":"purchasable","16":"product-type-simple"},"yoast_head":"<!-- This site is optimized with the Yoast SEO plugin v25.9 - https:\/\/yoast.com\/wordpress\/plugins\/seo\/ -->\n<title>LEGO\u00ae 76207 Attack on New Asgard - Collectin.eu<\/title>\n<meta name=\"description\" content=\"Padovanokite superherojams nuo 7 met\u0173 am\u017eiaus pabais\u0105 su LEGO\u00ae Marvel Naujojo Asgardo ataka (76207).\" \/>\n<meta name=\"robots\" content=\"index, follow, max-snippet:-1, max-image-preview:large, max-video-preview:-1\" \/>\n<link rel=\"canonical\" href=\"https:\/\/collectin.eu\/en\/product\/lego-76207-naujojo-asgardo-ataka\/\" \/>\n<meta property=\"og:locale\" content=\"en_US\" \/>\n<meta property=\"og:type\" content=\"article\" \/>\n<meta property=\"og:title\" content=\"LEGO\u00ae 76207 Attack on New Asgard - Collectin.eu\" \/>\n<meta property=\"og:description\" content=\"Padovanokite superherojams nuo 7 met\u0173 am\u017eiaus pabais\u0105 su LEGO\u00ae Marvel Naujojo Asgardo ataka (76207).\" \/>\n<meta property=\"og:url\" content=\"https:\/\/collectin.eu\/en\/product\/lego-76207-naujojo-asgardo-ataka\/\" \/>\n<meta property=\"og:site_name\" content=\"Collectin.eu\" \/>\n<meta property=\"article:modified_time\" content=\"2026-04-08T10:24:55+00:00\" \/>\n<meta property=\"og:image\" content=\"http:\/\/collectin.eu\/wp-content\/uploads\/2025\/12\/Untitled-design-2025-12-29T102929.909.png\" \/>\n\t<meta property=\"og:image:width\" content=\"1080\" \/>\n\t<meta property=\"og:image:height\" content=\"1080\" \/>\n\t<meta property=\"og:image:type\" content=\"image\/png\" \/>\n<meta name=\"twitter:card\" content=\"summary_large_image\" \/>\n<meta name=\"twitter:label1\" content=\"Est. reading time\" \/>\n\t<meta name=\"twitter:data1\" content=\"1 minute\" \/>\n<script type=\"application\/ld+json\" class=\"yoast-schema-graph\">{\"@context\":\"https:\/\/schema.org\",\"@graph\":[{\"@type\":\"WebPage\",\"@id\":\"https:\/\/collectin.eu\/produktas\/lego-76207-naujojo-asgardo-ataka\/\",\"url\":\"https:\/\/collectin.eu\/produktas\/lego-76207-naujojo-asgardo-ataka\/\",\"name\":\"LEGO\u00ae 76207 Attack on New Asgard - Collectin.eu\",\"isPartOf\":{\"@id\":\"https:\/\/collectin.eu\/#website\"},\"primaryImageOfPage\":{\"@id\":\"https:\/\/collectin.eu\/produktas\/lego-76207-naujojo-asgardo-ataka\/#primaryimage\"},\"image\":{\"@id\":\"https:\/\/collectin.eu\/produktas\/lego-76207-naujojo-asgardo-ataka\/#primaryimage\"},\"thumbnailUrl\":\"https:\/\/collectin.eu\/wp-content\/uploads\/2025\/12\/Untitled-design-2025-12-29T102929.909.png\",\"datePublished\":\"2025-12-29T08:33:43+00:00\",\"dateModified\":\"2026-04-08T10:24:55+00:00\",\"description\":\"Padovanokite superherojams nuo 7 met\u0173 am\u017eiaus pabais\u0105 su LEGO\u00ae Marvel Naujojo Asgardo ataka (76207).\",\"breadcrumb\":{\"@id\":\"https:\/\/collectin.eu\/produktas\/lego-76207-naujojo-asgardo-ataka\/#breadcrumb\"},\"inLanguage\":\"en-US\",\"potentialAction\":[{\"@type\":\"ReadAction\",\"target\":[\"https:\/\/collectin.eu\/produktas\/lego-76207-naujojo-asgardo-ataka\/\"]}]},{\"@type\":\"ImageObject\",\"inLanguage\":\"en-US\",\"@id\":\"https:\/\/collectin.eu\/produktas\/lego-76207-naujojo-asgardo-ataka\/#primaryimage\",\"url\":\"https:\/\/collectin.eu\/wp-content\/uploads\/2025\/12\/Untitled-design-2025-12-29T102929.909.png\",\"contentUrl\":\"https:\/\/collectin.eu\/wp-content\/uploads\/2025\/12\/Untitled-design-2025-12-29T102929.909.png\",\"width\":1080,\"height\":1080},{\"@type\":\"BreadcrumbList\",\"@id\":\"https:\/\/collectin.eu\/produktas\/lego-76207-naujojo-asgardo-ataka\/#breadcrumb\",\"itemListElement\":[{\"@type\":\"ListItem\",\"position\":1,\"name\":\"Home\",\"item\":\"https:\/\/collectin.eu\/\"},{\"@type\":\"ListItem\",\"position\":2,\"name\":\"Parduotuv\u0117\",\"item\":\"https:\/\/collectin.eu\/parduotuve\/\"},{\"@type\":\"ListItem\",\"position\":3,\"name\":\"LEGO\u00ae 76207 Attack on New Asgard\"}]},{\"@type\":\"WebSite\",\"@id\":\"https:\/\/collectin.eu\/#website\",\"url\":\"https:\/\/collectin.eu\/\",\"name\":\"Collectin.eu\",\"description\":\"\",\"potentialAction\":[{\"@type\":\"SearchAction\",\"target\":{\"@type\":\"EntryPoint\",\"urlTemplate\":\"https:\/\/collectin.eu\/?s={search_term_string}\"},\"query-input\":{\"@type\":\"PropertyValueSpecification\",\"valueRequired\":true,\"valueName\":\"search_term_string\"}}],\"inLanguage\":\"en-US\"}]}<\/script>\n<!-- \/ Yoast SEO plugin. -->","yoast_head_json":{"title":"LEGO\u00ae 76207 Attack on New Asgard - Collectin.eu","description":"Padovanokite superherojams nuo 7 met\u0173 am\u017eiaus pabais\u0105 su LEGO\u00ae Marvel Naujojo Asgardo ataka (76207).","robots":{"index":"index","follow":"follow","max-snippet":"max-snippet:-1","max-image-preview":"max-image-preview:large","max-video-preview":"max-video-preview:-1"},"canonical":"https:\/\/collectin.eu\/en\/product\/lego-76207-naujojo-asgardo-ataka\/","og_locale":"en_US","og_type":"article","og_title":"LEGO\u00ae 76207 Attack on New Asgard - Collectin.eu","og_description":"Padovanokite superherojams nuo 7 met\u0173 am\u017eiaus pabais\u0105 su LEGO\u00ae Marvel Naujojo Asgardo ataka (76207).","og_url":"https:\/\/collectin.eu\/en\/product\/lego-76207-naujojo-asgardo-ataka\/","og_site_name":"Collectin.eu","article_modified_time":"2026-04-08T10:24:55+00:00","og_image":[{"width":1080,"height":1080,"url":"http:\/\/collectin.eu\/wp-content\/uploads\/2025\/12\/Untitled-design-2025-12-29T102929.909.png","type":"image\/png"}],"twitter_card":"summary_large_image","twitter_misc":{"Est. reading time":"1 minute"},"schema":{"@context":"https:\/\/schema.org","@graph":[{"@type":"WebPage","@id":"https:\/\/collectin.eu\/produktas\/lego-76207-naujojo-asgardo-ataka\/","url":"https:\/\/collectin.eu\/produktas\/lego-76207-naujojo-asgardo-ataka\/","name":"LEGO\u00ae 76207 Attack on New Asgard - Collectin.eu","isPartOf":{"@id":"https:\/\/collectin.eu\/#website"},"primaryImageOfPage":{"@id":"https:\/\/collectin.eu\/produktas\/lego-76207-naujojo-asgardo-ataka\/#primaryimage"},"image":{"@id":"https:\/\/collectin.eu\/produktas\/lego-76207-naujojo-asgardo-ataka\/#primaryimage"},"thumbnailUrl":"https:\/\/collectin.eu\/wp-content\/uploads\/2025\/12\/Untitled-design-2025-12-29T102929.909.png","datePublished":"2025-12-29T08:33:43+00:00","dateModified":"2026-04-08T10:24:55+00:00","description":"Padovanokite superherojams nuo 7 met\u0173 am\u017eiaus pabais\u0105 su LEGO\u00ae Marvel Naujojo Asgardo ataka (76207).","breadcrumb":{"@id":"https:\/\/collectin.eu\/produktas\/lego-76207-naujojo-asgardo-ataka\/#breadcrumb"},"inLanguage":"en-US","potentialAction":[{"@type":"ReadAction","target":["https:\/\/collectin.eu\/produktas\/lego-76207-naujojo-asgardo-ataka\/"]}]},{"@type":"ImageObject","inLanguage":"en-US","@id":"https:\/\/collectin.eu\/produktas\/lego-76207-naujojo-asgardo-ataka\/#primaryimage","url":"https:\/\/collectin.eu\/wp-content\/uploads\/2025\/12\/Untitled-design-2025-12-29T102929.909.png","contentUrl":"https:\/\/collectin.eu\/wp-content\/uploads\/2025\/12\/Untitled-design-2025-12-29T102929.909.png","width":1080,"height":1080},{"@type":"BreadcrumbList","@id":"https:\/\/collectin.eu\/produktas\/lego-76207-naujojo-asgardo-ataka\/#breadcrumb","itemListElement":[{"@type":"ListItem","position":1,"name":"Home","item":"https:\/\/collectin.eu\/"},{"@type":"ListItem","position":2,"name":"Parduotuv\u0117","item":"https:\/\/collectin.eu\/parduotuve\/"},{"@type":"ListItem","position":3,"name":"LEGO\u00ae 76207 Attack on New Asgard"}]},{"@type":"WebSite","@id":"https:\/\/collectin.eu\/#website","url":"https:\/\/collectin.eu\/","name":"Collectin.eu","description":"","potentialAction":[{"@type":"SearchAction","target":{"@type":"EntryPoint","urlTemplate":"https:\/\/collectin.eu\/?s={search_term_string}"},"query-input":{"@type":"PropertyValueSpecification","valueRequired":true,"valueName":"search_term_string"}}],"inLanguage":"en-US"}]}},"jetpack_sharing_enabled":true,"_links":{"self":[{"href":"https:\/\/collectin.eu\/en\/wp-json\/wp\/v2\/product\/38802","targetHints":{"allow":["GET"]}}],"collection":[{"href":"https:\/\/collectin.eu\/en\/wp-json\/wp\/v2\/product"}],"about":[{"href":"https:\/\/collectin.eu\/en\/wp-json\/wp\/v2\/types\/product"}],"replies":[{"embeddable":true,"href":"https:\/\/collectin.eu\/en\/wp-json\/wp\/v2\/comments?post=38802"}],"version-history":[{"count":2,"href":"https:\/\/collectin.eu\/en\/wp-json\/wp\/v2\/product\/38802\/revisions"}],"predecessor-version":[{"id":40331,"href":"https:\/\/collectin.eu\/en\/wp-json\/wp\/v2\/product\/38802\/revisions\/40331"}],"wp:featuredmedia":[{"embeddable":true,"href":"https:\/\/collectin.eu\/en\/wp-json\/wp\/v2\/media\/38803"}],"wp:attachment":[{"href":"https:\/\/collectin.eu\/en\/wp-json\/wp\/v2\/media?parent=38802"}],"wp:term":[{"taxonomy":"product_brand","embeddable":true,"href":"https:\/\/collectin.eu\/en\/wp-json\/wp\/v2\/product_brand?post=38802"},{"taxonomy":"product_cat","embeddable":true,"href":"https:\/\/collectin.eu\/en\/wp-json\/wp\/v2\/product_cat?post=38802"},{"taxonomy":"product_tag","embeddable":true,"href":"https:\/\/collectin.eu\/en\/wp-json\/wp\/v2\/product_tag?post=38802"}],"curies":[{"name":"wp","href":"https:\/\/api.w.org\/{rel}","templated":true}]}}