{"id":38807,"date":"2025-12-29T08:41:28","date_gmt":"2025-12-29T08:41:28","guid":{"rendered":"https:\/\/collectin.eu\/?post_type=product&#038;p=38807"},"modified":"2026-04-08T10:24:55","modified_gmt":"2026-04-08T10:24:55","slug":"lego-43212-disney-sventinis-traukinys","status":"publish","type":"product","link":"https:\/\/collectin.eu\/en\/product\/lego-43212-disney-sventinis-traukinys\/","title":{"rendered":"LEGO\u00ae 43212 Disney Celebration Train\u200b"},"content":{"rendered":"<p>\u0160is rinkinys, skirtas vaikams nuo 4 met\u0173, skatina j\u0173 pasitik\u0117jim\u0105 savimi ir suteikia smagios \u017eaidim\u0173 patirties, o pradin\u0117s kalad\u0117l\u0117s sukuria tvirt\u0105 statymo pagrind\u0105. Kiekvienoje pakuot\u0117je yra po persona\u017e\u0105, tad vaikai gali prad\u0117ti \u017eaisti bet kuriuo metu, o baigti statyti rinkin\u012f v\u0117liau.<\/p>\n<p>\u0160eimos pramogos<br \/>\nRinkiniai, skirti vaikams nuo 4 met\u0173, yra puikus b\u016bdas suaugusiesiems d\u017eiaugtis pramogomis su ma\u017eyliais. Jei suaugusieji dar n\u0117ra konstrav\u0119 LEGO \u017eaisl\u0173, nesijaudinkite\u00a0\u2013 vaikai gali vadovauti, nes rinkinys turi iliustruotas instrukcijas, tad proces\u0105 lengva sekti net besimokantiems skaityti.<\/p>\n<ul>\n<li>Konstruokite, \u017eaiskite, \u0161v\u0119skite. Padovanokite gerb\u0117jams nuo 4 met\u0173 LEGO\u00ae \u01c0 Disney: \u201eDisney\u201c \u0161ventinio traukinio (43212) rinkin\u012f, skirt\u0105 \u201eDisney\u201c 100 met\u0173 sukak\u010diai pamin\u0117ti, kuris \u012fkv\u0117ps i\u0161radingiems \u017eaidimams<\/li>\n<li>Greitos pramogos. 200 dali\u0173 rinkinyje yra variklis ir 3 \u201eparadiniai\u201c traukinio plaustai, stotis, 6 LEGO\u00ae minifig\u016br\u0117l\u0117s ir daugyb\u0117 istorijos id\u0117j\u0173. Kiekvienoje kalad\u0117li\u0173 pakuot\u0117je yra po persona\u017e\u0105, tad \u017eaidimas netruks prasid\u0117ti<\/li>\n<li>\u017daidimas su traukiniu. Rinkinys paskatins vaikus, dievinan\u010dius traukinius, visi\u0161kai pasinerti \u012f konstravim\u0105 ir linksmybes. Kiekvienas plaustas turi funkcij\u0173 ir pasl\u0117pt\u0173 element\u0173, kuriuos vaikai atras \u017eaisdami<\/li>\n<\/ul>","protected":false},"excerpt":{"rendered":"<p>\u0160is rinkinys, skirtas vaikams nuo 4 met\u0173, skatina j\u0173 pasitik\u0117jim\u0105 savimi ir suteikia smagios \u017eaidim\u0173 patirties, o pradin\u0117s kalad\u0117l\u0117s sukuria<\/p>","protected":false},"featured_media":38808,"comment_status":"open","ping_status":"closed","template":"","meta":[],"product_brand":[423],"product_cat":[677,406,494],"product_tag":[],"class_list":{"0":"post-38807","1":"product","2":"type-product","3":"status-publish","4":"has-post-thumbnail","6":"product_brand-lego","7":"product_cat-lego-konstruktoriai","8":"product_cat-lego","9":"product_cat-lego-disney","11":"first","12":"instock","13":"taxable","14":"shipping-taxable","15":"purchasable","16":"product-type-simple"},"yoast_head":"<!-- This site is optimized with the Yoast SEO plugin v25.9 - https:\/\/yoast.com\/wordpress\/plugins\/seo\/ -->\n<title>LEGO\u00ae 43212 Disney Celebration Train\u200b - Collectin.eu<\/title>\n<meta name=\"description\" content=\"Su\u017eav\u0117kite jaunuosius traukini\u0173 gerb\u0117jus nuo 4 met\u0173 \u0161iuo konstruojamu \u017eaislu, apie kur\u012f kalb\u0117s visi.\" \/>\n<meta name=\"robots\" content=\"index, follow, max-snippet:-1, max-image-preview:large, max-video-preview:-1\" \/>\n<link rel=\"canonical\" href=\"https:\/\/collectin.eu\/en\/product\/lego-43212-disney-sventinis-traukinys\/\" \/>\n<meta property=\"og:locale\" content=\"en_US\" \/>\n<meta property=\"og:type\" content=\"article\" \/>\n<meta property=\"og:title\" content=\"LEGO\u00ae 43212 Disney Celebration Train\u200b - Collectin.eu\" \/>\n<meta property=\"og:description\" content=\"Su\u017eav\u0117kite jaunuosius traukini\u0173 gerb\u0117jus nuo 4 met\u0173 \u0161iuo konstruojamu \u017eaislu, apie kur\u012f kalb\u0117s visi.\" \/>\n<meta property=\"og:url\" content=\"https:\/\/collectin.eu\/en\/product\/lego-43212-disney-sventinis-traukinys\/\" \/>\n<meta property=\"og:site_name\" content=\"Collectin.eu\" \/>\n<meta property=\"article:modified_time\" content=\"2026-04-08T10:24:55+00:00\" \/>\n<meta property=\"og:image\" content=\"http:\/\/collectin.eu\/wp-content\/uploads\/2025\/12\/Untitled-design-2025-12-29T103636.206.png\" \/>\n\t<meta property=\"og:image:width\" content=\"1080\" \/>\n\t<meta property=\"og:image:height\" content=\"1080\" \/>\n\t<meta property=\"og:image:type\" content=\"image\/png\" \/>\n<meta name=\"twitter:card\" content=\"summary_large_image\" \/>\n<meta name=\"twitter:label1\" content=\"Est. reading time\" \/>\n\t<meta name=\"twitter:data1\" content=\"2 minutes\" \/>\n<script type=\"application\/ld+json\" class=\"yoast-schema-graph\">{\"@context\":\"https:\/\/schema.org\",\"@graph\":[{\"@type\":\"WebPage\",\"@id\":\"https:\/\/collectin.eu\/produktas\/lego-43212-disney-sventinis-traukinys\/\",\"url\":\"https:\/\/collectin.eu\/produktas\/lego-43212-disney-sventinis-traukinys\/\",\"name\":\"LEGO\u00ae 43212 Disney Celebration Train\u200b - Collectin.eu\",\"isPartOf\":{\"@id\":\"https:\/\/collectin.eu\/#website\"},\"primaryImageOfPage\":{\"@id\":\"https:\/\/collectin.eu\/produktas\/lego-43212-disney-sventinis-traukinys\/#primaryimage\"},\"image\":{\"@id\":\"https:\/\/collectin.eu\/produktas\/lego-43212-disney-sventinis-traukinys\/#primaryimage\"},\"thumbnailUrl\":\"https:\/\/collectin.eu\/wp-content\/uploads\/2025\/12\/Untitled-design-2025-12-29T103636.206.png\",\"datePublished\":\"2025-12-29T08:41:28+00:00\",\"dateModified\":\"2026-04-08T10:24:55+00:00\",\"description\":\"Su\u017eav\u0117kite jaunuosius traukini\u0173 gerb\u0117jus nuo 4 met\u0173 \u0161iuo konstruojamu \u017eaislu, apie kur\u012f kalb\u0117s visi.\",\"breadcrumb\":{\"@id\":\"https:\/\/collectin.eu\/produktas\/lego-43212-disney-sventinis-traukinys\/#breadcrumb\"},\"inLanguage\":\"en-US\",\"potentialAction\":[{\"@type\":\"ReadAction\",\"target\":[\"https:\/\/collectin.eu\/produktas\/lego-43212-disney-sventinis-traukinys\/\"]}]},{\"@type\":\"ImageObject\",\"inLanguage\":\"en-US\",\"@id\":\"https:\/\/collectin.eu\/produktas\/lego-43212-disney-sventinis-traukinys\/#primaryimage\",\"url\":\"https:\/\/collectin.eu\/wp-content\/uploads\/2025\/12\/Untitled-design-2025-12-29T103636.206.png\",\"contentUrl\":\"https:\/\/collectin.eu\/wp-content\/uploads\/2025\/12\/Untitled-design-2025-12-29T103636.206.png\",\"width\":1080,\"height\":1080},{\"@type\":\"BreadcrumbList\",\"@id\":\"https:\/\/collectin.eu\/produktas\/lego-43212-disney-sventinis-traukinys\/#breadcrumb\",\"itemListElement\":[{\"@type\":\"ListItem\",\"position\":1,\"name\":\"Home\",\"item\":\"https:\/\/collectin.eu\/\"},{\"@type\":\"ListItem\",\"position\":2,\"name\":\"Parduotuv\u0117\",\"item\":\"https:\/\/collectin.eu\/parduotuve\/\"},{\"@type\":\"ListItem\",\"position\":3,\"name\":\"LEGO\u00ae 43212 Disney Celebration Train\u200b\"}]},{\"@type\":\"WebSite\",\"@id\":\"https:\/\/collectin.eu\/#website\",\"url\":\"https:\/\/collectin.eu\/\",\"name\":\"Collectin.eu\",\"description\":\"\",\"potentialAction\":[{\"@type\":\"SearchAction\",\"target\":{\"@type\":\"EntryPoint\",\"urlTemplate\":\"https:\/\/collectin.eu\/?s={search_term_string}\"},\"query-input\":{\"@type\":\"PropertyValueSpecification\",\"valueRequired\":true,\"valueName\":\"search_term_string\"}}],\"inLanguage\":\"en-US\"}]}<\/script>\n<!-- \/ Yoast SEO plugin. -->","yoast_head_json":{"title":"LEGO\u00ae 43212 Disney Celebration Train\u200b - Collectin.eu","description":"Su\u017eav\u0117kite jaunuosius traukini\u0173 gerb\u0117jus nuo 4 met\u0173 \u0161iuo konstruojamu \u017eaislu, apie kur\u012f kalb\u0117s visi.","robots":{"index":"index","follow":"follow","max-snippet":"max-snippet:-1","max-image-preview":"max-image-preview:large","max-video-preview":"max-video-preview:-1"},"canonical":"https:\/\/collectin.eu\/en\/product\/lego-43212-disney-sventinis-traukinys\/","og_locale":"en_US","og_type":"article","og_title":"LEGO\u00ae 43212 Disney Celebration Train\u200b - Collectin.eu","og_description":"Su\u017eav\u0117kite jaunuosius traukini\u0173 gerb\u0117jus nuo 4 met\u0173 \u0161iuo konstruojamu \u017eaislu, apie kur\u012f kalb\u0117s visi.","og_url":"https:\/\/collectin.eu\/en\/product\/lego-43212-disney-sventinis-traukinys\/","og_site_name":"Collectin.eu","article_modified_time":"2026-04-08T10:24:55+00:00","og_image":[{"width":1080,"height":1080,"url":"http:\/\/collectin.eu\/wp-content\/uploads\/2025\/12\/Untitled-design-2025-12-29T103636.206.png","type":"image\/png"}],"twitter_card":"summary_large_image","twitter_misc":{"Est. reading time":"2 minutes"},"schema":{"@context":"https:\/\/schema.org","@graph":[{"@type":"WebPage","@id":"https:\/\/collectin.eu\/produktas\/lego-43212-disney-sventinis-traukinys\/","url":"https:\/\/collectin.eu\/produktas\/lego-43212-disney-sventinis-traukinys\/","name":"LEGO\u00ae 43212 Disney Celebration Train\u200b - Collectin.eu","isPartOf":{"@id":"https:\/\/collectin.eu\/#website"},"primaryImageOfPage":{"@id":"https:\/\/collectin.eu\/produktas\/lego-43212-disney-sventinis-traukinys\/#primaryimage"},"image":{"@id":"https:\/\/collectin.eu\/produktas\/lego-43212-disney-sventinis-traukinys\/#primaryimage"},"thumbnailUrl":"https:\/\/collectin.eu\/wp-content\/uploads\/2025\/12\/Untitled-design-2025-12-29T103636.206.png","datePublished":"2025-12-29T08:41:28+00:00","dateModified":"2026-04-08T10:24:55+00:00","description":"Su\u017eav\u0117kite jaunuosius traukini\u0173 gerb\u0117jus nuo 4 met\u0173 \u0161iuo konstruojamu \u017eaislu, apie kur\u012f kalb\u0117s visi.","breadcrumb":{"@id":"https:\/\/collectin.eu\/produktas\/lego-43212-disney-sventinis-traukinys\/#breadcrumb"},"inLanguage":"en-US","potentialAction":[{"@type":"ReadAction","target":["https:\/\/collectin.eu\/produktas\/lego-43212-disney-sventinis-traukinys\/"]}]},{"@type":"ImageObject","inLanguage":"en-US","@id":"https:\/\/collectin.eu\/produktas\/lego-43212-disney-sventinis-traukinys\/#primaryimage","url":"https:\/\/collectin.eu\/wp-content\/uploads\/2025\/12\/Untitled-design-2025-12-29T103636.206.png","contentUrl":"https:\/\/collectin.eu\/wp-content\/uploads\/2025\/12\/Untitled-design-2025-12-29T103636.206.png","width":1080,"height":1080},{"@type":"BreadcrumbList","@id":"https:\/\/collectin.eu\/produktas\/lego-43212-disney-sventinis-traukinys\/#breadcrumb","itemListElement":[{"@type":"ListItem","position":1,"name":"Home","item":"https:\/\/collectin.eu\/"},{"@type":"ListItem","position":2,"name":"Parduotuv\u0117","item":"https:\/\/collectin.eu\/parduotuve\/"},{"@type":"ListItem","position":3,"name":"LEGO\u00ae 43212 Disney Celebration Train\u200b"}]},{"@type":"WebSite","@id":"https:\/\/collectin.eu\/#website","url":"https:\/\/collectin.eu\/","name":"Collectin.eu","description":"","potentialAction":[{"@type":"SearchAction","target":{"@type":"EntryPoint","urlTemplate":"https:\/\/collectin.eu\/?s={search_term_string}"},"query-input":{"@type":"PropertyValueSpecification","valueRequired":true,"valueName":"search_term_string"}}],"inLanguage":"en-US"}]}},"jetpack_sharing_enabled":true,"_links":{"self":[{"href":"https:\/\/collectin.eu\/en\/wp-json\/wp\/v2\/product\/38807","targetHints":{"allow":["GET"]}}],"collection":[{"href":"https:\/\/collectin.eu\/en\/wp-json\/wp\/v2\/product"}],"about":[{"href":"https:\/\/collectin.eu\/en\/wp-json\/wp\/v2\/types\/product"}],"replies":[{"embeddable":true,"href":"https:\/\/collectin.eu\/en\/wp-json\/wp\/v2\/comments?post=38807"}],"version-history":[{"count":3,"href":"https:\/\/collectin.eu\/en\/wp-json\/wp\/v2\/product\/38807\/revisions"}],"predecessor-version":[{"id":40330,"href":"https:\/\/collectin.eu\/en\/wp-json\/wp\/v2\/product\/38807\/revisions\/40330"}],"wp:featuredmedia":[{"embeddable":true,"href":"https:\/\/collectin.eu\/en\/wp-json\/wp\/v2\/media\/38808"}],"wp:attachment":[{"href":"https:\/\/collectin.eu\/en\/wp-json\/wp\/v2\/media?parent=38807"}],"wp:term":[{"taxonomy":"product_brand","embeddable":true,"href":"https:\/\/collectin.eu\/en\/wp-json\/wp\/v2\/product_brand?post=38807"},{"taxonomy":"product_cat","embeddable":true,"href":"https:\/\/collectin.eu\/en\/wp-json\/wp\/v2\/product_cat?post=38807"},{"taxonomy":"product_tag","embeddable":true,"href":"https:\/\/collectin.eu\/en\/wp-json\/wp\/v2\/product_tag?post=38807"}],"curies":[{"name":"wp","href":"https:\/\/api.w.org\/{rel}","templated":true}]}}