{"id":38813,"date":"2025-12-29T08:48:53","date_gmt":"2025-12-29T08:48:53","guid":{"rendered":"https:\/\/collectin.eu\/?post_type=product&#038;p=38813"},"modified":"2026-04-08T10:24:54","modified_gmt":"2026-04-08T10:24:54","slug":"lego-21057-singapuras","status":"publish","type":"product","link":"https:\/\/collectin.eu\/en\/product\/lego-21057-singapuras\/","title":{"rendered":"LEGO\u00ae 21057 Singapore"},"content":{"rendered":"<p>\u0160is kolekcinis rinkinys yra vienas i\u0161 LEGO Architecture rinkini\u0173 suaugusiems, leid\u017eiantis konstruoti be apribojim\u0173. Tai fantasti\u0161ka pramoga sau ir puiki dovana kelioni\u0173, istorijos ir architekt\u016bros myl\u0117tojams j\u016bs\u0173 \u017emoni\u0173 tarpe.<\/p>\n<ul>\n<li>Konstravimo projektas suaugusiems. \u0160is LEGO\u00ae Architecture Skyline kolekcijos modelis (21057) atkuria vienus \u017einomiausi\u0173 Singap\u016bro pastat\u0173 LEGO stiliumi.<\/li>\n<li>I\u0161 kalad\u0117li\u0173 pastatytos \u012f\u017eymios vietos. Marina Bay Sands, the OCBC Centre, One Raffles Place, Lau Pa Sat (dar \u017einoma kaip Telok Ayer Market), The Fullerton Hotel Singapore ir Supertree Grove ties Gardens by the Bay.<\/li>\n<li>Kra\u0161tovaizd\u017eio detal\u0117s. Prijunkite Singap\u016bro up\u0119 ir med\u017eius simbolizuojan\u010dius LEGO\u00ae elementus ir i\u0161bandykite galimyb\u0119 pastatus kampuose tvirtinti prie pagrindo.<\/li>\n<\/ul>","protected":false},"excerpt":{"rendered":"<p>\u0160is kolekcinis rinkinys yra vienas i\u0161 LEGO Architecture rinkini\u0173 suaugusiems, leid\u017eiantis konstruoti be apribojim\u0173. Tai fantasti\u0161ka pramoga sau ir puiki<\/p>","protected":false},"featured_media":38814,"comment_status":"open","ping_status":"closed","template":"","meta":[],"product_brand":[423],"product_cat":[677,406,433],"product_tag":[],"class_list":{"0":"post-38813","1":"product","2":"type-product","3":"status-publish","4":"has-post-thumbnail","6":"product_brand-lego","7":"product_cat-lego-konstruktoriai","8":"product_cat-lego","9":"product_cat-lego-architecture","11":"first","12":"instock","13":"taxable","14":"shipping-taxable","15":"purchasable","16":"product-type-simple"},"yoast_head":"<!-- This site is optimized with the Yoast SEO plugin v25.9 - https:\/\/yoast.com\/wordpress\/plugins\/seo\/ -->\n<title>LEGO\u00ae 21057 Singapore - Collectin.eu<\/title>\n<meta name=\"description\" content=\"Statydami \u0161\u012f LEGO\u00ae Architecture Skyline kolekcijos model\u012f Singap\u016bras (21057) nusikelkite \u012f vien\u0105 \u012fdomiausi\u0173 pasaulio miest\u0173. Nereikia jokio paso.\" \/>\n<meta name=\"robots\" content=\"index, follow, max-snippet:-1, max-image-preview:large, max-video-preview:-1\" \/>\n<link rel=\"canonical\" href=\"https:\/\/collectin.eu\/en\/product\/lego-21057-singapuras\/\" \/>\n<meta property=\"og:locale\" content=\"en_US\" \/>\n<meta property=\"og:type\" content=\"article\" \/>\n<meta property=\"og:title\" content=\"LEGO\u00ae 21057 Singapore - Collectin.eu\" \/>\n<meta property=\"og:description\" content=\"Statydami \u0161\u012f LEGO\u00ae Architecture Skyline kolekcijos model\u012f Singap\u016bras (21057) nusikelkite \u012f vien\u0105 \u012fdomiausi\u0173 pasaulio miest\u0173. Nereikia jokio paso.\" \/>\n<meta property=\"og:url\" content=\"https:\/\/collectin.eu\/en\/product\/lego-21057-singapuras\/\" \/>\n<meta property=\"og:site_name\" content=\"Collectin.eu\" \/>\n<meta property=\"article:modified_time\" content=\"2026-04-08T10:24:54+00:00\" \/>\n<meta property=\"og:image\" content=\"http:\/\/collectin.eu\/wp-content\/uploads\/2025\/12\/Untitled-design-2025-12-29T104503.047.png\" \/>\n\t<meta property=\"og:image:width\" content=\"1080\" \/>\n\t<meta property=\"og:image:height\" content=\"1080\" \/>\n\t<meta property=\"og:image:type\" content=\"image\/png\" \/>\n<meta name=\"twitter:card\" content=\"summary_large_image\" \/>\n<meta name=\"twitter:label1\" content=\"Est. reading time\" \/>\n\t<meta name=\"twitter:data1\" content=\"1 minute\" \/>\n<script type=\"application\/ld+json\" class=\"yoast-schema-graph\">{\"@context\":\"https:\/\/schema.org\",\"@graph\":[{\"@type\":\"WebPage\",\"@id\":\"https:\/\/collectin.eu\/produktas\/lego-21057-singapuras\/\",\"url\":\"https:\/\/collectin.eu\/produktas\/lego-21057-singapuras\/\",\"name\":\"LEGO\u00ae 21057 Singapore - Collectin.eu\",\"isPartOf\":{\"@id\":\"https:\/\/collectin.eu\/#website\"},\"primaryImageOfPage\":{\"@id\":\"https:\/\/collectin.eu\/produktas\/lego-21057-singapuras\/#primaryimage\"},\"image\":{\"@id\":\"https:\/\/collectin.eu\/produktas\/lego-21057-singapuras\/#primaryimage\"},\"thumbnailUrl\":\"https:\/\/collectin.eu\/wp-content\/uploads\/2025\/12\/Untitled-design-2025-12-29T104503.047.png\",\"datePublished\":\"2025-12-29T08:48:53+00:00\",\"dateModified\":\"2026-04-08T10:24:54+00:00\",\"description\":\"Statydami \u0161\u012f LEGO\u00ae Architecture Skyline kolekcijos model\u012f Singap\u016bras (21057) nusikelkite \u012f vien\u0105 \u012fdomiausi\u0173 pasaulio miest\u0173. Nereikia jokio paso.\",\"breadcrumb\":{\"@id\":\"https:\/\/collectin.eu\/produktas\/lego-21057-singapuras\/#breadcrumb\"},\"inLanguage\":\"en-US\",\"potentialAction\":[{\"@type\":\"ReadAction\",\"target\":[\"https:\/\/collectin.eu\/produktas\/lego-21057-singapuras\/\"]}]},{\"@type\":\"ImageObject\",\"inLanguage\":\"en-US\",\"@id\":\"https:\/\/collectin.eu\/produktas\/lego-21057-singapuras\/#primaryimage\",\"url\":\"https:\/\/collectin.eu\/wp-content\/uploads\/2025\/12\/Untitled-design-2025-12-29T104503.047.png\",\"contentUrl\":\"https:\/\/collectin.eu\/wp-content\/uploads\/2025\/12\/Untitled-design-2025-12-29T104503.047.png\",\"width\":1080,\"height\":1080},{\"@type\":\"BreadcrumbList\",\"@id\":\"https:\/\/collectin.eu\/produktas\/lego-21057-singapuras\/#breadcrumb\",\"itemListElement\":[{\"@type\":\"ListItem\",\"position\":1,\"name\":\"Home\",\"item\":\"https:\/\/collectin.eu\/\"},{\"@type\":\"ListItem\",\"position\":2,\"name\":\"Parduotuv\u0117\",\"item\":\"https:\/\/collectin.eu\/parduotuve\/\"},{\"@type\":\"ListItem\",\"position\":3,\"name\":\"LEGO\u00ae 21057 Singapore\"}]},{\"@type\":\"WebSite\",\"@id\":\"https:\/\/collectin.eu\/#website\",\"url\":\"https:\/\/collectin.eu\/\",\"name\":\"Collectin.eu\",\"description\":\"\",\"potentialAction\":[{\"@type\":\"SearchAction\",\"target\":{\"@type\":\"EntryPoint\",\"urlTemplate\":\"https:\/\/collectin.eu\/?s={search_term_string}\"},\"query-input\":{\"@type\":\"PropertyValueSpecification\",\"valueRequired\":true,\"valueName\":\"search_term_string\"}}],\"inLanguage\":\"en-US\"}]}<\/script>\n<!-- \/ Yoast SEO plugin. -->","yoast_head_json":{"title":"LEGO\u00ae 21057 Singapore - Collectin.eu","description":"Statydami \u0161\u012f LEGO\u00ae Architecture Skyline kolekcijos model\u012f Singap\u016bras (21057) nusikelkite \u012f vien\u0105 \u012fdomiausi\u0173 pasaulio miest\u0173. Nereikia jokio paso.","robots":{"index":"index","follow":"follow","max-snippet":"max-snippet:-1","max-image-preview":"max-image-preview:large","max-video-preview":"max-video-preview:-1"},"canonical":"https:\/\/collectin.eu\/en\/product\/lego-21057-singapuras\/","og_locale":"en_US","og_type":"article","og_title":"LEGO\u00ae 21057 Singapore - Collectin.eu","og_description":"Statydami \u0161\u012f LEGO\u00ae Architecture Skyline kolekcijos model\u012f Singap\u016bras (21057) nusikelkite \u012f vien\u0105 \u012fdomiausi\u0173 pasaulio miest\u0173. Nereikia jokio paso.","og_url":"https:\/\/collectin.eu\/en\/product\/lego-21057-singapuras\/","og_site_name":"Collectin.eu","article_modified_time":"2026-04-08T10:24:54+00:00","og_image":[{"width":1080,"height":1080,"url":"http:\/\/collectin.eu\/wp-content\/uploads\/2025\/12\/Untitled-design-2025-12-29T104503.047.png","type":"image\/png"}],"twitter_card":"summary_large_image","twitter_misc":{"Est. reading time":"1 minute"},"schema":{"@context":"https:\/\/schema.org","@graph":[{"@type":"WebPage","@id":"https:\/\/collectin.eu\/produktas\/lego-21057-singapuras\/","url":"https:\/\/collectin.eu\/produktas\/lego-21057-singapuras\/","name":"LEGO\u00ae 21057 Singapore - Collectin.eu","isPartOf":{"@id":"https:\/\/collectin.eu\/#website"},"primaryImageOfPage":{"@id":"https:\/\/collectin.eu\/produktas\/lego-21057-singapuras\/#primaryimage"},"image":{"@id":"https:\/\/collectin.eu\/produktas\/lego-21057-singapuras\/#primaryimage"},"thumbnailUrl":"https:\/\/collectin.eu\/wp-content\/uploads\/2025\/12\/Untitled-design-2025-12-29T104503.047.png","datePublished":"2025-12-29T08:48:53+00:00","dateModified":"2026-04-08T10:24:54+00:00","description":"Statydami \u0161\u012f LEGO\u00ae Architecture Skyline kolekcijos model\u012f Singap\u016bras (21057) nusikelkite \u012f vien\u0105 \u012fdomiausi\u0173 pasaulio miest\u0173. Nereikia jokio paso.","breadcrumb":{"@id":"https:\/\/collectin.eu\/produktas\/lego-21057-singapuras\/#breadcrumb"},"inLanguage":"en-US","potentialAction":[{"@type":"ReadAction","target":["https:\/\/collectin.eu\/produktas\/lego-21057-singapuras\/"]}]},{"@type":"ImageObject","inLanguage":"en-US","@id":"https:\/\/collectin.eu\/produktas\/lego-21057-singapuras\/#primaryimage","url":"https:\/\/collectin.eu\/wp-content\/uploads\/2025\/12\/Untitled-design-2025-12-29T104503.047.png","contentUrl":"https:\/\/collectin.eu\/wp-content\/uploads\/2025\/12\/Untitled-design-2025-12-29T104503.047.png","width":1080,"height":1080},{"@type":"BreadcrumbList","@id":"https:\/\/collectin.eu\/produktas\/lego-21057-singapuras\/#breadcrumb","itemListElement":[{"@type":"ListItem","position":1,"name":"Home","item":"https:\/\/collectin.eu\/"},{"@type":"ListItem","position":2,"name":"Parduotuv\u0117","item":"https:\/\/collectin.eu\/parduotuve\/"},{"@type":"ListItem","position":3,"name":"LEGO\u00ae 21057 Singapore"}]},{"@type":"WebSite","@id":"https:\/\/collectin.eu\/#website","url":"https:\/\/collectin.eu\/","name":"Collectin.eu","description":"","potentialAction":[{"@type":"SearchAction","target":{"@type":"EntryPoint","urlTemplate":"https:\/\/collectin.eu\/?s={search_term_string}"},"query-input":{"@type":"PropertyValueSpecification","valueRequired":true,"valueName":"search_term_string"}}],"inLanguage":"en-US"}]}},"jetpack_sharing_enabled":true,"_links":{"self":[{"href":"https:\/\/collectin.eu\/en\/wp-json\/wp\/v2\/product\/38813","targetHints":{"allow":["GET"]}}],"collection":[{"href":"https:\/\/collectin.eu\/en\/wp-json\/wp\/v2\/product"}],"about":[{"href":"https:\/\/collectin.eu\/en\/wp-json\/wp\/v2\/types\/product"}],"replies":[{"embeddable":true,"href":"https:\/\/collectin.eu\/en\/wp-json\/wp\/v2\/comments?post=38813"}],"version-history":[{"count":2,"href":"https:\/\/collectin.eu\/en\/wp-json\/wp\/v2\/product\/38813\/revisions"}],"predecessor-version":[{"id":40328,"href":"https:\/\/collectin.eu\/en\/wp-json\/wp\/v2\/product\/38813\/revisions\/40328"}],"wp:featuredmedia":[{"embeddable":true,"href":"https:\/\/collectin.eu\/en\/wp-json\/wp\/v2\/media\/38814"}],"wp:attachment":[{"href":"https:\/\/collectin.eu\/en\/wp-json\/wp\/v2\/media?parent=38813"}],"wp:term":[{"taxonomy":"product_brand","embeddable":true,"href":"https:\/\/collectin.eu\/en\/wp-json\/wp\/v2\/product_brand?post=38813"},{"taxonomy":"product_cat","embeddable":true,"href":"https:\/\/collectin.eu\/en\/wp-json\/wp\/v2\/product_cat?post=38813"},{"taxonomy":"product_tag","embeddable":true,"href":"https:\/\/collectin.eu\/en\/wp-json\/wp\/v2\/product_tag?post=38813"}],"curies":[{"name":"wp","href":"https:\/\/api.w.org\/{rel}","templated":true}]}}