{"id":38818,"date":"2025-12-30T08:27:32","date_gmt":"2025-12-30T08:27:32","guid":{"rendered":"https:\/\/collectin.eu\/?post_type=product&#038;p=38818"},"modified":"2026-04-08T10:24:54","modified_gmt":"2026-04-08T10:24:54","slug":"lego-76208-ozio-laivas","status":"publish","type":"product","link":"https:\/\/collectin.eu\/en\/product\/lego-76208-ozio-laivas\/","title":{"rendered":"LEGO\u00ae 76208 The Goat Boat"},"content":{"rendered":"<p>D\u0117l viking\u0173 laivo su legendiniais persona\u017eais i\u0161 \u201eMarvel Studios\u201c filmo \u201eThor: Love and Thunder\u201c LEGO\u00ae Marvel O\u017eio laivas (76208) taps tobula dovana vaikams nuo 8 met\u0173 am\u017eiaus.<\/p>\n<p>Kaukis skraidan\u010dio Thor laivo denyje<br \/>\nLaiv\u0105\u00a0dangumi traukia legendiniai o\u017eiai Toothgnasher ir Toothgrinder, kurie yra pakil\u0119 vir\u0161 \u017eem\u0117s, d\u0117l to vaikai gali lengvai stumti laiv\u0105 \u017eaisdami. Rinkinyje yra 5 minifig\u016br\u0117l\u0117s \u2013 Thor, Mighty Thor, Valkyrie, Korg ir Gorr \u2013 ir kalnas ginkl\u0173 bei pried\u0173, \u012fskaitant Thor kirv\u012f Stormbreaker. Centrin\u0117 kabina turi atidarom\u0105 stog\u0105\u00a0prieigai prie papildomos \u017eaidimo erdv\u0117s viduje. Autenti\u0161ki priedai, \u012fskaitant laivo ver\u017eliarakt\u012f, gesintuv\u0105, Naujojo Asgardo \u017eem\u0117lap\u012f, butel\u012f ir saul\u0117s akmens kristal\u0105, dar labiau \u012fkvepia i\u0161radingam \u017eaidimui. Superheroj\u0173 dienos nuotykiams pasibaigus, vaikai gali eksponuoti laiv\u0105 savo kambaryje. Kad konstruoti b\u016bt\u0173 dar smagiau, nemokamoje program\u0117l\u0117je LEGO Building Instructions yra paprast\u0173, skaitmenini\u0173 ap\u017ei\u016bros \u012franki\u0173, \u012fskaitant priartinim\u0105 ir pasukim\u0105.<\/p>\n<ul>\n<li style=\"list-style-type: none;\">\n<ul>\n<li>Thor viking\u0173 laivas. LEGO\u00ae Marvel O\u017eio laivas (76208) \u012fkvepia veiksmui ir nuotykiams i\u0161 \u201eMarvel Studios\u201c filmo \u201eThor: Love and Thunder\u201c.<\/li>\n<li>Legendiniai superherojai. Galingojo Thor laivo denyje yra 5 minifig\u016br\u0117l\u0117s filmo: Thor, Mighty Thor, Valkyrie, Korg ir Gorr. I\u0161radingam \u017eaidimui \u012fkvepia daugyb\u0117 autenti\u0161k\u0173 pried\u0173.<\/li>\n<li>Dovanos vaikams. Padovanokite \u201eMarvel\u201c gerb\u0117jams nuo 8 met\u0173 jaudinan\u010dius nuotykius Viking\u0173 laive gimtadienio arba \u0161vent\u0117s proga.<\/li>\n<\/ul>\n<\/li>\n<\/ul>","protected":false},"excerpt":{"rendered":"<p>D\u0117l viking\u0173 laivo su legendiniais persona\u017eais i\u0161 \u201eMarvel Studios\u201c filmo \u201eThor: Love and Thunder\u201c LEGO\u00ae Marvel O\u017eio laivas (76208) taps<\/p>","protected":false},"featured_media":38819,"comment_status":"open","ping_status":"closed","template":"","meta":[],"product_brand":[423],"product_cat":[677,406,491],"product_tag":[],"class_list":{"0":"post-38818","1":"product","2":"type-product","3":"status-publish","4":"has-post-thumbnail","6":"product_brand-lego","7":"product_cat-lego-konstruktoriai","8":"product_cat-lego","9":"product_cat-lego-marvel","11":"first","12":"instock","13":"taxable","14":"shipping-taxable","15":"purchasable","16":"product-type-simple"},"yoast_head":"<!-- This site is optimized with the Yoast SEO plugin v25.9 - https:\/\/yoast.com\/wordpress\/plugins\/seo\/ -->\n<title>LEGO\u00ae 76208 The Goat Boat - Collectin.eu<\/title>\n<meta name=\"description\" content=\"Laiv\u0105\u00a0dangumi traukia legendiniai o\u017eiai Toothgnasher ir Toothgrinder, kurie yra pakil\u0119 vir\u0161 \u017eem\u0117s, d\u0117l to vaikai gali lengvai stumti laiv\u0105 \u017eaisdami.\" \/>\n<meta name=\"robots\" content=\"index, follow, max-snippet:-1, max-image-preview:large, max-video-preview:-1\" \/>\n<link rel=\"canonical\" href=\"https:\/\/collectin.eu\/en\/product\/lego-76208-ozio-laivas\/\" \/>\n<meta property=\"og:locale\" content=\"en_US\" \/>\n<meta property=\"og:type\" content=\"article\" \/>\n<meta property=\"og:title\" content=\"LEGO\u00ae 76208 The Goat Boat - Collectin.eu\" \/>\n<meta property=\"og:description\" content=\"Laiv\u0105\u00a0dangumi traukia legendiniai o\u017eiai Toothgnasher ir Toothgrinder, kurie yra pakil\u0119 vir\u0161 \u017eem\u0117s, d\u0117l to vaikai gali lengvai stumti laiv\u0105 \u017eaisdami.\" \/>\n<meta property=\"og:url\" content=\"https:\/\/collectin.eu\/en\/product\/lego-76208-ozio-laivas\/\" \/>\n<meta property=\"og:site_name\" content=\"Collectin.eu\" \/>\n<meta property=\"article:modified_time\" content=\"2026-04-08T10:24:54+00:00\" \/>\n<meta property=\"og:image\" content=\"http:\/\/collectin.eu\/wp-content\/uploads\/2025\/12\/Untitled-design-2025-12-30T102327.449.png\" \/>\n\t<meta property=\"og:image:width\" content=\"1080\" \/>\n\t<meta property=\"og:image:height\" content=\"1080\" \/>\n\t<meta property=\"og:image:type\" content=\"image\/png\" \/>\n<meta name=\"twitter:card\" content=\"summary_large_image\" \/>\n<meta name=\"twitter:label1\" content=\"Est. reading time\" \/>\n\t<meta name=\"twitter:data1\" content=\"2 minutes\" \/>\n<script type=\"application\/ld+json\" class=\"yoast-schema-graph\">{\"@context\":\"https:\/\/schema.org\",\"@graph\":[{\"@type\":\"WebPage\",\"@id\":\"https:\/\/collectin.eu\/produktas\/lego-76208-ozio-laivas\/\",\"url\":\"https:\/\/collectin.eu\/produktas\/lego-76208-ozio-laivas\/\",\"name\":\"LEGO\u00ae 76208 The Goat Boat - Collectin.eu\",\"isPartOf\":{\"@id\":\"https:\/\/collectin.eu\/#website\"},\"primaryImageOfPage\":{\"@id\":\"https:\/\/collectin.eu\/produktas\/lego-76208-ozio-laivas\/#primaryimage\"},\"image\":{\"@id\":\"https:\/\/collectin.eu\/produktas\/lego-76208-ozio-laivas\/#primaryimage\"},\"thumbnailUrl\":\"https:\/\/collectin.eu\/wp-content\/uploads\/2025\/12\/Untitled-design-2025-12-30T102327.449.png\",\"datePublished\":\"2025-12-30T08:27:32+00:00\",\"dateModified\":\"2026-04-08T10:24:54+00:00\",\"description\":\"Laiv\u0105\u00a0dangumi traukia legendiniai o\u017eiai Toothgnasher ir Toothgrinder, kurie yra pakil\u0119 vir\u0161 \u017eem\u0117s, d\u0117l to vaikai gali lengvai stumti laiv\u0105 \u017eaisdami.\",\"breadcrumb\":{\"@id\":\"https:\/\/collectin.eu\/produktas\/lego-76208-ozio-laivas\/#breadcrumb\"},\"inLanguage\":\"en-US\",\"potentialAction\":[{\"@type\":\"ReadAction\",\"target\":[\"https:\/\/collectin.eu\/produktas\/lego-76208-ozio-laivas\/\"]}]},{\"@type\":\"ImageObject\",\"inLanguage\":\"en-US\",\"@id\":\"https:\/\/collectin.eu\/produktas\/lego-76208-ozio-laivas\/#primaryimage\",\"url\":\"https:\/\/collectin.eu\/wp-content\/uploads\/2025\/12\/Untitled-design-2025-12-30T102327.449.png\",\"contentUrl\":\"https:\/\/collectin.eu\/wp-content\/uploads\/2025\/12\/Untitled-design-2025-12-30T102327.449.png\",\"width\":1080,\"height\":1080},{\"@type\":\"BreadcrumbList\",\"@id\":\"https:\/\/collectin.eu\/produktas\/lego-76208-ozio-laivas\/#breadcrumb\",\"itemListElement\":[{\"@type\":\"ListItem\",\"position\":1,\"name\":\"Home\",\"item\":\"https:\/\/collectin.eu\/\"},{\"@type\":\"ListItem\",\"position\":2,\"name\":\"Parduotuv\u0117\",\"item\":\"https:\/\/collectin.eu\/parduotuve\/\"},{\"@type\":\"ListItem\",\"position\":3,\"name\":\"LEGO\u00ae 76208 The Goat Boat\"}]},{\"@type\":\"WebSite\",\"@id\":\"https:\/\/collectin.eu\/#website\",\"url\":\"https:\/\/collectin.eu\/\",\"name\":\"Collectin.eu\",\"description\":\"\",\"potentialAction\":[{\"@type\":\"SearchAction\",\"target\":{\"@type\":\"EntryPoint\",\"urlTemplate\":\"https:\/\/collectin.eu\/?s={search_term_string}\"},\"query-input\":{\"@type\":\"PropertyValueSpecification\",\"valueRequired\":true,\"valueName\":\"search_term_string\"}}],\"inLanguage\":\"en-US\"}]}<\/script>\n<!-- \/ Yoast SEO plugin. -->","yoast_head_json":{"title":"LEGO\u00ae 76208 The Goat Boat - Collectin.eu","description":"Laiv\u0105\u00a0dangumi traukia legendiniai o\u017eiai Toothgnasher ir Toothgrinder, kurie yra pakil\u0119 vir\u0161 \u017eem\u0117s, d\u0117l to vaikai gali lengvai stumti laiv\u0105 \u017eaisdami.","robots":{"index":"index","follow":"follow","max-snippet":"max-snippet:-1","max-image-preview":"max-image-preview:large","max-video-preview":"max-video-preview:-1"},"canonical":"https:\/\/collectin.eu\/en\/product\/lego-76208-ozio-laivas\/","og_locale":"en_US","og_type":"article","og_title":"LEGO\u00ae 76208 The Goat Boat - Collectin.eu","og_description":"Laiv\u0105\u00a0dangumi traukia legendiniai o\u017eiai Toothgnasher ir Toothgrinder, kurie yra pakil\u0119 vir\u0161 \u017eem\u0117s, d\u0117l to vaikai gali lengvai stumti laiv\u0105 \u017eaisdami.","og_url":"https:\/\/collectin.eu\/en\/product\/lego-76208-ozio-laivas\/","og_site_name":"Collectin.eu","article_modified_time":"2026-04-08T10:24:54+00:00","og_image":[{"width":1080,"height":1080,"url":"http:\/\/collectin.eu\/wp-content\/uploads\/2025\/12\/Untitled-design-2025-12-30T102327.449.png","type":"image\/png"}],"twitter_card":"summary_large_image","twitter_misc":{"Est. reading time":"2 minutes"},"schema":{"@context":"https:\/\/schema.org","@graph":[{"@type":"WebPage","@id":"https:\/\/collectin.eu\/produktas\/lego-76208-ozio-laivas\/","url":"https:\/\/collectin.eu\/produktas\/lego-76208-ozio-laivas\/","name":"LEGO\u00ae 76208 The Goat Boat - Collectin.eu","isPartOf":{"@id":"https:\/\/collectin.eu\/#website"},"primaryImageOfPage":{"@id":"https:\/\/collectin.eu\/produktas\/lego-76208-ozio-laivas\/#primaryimage"},"image":{"@id":"https:\/\/collectin.eu\/produktas\/lego-76208-ozio-laivas\/#primaryimage"},"thumbnailUrl":"https:\/\/collectin.eu\/wp-content\/uploads\/2025\/12\/Untitled-design-2025-12-30T102327.449.png","datePublished":"2025-12-30T08:27:32+00:00","dateModified":"2026-04-08T10:24:54+00:00","description":"Laiv\u0105\u00a0dangumi traukia legendiniai o\u017eiai Toothgnasher ir Toothgrinder, kurie yra pakil\u0119 vir\u0161 \u017eem\u0117s, d\u0117l to vaikai gali lengvai stumti laiv\u0105 \u017eaisdami.","breadcrumb":{"@id":"https:\/\/collectin.eu\/produktas\/lego-76208-ozio-laivas\/#breadcrumb"},"inLanguage":"en-US","potentialAction":[{"@type":"ReadAction","target":["https:\/\/collectin.eu\/produktas\/lego-76208-ozio-laivas\/"]}]},{"@type":"ImageObject","inLanguage":"en-US","@id":"https:\/\/collectin.eu\/produktas\/lego-76208-ozio-laivas\/#primaryimage","url":"https:\/\/collectin.eu\/wp-content\/uploads\/2025\/12\/Untitled-design-2025-12-30T102327.449.png","contentUrl":"https:\/\/collectin.eu\/wp-content\/uploads\/2025\/12\/Untitled-design-2025-12-30T102327.449.png","width":1080,"height":1080},{"@type":"BreadcrumbList","@id":"https:\/\/collectin.eu\/produktas\/lego-76208-ozio-laivas\/#breadcrumb","itemListElement":[{"@type":"ListItem","position":1,"name":"Home","item":"https:\/\/collectin.eu\/"},{"@type":"ListItem","position":2,"name":"Parduotuv\u0117","item":"https:\/\/collectin.eu\/parduotuve\/"},{"@type":"ListItem","position":3,"name":"LEGO\u00ae 76208 The Goat Boat"}]},{"@type":"WebSite","@id":"https:\/\/collectin.eu\/#website","url":"https:\/\/collectin.eu\/","name":"Collectin.eu","description":"","potentialAction":[{"@type":"SearchAction","target":{"@type":"EntryPoint","urlTemplate":"https:\/\/collectin.eu\/?s={search_term_string}"},"query-input":{"@type":"PropertyValueSpecification","valueRequired":true,"valueName":"search_term_string"}}],"inLanguage":"en-US"}]}},"jetpack_sharing_enabled":true,"_links":{"self":[{"href":"https:\/\/collectin.eu\/en\/wp-json\/wp\/v2\/product\/38818","targetHints":{"allow":["GET"]}}],"collection":[{"href":"https:\/\/collectin.eu\/en\/wp-json\/wp\/v2\/product"}],"about":[{"href":"https:\/\/collectin.eu\/en\/wp-json\/wp\/v2\/types\/product"}],"replies":[{"embeddable":true,"href":"https:\/\/collectin.eu\/en\/wp-json\/wp\/v2\/comments?post=38818"}],"version-history":[{"count":3,"href":"https:\/\/collectin.eu\/en\/wp-json\/wp\/v2\/product\/38818\/revisions"}],"predecessor-version":[{"id":40327,"href":"https:\/\/collectin.eu\/en\/wp-json\/wp\/v2\/product\/38818\/revisions\/40327"}],"wp:featuredmedia":[{"embeddable":true,"href":"https:\/\/collectin.eu\/en\/wp-json\/wp\/v2\/media\/38819"}],"wp:attachment":[{"href":"https:\/\/collectin.eu\/en\/wp-json\/wp\/v2\/media?parent=38818"}],"wp:term":[{"taxonomy":"product_brand","embeddable":true,"href":"https:\/\/collectin.eu\/en\/wp-json\/wp\/v2\/product_brand?post=38818"},{"taxonomy":"product_cat","embeddable":true,"href":"https:\/\/collectin.eu\/en\/wp-json\/wp\/v2\/product_cat?post=38818"},{"taxonomy":"product_tag","embeddable":true,"href":"https:\/\/collectin.eu\/en\/wp-json\/wp\/v2\/product_tag?post=38818"}],"curies":[{"name":"wp","href":"https:\/\/api.w.org\/{rel}","templated":true}]}}