{"id":38824,"date":"2025-12-30T08:34:41","date_gmt":"2025-12-30T08:34:41","guid":{"rendered":"https:\/\/collectin.eu\/?post_type=product&#038;p=38824"},"modified":"2026-04-08T10:24:54","modified_gmt":"2026-04-08T10:24:54","slug":"lego-76186-juodosios-panteros-drakono-skraidykle","status":"publish","type":"product","link":"https:\/\/collectin.eu\/en\/product\/lego-76186-juodosios-panteros-drakono-skraidykle\/","title":{"rendered":"LEGO\u00ae 76186 Black Panther Dragon Flyer"},"content":{"rendered":"<p>Jaunieji superherojai gali atkurti kovas padang\u0117je i\u0161 \u201eMarvel Studios\u201c filmo \u201eKer\u0161ytojai. Pabaiga\u201c su LEGO\u00ae Marvel Juodosios Panteros Drakono skraidykle (76186) \u2013 vienu i\u0161 \u017eymiausi\u0173 \u201eMarvel\u201c film\u0173 orlaivi\u0173.<\/p>\n<p>Neprilygstamas supeheroj\u0173 krovinis orlaivis<br \/>\n\u0160i autenti\u0161ka Juodosios panteros legendinio orlaivio kopija i\u0161skirtinis rinkinys, skirtas suteikti vaikams geriausi\u0105 \u017eaisl\u0105 ir geriausi\u0105 eksponat\u0105. Futuristinis Vakandos orlaivis turi 4 reguliuojamus sparnus, kurie juda pirmyn, atgal, auk\u0161tyn ir \u017eemyn, 2 smaig\u0173 \u0161audykles ir atsidaran\u010di\u0105 kabin\u0105, kurioje prie valdikli\u0173 galima pasodinti minifig\u016br\u0117l\u0119. Rinkin\u012f sudaro 3 minifig\u016br\u0117l\u0117s, \u012fkvepian\u010dios i\u0161radingam \u017eaidimui: Juodoji pantera, jo sesuo Shuri ir piktasis Chitauri karys, ginkluotas blasteriu.<\/p>\n<ul>\n<li>LEGO\u00ae Marvel Juodosios panteros drakono skraidykl\u0117 (76186) perkelia vien\u0105 \u017eymiausi\u0173 \u201eMarvel\u201c film\u0173 orlaivi\u0173 \u012f jaun\u0173j\u0173 superheroj\u0173 rankas.<\/li>\n<\/ul>","protected":false},"excerpt":{"rendered":"<p>Jaunieji superherojai gali atkurti kovas padang\u0117je i\u0161 \u201eMarvel Studios\u201c filmo \u201eKer\u0161ytojai. Pabaiga\u201c su LEGO\u00ae Marvel Juodosios Panteros Drakono skraidykle (76186)<\/p>","protected":false},"featured_media":38825,"comment_status":"open","ping_status":"closed","template":"","meta":[],"product_brand":[423],"product_cat":[677,406,491],"product_tag":[],"class_list":{"0":"post-38824","1":"product","2":"type-product","3":"status-publish","4":"has-post-thumbnail","6":"product_brand-lego","7":"product_cat-lego-konstruktoriai","8":"product_cat-lego","9":"product_cat-lego-marvel","11":"first","12":"instock","13":"taxable","14":"shipping-taxable","15":"purchasable","16":"product-type-simple"},"yoast_head":"<!-- This site is optimized with the Yoast SEO plugin v25.9 - https:\/\/yoast.com\/wordpress\/plugins\/seo\/ -->\n<title>LEGO\u00ae 76186 Black Panther Dragon Flyer - Collectin.eu<\/title>\n<meta name=\"description\" content=\"\u0160i autenti\u0161ka Juodosios panteros legendinio orlaivio kopija i\u0161skirtinis rinkinys, skirtas suteikti vaikams geriausi\u0105 \u017eaisl\u0105 ir geriausi\u0105 eksponat\u0105.\" \/>\n<meta name=\"robots\" content=\"index, follow, max-snippet:-1, max-image-preview:large, max-video-preview:-1\" \/>\n<link rel=\"canonical\" href=\"https:\/\/collectin.eu\/en\/product\/lego-76186-juodosios-panteros-drakono-skraidykle\/\" \/>\n<meta property=\"og:locale\" content=\"en_US\" \/>\n<meta property=\"og:type\" content=\"article\" \/>\n<meta property=\"og:title\" content=\"LEGO\u00ae 76186 Black Panther Dragon Flyer - Collectin.eu\" \/>\n<meta property=\"og:description\" content=\"\u0160i autenti\u0161ka Juodosios panteros legendinio orlaivio kopija i\u0161skirtinis rinkinys, skirtas suteikti vaikams geriausi\u0105 \u017eaisl\u0105 ir geriausi\u0105 eksponat\u0105.\" \/>\n<meta property=\"og:url\" content=\"https:\/\/collectin.eu\/en\/product\/lego-76186-juodosios-panteros-drakono-skraidykle\/\" \/>\n<meta property=\"og:site_name\" content=\"Collectin.eu\" \/>\n<meta property=\"article:modified_time\" content=\"2026-04-08T10:24:54+00:00\" \/>\n<meta property=\"og:image\" content=\"http:\/\/collectin.eu\/wp-content\/uploads\/2025\/12\/Untitled-design-2025-12-30T103053.388.png\" \/>\n\t<meta property=\"og:image:width\" content=\"1080\" \/>\n\t<meta property=\"og:image:height\" content=\"1080\" \/>\n\t<meta property=\"og:image:type\" content=\"image\/png\" \/>\n<meta name=\"twitter:card\" content=\"summary_large_image\" \/>\n<meta name=\"twitter:label1\" content=\"Est. reading time\" \/>\n\t<meta name=\"twitter:data1\" content=\"1 minute\" \/>\n<script type=\"application\/ld+json\" class=\"yoast-schema-graph\">{\"@context\":\"https:\/\/schema.org\",\"@graph\":[{\"@type\":\"WebPage\",\"@id\":\"https:\/\/collectin.eu\/produktas\/lego-76186-juodosios-panteros-drakono-skraidykle\/\",\"url\":\"https:\/\/collectin.eu\/produktas\/lego-76186-juodosios-panteros-drakono-skraidykle\/\",\"name\":\"LEGO\u00ae 76186 Black Panther Dragon Flyer - Collectin.eu\",\"isPartOf\":{\"@id\":\"https:\/\/collectin.eu\/#website\"},\"primaryImageOfPage\":{\"@id\":\"https:\/\/collectin.eu\/produktas\/lego-76186-juodosios-panteros-drakono-skraidykle\/#primaryimage\"},\"image\":{\"@id\":\"https:\/\/collectin.eu\/produktas\/lego-76186-juodosios-panteros-drakono-skraidykle\/#primaryimage\"},\"thumbnailUrl\":\"https:\/\/collectin.eu\/wp-content\/uploads\/2025\/12\/Untitled-design-2025-12-30T103053.388.png\",\"datePublished\":\"2025-12-30T08:34:41+00:00\",\"dateModified\":\"2026-04-08T10:24:54+00:00\",\"description\":\"\u0160i autenti\u0161ka Juodosios panteros legendinio orlaivio kopija i\u0161skirtinis rinkinys, skirtas suteikti vaikams geriausi\u0105 \u017eaisl\u0105 ir geriausi\u0105 eksponat\u0105.\",\"breadcrumb\":{\"@id\":\"https:\/\/collectin.eu\/produktas\/lego-76186-juodosios-panteros-drakono-skraidykle\/#breadcrumb\"},\"inLanguage\":\"en-US\",\"potentialAction\":[{\"@type\":\"ReadAction\",\"target\":[\"https:\/\/collectin.eu\/produktas\/lego-76186-juodosios-panteros-drakono-skraidykle\/\"]}]},{\"@type\":\"ImageObject\",\"inLanguage\":\"en-US\",\"@id\":\"https:\/\/collectin.eu\/produktas\/lego-76186-juodosios-panteros-drakono-skraidykle\/#primaryimage\",\"url\":\"https:\/\/collectin.eu\/wp-content\/uploads\/2025\/12\/Untitled-design-2025-12-30T103053.388.png\",\"contentUrl\":\"https:\/\/collectin.eu\/wp-content\/uploads\/2025\/12\/Untitled-design-2025-12-30T103053.388.png\",\"width\":1080,\"height\":1080},{\"@type\":\"BreadcrumbList\",\"@id\":\"https:\/\/collectin.eu\/produktas\/lego-76186-juodosios-panteros-drakono-skraidykle\/#breadcrumb\",\"itemListElement\":[{\"@type\":\"ListItem\",\"position\":1,\"name\":\"Home\",\"item\":\"https:\/\/collectin.eu\/\"},{\"@type\":\"ListItem\",\"position\":2,\"name\":\"Parduotuv\u0117\",\"item\":\"https:\/\/collectin.eu\/parduotuve\/\"},{\"@type\":\"ListItem\",\"position\":3,\"name\":\"LEGO\u00ae 76186 Black Panther Dragon Flyer\"}]},{\"@type\":\"WebSite\",\"@id\":\"https:\/\/collectin.eu\/#website\",\"url\":\"https:\/\/collectin.eu\/\",\"name\":\"Collectin.eu\",\"description\":\"\",\"potentialAction\":[{\"@type\":\"SearchAction\",\"target\":{\"@type\":\"EntryPoint\",\"urlTemplate\":\"https:\/\/collectin.eu\/?s={search_term_string}\"},\"query-input\":{\"@type\":\"PropertyValueSpecification\",\"valueRequired\":true,\"valueName\":\"search_term_string\"}}],\"inLanguage\":\"en-US\"}]}<\/script>\n<!-- \/ Yoast SEO plugin. -->","yoast_head_json":{"title":"LEGO\u00ae 76186 Black Panther Dragon Flyer - Collectin.eu","description":"\u0160i autenti\u0161ka Juodosios panteros legendinio orlaivio kopija i\u0161skirtinis rinkinys, skirtas suteikti vaikams geriausi\u0105 \u017eaisl\u0105 ir geriausi\u0105 eksponat\u0105.","robots":{"index":"index","follow":"follow","max-snippet":"max-snippet:-1","max-image-preview":"max-image-preview:large","max-video-preview":"max-video-preview:-1"},"canonical":"https:\/\/collectin.eu\/en\/product\/lego-76186-juodosios-panteros-drakono-skraidykle\/","og_locale":"en_US","og_type":"article","og_title":"LEGO\u00ae 76186 Black Panther Dragon Flyer - Collectin.eu","og_description":"\u0160i autenti\u0161ka Juodosios panteros legendinio orlaivio kopija i\u0161skirtinis rinkinys, skirtas suteikti vaikams geriausi\u0105 \u017eaisl\u0105 ir geriausi\u0105 eksponat\u0105.","og_url":"https:\/\/collectin.eu\/en\/product\/lego-76186-juodosios-panteros-drakono-skraidykle\/","og_site_name":"Collectin.eu","article_modified_time":"2026-04-08T10:24:54+00:00","og_image":[{"width":1080,"height":1080,"url":"http:\/\/collectin.eu\/wp-content\/uploads\/2025\/12\/Untitled-design-2025-12-30T103053.388.png","type":"image\/png"}],"twitter_card":"summary_large_image","twitter_misc":{"Est. reading time":"1 minute"},"schema":{"@context":"https:\/\/schema.org","@graph":[{"@type":"WebPage","@id":"https:\/\/collectin.eu\/produktas\/lego-76186-juodosios-panteros-drakono-skraidykle\/","url":"https:\/\/collectin.eu\/produktas\/lego-76186-juodosios-panteros-drakono-skraidykle\/","name":"LEGO\u00ae 76186 Black Panther Dragon Flyer - Collectin.eu","isPartOf":{"@id":"https:\/\/collectin.eu\/#website"},"primaryImageOfPage":{"@id":"https:\/\/collectin.eu\/produktas\/lego-76186-juodosios-panteros-drakono-skraidykle\/#primaryimage"},"image":{"@id":"https:\/\/collectin.eu\/produktas\/lego-76186-juodosios-panteros-drakono-skraidykle\/#primaryimage"},"thumbnailUrl":"https:\/\/collectin.eu\/wp-content\/uploads\/2025\/12\/Untitled-design-2025-12-30T103053.388.png","datePublished":"2025-12-30T08:34:41+00:00","dateModified":"2026-04-08T10:24:54+00:00","description":"\u0160i autenti\u0161ka Juodosios panteros legendinio orlaivio kopija i\u0161skirtinis rinkinys, skirtas suteikti vaikams geriausi\u0105 \u017eaisl\u0105 ir geriausi\u0105 eksponat\u0105.","breadcrumb":{"@id":"https:\/\/collectin.eu\/produktas\/lego-76186-juodosios-panteros-drakono-skraidykle\/#breadcrumb"},"inLanguage":"en-US","potentialAction":[{"@type":"ReadAction","target":["https:\/\/collectin.eu\/produktas\/lego-76186-juodosios-panteros-drakono-skraidykle\/"]}]},{"@type":"ImageObject","inLanguage":"en-US","@id":"https:\/\/collectin.eu\/produktas\/lego-76186-juodosios-panteros-drakono-skraidykle\/#primaryimage","url":"https:\/\/collectin.eu\/wp-content\/uploads\/2025\/12\/Untitled-design-2025-12-30T103053.388.png","contentUrl":"https:\/\/collectin.eu\/wp-content\/uploads\/2025\/12\/Untitled-design-2025-12-30T103053.388.png","width":1080,"height":1080},{"@type":"BreadcrumbList","@id":"https:\/\/collectin.eu\/produktas\/lego-76186-juodosios-panteros-drakono-skraidykle\/#breadcrumb","itemListElement":[{"@type":"ListItem","position":1,"name":"Home","item":"https:\/\/collectin.eu\/"},{"@type":"ListItem","position":2,"name":"Parduotuv\u0117","item":"https:\/\/collectin.eu\/parduotuve\/"},{"@type":"ListItem","position":3,"name":"LEGO\u00ae 76186 Black Panther Dragon Flyer"}]},{"@type":"WebSite","@id":"https:\/\/collectin.eu\/#website","url":"https:\/\/collectin.eu\/","name":"Collectin.eu","description":"","potentialAction":[{"@type":"SearchAction","target":{"@type":"EntryPoint","urlTemplate":"https:\/\/collectin.eu\/?s={search_term_string}"},"query-input":{"@type":"PropertyValueSpecification","valueRequired":true,"valueName":"search_term_string"}}],"inLanguage":"en-US"}]}},"jetpack_sharing_enabled":true,"_links":{"self":[{"href":"https:\/\/collectin.eu\/en\/wp-json\/wp\/v2\/product\/38824","targetHints":{"allow":["GET"]}}],"collection":[{"href":"https:\/\/collectin.eu\/en\/wp-json\/wp\/v2\/product"}],"about":[{"href":"https:\/\/collectin.eu\/en\/wp-json\/wp\/v2\/types\/product"}],"replies":[{"embeddable":true,"href":"https:\/\/collectin.eu\/en\/wp-json\/wp\/v2\/comments?post=38824"}],"version-history":[{"count":2,"href":"https:\/\/collectin.eu\/en\/wp-json\/wp\/v2\/product\/38824\/revisions"}],"predecessor-version":[{"id":40325,"href":"https:\/\/collectin.eu\/en\/wp-json\/wp\/v2\/product\/38824\/revisions\/40325"}],"wp:featuredmedia":[{"embeddable":true,"href":"https:\/\/collectin.eu\/en\/wp-json\/wp\/v2\/media\/38825"}],"wp:attachment":[{"href":"https:\/\/collectin.eu\/en\/wp-json\/wp\/v2\/media?parent=38824"}],"wp:term":[{"taxonomy":"product_brand","embeddable":true,"href":"https:\/\/collectin.eu\/en\/wp-json\/wp\/v2\/product_brand?post=38824"},{"taxonomy":"product_cat","embeddable":true,"href":"https:\/\/collectin.eu\/en\/wp-json\/wp\/v2\/product_cat?post=38824"},{"taxonomy":"product_tag","embeddable":true,"href":"https:\/\/collectin.eu\/en\/wp-json\/wp\/v2\/product_tag?post=38824"}],"curies":[{"name":"wp","href":"https:\/\/api.w.org\/{rel}","templated":true}]}}