{"id":38830,"date":"2025-12-30T08:40:23","date_gmt":"2025-12-30T08:40:23","guid":{"rendered":"https:\/\/collectin.eu\/?post_type=product&#038;p=38830"},"modified":"2026-04-11T20:48:51","modified_gmt":"2026-04-11T20:48:51","slug":"lego-76217-as-esu-groot","status":"publish","type":"product","link":"https:\/\/collectin.eu\/en\/product\/lego-76217-as-esu-groot\/","title":{"rendered":"LEGO\u00ae 76217 I am Groot"},"content":{"rendered":"<p>Padovanokite vaikams nuo 10\u00a0met\u0173 am\u017eiaus \u201eLEGO\u00ae Marvel\u201c rinkin\u012f \u201eA\u0161 esu Groot\u201c (76217) su ma\u017euoju Groot i\u0161 \u201eMarvel Cinematic Universe\u201c.<\/p>\n<p>\u017daiskite su Groot ir eksponuokite<br \/>\nKiekvienas \u201eMarvel Studios\u201c filmo \u201eGalaktikos serg\u0117tojai\u00a02\u201c gerb\u0117jas atpa\u017eins garsi\u0105j\u0105 scen\u0105, kurioje ma\u017easis Groot \u0161oka. Dabar vaikai gali atkurti \u0161i\u0105 ir kitas scenas su \u0161iuo detaliu, judinamu mielojo i\u0161dyk\u0117lio modeliu. Konstruojam\u0105 model\u012f lengva pastatyti norima poza. Yra net \u017eaislin\u0117 kaset\u0117, kad gal\u0117tum\u0117te \u012fsivaizduoti muzik\u0105! Be to, su nemokama program\u0117le \u201eLEGO Building Instructions\u201c vaikai gali ap\u017ei\u016br\u0117ti, priartinti ir pasukioti konstruojam\u0105 model\u012f. Tai suteikia nuostab\u0173 betarpi\u0161kumo ir s\u0105veikos poj\u016bt\u012f konstruojant rinkin\u012f.<\/p>\n<ul>\n<li>Judantis ma\u017eylis Groot. \u201eLEGO\u00ae Marvel\u201c konstruojam\u0105 eksponavimo model\u012f \u201eA\u0161 esu Groot\u201c (76217) lengva pastatyti norima poza.<\/li>\n<li>Legendinis \u201eMarvel\u201c persona\u017eas. Vaikai konstruoja ma\u017e\u0105j\u012f Groot i\u0161 \u201eMarvel Studios\u201c filmo \u201eGalaktikos serg\u0117tojai\u00a02\u201c. Rinkinyje taip pat yra \u017eaislin\u0117 kaset\u0117 ir vardo lentel\u0117.<\/li>\n<li>Atkurkite \u0161okio judesius. Konstruojam\u0105 model\u012f lengva pastatyti norima poza. Yra net \u017eaislin\u0117 kaset\u0117, kad gal\u0117tum\u0117te \u012fsivaizduoti muzik\u0105.<\/li>\n<\/ul>","protected":false},"excerpt":{"rendered":"<p>Padovanokite vaikams nuo 10\u00a0met\u0173 am\u017eiaus \u201eLEGO\u00ae Marvel\u201c rinkin\u012f \u201eA\u0161 esu Groot\u201c (76217) su ma\u017euoju Groot i\u0161 \u201eMarvel Cinematic Universe\u201c. \u017daiskite<\/p>","protected":false},"featured_media":38831,"comment_status":"open","ping_status":"closed","template":"","meta":[],"product_brand":[423],"product_cat":[677,406,491],"product_tag":[],"class_list":{"0":"post-38830","1":"product","2":"type-product","3":"status-publish","4":"has-post-thumbnail","6":"product_brand-lego","7":"product_cat-lego-konstruktoriai","8":"product_cat-lego","9":"product_cat-lego-marvel","11":"first","12":"outofstock","13":"taxable","14":"shipping-taxable","15":"purchasable","16":"product-type-simple"},"yoast_head":"<!-- This site is optimized with the Yoast SEO plugin v25.9 - https:\/\/yoast.com\/wordpress\/plugins\/seo\/ -->\n<title>LEGO\u00ae 76217 I am Groot - Collectin.eu<\/title>\n<meta name=\"description\" content=\"Kiekvienas \u201eMarvel Studios\u201c filmo \u201eGalaktikos serg\u0117tojai\u00a02\u201c gerb\u0117jas atpa\u017eins garsi\u0105j\u0105 scen\u0105, kurioje ma\u017easis Groot \u0161oka.\" \/>\n<meta name=\"robots\" content=\"index, follow, max-snippet:-1, max-image-preview:large, max-video-preview:-1\" \/>\n<link rel=\"canonical\" href=\"https:\/\/collectin.eu\/en\/product\/lego-76217-as-esu-groot\/\" \/>\n<meta property=\"og:locale\" content=\"en_US\" \/>\n<meta property=\"og:type\" content=\"article\" \/>\n<meta property=\"og:title\" content=\"LEGO\u00ae 76217 I am Groot - Collectin.eu\" \/>\n<meta property=\"og:description\" content=\"Kiekvienas \u201eMarvel Studios\u201c filmo \u201eGalaktikos serg\u0117tojai\u00a02\u201c gerb\u0117jas atpa\u017eins garsi\u0105j\u0105 scen\u0105, kurioje ma\u017easis Groot \u0161oka.\" \/>\n<meta property=\"og:url\" content=\"https:\/\/collectin.eu\/en\/product\/lego-76217-as-esu-groot\/\" \/>\n<meta property=\"og:site_name\" content=\"Collectin.eu\" \/>\n<meta property=\"article:modified_time\" content=\"2026-04-11T20:48:51+00:00\" \/>\n<meta property=\"og:image\" content=\"http:\/\/collectin.eu\/wp-content\/uploads\/2025\/12\/Untitled-design-2025-12-30T103623.735.png\" \/>\n\t<meta property=\"og:image:width\" content=\"1080\" \/>\n\t<meta property=\"og:image:height\" content=\"1080\" \/>\n\t<meta property=\"og:image:type\" content=\"image\/png\" \/>\n<meta name=\"twitter:card\" content=\"summary_large_image\" \/>\n<meta name=\"twitter:label1\" content=\"Est. reading time\" \/>\n\t<meta name=\"twitter:data1\" content=\"2 minutes\" \/>\n<script type=\"application\/ld+json\" class=\"yoast-schema-graph\">{\"@context\":\"https:\/\/schema.org\",\"@graph\":[{\"@type\":\"WebPage\",\"@id\":\"https:\/\/collectin.eu\/produktas\/lego-76217-as-esu-groot\/\",\"url\":\"https:\/\/collectin.eu\/produktas\/lego-76217-as-esu-groot\/\",\"name\":\"LEGO\u00ae 76217 I am Groot - Collectin.eu\",\"isPartOf\":{\"@id\":\"https:\/\/collectin.eu\/#website\"},\"primaryImageOfPage\":{\"@id\":\"https:\/\/collectin.eu\/produktas\/lego-76217-as-esu-groot\/#primaryimage\"},\"image\":{\"@id\":\"https:\/\/collectin.eu\/produktas\/lego-76217-as-esu-groot\/#primaryimage\"},\"thumbnailUrl\":\"https:\/\/collectin.eu\/wp-content\/uploads\/2025\/12\/Untitled-design-2025-12-30T103623.735.png\",\"datePublished\":\"2025-12-30T08:40:23+00:00\",\"dateModified\":\"2026-04-11T20:48:51+00:00\",\"description\":\"Kiekvienas \u201eMarvel Studios\u201c filmo \u201eGalaktikos serg\u0117tojai\u00a02\u201c gerb\u0117jas atpa\u017eins garsi\u0105j\u0105 scen\u0105, kurioje ma\u017easis Groot \u0161oka.\",\"breadcrumb\":{\"@id\":\"https:\/\/collectin.eu\/produktas\/lego-76217-as-esu-groot\/#breadcrumb\"},\"inLanguage\":\"en-US\",\"potentialAction\":[{\"@type\":\"ReadAction\",\"target\":[\"https:\/\/collectin.eu\/produktas\/lego-76217-as-esu-groot\/\"]}]},{\"@type\":\"ImageObject\",\"inLanguage\":\"en-US\",\"@id\":\"https:\/\/collectin.eu\/produktas\/lego-76217-as-esu-groot\/#primaryimage\",\"url\":\"https:\/\/collectin.eu\/wp-content\/uploads\/2025\/12\/Untitled-design-2025-12-30T103623.735.png\",\"contentUrl\":\"https:\/\/collectin.eu\/wp-content\/uploads\/2025\/12\/Untitled-design-2025-12-30T103623.735.png\",\"width\":1080,\"height\":1080},{\"@type\":\"BreadcrumbList\",\"@id\":\"https:\/\/collectin.eu\/produktas\/lego-76217-as-esu-groot\/#breadcrumb\",\"itemListElement\":[{\"@type\":\"ListItem\",\"position\":1,\"name\":\"Home\",\"item\":\"https:\/\/collectin.eu\/\"},{\"@type\":\"ListItem\",\"position\":2,\"name\":\"Parduotuv\u0117\",\"item\":\"https:\/\/collectin.eu\/parduotuve\/\"},{\"@type\":\"ListItem\",\"position\":3,\"name\":\"LEGO\u00ae 76217 I am Groot\"}]},{\"@type\":\"WebSite\",\"@id\":\"https:\/\/collectin.eu\/#website\",\"url\":\"https:\/\/collectin.eu\/\",\"name\":\"Collectin.eu\",\"description\":\"\",\"potentialAction\":[{\"@type\":\"SearchAction\",\"target\":{\"@type\":\"EntryPoint\",\"urlTemplate\":\"https:\/\/collectin.eu\/?s={search_term_string}\"},\"query-input\":{\"@type\":\"PropertyValueSpecification\",\"valueRequired\":true,\"valueName\":\"search_term_string\"}}],\"inLanguage\":\"en-US\"}]}<\/script>\n<!-- \/ Yoast SEO plugin. -->","yoast_head_json":{"title":"LEGO\u00ae 76217 I am Groot - Collectin.eu","description":"Kiekvienas \u201eMarvel Studios\u201c filmo \u201eGalaktikos serg\u0117tojai\u00a02\u201c gerb\u0117jas atpa\u017eins garsi\u0105j\u0105 scen\u0105, kurioje ma\u017easis Groot \u0161oka.","robots":{"index":"index","follow":"follow","max-snippet":"max-snippet:-1","max-image-preview":"max-image-preview:large","max-video-preview":"max-video-preview:-1"},"canonical":"https:\/\/collectin.eu\/en\/product\/lego-76217-as-esu-groot\/","og_locale":"en_US","og_type":"article","og_title":"LEGO\u00ae 76217 I am Groot - Collectin.eu","og_description":"Kiekvienas \u201eMarvel Studios\u201c filmo \u201eGalaktikos serg\u0117tojai\u00a02\u201c gerb\u0117jas atpa\u017eins garsi\u0105j\u0105 scen\u0105, kurioje ma\u017easis Groot \u0161oka.","og_url":"https:\/\/collectin.eu\/en\/product\/lego-76217-as-esu-groot\/","og_site_name":"Collectin.eu","article_modified_time":"2026-04-11T20:48:51+00:00","og_image":[{"width":1080,"height":1080,"url":"http:\/\/collectin.eu\/wp-content\/uploads\/2025\/12\/Untitled-design-2025-12-30T103623.735.png","type":"image\/png"}],"twitter_card":"summary_large_image","twitter_misc":{"Est. reading time":"2 minutes"},"schema":{"@context":"https:\/\/schema.org","@graph":[{"@type":"WebPage","@id":"https:\/\/collectin.eu\/produktas\/lego-76217-as-esu-groot\/","url":"https:\/\/collectin.eu\/produktas\/lego-76217-as-esu-groot\/","name":"LEGO\u00ae 76217 I am Groot - Collectin.eu","isPartOf":{"@id":"https:\/\/collectin.eu\/#website"},"primaryImageOfPage":{"@id":"https:\/\/collectin.eu\/produktas\/lego-76217-as-esu-groot\/#primaryimage"},"image":{"@id":"https:\/\/collectin.eu\/produktas\/lego-76217-as-esu-groot\/#primaryimage"},"thumbnailUrl":"https:\/\/collectin.eu\/wp-content\/uploads\/2025\/12\/Untitled-design-2025-12-30T103623.735.png","datePublished":"2025-12-30T08:40:23+00:00","dateModified":"2026-04-11T20:48:51+00:00","description":"Kiekvienas \u201eMarvel Studios\u201c filmo \u201eGalaktikos serg\u0117tojai\u00a02\u201c gerb\u0117jas atpa\u017eins garsi\u0105j\u0105 scen\u0105, kurioje ma\u017easis Groot \u0161oka.","breadcrumb":{"@id":"https:\/\/collectin.eu\/produktas\/lego-76217-as-esu-groot\/#breadcrumb"},"inLanguage":"en-US","potentialAction":[{"@type":"ReadAction","target":["https:\/\/collectin.eu\/produktas\/lego-76217-as-esu-groot\/"]}]},{"@type":"ImageObject","inLanguage":"en-US","@id":"https:\/\/collectin.eu\/produktas\/lego-76217-as-esu-groot\/#primaryimage","url":"https:\/\/collectin.eu\/wp-content\/uploads\/2025\/12\/Untitled-design-2025-12-30T103623.735.png","contentUrl":"https:\/\/collectin.eu\/wp-content\/uploads\/2025\/12\/Untitled-design-2025-12-30T103623.735.png","width":1080,"height":1080},{"@type":"BreadcrumbList","@id":"https:\/\/collectin.eu\/produktas\/lego-76217-as-esu-groot\/#breadcrumb","itemListElement":[{"@type":"ListItem","position":1,"name":"Home","item":"https:\/\/collectin.eu\/"},{"@type":"ListItem","position":2,"name":"Parduotuv\u0117","item":"https:\/\/collectin.eu\/parduotuve\/"},{"@type":"ListItem","position":3,"name":"LEGO\u00ae 76217 I am Groot"}]},{"@type":"WebSite","@id":"https:\/\/collectin.eu\/#website","url":"https:\/\/collectin.eu\/","name":"Collectin.eu","description":"","potentialAction":[{"@type":"SearchAction","target":{"@type":"EntryPoint","urlTemplate":"https:\/\/collectin.eu\/?s={search_term_string}"},"query-input":{"@type":"PropertyValueSpecification","valueRequired":true,"valueName":"search_term_string"}}],"inLanguage":"en-US"}]}},"jetpack_sharing_enabled":true,"_links":{"self":[{"href":"https:\/\/collectin.eu\/en\/wp-json\/wp\/v2\/product\/38830","targetHints":{"allow":["GET"]}}],"collection":[{"href":"https:\/\/collectin.eu\/en\/wp-json\/wp\/v2\/product"}],"about":[{"href":"https:\/\/collectin.eu\/en\/wp-json\/wp\/v2\/types\/product"}],"replies":[{"embeddable":true,"href":"https:\/\/collectin.eu\/en\/wp-json\/wp\/v2\/comments?post=38830"}],"version-history":[{"count":2,"href":"https:\/\/collectin.eu\/en\/wp-json\/wp\/v2\/product\/38830\/revisions"}],"predecessor-version":[{"id":40324,"href":"https:\/\/collectin.eu\/en\/wp-json\/wp\/v2\/product\/38830\/revisions\/40324"}],"wp:featuredmedia":[{"embeddable":true,"href":"https:\/\/collectin.eu\/en\/wp-json\/wp\/v2\/media\/38831"}],"wp:attachment":[{"href":"https:\/\/collectin.eu\/en\/wp-json\/wp\/v2\/media?parent=38830"}],"wp:term":[{"taxonomy":"product_brand","embeddable":true,"href":"https:\/\/collectin.eu\/en\/wp-json\/wp\/v2\/product_brand?post=38830"},{"taxonomy":"product_cat","embeddable":true,"href":"https:\/\/collectin.eu\/en\/wp-json\/wp\/v2\/product_cat?post=38830"},{"taxonomy":"product_tag","embeddable":true,"href":"https:\/\/collectin.eu\/en\/wp-json\/wp\/v2\/product_tag?post=38830"}],"curies":[{"name":"wp","href":"https:\/\/api.w.org\/{rel}","templated":true}]}}