{"id":38842,"date":"2025-12-30T08:51:22","date_gmt":"2025-12-30T08:51:22","guid":{"rendered":"https:\/\/collectin.eu\/?post_type=product&#038;p=38842"},"modified":"2026-04-08T10:24:53","modified_gmt":"2026-04-08T10:24:53","slug":"lego-76231-galaktikos-sergetoju-advento-kalendorius","status":"publish","type":"product","link":"https:\/\/collectin.eu\/en\/product\/lego-76231-galaktikos-sergetoju-advento-kalendorius\/","title":{"rendered":"LEGO\u00ae 76231 Advent Calendar 2022, Super Heroes, Guardians of the Galaxy"},"content":{"rendered":"<p>Padovanokite \u201eMarvel\u201c gerb\u0117jui nuo 6 met\u0173 \u0161ventin\u0119 dovan\u0105 su LEGO\u00ae Marvel Studios Galaktikos serg\u0117toj\u0173 advento kalendoriumi (76231). Pramogos prasideda gruod\u017eio 1 dien\u0105 ir t\u0119siasi visas \u0161ventes.<\/p>\n<p>24 superheroj\u0173 dovanos, kurias vaikai atras vien\u0105 po kitos<br \/>\nU\u017e kiekvien\u0173 i\u0161 24 kalendoriaus dureli\u0173 yra po kasdien\u0119 dovan\u0105 vaikams, kurias jie gal\u0117s atrasti vis\u0105 gruod\u012f iki Kal\u0117d\u0173. Jame yra 6 minifig\u016br\u0117l\u0117s, \u012fskaitant Star-Lord, Rocket, Groot ir Mantis bei mini modeli\u0173 ir pried\u0173, kuriuos vaikai atpa\u017eins i\u0161 \u201eMarvel\u201c film\u0173 visatos ir \u201eDisney+\u201c TV serialo. Taip pat yra dronas, blasteris, Serg\u0117toj\u0173 erdv\u0117laivis, senis besmegenis su Thanos \u0161arvais ir ne tik. Art\u0117jant did\u017eiajai \u0161ventei vaikai gal\u0117s sujungti dovanas ir sukurti nesibaigian\u010dius i\u0161radingus superheroj\u0173 nuotykius.<\/p>\n<ul>\n<li>24 kasdien\u0117s dovanos. U\u017e kiekvien\u0173 LEGO\u00ae Marvel Studios Galaktikos serg\u0117toj\u0173 advento kalendoriaus (76231) yra po dovan\u0105, kur\u012f \u012fkv\u0117ps konstruoti ir i\u0161radingai \u017eaisti.<\/li>\n<li>Legendiniai persona\u017eai. Su Star-Lord, Rocket, Groot ir Mantis minifig\u016br\u0117l\u0117mis ir ne tik, kurias galima derinti su mini modeliais ir priedais.<\/li>\n<li>Mini modeliai. Konstruojama \u017eaidimui skirtas dronas, blasteris, serg\u0117toj\u0173 erdv\u0117laivis, senis besmegenis Thanos \u0161arvais ir daugyb\u0117 kit\u0173 dalyk\u0173.<\/li>\n<\/ul>","protected":false},"excerpt":{"rendered":"<p>Padovanokite \u201eMarvel\u201c gerb\u0117jui nuo 6 met\u0173 \u0161ventin\u0119 dovan\u0105 su LEGO\u00ae Marvel Studios Galaktikos serg\u0117toj\u0173 advento kalendoriumi (76231). Pramogos prasideda gruod\u017eio<\/p>","protected":false},"featured_media":38843,"comment_status":"open","ping_status":"closed","template":"","meta":[],"product_brand":[423],"product_cat":[677,406,491],"product_tag":[],"class_list":{"0":"post-38842","1":"product","2":"type-product","3":"status-publish","4":"has-post-thumbnail","6":"product_brand-lego","7":"product_cat-lego-konstruktoriai","8":"product_cat-lego","9":"product_cat-lego-marvel","11":"first","12":"instock","13":"taxable","14":"shipping-taxable","15":"purchasable","16":"product-type-simple"},"yoast_head":"<!-- This site is optimized with the Yoast SEO plugin v25.9 - https:\/\/yoast.com\/wordpress\/plugins\/seo\/ -->\n<title>LEGO\u00ae 76231 Advent Calendar 2022, Super Heroes, Guardians of the Galaxy - Collectin.eu<\/title>\n<meta name=\"description\" content=\"U\u017e kiekvien\u0173 i\u0161 24 kalendoriaus dureli\u0173 yra po kasdien\u0119 dovan\u0105 vaikams, kurias jie gal\u0117s atrasti vis\u0105 gruod\u012f iki Kal\u0117d\u0173.\" \/>\n<meta name=\"robots\" content=\"index, follow, max-snippet:-1, max-image-preview:large, max-video-preview:-1\" \/>\n<link rel=\"canonical\" href=\"https:\/\/collectin.eu\/en\/product\/lego-76231-galaktikos-sergetoju-advento-kalendorius\/\" \/>\n<meta property=\"og:locale\" content=\"en_US\" \/>\n<meta property=\"og:type\" content=\"article\" \/>\n<meta property=\"og:title\" content=\"LEGO\u00ae 76231 Advent Calendar 2022, Super Heroes, Guardians of the Galaxy - Collectin.eu\" \/>\n<meta property=\"og:description\" content=\"U\u017e kiekvien\u0173 i\u0161 24 kalendoriaus dureli\u0173 yra po kasdien\u0119 dovan\u0105 vaikams, kurias jie gal\u0117s atrasti vis\u0105 gruod\u012f iki Kal\u0117d\u0173.\" \/>\n<meta property=\"og:url\" content=\"https:\/\/collectin.eu\/en\/product\/lego-76231-galaktikos-sergetoju-advento-kalendorius\/\" \/>\n<meta property=\"og:site_name\" content=\"Collectin.eu\" \/>\n<meta property=\"article:modified_time\" content=\"2026-04-08T10:24:53+00:00\" \/>\n<meta property=\"og:image\" content=\"http:\/\/collectin.eu\/wp-content\/uploads\/2025\/12\/Untitled-design-2025-12-30T104813.260.png\" \/>\n\t<meta property=\"og:image:width\" content=\"1080\" \/>\n\t<meta property=\"og:image:height\" content=\"1080\" \/>\n\t<meta property=\"og:image:type\" content=\"image\/png\" \/>\n<meta name=\"twitter:card\" content=\"summary_large_image\" \/>\n<meta name=\"twitter:label1\" content=\"Est. reading time\" \/>\n\t<meta name=\"twitter:data1\" content=\"2 minutes\" \/>\n<script type=\"application\/ld+json\" class=\"yoast-schema-graph\">{\"@context\":\"https:\/\/schema.org\",\"@graph\":[{\"@type\":\"WebPage\",\"@id\":\"https:\/\/collectin.eu\/produktas\/lego-76231-galaktikos-sergetoju-advento-kalendorius\/\",\"url\":\"https:\/\/collectin.eu\/produktas\/lego-76231-galaktikos-sergetoju-advento-kalendorius\/\",\"name\":\"LEGO\u00ae 76231 Advent Calendar 2022, Super Heroes, Guardians of the Galaxy - Collectin.eu\",\"isPartOf\":{\"@id\":\"https:\/\/collectin.eu\/#website\"},\"primaryImageOfPage\":{\"@id\":\"https:\/\/collectin.eu\/produktas\/lego-76231-galaktikos-sergetoju-advento-kalendorius\/#primaryimage\"},\"image\":{\"@id\":\"https:\/\/collectin.eu\/produktas\/lego-76231-galaktikos-sergetoju-advento-kalendorius\/#primaryimage\"},\"thumbnailUrl\":\"https:\/\/collectin.eu\/wp-content\/uploads\/2025\/12\/Untitled-design-2025-12-30T104813.260.png\",\"datePublished\":\"2025-12-30T08:51:22+00:00\",\"dateModified\":\"2026-04-08T10:24:53+00:00\",\"description\":\"U\u017e kiekvien\u0173 i\u0161 24 kalendoriaus dureli\u0173 yra po kasdien\u0119 dovan\u0105 vaikams, kurias jie gal\u0117s atrasti vis\u0105 gruod\u012f iki Kal\u0117d\u0173.\",\"breadcrumb\":{\"@id\":\"https:\/\/collectin.eu\/produktas\/lego-76231-galaktikos-sergetoju-advento-kalendorius\/#breadcrumb\"},\"inLanguage\":\"en-US\",\"potentialAction\":[{\"@type\":\"ReadAction\",\"target\":[\"https:\/\/collectin.eu\/produktas\/lego-76231-galaktikos-sergetoju-advento-kalendorius\/\"]}]},{\"@type\":\"ImageObject\",\"inLanguage\":\"en-US\",\"@id\":\"https:\/\/collectin.eu\/produktas\/lego-76231-galaktikos-sergetoju-advento-kalendorius\/#primaryimage\",\"url\":\"https:\/\/collectin.eu\/wp-content\/uploads\/2025\/12\/Untitled-design-2025-12-30T104813.260.png\",\"contentUrl\":\"https:\/\/collectin.eu\/wp-content\/uploads\/2025\/12\/Untitled-design-2025-12-30T104813.260.png\",\"width\":1080,\"height\":1080},{\"@type\":\"BreadcrumbList\",\"@id\":\"https:\/\/collectin.eu\/produktas\/lego-76231-galaktikos-sergetoju-advento-kalendorius\/#breadcrumb\",\"itemListElement\":[{\"@type\":\"ListItem\",\"position\":1,\"name\":\"Home\",\"item\":\"https:\/\/collectin.eu\/\"},{\"@type\":\"ListItem\",\"position\":2,\"name\":\"Parduotuv\u0117\",\"item\":\"https:\/\/collectin.eu\/parduotuve\/\"},{\"@type\":\"ListItem\",\"position\":3,\"name\":\"LEGO\u00ae 76231 Advent Calendar 2022, Super Heroes, Guardians of the Galaxy\"}]},{\"@type\":\"WebSite\",\"@id\":\"https:\/\/collectin.eu\/#website\",\"url\":\"https:\/\/collectin.eu\/\",\"name\":\"Collectin.eu\",\"description\":\"\",\"potentialAction\":[{\"@type\":\"SearchAction\",\"target\":{\"@type\":\"EntryPoint\",\"urlTemplate\":\"https:\/\/collectin.eu\/?s={search_term_string}\"},\"query-input\":{\"@type\":\"PropertyValueSpecification\",\"valueRequired\":true,\"valueName\":\"search_term_string\"}}],\"inLanguage\":\"en-US\"}]}<\/script>\n<!-- \/ Yoast SEO plugin. -->","yoast_head_json":{"title":"LEGO\u00ae 76231 Advent Calendar 2022, Super Heroes, Guardians of the Galaxy - Collectin.eu","description":"U\u017e kiekvien\u0173 i\u0161 24 kalendoriaus dureli\u0173 yra po kasdien\u0119 dovan\u0105 vaikams, kurias jie gal\u0117s atrasti vis\u0105 gruod\u012f iki Kal\u0117d\u0173.","robots":{"index":"index","follow":"follow","max-snippet":"max-snippet:-1","max-image-preview":"max-image-preview:large","max-video-preview":"max-video-preview:-1"},"canonical":"https:\/\/collectin.eu\/en\/product\/lego-76231-galaktikos-sergetoju-advento-kalendorius\/","og_locale":"en_US","og_type":"article","og_title":"LEGO\u00ae 76231 Advent Calendar 2022, Super Heroes, Guardians of the Galaxy - Collectin.eu","og_description":"U\u017e kiekvien\u0173 i\u0161 24 kalendoriaus dureli\u0173 yra po kasdien\u0119 dovan\u0105 vaikams, kurias jie gal\u0117s atrasti vis\u0105 gruod\u012f iki Kal\u0117d\u0173.","og_url":"https:\/\/collectin.eu\/en\/product\/lego-76231-galaktikos-sergetoju-advento-kalendorius\/","og_site_name":"Collectin.eu","article_modified_time":"2026-04-08T10:24:53+00:00","og_image":[{"width":1080,"height":1080,"url":"http:\/\/collectin.eu\/wp-content\/uploads\/2025\/12\/Untitled-design-2025-12-30T104813.260.png","type":"image\/png"}],"twitter_card":"summary_large_image","twitter_misc":{"Est. reading time":"2 minutes"},"schema":{"@context":"https:\/\/schema.org","@graph":[{"@type":"WebPage","@id":"https:\/\/collectin.eu\/produktas\/lego-76231-galaktikos-sergetoju-advento-kalendorius\/","url":"https:\/\/collectin.eu\/produktas\/lego-76231-galaktikos-sergetoju-advento-kalendorius\/","name":"LEGO\u00ae 76231 Advent Calendar 2022, Super Heroes, Guardians of the Galaxy - Collectin.eu","isPartOf":{"@id":"https:\/\/collectin.eu\/#website"},"primaryImageOfPage":{"@id":"https:\/\/collectin.eu\/produktas\/lego-76231-galaktikos-sergetoju-advento-kalendorius\/#primaryimage"},"image":{"@id":"https:\/\/collectin.eu\/produktas\/lego-76231-galaktikos-sergetoju-advento-kalendorius\/#primaryimage"},"thumbnailUrl":"https:\/\/collectin.eu\/wp-content\/uploads\/2025\/12\/Untitled-design-2025-12-30T104813.260.png","datePublished":"2025-12-30T08:51:22+00:00","dateModified":"2026-04-08T10:24:53+00:00","description":"U\u017e kiekvien\u0173 i\u0161 24 kalendoriaus dureli\u0173 yra po kasdien\u0119 dovan\u0105 vaikams, kurias jie gal\u0117s atrasti vis\u0105 gruod\u012f iki Kal\u0117d\u0173.","breadcrumb":{"@id":"https:\/\/collectin.eu\/produktas\/lego-76231-galaktikos-sergetoju-advento-kalendorius\/#breadcrumb"},"inLanguage":"en-US","potentialAction":[{"@type":"ReadAction","target":["https:\/\/collectin.eu\/produktas\/lego-76231-galaktikos-sergetoju-advento-kalendorius\/"]}]},{"@type":"ImageObject","inLanguage":"en-US","@id":"https:\/\/collectin.eu\/produktas\/lego-76231-galaktikos-sergetoju-advento-kalendorius\/#primaryimage","url":"https:\/\/collectin.eu\/wp-content\/uploads\/2025\/12\/Untitled-design-2025-12-30T104813.260.png","contentUrl":"https:\/\/collectin.eu\/wp-content\/uploads\/2025\/12\/Untitled-design-2025-12-30T104813.260.png","width":1080,"height":1080},{"@type":"BreadcrumbList","@id":"https:\/\/collectin.eu\/produktas\/lego-76231-galaktikos-sergetoju-advento-kalendorius\/#breadcrumb","itemListElement":[{"@type":"ListItem","position":1,"name":"Home","item":"https:\/\/collectin.eu\/"},{"@type":"ListItem","position":2,"name":"Parduotuv\u0117","item":"https:\/\/collectin.eu\/parduotuve\/"},{"@type":"ListItem","position":3,"name":"LEGO\u00ae 76231 Advent Calendar 2022, Super Heroes, Guardians of the Galaxy"}]},{"@type":"WebSite","@id":"https:\/\/collectin.eu\/#website","url":"https:\/\/collectin.eu\/","name":"Collectin.eu","description":"","potentialAction":[{"@type":"SearchAction","target":{"@type":"EntryPoint","urlTemplate":"https:\/\/collectin.eu\/?s={search_term_string}"},"query-input":{"@type":"PropertyValueSpecification","valueRequired":true,"valueName":"search_term_string"}}],"inLanguage":"en-US"}]}},"jetpack_sharing_enabled":true,"_links":{"self":[{"href":"https:\/\/collectin.eu\/en\/wp-json\/wp\/v2\/product\/38842","targetHints":{"allow":["GET"]}}],"collection":[{"href":"https:\/\/collectin.eu\/en\/wp-json\/wp\/v2\/product"}],"about":[{"href":"https:\/\/collectin.eu\/en\/wp-json\/wp\/v2\/types\/product"}],"replies":[{"embeddable":true,"href":"https:\/\/collectin.eu\/en\/wp-json\/wp\/v2\/comments?post=38842"}],"version-history":[{"count":3,"href":"https:\/\/collectin.eu\/en\/wp-json\/wp\/v2\/product\/38842\/revisions"}],"predecessor-version":[{"id":40384,"href":"https:\/\/collectin.eu\/en\/wp-json\/wp\/v2\/product\/38842\/revisions\/40384"}],"wp:featuredmedia":[{"embeddable":true,"href":"https:\/\/collectin.eu\/en\/wp-json\/wp\/v2\/media\/38843"}],"wp:attachment":[{"href":"https:\/\/collectin.eu\/en\/wp-json\/wp\/v2\/media?parent=38842"}],"wp:term":[{"taxonomy":"product_brand","embeddable":true,"href":"https:\/\/collectin.eu\/en\/wp-json\/wp\/v2\/product_brand?post=38842"},{"taxonomy":"product_cat","embeddable":true,"href":"https:\/\/collectin.eu\/en\/wp-json\/wp\/v2\/product_cat?post=38842"},{"taxonomy":"product_tag","embeddable":true,"href":"https:\/\/collectin.eu\/en\/wp-json\/wp\/v2\/product_tag?post=38842"}],"curies":[{"name":"wp","href":"https:\/\/api.w.org\/{rel}","templated":true}]}}