{"id":38848,"date":"2025-12-30T08:57:36","date_gmt":"2025-12-30T08:57:36","guid":{"rendered":"https:\/\/collectin.eu\/?post_type=product&#038;p=38848"},"modified":"2026-04-08T10:24:53","modified_gmt":"2026-04-08T10:24:53","slug":"lego-10318-virsgarsinis-lektuvas-concorde","status":"publish","type":"product","link":"https:\/\/collectin.eu\/en\/product\/lego-10318-virsgarsinis-lektuvas-concorde\/","title":{"rendered":"LEGO\u00ae 10318 Concorde"},"content":{"rendered":"<p>Leiskit\u0117s \u012f vir\u0161garsin\u0119 kelion\u0119 su suaugusiesiems skirtu \u201eLEGO\u00ae Icons\u201c vir\u0161garsinio l\u0117ktuvo \u201eConcorde\u201c (10318) modelio konstravimo rinkiniu. Skirkite laiko prasmingam konstravimui, atkurdami detali\u0105 garsiausio pasaulyje vir\u0161garsinio komercinio keleivinio l\u0117ktuvo kopij\u0105.<\/p>\n<p>Autenti\u0161kos detal\u0117s<br \/>\nDetali brit\u0173 ir pranc\u016bz\u0173 modelio kopija turi pakreipiam\u0105 nusileid\u017eiant\u012f priek\u012f, veikian\u010di\u0105 va\u017eiuokl\u0119, nuleid\u017eiam\u0105 uodegos rat\u0105, trikampio formos sparnus su judan\u010diais elevonais, atlenkiam\u0105 vir\u0161utin\u012f bei apatin\u012f pos\u016bkio vair\u0105 ir pasiekiamas s\u0117dim\u0105sias vietas. Su rinkinyje esan\u010diu stovu l\u0117ktuv\u0105 galima eksponuoti skryd\u017eio, pakilimo ir nusileidimo re\u017eimu.<\/p>\n<p>Kilkite \u012f dang\u0173<br \/>\nRaskite laiko atsipalaiduoti su \u0161iuo kolekciniu konstravimo rinkiniu \u2013 tai geriausia dovanos id\u0117ja \u201eConcorde\u201c ir kit\u0173 l\u0117ktuv\u0173 modeli\u0173 gerb\u0117jams. LEGO konstravimo modeli\u0173 asortimente rasite ir kit\u0173 \u012fkvepian\u010di\u0173 projekt\u0173.<\/p>\n<ul>\n<li>Pasim\u0117gaukite atpalaiduojan\u010dia kelione \u2013 raskite laiko pasim\u0117gauti \u201eLEGO\u00ae Icons\u201c vir\u0161garsinio l\u0117ktuvo \u201eConcorde\u201c (10318) modelio konstravimo projektu suaugusiesiems<\/li>\n<li>Kas d\u0117\u017e\u0117je? \u2013 Rinkinyje rasite visk\u0105, ko prireiks detaliai garsiausio pasaulyje vir\u0161garsinio komercinio keleivinio l\u0117ktuvo \u201eConcorde\u201c LEGO\u00ae modelio kopijai sukurti<\/li>\n<li>Ypatyb\u0117s \u2013 pakreipiamas nusileid\u017eiantis priekis, veikianti va\u017eiuokl\u0117, nuleid\u017eiamas uodegos ratas, trikampio formos sparnai su judan\u010diais elevonais, atlenkiamas vir\u0161utinis bei apatinis pos\u016bkio vairas ir s\u0117dimosios vietos<\/li>\n<\/ul>","protected":false},"excerpt":{"rendered":"<p>Leiskit\u0117s \u012f vir\u0161garsin\u0119 kelion\u0119 su suaugusiesiems skirtu \u201eLEGO\u00ae Icons\u201c vir\u0161garsinio l\u0117ktuvo \u201eConcorde\u201c (10318) modelio konstravimo rinkiniu. Skirkite laiko prasmingam konstravimui,<\/p>","protected":false},"featured_media":38849,"comment_status":"open","ping_status":"closed","template":"","meta":[],"product_brand":[423],"product_cat":[677,406,523],"product_tag":[],"class_list":{"0":"post-38848","1":"product","2":"type-product","3":"status-publish","4":"has-post-thumbnail","6":"product_brand-lego","7":"product_cat-lego-konstruktoriai","8":"product_cat-lego","9":"product_cat-lego-icons","11":"first","12":"instock","13":"taxable","14":"shipping-taxable","15":"purchasable","16":"product-type-simple"},"yoast_head":"<!-- This site is optimized with the Yoast SEO plugin v25.9 - https:\/\/yoast.com\/wordpress\/plugins\/seo\/ -->\n<title>LEGO\u00ae 10318 Concorde - Collectin.eu<\/title>\n<meta name=\"description\" content=\"Detali brit\u0173 ir pranc\u016bz\u0173 modelio kopija turi pakreipiam\u0105 nusileid\u017eiant\u012f priek\u012f, veikian\u010di\u0105 va\u017eiuokl\u0119, nuleid\u017eiam\u0105 uodegos rat\u0105, trikampio formos sparnus su judan\u010diais elevonais.\" \/>\n<meta name=\"robots\" content=\"index, follow, max-snippet:-1, max-image-preview:large, max-video-preview:-1\" \/>\n<link rel=\"canonical\" href=\"https:\/\/collectin.eu\/en\/product\/lego-10318-virsgarsinis-lektuvas-concorde\/\" \/>\n<meta property=\"og:locale\" content=\"en_US\" \/>\n<meta property=\"og:type\" content=\"article\" \/>\n<meta property=\"og:title\" content=\"LEGO\u00ae 10318 Concorde - Collectin.eu\" \/>\n<meta property=\"og:description\" content=\"Detali brit\u0173 ir pranc\u016bz\u0173 modelio kopija turi pakreipiam\u0105 nusileid\u017eiant\u012f priek\u012f, veikian\u010di\u0105 va\u017eiuokl\u0119, nuleid\u017eiam\u0105 uodegos rat\u0105, trikampio formos sparnus su judan\u010diais elevonais.\" \/>\n<meta property=\"og:url\" content=\"https:\/\/collectin.eu\/en\/product\/lego-10318-virsgarsinis-lektuvas-concorde\/\" \/>\n<meta property=\"og:site_name\" content=\"Collectin.eu\" \/>\n<meta property=\"article:modified_time\" content=\"2026-04-08T10:24:53+00:00\" \/>\n<meta property=\"og:image\" content=\"http:\/\/collectin.eu\/wp-content\/uploads\/2025\/12\/Untitled-design-2025-12-30T105347.155.png\" \/>\n\t<meta property=\"og:image:width\" content=\"1080\" \/>\n\t<meta property=\"og:image:height\" content=\"1080\" \/>\n\t<meta property=\"og:image:type\" content=\"image\/png\" \/>\n<meta name=\"twitter:card\" content=\"summary_large_image\" \/>\n<meta name=\"twitter:label1\" content=\"Est. reading time\" \/>\n\t<meta name=\"twitter:data1\" content=\"2 minutes\" \/>\n<script type=\"application\/ld+json\" class=\"yoast-schema-graph\">{\"@context\":\"https:\/\/schema.org\",\"@graph\":[{\"@type\":\"WebPage\",\"@id\":\"https:\/\/collectin.eu\/produktas\/lego-10318-virsgarsinis-lektuvas-concorde\/\",\"url\":\"https:\/\/collectin.eu\/produktas\/lego-10318-virsgarsinis-lektuvas-concorde\/\",\"name\":\"LEGO\u00ae 10318 Concorde - Collectin.eu\",\"isPartOf\":{\"@id\":\"https:\/\/collectin.eu\/#website\"},\"primaryImageOfPage\":{\"@id\":\"https:\/\/collectin.eu\/produktas\/lego-10318-virsgarsinis-lektuvas-concorde\/#primaryimage\"},\"image\":{\"@id\":\"https:\/\/collectin.eu\/produktas\/lego-10318-virsgarsinis-lektuvas-concorde\/#primaryimage\"},\"thumbnailUrl\":\"https:\/\/collectin.eu\/wp-content\/uploads\/2025\/12\/Untitled-design-2025-12-30T105347.155.png\",\"datePublished\":\"2025-12-30T08:57:36+00:00\",\"dateModified\":\"2026-04-08T10:24:53+00:00\",\"description\":\"Detali brit\u0173 ir pranc\u016bz\u0173 modelio kopija turi pakreipiam\u0105 nusileid\u017eiant\u012f priek\u012f, veikian\u010di\u0105 va\u017eiuokl\u0119, nuleid\u017eiam\u0105 uodegos rat\u0105, trikampio formos sparnus su judan\u010diais elevonais.\",\"breadcrumb\":{\"@id\":\"https:\/\/collectin.eu\/produktas\/lego-10318-virsgarsinis-lektuvas-concorde\/#breadcrumb\"},\"inLanguage\":\"en-US\",\"potentialAction\":[{\"@type\":\"ReadAction\",\"target\":[\"https:\/\/collectin.eu\/produktas\/lego-10318-virsgarsinis-lektuvas-concorde\/\"]}]},{\"@type\":\"ImageObject\",\"inLanguage\":\"en-US\",\"@id\":\"https:\/\/collectin.eu\/produktas\/lego-10318-virsgarsinis-lektuvas-concorde\/#primaryimage\",\"url\":\"https:\/\/collectin.eu\/wp-content\/uploads\/2025\/12\/Untitled-design-2025-12-30T105347.155.png\",\"contentUrl\":\"https:\/\/collectin.eu\/wp-content\/uploads\/2025\/12\/Untitled-design-2025-12-30T105347.155.png\",\"width\":1080,\"height\":1080},{\"@type\":\"BreadcrumbList\",\"@id\":\"https:\/\/collectin.eu\/produktas\/lego-10318-virsgarsinis-lektuvas-concorde\/#breadcrumb\",\"itemListElement\":[{\"@type\":\"ListItem\",\"position\":1,\"name\":\"Home\",\"item\":\"https:\/\/collectin.eu\/\"},{\"@type\":\"ListItem\",\"position\":2,\"name\":\"Parduotuv\u0117\",\"item\":\"https:\/\/collectin.eu\/parduotuve\/\"},{\"@type\":\"ListItem\",\"position\":3,\"name\":\"LEGO\u00ae 10318 Concorde\"}]},{\"@type\":\"WebSite\",\"@id\":\"https:\/\/collectin.eu\/#website\",\"url\":\"https:\/\/collectin.eu\/\",\"name\":\"Collectin.eu\",\"description\":\"\",\"potentialAction\":[{\"@type\":\"SearchAction\",\"target\":{\"@type\":\"EntryPoint\",\"urlTemplate\":\"https:\/\/collectin.eu\/?s={search_term_string}\"},\"query-input\":{\"@type\":\"PropertyValueSpecification\",\"valueRequired\":true,\"valueName\":\"search_term_string\"}}],\"inLanguage\":\"en-US\"}]}<\/script>\n<!-- \/ Yoast SEO plugin. -->","yoast_head_json":{"title":"LEGO\u00ae 10318 Concorde - Collectin.eu","description":"Detali brit\u0173 ir pranc\u016bz\u0173 modelio kopija turi pakreipiam\u0105 nusileid\u017eiant\u012f priek\u012f, veikian\u010di\u0105 va\u017eiuokl\u0119, nuleid\u017eiam\u0105 uodegos rat\u0105, trikampio formos sparnus su judan\u010diais elevonais.","robots":{"index":"index","follow":"follow","max-snippet":"max-snippet:-1","max-image-preview":"max-image-preview:large","max-video-preview":"max-video-preview:-1"},"canonical":"https:\/\/collectin.eu\/en\/product\/lego-10318-virsgarsinis-lektuvas-concorde\/","og_locale":"en_US","og_type":"article","og_title":"LEGO\u00ae 10318 Concorde - Collectin.eu","og_description":"Detali brit\u0173 ir pranc\u016bz\u0173 modelio kopija turi pakreipiam\u0105 nusileid\u017eiant\u012f priek\u012f, veikian\u010di\u0105 va\u017eiuokl\u0119, nuleid\u017eiam\u0105 uodegos rat\u0105, trikampio formos sparnus su judan\u010diais elevonais.","og_url":"https:\/\/collectin.eu\/en\/product\/lego-10318-virsgarsinis-lektuvas-concorde\/","og_site_name":"Collectin.eu","article_modified_time":"2026-04-08T10:24:53+00:00","og_image":[{"width":1080,"height":1080,"url":"http:\/\/collectin.eu\/wp-content\/uploads\/2025\/12\/Untitled-design-2025-12-30T105347.155.png","type":"image\/png"}],"twitter_card":"summary_large_image","twitter_misc":{"Est. reading time":"2 minutes"},"schema":{"@context":"https:\/\/schema.org","@graph":[{"@type":"WebPage","@id":"https:\/\/collectin.eu\/produktas\/lego-10318-virsgarsinis-lektuvas-concorde\/","url":"https:\/\/collectin.eu\/produktas\/lego-10318-virsgarsinis-lektuvas-concorde\/","name":"LEGO\u00ae 10318 Concorde - Collectin.eu","isPartOf":{"@id":"https:\/\/collectin.eu\/#website"},"primaryImageOfPage":{"@id":"https:\/\/collectin.eu\/produktas\/lego-10318-virsgarsinis-lektuvas-concorde\/#primaryimage"},"image":{"@id":"https:\/\/collectin.eu\/produktas\/lego-10318-virsgarsinis-lektuvas-concorde\/#primaryimage"},"thumbnailUrl":"https:\/\/collectin.eu\/wp-content\/uploads\/2025\/12\/Untitled-design-2025-12-30T105347.155.png","datePublished":"2025-12-30T08:57:36+00:00","dateModified":"2026-04-08T10:24:53+00:00","description":"Detali brit\u0173 ir pranc\u016bz\u0173 modelio kopija turi pakreipiam\u0105 nusileid\u017eiant\u012f priek\u012f, veikian\u010di\u0105 va\u017eiuokl\u0119, nuleid\u017eiam\u0105 uodegos rat\u0105, trikampio formos sparnus su judan\u010diais elevonais.","breadcrumb":{"@id":"https:\/\/collectin.eu\/produktas\/lego-10318-virsgarsinis-lektuvas-concorde\/#breadcrumb"},"inLanguage":"en-US","potentialAction":[{"@type":"ReadAction","target":["https:\/\/collectin.eu\/produktas\/lego-10318-virsgarsinis-lektuvas-concorde\/"]}]},{"@type":"ImageObject","inLanguage":"en-US","@id":"https:\/\/collectin.eu\/produktas\/lego-10318-virsgarsinis-lektuvas-concorde\/#primaryimage","url":"https:\/\/collectin.eu\/wp-content\/uploads\/2025\/12\/Untitled-design-2025-12-30T105347.155.png","contentUrl":"https:\/\/collectin.eu\/wp-content\/uploads\/2025\/12\/Untitled-design-2025-12-30T105347.155.png","width":1080,"height":1080},{"@type":"BreadcrumbList","@id":"https:\/\/collectin.eu\/produktas\/lego-10318-virsgarsinis-lektuvas-concorde\/#breadcrumb","itemListElement":[{"@type":"ListItem","position":1,"name":"Home","item":"https:\/\/collectin.eu\/"},{"@type":"ListItem","position":2,"name":"Parduotuv\u0117","item":"https:\/\/collectin.eu\/parduotuve\/"},{"@type":"ListItem","position":3,"name":"LEGO\u00ae 10318 Concorde"}]},{"@type":"WebSite","@id":"https:\/\/collectin.eu\/#website","url":"https:\/\/collectin.eu\/","name":"Collectin.eu","description":"","potentialAction":[{"@type":"SearchAction","target":{"@type":"EntryPoint","urlTemplate":"https:\/\/collectin.eu\/?s={search_term_string}"},"query-input":{"@type":"PropertyValueSpecification","valueRequired":true,"valueName":"search_term_string"}}],"inLanguage":"en-US"}]}},"jetpack_sharing_enabled":true,"_links":{"self":[{"href":"https:\/\/collectin.eu\/en\/wp-json\/wp\/v2\/product\/38848","targetHints":{"allow":["GET"]}}],"collection":[{"href":"https:\/\/collectin.eu\/en\/wp-json\/wp\/v2\/product"}],"about":[{"href":"https:\/\/collectin.eu\/en\/wp-json\/wp\/v2\/types\/product"}],"replies":[{"embeddable":true,"href":"https:\/\/collectin.eu\/en\/wp-json\/wp\/v2\/comments?post=38848"}],"version-history":[{"count":2,"href":"https:\/\/collectin.eu\/en\/wp-json\/wp\/v2\/product\/38848\/revisions"}],"predecessor-version":[{"id":40382,"href":"https:\/\/collectin.eu\/en\/wp-json\/wp\/v2\/product\/38848\/revisions\/40382"}],"wp:featuredmedia":[{"embeddable":true,"href":"https:\/\/collectin.eu\/en\/wp-json\/wp\/v2\/media\/38849"}],"wp:attachment":[{"href":"https:\/\/collectin.eu\/en\/wp-json\/wp\/v2\/media?parent=38848"}],"wp:term":[{"taxonomy":"product_brand","embeddable":true,"href":"https:\/\/collectin.eu\/en\/wp-json\/wp\/v2\/product_brand?post=38848"},{"taxonomy":"product_cat","embeddable":true,"href":"https:\/\/collectin.eu\/en\/wp-json\/wp\/v2\/product_cat?post=38848"},{"taxonomy":"product_tag","embeddable":true,"href":"https:\/\/collectin.eu\/en\/wp-json\/wp\/v2\/product_tag?post=38848"}],"curies":[{"name":"wp","href":"https:\/\/api.w.org\/{rel}","templated":true}]}}