{"id":38853,"date":"2025-12-30T09:06:52","date_gmt":"2025-12-30T09:06:52","guid":{"rendered":"https:\/\/collectin.eu\/?post_type=product&#038;p=38853"},"modified":"2026-04-08T10:24:52","modified_gmt":"2026-04-08T10:24:52","slug":"lego-76959-triceratopso-tyrinejimai","status":"publish","type":"product","link":"https:\/\/collectin.eu\/en\/product\/lego-76959-triceratopso-tyrinejimai\/","title":{"rendered":"LEGO\u00ae 76959 Triceratops Research"},"content":{"rendered":"<p>\u201eLEGO Jurassic World\u201c serijos rinkiniai tiks bet kokio am\u017eiaus gerb\u0117jams, norintiems atkurti \u017eymias film\u0173 ar animacini\u0173 serial\u0173 scenas arba tiesiog konstruoti ir eksponuoti modelius<\/p>\n<ul>\n<li>\u017daidimo rinkinys ma\u017eiesiems dinozaur\u0173 ir \u017eaislini\u0173 automobili\u0173 gerb\u0117jams. Atkurkite \u012fsimintin\u0105 \u201eJuros periodo parko\u201c scen\u0105 su \u0161iuo Triceratopso tyrin\u0117jim\u0173 (76959) rinkiniu, kuriame yra konstruojamas \u201eFord Explorer\u201c ir dinozauro i\u0161mat\u0173 elementas<\/li>\n<li>\u017daislinis dinozauras ir 2 minifig\u016br\u0117l\u0117s. Rinkinyje yra lanksti triceratopso fig\u016br\u0117l\u0117, taip pat Iano Malkomo ir dr. El\u0117s Setler fig\u016br\u0117l\u0117s su kastuvu nuodingoms uogoms i\u0161\u00a0konstruojam\u0173 dinozauro i\u0161mat\u0173 i\u0161kasti<\/li>\n<li>\u201eFord Explorer\u201c. \u017daislin\u0117je transporto priemon\u0117je yra autenti\u0161k\u0173 \u201eJuros periodo parko\u201c visureigio detali\u0173, taip pat vieta minifig\u016br\u0117l\u0117ms ir sumontuotos navigacijos sistemos elementas<\/li>\n<li>Dovana vaikams nuo 8 met\u0173. Padovanokite k\u016brybi\u0161kiems vaikams gimtadienio, \u0161ven\u010di\u0173 ar bet kuria kita proga \u0161\u012f kolekcin\u012f 281 dalies \u201eJurassic Park\u201c serijos rinkin\u012f, su kuriuo jie gal\u0117s \u017eaisti vieni ar su draugais<\/li>\n<\/ul>","protected":false},"excerpt":{"rendered":"<p>\u201eLEGO Jurassic World\u201c serijos rinkiniai tiks bet kokio am\u017eiaus gerb\u0117jams, norintiems atkurti \u017eymias film\u0173 ar animacini\u0173 serial\u0173 scenas arba tiesiog<\/p>","protected":false},"featured_media":38854,"comment_status":"open","ping_status":"closed","template":"","meta":[],"product_brand":[423],"product_cat":[677,406,529],"product_tag":[],"class_list":{"0":"post-38853","1":"product","2":"type-product","3":"status-publish","4":"has-post-thumbnail","6":"product_brand-lego","7":"product_cat-lego-konstruktoriai","8":"product_cat-lego","9":"product_cat-lego-jurassic-world","11":"first","12":"instock","13":"taxable","14":"shipping-taxable","15":"purchasable","16":"product-type-simple"},"yoast_head":"<!-- This site is optimized with the Yoast SEO plugin v25.9 - https:\/\/yoast.com\/wordpress\/plugins\/seo\/ -->\n<title>LEGO\u00ae 76959 Triceratops Research - Collectin.eu<\/title>\n<meta name=\"description\" content=\"\u0160is kolekcinis \u201eLEGO\u00ae Jurassic Park\u201c Triceratopso tyrin\u0117jim\u0173 (76959) rinkinys patiks ma\u017eiesiems dinozaur\u0173 ir \u0161auni\u0173 automobili\u0173 gerb\u0117jams.\" \/>\n<meta name=\"robots\" content=\"index, follow, max-snippet:-1, max-image-preview:large, max-video-preview:-1\" \/>\n<link rel=\"canonical\" href=\"https:\/\/collectin.eu\/en\/product\/lego-76959-triceratopso-tyrinejimai\/\" \/>\n<meta property=\"og:locale\" content=\"en_US\" \/>\n<meta property=\"og:type\" content=\"article\" \/>\n<meta property=\"og:title\" content=\"LEGO\u00ae 76959 Triceratops Research - Collectin.eu\" \/>\n<meta property=\"og:description\" content=\"\u0160is kolekcinis \u201eLEGO\u00ae Jurassic Park\u201c Triceratopso tyrin\u0117jim\u0173 (76959) rinkinys patiks ma\u017eiesiems dinozaur\u0173 ir \u0161auni\u0173 automobili\u0173 gerb\u0117jams.\" \/>\n<meta property=\"og:url\" content=\"https:\/\/collectin.eu\/en\/product\/lego-76959-triceratopso-tyrinejimai\/\" \/>\n<meta property=\"og:site_name\" content=\"Collectin.eu\" \/>\n<meta property=\"article:modified_time\" content=\"2026-04-08T10:24:52+00:00\" \/>\n<meta property=\"og:image\" content=\"http:\/\/collectin.eu\/wp-content\/uploads\/2025\/12\/Untitled-design-2025-12-30T110306.848.png\" \/>\n\t<meta property=\"og:image:width\" content=\"1080\" \/>\n\t<meta property=\"og:image:height\" content=\"1080\" \/>\n\t<meta property=\"og:image:type\" content=\"image\/png\" \/>\n<meta name=\"twitter:card\" content=\"summary_large_image\" \/>\n<meta name=\"twitter:label1\" content=\"Est. reading time\" \/>\n\t<meta name=\"twitter:data1\" content=\"1 minute\" \/>\n<script type=\"application\/ld+json\" class=\"yoast-schema-graph\">{\"@context\":\"https:\/\/schema.org\",\"@graph\":[{\"@type\":\"WebPage\",\"@id\":\"https:\/\/collectin.eu\/produktas\/lego-76959-triceratopso-tyrinejimai\/\",\"url\":\"https:\/\/collectin.eu\/produktas\/lego-76959-triceratopso-tyrinejimai\/\",\"name\":\"LEGO\u00ae 76959 Triceratops Research - Collectin.eu\",\"isPartOf\":{\"@id\":\"https:\/\/collectin.eu\/#website\"},\"primaryImageOfPage\":{\"@id\":\"https:\/\/collectin.eu\/produktas\/lego-76959-triceratopso-tyrinejimai\/#primaryimage\"},\"image\":{\"@id\":\"https:\/\/collectin.eu\/produktas\/lego-76959-triceratopso-tyrinejimai\/#primaryimage\"},\"thumbnailUrl\":\"https:\/\/collectin.eu\/wp-content\/uploads\/2025\/12\/Untitled-design-2025-12-30T110306.848.png\",\"datePublished\":\"2025-12-30T09:06:52+00:00\",\"dateModified\":\"2026-04-08T10:24:52+00:00\",\"description\":\"\u0160is kolekcinis \u201eLEGO\u00ae Jurassic Park\u201c Triceratopso tyrin\u0117jim\u0173 (76959) rinkinys patiks ma\u017eiesiems dinozaur\u0173 ir \u0161auni\u0173 automobili\u0173 gerb\u0117jams.\",\"breadcrumb\":{\"@id\":\"https:\/\/collectin.eu\/produktas\/lego-76959-triceratopso-tyrinejimai\/#breadcrumb\"},\"inLanguage\":\"en-US\",\"potentialAction\":[{\"@type\":\"ReadAction\",\"target\":[\"https:\/\/collectin.eu\/produktas\/lego-76959-triceratopso-tyrinejimai\/\"]}]},{\"@type\":\"ImageObject\",\"inLanguage\":\"en-US\",\"@id\":\"https:\/\/collectin.eu\/produktas\/lego-76959-triceratopso-tyrinejimai\/#primaryimage\",\"url\":\"https:\/\/collectin.eu\/wp-content\/uploads\/2025\/12\/Untitled-design-2025-12-30T110306.848.png\",\"contentUrl\":\"https:\/\/collectin.eu\/wp-content\/uploads\/2025\/12\/Untitled-design-2025-12-30T110306.848.png\",\"width\":1080,\"height\":1080},{\"@type\":\"BreadcrumbList\",\"@id\":\"https:\/\/collectin.eu\/produktas\/lego-76959-triceratopso-tyrinejimai\/#breadcrumb\",\"itemListElement\":[{\"@type\":\"ListItem\",\"position\":1,\"name\":\"Home\",\"item\":\"https:\/\/collectin.eu\/\"},{\"@type\":\"ListItem\",\"position\":2,\"name\":\"Parduotuv\u0117\",\"item\":\"https:\/\/collectin.eu\/parduotuve\/\"},{\"@type\":\"ListItem\",\"position\":3,\"name\":\"LEGO\u00ae 76959 Triceratops Research\"}]},{\"@type\":\"WebSite\",\"@id\":\"https:\/\/collectin.eu\/#website\",\"url\":\"https:\/\/collectin.eu\/\",\"name\":\"Collectin.eu\",\"description\":\"\",\"potentialAction\":[{\"@type\":\"SearchAction\",\"target\":{\"@type\":\"EntryPoint\",\"urlTemplate\":\"https:\/\/collectin.eu\/?s={search_term_string}\"},\"query-input\":{\"@type\":\"PropertyValueSpecification\",\"valueRequired\":true,\"valueName\":\"search_term_string\"}}],\"inLanguage\":\"en-US\"}]}<\/script>\n<!-- \/ Yoast SEO plugin. -->","yoast_head_json":{"title":"LEGO\u00ae 76959 Triceratops Research - Collectin.eu","description":"\u0160is kolekcinis \u201eLEGO\u00ae Jurassic Park\u201c Triceratopso tyrin\u0117jim\u0173 (76959) rinkinys patiks ma\u017eiesiems dinozaur\u0173 ir \u0161auni\u0173 automobili\u0173 gerb\u0117jams.","robots":{"index":"index","follow":"follow","max-snippet":"max-snippet:-1","max-image-preview":"max-image-preview:large","max-video-preview":"max-video-preview:-1"},"canonical":"https:\/\/collectin.eu\/en\/product\/lego-76959-triceratopso-tyrinejimai\/","og_locale":"en_US","og_type":"article","og_title":"LEGO\u00ae 76959 Triceratops Research - Collectin.eu","og_description":"\u0160is kolekcinis \u201eLEGO\u00ae Jurassic Park\u201c Triceratopso tyrin\u0117jim\u0173 (76959) rinkinys patiks ma\u017eiesiems dinozaur\u0173 ir \u0161auni\u0173 automobili\u0173 gerb\u0117jams.","og_url":"https:\/\/collectin.eu\/en\/product\/lego-76959-triceratopso-tyrinejimai\/","og_site_name":"Collectin.eu","article_modified_time":"2026-04-08T10:24:52+00:00","og_image":[{"width":1080,"height":1080,"url":"http:\/\/collectin.eu\/wp-content\/uploads\/2025\/12\/Untitled-design-2025-12-30T110306.848.png","type":"image\/png"}],"twitter_card":"summary_large_image","twitter_misc":{"Est. reading time":"1 minute"},"schema":{"@context":"https:\/\/schema.org","@graph":[{"@type":"WebPage","@id":"https:\/\/collectin.eu\/produktas\/lego-76959-triceratopso-tyrinejimai\/","url":"https:\/\/collectin.eu\/produktas\/lego-76959-triceratopso-tyrinejimai\/","name":"LEGO\u00ae 76959 Triceratops Research - Collectin.eu","isPartOf":{"@id":"https:\/\/collectin.eu\/#website"},"primaryImageOfPage":{"@id":"https:\/\/collectin.eu\/produktas\/lego-76959-triceratopso-tyrinejimai\/#primaryimage"},"image":{"@id":"https:\/\/collectin.eu\/produktas\/lego-76959-triceratopso-tyrinejimai\/#primaryimage"},"thumbnailUrl":"https:\/\/collectin.eu\/wp-content\/uploads\/2025\/12\/Untitled-design-2025-12-30T110306.848.png","datePublished":"2025-12-30T09:06:52+00:00","dateModified":"2026-04-08T10:24:52+00:00","description":"\u0160is kolekcinis \u201eLEGO\u00ae Jurassic Park\u201c Triceratopso tyrin\u0117jim\u0173 (76959) rinkinys patiks ma\u017eiesiems dinozaur\u0173 ir \u0161auni\u0173 automobili\u0173 gerb\u0117jams.","breadcrumb":{"@id":"https:\/\/collectin.eu\/produktas\/lego-76959-triceratopso-tyrinejimai\/#breadcrumb"},"inLanguage":"en-US","potentialAction":[{"@type":"ReadAction","target":["https:\/\/collectin.eu\/produktas\/lego-76959-triceratopso-tyrinejimai\/"]}]},{"@type":"ImageObject","inLanguage":"en-US","@id":"https:\/\/collectin.eu\/produktas\/lego-76959-triceratopso-tyrinejimai\/#primaryimage","url":"https:\/\/collectin.eu\/wp-content\/uploads\/2025\/12\/Untitled-design-2025-12-30T110306.848.png","contentUrl":"https:\/\/collectin.eu\/wp-content\/uploads\/2025\/12\/Untitled-design-2025-12-30T110306.848.png","width":1080,"height":1080},{"@type":"BreadcrumbList","@id":"https:\/\/collectin.eu\/produktas\/lego-76959-triceratopso-tyrinejimai\/#breadcrumb","itemListElement":[{"@type":"ListItem","position":1,"name":"Home","item":"https:\/\/collectin.eu\/"},{"@type":"ListItem","position":2,"name":"Parduotuv\u0117","item":"https:\/\/collectin.eu\/parduotuve\/"},{"@type":"ListItem","position":3,"name":"LEGO\u00ae 76959 Triceratops Research"}]},{"@type":"WebSite","@id":"https:\/\/collectin.eu\/#website","url":"https:\/\/collectin.eu\/","name":"Collectin.eu","description":"","potentialAction":[{"@type":"SearchAction","target":{"@type":"EntryPoint","urlTemplate":"https:\/\/collectin.eu\/?s={search_term_string}"},"query-input":{"@type":"PropertyValueSpecification","valueRequired":true,"valueName":"search_term_string"}}],"inLanguage":"en-US"}]}},"jetpack_sharing_enabled":true,"_links":{"self":[{"href":"https:\/\/collectin.eu\/en\/wp-json\/wp\/v2\/product\/38853","targetHints":{"allow":["GET"]}}],"collection":[{"href":"https:\/\/collectin.eu\/en\/wp-json\/wp\/v2\/product"}],"about":[{"href":"https:\/\/collectin.eu\/en\/wp-json\/wp\/v2\/types\/product"}],"replies":[{"embeddable":true,"href":"https:\/\/collectin.eu\/en\/wp-json\/wp\/v2\/comments?post=38853"}],"version-history":[{"count":2,"href":"https:\/\/collectin.eu\/en\/wp-json\/wp\/v2\/product\/38853\/revisions"}],"predecessor-version":[{"id":40381,"href":"https:\/\/collectin.eu\/en\/wp-json\/wp\/v2\/product\/38853\/revisions\/40381"}],"wp:featuredmedia":[{"embeddable":true,"href":"https:\/\/collectin.eu\/en\/wp-json\/wp\/v2\/media\/38854"}],"wp:attachment":[{"href":"https:\/\/collectin.eu\/en\/wp-json\/wp\/v2\/media?parent=38853"}],"wp:term":[{"taxonomy":"product_brand","embeddable":true,"href":"https:\/\/collectin.eu\/en\/wp-json\/wp\/v2\/product_brand?post=38853"},{"taxonomy":"product_cat","embeddable":true,"href":"https:\/\/collectin.eu\/en\/wp-json\/wp\/v2\/product_cat?post=38853"},{"taxonomy":"product_tag","embeddable":true,"href":"https:\/\/collectin.eu\/en\/wp-json\/wp\/v2\/product_tag?post=38853"}],"curies":[{"name":"wp","href":"https:\/\/api.w.org\/{rel}","templated":true}]}}