{"id":38858,"date":"2025-12-30T09:12:24","date_gmt":"2025-12-30T09:12:24","guid":{"rendered":"https:\/\/collectin.eu\/?post_type=product&#038;p=38858"},"modified":"2026-04-08T10:24:52","modified_gmt":"2026-04-08T10:24:52","slug":"lego-76957-velociraptoriaus-pabegimas","status":"publish","type":"product","link":"https:\/\/collectin.eu\/en\/product\/lego-76957-velociraptoriaus-pabegimas\/","title":{"rendered":"LEGO\u00ae 76957 Velociraptor Escape"},"content":{"rendered":"<p>Paprastos iliustruotos instrukcijos puikiai tinka vaikams, kurie dar tik mokosi skaityti. Kad b\u016bt\u0173 dar smagiau naudotis skaitmenin\u0117mis priemon\u0117mis, program\u0117l\u0117je \u201eLEGO Builder\u201c yra patog\u016bs priartinimo ir pasukimo \u012frankiai, leid\u017eiantys vaikams vizualizuoti konstruojam\u0105 model\u012f.<\/p>\n<p>Konstruokite kartu<br \/>\nLEGO \u017eaislai, skirti vaikams nuo 4 met\u0173, supa\u017eindina ma\u017euosius su m\u0117gstam\u0173 film\u0173 visata, televizijos persona\u017eais ir kasdieniais herojais. Rinkiniai turi pradines kalad\u0117les, padedan\u010dias net ir nepatyrusiems konstruotojams sukurti transporto priemones, statinius ir dar daugiau modeli\u0173, \u0161iek tiek padedant suaugusiesiems ar vyresniems broliams ir seserims.<\/p>\n<ul>\n<li>Rinkinys pradedantiesiems. Supa\u017eindinkite vaikus nuo 4 met\u0173 su \u201eLEGO\u00ae Jurassic World\u201c Velociraptoriaus pab\u0117gimo (76957) rinkiniu, kuriame yra lanksti velociraptoriaus fig\u016br\u0117l\u0117, greitai sukonstruojamas dinozauro aptvaras ir visureigis<\/li>\n<li>2 minifig\u016br\u0117l\u0117s. Rinkinyje yra dr. El\u0117s Setler ir Roberto Mulduno, taip pat varl\u0117s fig\u016br\u0117l\u0117s. Priedus sudaro \u017eaislin\u0117 radijo stotel\u0117, raminamasis ginklas, de\u0161rainis, dinozauro i\u0161mat\u0173 elementas ir dinozauro kiau\u0161inis su konstruojamu lizdu<\/li>\n<li>\u017daismingos funkcijos. Dinozauro aptvaras turi bok\u0161t\u0105 su pradine kalad\u0117le, padedan\u010dia konstruoti, keltuvas su maitinimo krep\u0161iu, vartai visureigiui ir tvora su atskyrimo funkcija<\/li>\n<\/ul>","protected":false},"excerpt":{"rendered":"<p>Paprastos iliustruotos instrukcijos puikiai tinka vaikams, kurie dar tik mokosi skaityti. Kad b\u016bt\u0173 dar smagiau naudotis skaitmenin\u0117mis priemon\u0117mis, program\u0117l\u0117je \u201eLEGO<\/p>","protected":false},"featured_media":38859,"comment_status":"open","ping_status":"closed","template":"","meta":[],"product_brand":[423],"product_cat":[677,406,529],"product_tag":[],"class_list":{"0":"post-38858","1":"product","2":"type-product","3":"status-publish","4":"has-post-thumbnail","6":"product_brand-lego","7":"product_cat-lego-konstruktoriai","8":"product_cat-lego","9":"product_cat-lego-jurassic-world","11":"first","12":"instock","13":"taxable","14":"shipping-taxable","15":"purchasable","16":"product-type-simple"},"yoast_head":"<!-- This site is optimized with the Yoast SEO plugin v25.9 - https:\/\/yoast.com\/wordpress\/plugins\/seo\/ -->\n<title>LEGO\u00ae 76957 Velociraptor Escape - Collectin.eu<\/title>\n<meta name=\"description\" content=\"Jaunieji \u017eaid\u0117jai gali konstruoti ir \u017eaisti su \u0161iuo nuostabiu \u201eLEGO\u00ae Jurassic Park\u201c Velociraptoriaus pab\u0117gimo (76957) rinkiniu, skirtu vaikams nuo 4 met\u0173.\" \/>\n<meta name=\"robots\" content=\"index, follow, max-snippet:-1, max-image-preview:large, max-video-preview:-1\" \/>\n<link rel=\"canonical\" href=\"https:\/\/collectin.eu\/en\/product\/lego-76957-velociraptoriaus-pabegimas\/\" \/>\n<meta property=\"og:locale\" content=\"en_US\" \/>\n<meta property=\"og:type\" content=\"article\" \/>\n<meta property=\"og:title\" content=\"LEGO\u00ae 76957 Velociraptor Escape - Collectin.eu\" \/>\n<meta property=\"og:description\" content=\"Jaunieji \u017eaid\u0117jai gali konstruoti ir \u017eaisti su \u0161iuo nuostabiu \u201eLEGO\u00ae Jurassic Park\u201c Velociraptoriaus pab\u0117gimo (76957) rinkiniu, skirtu vaikams nuo 4 met\u0173.\" \/>\n<meta property=\"og:url\" content=\"https:\/\/collectin.eu\/en\/product\/lego-76957-velociraptoriaus-pabegimas\/\" \/>\n<meta property=\"og:site_name\" content=\"Collectin.eu\" \/>\n<meta property=\"article:modified_time\" content=\"2026-04-08T10:24:52+00:00\" \/>\n<meta property=\"og:image\" content=\"http:\/\/collectin.eu\/wp-content\/uploads\/2025\/12\/Untitled-design-2025-12-30T110835.891.png\" \/>\n\t<meta property=\"og:image:width\" content=\"1080\" \/>\n\t<meta property=\"og:image:height\" content=\"1080\" \/>\n\t<meta property=\"og:image:type\" content=\"image\/png\" \/>\n<meta name=\"twitter:card\" content=\"summary_large_image\" \/>\n<meta name=\"twitter:label1\" content=\"Est. reading time\" \/>\n\t<meta name=\"twitter:data1\" content=\"2 minutes\" \/>\n<script type=\"application\/ld+json\" class=\"yoast-schema-graph\">{\"@context\":\"https:\/\/schema.org\",\"@graph\":[{\"@type\":\"WebPage\",\"@id\":\"https:\/\/collectin.eu\/produktas\/lego-76957-velociraptoriaus-pabegimas\/\",\"url\":\"https:\/\/collectin.eu\/produktas\/lego-76957-velociraptoriaus-pabegimas\/\",\"name\":\"LEGO\u00ae 76957 Velociraptor Escape - Collectin.eu\",\"isPartOf\":{\"@id\":\"https:\/\/collectin.eu\/#website\"},\"primaryImageOfPage\":{\"@id\":\"https:\/\/collectin.eu\/produktas\/lego-76957-velociraptoriaus-pabegimas\/#primaryimage\"},\"image\":{\"@id\":\"https:\/\/collectin.eu\/produktas\/lego-76957-velociraptoriaus-pabegimas\/#primaryimage\"},\"thumbnailUrl\":\"https:\/\/collectin.eu\/wp-content\/uploads\/2025\/12\/Untitled-design-2025-12-30T110835.891.png\",\"datePublished\":\"2025-12-30T09:12:24+00:00\",\"dateModified\":\"2026-04-08T10:24:52+00:00\",\"description\":\"Jaunieji \u017eaid\u0117jai gali konstruoti ir \u017eaisti su \u0161iuo nuostabiu \u201eLEGO\u00ae Jurassic Park\u201c Velociraptoriaus pab\u0117gimo (76957) rinkiniu, skirtu vaikams nuo 4 met\u0173.\",\"breadcrumb\":{\"@id\":\"https:\/\/collectin.eu\/produktas\/lego-76957-velociraptoriaus-pabegimas\/#breadcrumb\"},\"inLanguage\":\"en-US\",\"potentialAction\":[{\"@type\":\"ReadAction\",\"target\":[\"https:\/\/collectin.eu\/produktas\/lego-76957-velociraptoriaus-pabegimas\/\"]}]},{\"@type\":\"ImageObject\",\"inLanguage\":\"en-US\",\"@id\":\"https:\/\/collectin.eu\/produktas\/lego-76957-velociraptoriaus-pabegimas\/#primaryimage\",\"url\":\"https:\/\/collectin.eu\/wp-content\/uploads\/2025\/12\/Untitled-design-2025-12-30T110835.891.png\",\"contentUrl\":\"https:\/\/collectin.eu\/wp-content\/uploads\/2025\/12\/Untitled-design-2025-12-30T110835.891.png\",\"width\":1080,\"height\":1080},{\"@type\":\"BreadcrumbList\",\"@id\":\"https:\/\/collectin.eu\/produktas\/lego-76957-velociraptoriaus-pabegimas\/#breadcrumb\",\"itemListElement\":[{\"@type\":\"ListItem\",\"position\":1,\"name\":\"Home\",\"item\":\"https:\/\/collectin.eu\/\"},{\"@type\":\"ListItem\",\"position\":2,\"name\":\"Parduotuv\u0117\",\"item\":\"https:\/\/collectin.eu\/parduotuve\/\"},{\"@type\":\"ListItem\",\"position\":3,\"name\":\"LEGO\u00ae 76957 Velociraptor Escape\"}]},{\"@type\":\"WebSite\",\"@id\":\"https:\/\/collectin.eu\/#website\",\"url\":\"https:\/\/collectin.eu\/\",\"name\":\"Collectin.eu\",\"description\":\"\",\"potentialAction\":[{\"@type\":\"SearchAction\",\"target\":{\"@type\":\"EntryPoint\",\"urlTemplate\":\"https:\/\/collectin.eu\/?s={search_term_string}\"},\"query-input\":{\"@type\":\"PropertyValueSpecification\",\"valueRequired\":true,\"valueName\":\"search_term_string\"}}],\"inLanguage\":\"en-US\"}]}<\/script>\n<!-- \/ Yoast SEO plugin. -->","yoast_head_json":{"title":"LEGO\u00ae 76957 Velociraptor Escape - Collectin.eu","description":"Jaunieji \u017eaid\u0117jai gali konstruoti ir \u017eaisti su \u0161iuo nuostabiu \u201eLEGO\u00ae Jurassic Park\u201c Velociraptoriaus pab\u0117gimo (76957) rinkiniu, skirtu vaikams nuo 4 met\u0173.","robots":{"index":"index","follow":"follow","max-snippet":"max-snippet:-1","max-image-preview":"max-image-preview:large","max-video-preview":"max-video-preview:-1"},"canonical":"https:\/\/collectin.eu\/en\/product\/lego-76957-velociraptoriaus-pabegimas\/","og_locale":"en_US","og_type":"article","og_title":"LEGO\u00ae 76957 Velociraptor Escape - Collectin.eu","og_description":"Jaunieji \u017eaid\u0117jai gali konstruoti ir \u017eaisti su \u0161iuo nuostabiu \u201eLEGO\u00ae Jurassic Park\u201c Velociraptoriaus pab\u0117gimo (76957) rinkiniu, skirtu vaikams nuo 4 met\u0173.","og_url":"https:\/\/collectin.eu\/en\/product\/lego-76957-velociraptoriaus-pabegimas\/","og_site_name":"Collectin.eu","article_modified_time":"2026-04-08T10:24:52+00:00","og_image":[{"width":1080,"height":1080,"url":"http:\/\/collectin.eu\/wp-content\/uploads\/2025\/12\/Untitled-design-2025-12-30T110835.891.png","type":"image\/png"}],"twitter_card":"summary_large_image","twitter_misc":{"Est. reading time":"2 minutes"},"schema":{"@context":"https:\/\/schema.org","@graph":[{"@type":"WebPage","@id":"https:\/\/collectin.eu\/produktas\/lego-76957-velociraptoriaus-pabegimas\/","url":"https:\/\/collectin.eu\/produktas\/lego-76957-velociraptoriaus-pabegimas\/","name":"LEGO\u00ae 76957 Velociraptor Escape - Collectin.eu","isPartOf":{"@id":"https:\/\/collectin.eu\/#website"},"primaryImageOfPage":{"@id":"https:\/\/collectin.eu\/produktas\/lego-76957-velociraptoriaus-pabegimas\/#primaryimage"},"image":{"@id":"https:\/\/collectin.eu\/produktas\/lego-76957-velociraptoriaus-pabegimas\/#primaryimage"},"thumbnailUrl":"https:\/\/collectin.eu\/wp-content\/uploads\/2025\/12\/Untitled-design-2025-12-30T110835.891.png","datePublished":"2025-12-30T09:12:24+00:00","dateModified":"2026-04-08T10:24:52+00:00","description":"Jaunieji \u017eaid\u0117jai gali konstruoti ir \u017eaisti su \u0161iuo nuostabiu \u201eLEGO\u00ae Jurassic Park\u201c Velociraptoriaus pab\u0117gimo (76957) rinkiniu, skirtu vaikams nuo 4 met\u0173.","breadcrumb":{"@id":"https:\/\/collectin.eu\/produktas\/lego-76957-velociraptoriaus-pabegimas\/#breadcrumb"},"inLanguage":"en-US","potentialAction":[{"@type":"ReadAction","target":["https:\/\/collectin.eu\/produktas\/lego-76957-velociraptoriaus-pabegimas\/"]}]},{"@type":"ImageObject","inLanguage":"en-US","@id":"https:\/\/collectin.eu\/produktas\/lego-76957-velociraptoriaus-pabegimas\/#primaryimage","url":"https:\/\/collectin.eu\/wp-content\/uploads\/2025\/12\/Untitled-design-2025-12-30T110835.891.png","contentUrl":"https:\/\/collectin.eu\/wp-content\/uploads\/2025\/12\/Untitled-design-2025-12-30T110835.891.png","width":1080,"height":1080},{"@type":"BreadcrumbList","@id":"https:\/\/collectin.eu\/produktas\/lego-76957-velociraptoriaus-pabegimas\/#breadcrumb","itemListElement":[{"@type":"ListItem","position":1,"name":"Home","item":"https:\/\/collectin.eu\/"},{"@type":"ListItem","position":2,"name":"Parduotuv\u0117","item":"https:\/\/collectin.eu\/parduotuve\/"},{"@type":"ListItem","position":3,"name":"LEGO\u00ae 76957 Velociraptor Escape"}]},{"@type":"WebSite","@id":"https:\/\/collectin.eu\/#website","url":"https:\/\/collectin.eu\/","name":"Collectin.eu","description":"","potentialAction":[{"@type":"SearchAction","target":{"@type":"EntryPoint","urlTemplate":"https:\/\/collectin.eu\/?s={search_term_string}"},"query-input":{"@type":"PropertyValueSpecification","valueRequired":true,"valueName":"search_term_string"}}],"inLanguage":"en-US"}]}},"jetpack_sharing_enabled":true,"_links":{"self":[{"href":"https:\/\/collectin.eu\/en\/wp-json\/wp\/v2\/product\/38858","targetHints":{"allow":["GET"]}}],"collection":[{"href":"https:\/\/collectin.eu\/en\/wp-json\/wp\/v2\/product"}],"about":[{"href":"https:\/\/collectin.eu\/en\/wp-json\/wp\/v2\/types\/product"}],"replies":[{"embeddable":true,"href":"https:\/\/collectin.eu\/en\/wp-json\/wp\/v2\/comments?post=38858"}],"version-history":[{"count":3,"href":"https:\/\/collectin.eu\/en\/wp-json\/wp\/v2\/product\/38858\/revisions"}],"predecessor-version":[{"id":40380,"href":"https:\/\/collectin.eu\/en\/wp-json\/wp\/v2\/product\/38858\/revisions\/40380"}],"wp:featuredmedia":[{"embeddable":true,"href":"https:\/\/collectin.eu\/en\/wp-json\/wp\/v2\/media\/38859"}],"wp:attachment":[{"href":"https:\/\/collectin.eu\/en\/wp-json\/wp\/v2\/media?parent=38858"}],"wp:term":[{"taxonomy":"product_brand","embeddable":true,"href":"https:\/\/collectin.eu\/en\/wp-json\/wp\/v2\/product_brand?post=38858"},{"taxonomy":"product_cat","embeddable":true,"href":"https:\/\/collectin.eu\/en\/wp-json\/wp\/v2\/product_cat?post=38858"},{"taxonomy":"product_tag","embeddable":true,"href":"https:\/\/collectin.eu\/en\/wp-json\/wp\/v2\/product_tag?post=38858"}],"curies":[{"name":"wp","href":"https:\/\/api.w.org\/{rel}","templated":true}]}}