{"id":38863,"date":"2025-12-30T09:21:04","date_gmt":"2025-12-30T09:21:04","guid":{"rendered":"https:\/\/collectin.eu\/?post_type=product&#038;p=38863"},"modified":"2026-04-08T10:24:52","modified_gmt":"2026-04-08T10:24:52","slug":"lego-76399-hogvartso-paslaptingoji-skrynia","status":"publish","type":"product","link":"https:\/\/collectin.eu\/en\/product\/lego-76399-hogvartso-paslaptingoji-skrynia\/","title":{"rendered":"LEGO\u00ae 76399 Hogwarts Magical Trunk"},"content":{"rendered":"<p>Asmenin\u0117 ir ne\u0161iojama LEGO\u00ae Harry Potter\u2122 Hogvartso\u2122 paslaptingoji skrynia (76399) vaikams nuo 8 met\u0173 am\u017eiaus yra kupina stebuklingo tinkinam\u0173 vietovi\u0173 ir persona\u017e\u0173 i\u0161 Hario Poterio film\u0173 kratinio.<\/p>\n<p>Perkelkite Hogvarts\u0105 vaikams \u012f rankas<br \/>\n\u0160i\u0105 LEGO kalad\u0117li\u0173 skryni\u0105 kaip ir \u017eymi\u0105sias Hogvartso mokini\u0173 skrynias vaikai gali i\u0161marginti skirting\u0173 Hogvartso brolij\u0173 spalvomis ir smagiais lipdukais, kad jos priklausyt\u0173 asmeni\u0161kai jiems. Jos turin\u012f sudaro didelis pasirinkimas minifig\u016br\u0117li\u0173 dali\u0173 \u2013 \u012fskaitant \u012fvairius plaukus ir odos atspalvius \u2013 tad vaikai gali sukonstruoti iki 5 persona\u017e\u0173 i\u0161 Hario Poterio film\u0173 ir kurti savus Hogvarsto mokinius. Didelis pasirinkimas tinkinam\u0173 bald\u0173 ir pried\u0173 i\u0161 film\u0173 suteikia vaikams id\u0117j\u0173 ir \u012fkv\u0117pimo, kaip prad\u0117ti kurti savus Hogvartso nuotykius. Su ja taip pat galima \u017eaisti 3 klasikines film\u0173 istorijas: paskirstymo ceremonij\u0105, puot\u0105 did\u017eiojoje men\u0117je ir susirinkim\u0173 sal\u0119. Nuotykiams pasibaigus viskas tvarkingai susideda \u012f skryni\u0105, kad vaikai gal\u0117t\u0173 ne\u0161iotis Hogvartso magij\u0105 su savimi.<\/p>\n<ul>\n<li>Atrakinkite k\u016brybi\u0161\u0173ka magij\u0105! LEGO\u00ae Harry Potter\u2122 Hogvartso\u2122\u00a0paslaptingoji skrynia (76399) kupina konstruojam\u0173 ypatybi\u0173 ir minifig\u016br\u0117li\u0173 i\u0161 Hario Poterio film\u0173, kurias vaikai gali kurti ir tinkinti.<\/li>\n<li>Pramog\u0173 kupina skrynia. Skrynioje yra magi\u0161kai perkonfig\u016bruojam\u0173 bald\u0173, pried\u0173 i\u0161 film\u0173 ir minifig\u016br\u0117li\u0173 dali\u0173, i\u0161 kuri\u0173 vaikai gali sukurti skirting\u0173 persona\u017e\u0173.<\/li>\n<li>Autenti\u0161ki priedai. Paskirstymo skryb\u0117l\u0117, eliksyrai, katilas, eliksyr\u0173 knyga, pl\u0117\u0161iko \u017eem\u0117lapis, Berti Bot visokio skonio pupel\u0117s\u2122, Priekabininkas, tauri\u0173, sausaini\u0173, \u0161achmat\u0173 lenta ir pel\u0117da.<\/li>\n<\/ul>","protected":false},"excerpt":{"rendered":"<p>Asmenin\u0117 ir ne\u0161iojama LEGO\u00ae Harry Potter\u2122 Hogvartso\u2122 paslaptingoji skrynia (76399) vaikams nuo 8 met\u0173 am\u017eiaus yra kupina stebuklingo tinkinam\u0173 vietovi\u0173<\/p>","protected":false},"featured_media":38864,"comment_status":"open","ping_status":"closed","template":"","meta":[],"product_brand":[423],"product_cat":[677,406,438],"product_tag":[],"class_list":{"0":"post-38863","1":"product","2":"type-product","3":"status-publish","4":"has-post-thumbnail","6":"product_brand-lego","7":"product_cat-lego-konstruktoriai","8":"product_cat-lego","9":"product_cat-lego-harry-potter","11":"first","12":"instock","13":"taxable","14":"shipping-taxable","15":"purchasable","16":"product-type-simple"},"yoast_head":"<!-- This site is optimized with the Yoast SEO plugin v25.9 - https:\/\/yoast.com\/wordpress\/plugins\/seo\/ -->\n<title>LEGO\u00ae 76399 Hogwarts Magical Trunk - Collectin.eu<\/title>\n<meta name=\"description\" content=\"\u0160i\u0105 LEGO kalad\u0117li\u0173 skryni\u0105 kaip ir \u017eymi\u0105sias Hogvartso mokini\u0173 skrynias vaikai gali i\u0161marginti skirting\u0173 Hogvartso brolij\u0173 spalvomis ir smagiais lipdukais, kad jos priklausyt\u0173 asmeni\u0161kai jiems.\" \/>\n<meta name=\"robots\" content=\"index, follow, max-snippet:-1, max-image-preview:large, max-video-preview:-1\" \/>\n<link rel=\"canonical\" href=\"https:\/\/collectin.eu\/en\/product\/lego-76399-hogvartso-paslaptingoji-skrynia\/\" \/>\n<meta property=\"og:locale\" content=\"en_US\" \/>\n<meta property=\"og:type\" content=\"article\" \/>\n<meta property=\"og:title\" content=\"LEGO\u00ae 76399 Hogwarts Magical Trunk - Collectin.eu\" \/>\n<meta property=\"og:description\" content=\"\u0160i\u0105 LEGO kalad\u0117li\u0173 skryni\u0105 kaip ir \u017eymi\u0105sias Hogvartso mokini\u0173 skrynias vaikai gali i\u0161marginti skirting\u0173 Hogvartso brolij\u0173 spalvomis ir smagiais lipdukais, kad jos priklausyt\u0173 asmeni\u0161kai jiems.\" \/>\n<meta property=\"og:url\" content=\"https:\/\/collectin.eu\/en\/product\/lego-76399-hogvartso-paslaptingoji-skrynia\/\" \/>\n<meta property=\"og:site_name\" content=\"Collectin.eu\" \/>\n<meta property=\"article:modified_time\" content=\"2026-04-08T10:24:52+00:00\" \/>\n<meta property=\"og:image\" content=\"http:\/\/collectin.eu\/wp-content\/uploads\/2025\/12\/Untitled-design-2025-12-30T111711.871.png\" \/>\n\t<meta property=\"og:image:width\" content=\"1080\" \/>\n\t<meta property=\"og:image:height\" content=\"1080\" \/>\n\t<meta property=\"og:image:type\" content=\"image\/png\" \/>\n<meta name=\"twitter:card\" content=\"summary_large_image\" \/>\n<meta name=\"twitter:label1\" content=\"Est. reading time\" \/>\n\t<meta name=\"twitter:data1\" content=\"2 minutes\" \/>\n<script type=\"application\/ld+json\" class=\"yoast-schema-graph\">{\"@context\":\"https:\/\/schema.org\",\"@graph\":[{\"@type\":\"WebPage\",\"@id\":\"https:\/\/collectin.eu\/produktas\/lego-76399-hogvartso-paslaptingoji-skrynia\/\",\"url\":\"https:\/\/collectin.eu\/produktas\/lego-76399-hogvartso-paslaptingoji-skrynia\/\",\"name\":\"LEGO\u00ae 76399 Hogwarts Magical Trunk - Collectin.eu\",\"isPartOf\":{\"@id\":\"https:\/\/collectin.eu\/#website\"},\"primaryImageOfPage\":{\"@id\":\"https:\/\/collectin.eu\/produktas\/lego-76399-hogvartso-paslaptingoji-skrynia\/#primaryimage\"},\"image\":{\"@id\":\"https:\/\/collectin.eu\/produktas\/lego-76399-hogvartso-paslaptingoji-skrynia\/#primaryimage\"},\"thumbnailUrl\":\"https:\/\/collectin.eu\/wp-content\/uploads\/2025\/12\/Untitled-design-2025-12-30T111711.871.png\",\"datePublished\":\"2025-12-30T09:21:04+00:00\",\"dateModified\":\"2026-04-08T10:24:52+00:00\",\"description\":\"\u0160i\u0105 LEGO kalad\u0117li\u0173 skryni\u0105 kaip ir \u017eymi\u0105sias Hogvartso mokini\u0173 skrynias vaikai gali i\u0161marginti skirting\u0173 Hogvartso brolij\u0173 spalvomis ir smagiais lipdukais, kad jos priklausyt\u0173 asmeni\u0161kai jiems.\",\"breadcrumb\":{\"@id\":\"https:\/\/collectin.eu\/produktas\/lego-76399-hogvartso-paslaptingoji-skrynia\/#breadcrumb\"},\"inLanguage\":\"en-US\",\"potentialAction\":[{\"@type\":\"ReadAction\",\"target\":[\"https:\/\/collectin.eu\/produktas\/lego-76399-hogvartso-paslaptingoji-skrynia\/\"]}]},{\"@type\":\"ImageObject\",\"inLanguage\":\"en-US\",\"@id\":\"https:\/\/collectin.eu\/produktas\/lego-76399-hogvartso-paslaptingoji-skrynia\/#primaryimage\",\"url\":\"https:\/\/collectin.eu\/wp-content\/uploads\/2025\/12\/Untitled-design-2025-12-30T111711.871.png\",\"contentUrl\":\"https:\/\/collectin.eu\/wp-content\/uploads\/2025\/12\/Untitled-design-2025-12-30T111711.871.png\",\"width\":1080,\"height\":1080},{\"@type\":\"BreadcrumbList\",\"@id\":\"https:\/\/collectin.eu\/produktas\/lego-76399-hogvartso-paslaptingoji-skrynia\/#breadcrumb\",\"itemListElement\":[{\"@type\":\"ListItem\",\"position\":1,\"name\":\"Home\",\"item\":\"https:\/\/collectin.eu\/\"},{\"@type\":\"ListItem\",\"position\":2,\"name\":\"Parduotuv\u0117\",\"item\":\"https:\/\/collectin.eu\/parduotuve\/\"},{\"@type\":\"ListItem\",\"position\":3,\"name\":\"LEGO\u00ae 76399 Hogwarts Magical Trunk\"}]},{\"@type\":\"WebSite\",\"@id\":\"https:\/\/collectin.eu\/#website\",\"url\":\"https:\/\/collectin.eu\/\",\"name\":\"Collectin.eu\",\"description\":\"\",\"potentialAction\":[{\"@type\":\"SearchAction\",\"target\":{\"@type\":\"EntryPoint\",\"urlTemplate\":\"https:\/\/collectin.eu\/?s={search_term_string}\"},\"query-input\":{\"@type\":\"PropertyValueSpecification\",\"valueRequired\":true,\"valueName\":\"search_term_string\"}}],\"inLanguage\":\"en-US\"}]}<\/script>\n<!-- \/ Yoast SEO plugin. -->","yoast_head_json":{"title":"LEGO\u00ae 76399 Hogwarts Magical Trunk - Collectin.eu","description":"\u0160i\u0105 LEGO kalad\u0117li\u0173 skryni\u0105 kaip ir \u017eymi\u0105sias Hogvartso mokini\u0173 skrynias vaikai gali i\u0161marginti skirting\u0173 Hogvartso brolij\u0173 spalvomis ir smagiais lipdukais, kad jos priklausyt\u0173 asmeni\u0161kai jiems.","robots":{"index":"index","follow":"follow","max-snippet":"max-snippet:-1","max-image-preview":"max-image-preview:large","max-video-preview":"max-video-preview:-1"},"canonical":"https:\/\/collectin.eu\/en\/product\/lego-76399-hogvartso-paslaptingoji-skrynia\/","og_locale":"en_US","og_type":"article","og_title":"LEGO\u00ae 76399 Hogwarts Magical Trunk - Collectin.eu","og_description":"\u0160i\u0105 LEGO kalad\u0117li\u0173 skryni\u0105 kaip ir \u017eymi\u0105sias Hogvartso mokini\u0173 skrynias vaikai gali i\u0161marginti skirting\u0173 Hogvartso brolij\u0173 spalvomis ir smagiais lipdukais, kad jos priklausyt\u0173 asmeni\u0161kai jiems.","og_url":"https:\/\/collectin.eu\/en\/product\/lego-76399-hogvartso-paslaptingoji-skrynia\/","og_site_name":"Collectin.eu","article_modified_time":"2026-04-08T10:24:52+00:00","og_image":[{"width":1080,"height":1080,"url":"http:\/\/collectin.eu\/wp-content\/uploads\/2025\/12\/Untitled-design-2025-12-30T111711.871.png","type":"image\/png"}],"twitter_card":"summary_large_image","twitter_misc":{"Est. reading time":"2 minutes"},"schema":{"@context":"https:\/\/schema.org","@graph":[{"@type":"WebPage","@id":"https:\/\/collectin.eu\/produktas\/lego-76399-hogvartso-paslaptingoji-skrynia\/","url":"https:\/\/collectin.eu\/produktas\/lego-76399-hogvartso-paslaptingoji-skrynia\/","name":"LEGO\u00ae 76399 Hogwarts Magical Trunk - Collectin.eu","isPartOf":{"@id":"https:\/\/collectin.eu\/#website"},"primaryImageOfPage":{"@id":"https:\/\/collectin.eu\/produktas\/lego-76399-hogvartso-paslaptingoji-skrynia\/#primaryimage"},"image":{"@id":"https:\/\/collectin.eu\/produktas\/lego-76399-hogvartso-paslaptingoji-skrynia\/#primaryimage"},"thumbnailUrl":"https:\/\/collectin.eu\/wp-content\/uploads\/2025\/12\/Untitled-design-2025-12-30T111711.871.png","datePublished":"2025-12-30T09:21:04+00:00","dateModified":"2026-04-08T10:24:52+00:00","description":"\u0160i\u0105 LEGO kalad\u0117li\u0173 skryni\u0105 kaip ir \u017eymi\u0105sias Hogvartso mokini\u0173 skrynias vaikai gali i\u0161marginti skirting\u0173 Hogvartso brolij\u0173 spalvomis ir smagiais lipdukais, kad jos priklausyt\u0173 asmeni\u0161kai jiems.","breadcrumb":{"@id":"https:\/\/collectin.eu\/produktas\/lego-76399-hogvartso-paslaptingoji-skrynia\/#breadcrumb"},"inLanguage":"en-US","potentialAction":[{"@type":"ReadAction","target":["https:\/\/collectin.eu\/produktas\/lego-76399-hogvartso-paslaptingoji-skrynia\/"]}]},{"@type":"ImageObject","inLanguage":"en-US","@id":"https:\/\/collectin.eu\/produktas\/lego-76399-hogvartso-paslaptingoji-skrynia\/#primaryimage","url":"https:\/\/collectin.eu\/wp-content\/uploads\/2025\/12\/Untitled-design-2025-12-30T111711.871.png","contentUrl":"https:\/\/collectin.eu\/wp-content\/uploads\/2025\/12\/Untitled-design-2025-12-30T111711.871.png","width":1080,"height":1080},{"@type":"BreadcrumbList","@id":"https:\/\/collectin.eu\/produktas\/lego-76399-hogvartso-paslaptingoji-skrynia\/#breadcrumb","itemListElement":[{"@type":"ListItem","position":1,"name":"Home","item":"https:\/\/collectin.eu\/"},{"@type":"ListItem","position":2,"name":"Parduotuv\u0117","item":"https:\/\/collectin.eu\/parduotuve\/"},{"@type":"ListItem","position":3,"name":"LEGO\u00ae 76399 Hogwarts Magical Trunk"}]},{"@type":"WebSite","@id":"https:\/\/collectin.eu\/#website","url":"https:\/\/collectin.eu\/","name":"Collectin.eu","description":"","potentialAction":[{"@type":"SearchAction","target":{"@type":"EntryPoint","urlTemplate":"https:\/\/collectin.eu\/?s={search_term_string}"},"query-input":{"@type":"PropertyValueSpecification","valueRequired":true,"valueName":"search_term_string"}}],"inLanguage":"en-US"}]}},"jetpack_sharing_enabled":true,"_links":{"self":[{"href":"https:\/\/collectin.eu\/en\/wp-json\/wp\/v2\/product\/38863","targetHints":{"allow":["GET"]}}],"collection":[{"href":"https:\/\/collectin.eu\/en\/wp-json\/wp\/v2\/product"}],"about":[{"href":"https:\/\/collectin.eu\/en\/wp-json\/wp\/v2\/types\/product"}],"replies":[{"embeddable":true,"href":"https:\/\/collectin.eu\/en\/wp-json\/wp\/v2\/comments?post=38863"}],"version-history":[{"count":2,"href":"https:\/\/collectin.eu\/en\/wp-json\/wp\/v2\/product\/38863\/revisions"}],"predecessor-version":[{"id":40378,"href":"https:\/\/collectin.eu\/en\/wp-json\/wp\/v2\/product\/38863\/revisions\/40378"}],"wp:featuredmedia":[{"embeddable":true,"href":"https:\/\/collectin.eu\/en\/wp-json\/wp\/v2\/media\/38864"}],"wp:attachment":[{"href":"https:\/\/collectin.eu\/en\/wp-json\/wp\/v2\/media?parent=38863"}],"wp:term":[{"taxonomy":"product_brand","embeddable":true,"href":"https:\/\/collectin.eu\/en\/wp-json\/wp\/v2\/product_brand?post=38863"},{"taxonomy":"product_cat","embeddable":true,"href":"https:\/\/collectin.eu\/en\/wp-json\/wp\/v2\/product_cat?post=38863"},{"taxonomy":"product_tag","embeddable":true,"href":"https:\/\/collectin.eu\/en\/wp-json\/wp\/v2\/product_tag?post=38863"}],"curies":[{"name":"wp","href":"https:\/\/api.w.org\/{rel}","templated":true}]}}