{"id":38868,"date":"2025-12-30T09:26:53","date_gmt":"2025-12-30T09:26:53","guid":{"rendered":"https:\/\/collectin.eu\/?post_type=product&#038;p=38868"},"modified":"2026-04-08T10:24:52","modified_gmt":"2026-04-08T10:24:52","slug":"lego-40478-mini-disney-pilis","status":"publish","type":"product","link":"https:\/\/collectin.eu\/en\/product\/lego-40478-mini-disney-pilis\/","title":{"rendered":"LEGO\u00ae 40478 Mini Disney Castle"},"content":{"rendered":"<p>\u0160v\u0119skite Walt Disney World\u00ae atrakcion\u0173 parko 50-met\u012f su \u0161iuo LEGO\u00ae \u01c0 Disney Mini Disney pilies (40478) rinkiniu! \u012e\u017eymiojo Disney Magic Kingdom\u00ae parko gerb\u0117jai gali atkurti legendin\u0119 Walt Disney World\u00ae atrakcion\u0173 parko Pelen\u0117s pil\u012f su perlamutrin\u0117mis auksin\u0117mis bok\u0161t\u0173 vir\u0161\u016bn\u0117mis, skaidriais melsvais stogo smaigais ir senovine Peliuko Mikio fig\u016br\u0117le. \u0160is unikalus kolekcinis modelis taps tobula gimtadienio arba kit\u0173 \u0161ven\u010di\u0173 dovana.<\/p>\n<ul>\n<li>Bet kokio am\u017eiaus Disney gerb\u0117jams patiks \u0161i daili i\u0161kiliojo Walt Disney World\u00ae atrakcion\u0173 parko Pelen\u0117s pilies miniati\u016bra i\u0161 Disney Magic Kingdom\u00ae parko Floridoje ir senovin\u0117 Peliuko Mikio fig\u016br\u0117l\u0117.<\/li>\n<li>\u0160is 567 dali\u0173 konstruojamas rinkinys taps puikia dovana vaikams nuo 12 met\u0173 am\u017eiaus ir unikaliu priedu bet kuriai Disney kolekcijai.<\/li>\n<li>21 cm auk\u0161\u010dio, 14 cm plo\u010dio ir 13 cm gylio LEGO\u00ae \u01c0 Disney Mini Disney pilis taps \u012fsp\u016bdinga puo\u0161mena ant \u017eidinio atbrailos arba nam\u0173 ar biuro lentynos.<\/li>\n<\/ul>","protected":false},"excerpt":{"rendered":"<p>\u0160v\u0119skite Walt Disney World\u00ae atrakcion\u0173 parko 50-met\u012f su \u0161iuo LEGO\u00ae \u01c0 Disney Mini Disney pilies (40478) rinkiniu! \u012e\u017eymiojo Disney Magic<\/p>","protected":false},"featured_media":38869,"comment_status":"open","ping_status":"closed","template":"","meta":[],"product_brand":[423],"product_cat":[677,406,494],"product_tag":[],"class_list":{"0":"post-38868","1":"product","2":"type-product","3":"status-publish","4":"has-post-thumbnail","6":"product_brand-lego","7":"product_cat-lego-konstruktoriai","8":"product_cat-lego","9":"product_cat-lego-disney","11":"first","12":"instock","13":"taxable","14":"shipping-taxable","15":"purchasable","16":"product-type-simple"},"yoast_head":"<!-- This site is optimized with the Yoast SEO plugin v25.9 - https:\/\/yoast.com\/wordpress\/plugins\/seo\/ -->\n<title>LEGO\u00ae 40478 Mini Disney Castle - Collectin.eu<\/title>\n<meta name=\"description\" content=\"\u0160v\u0119skite Walt Disney World\u00ae atrakcion\u0173 parko 50-met\u012f su \u0161iuo LEGO\u00ae \u01c0 Disney Mini Disney pilies (40478) rinkiniu!\" \/>\n<meta name=\"robots\" content=\"index, follow, max-snippet:-1, max-image-preview:large, max-video-preview:-1\" \/>\n<link rel=\"canonical\" href=\"https:\/\/collectin.eu\/en\/product\/lego-40478-mini-disney-pilis\/\" \/>\n<meta property=\"og:locale\" content=\"en_US\" \/>\n<meta property=\"og:type\" content=\"article\" \/>\n<meta property=\"og:title\" content=\"LEGO\u00ae 40478 Mini Disney Castle - Collectin.eu\" \/>\n<meta property=\"og:description\" content=\"\u0160v\u0119skite Walt Disney World\u00ae atrakcion\u0173 parko 50-met\u012f su \u0161iuo LEGO\u00ae \u01c0 Disney Mini Disney pilies (40478) rinkiniu!\" \/>\n<meta property=\"og:url\" content=\"https:\/\/collectin.eu\/en\/product\/lego-40478-mini-disney-pilis\/\" \/>\n<meta property=\"og:site_name\" content=\"Collectin.eu\" \/>\n<meta property=\"article:modified_time\" content=\"2026-04-08T10:24:52+00:00\" \/>\n<meta property=\"og:image\" content=\"http:\/\/collectin.eu\/wp-content\/uploads\/2025\/12\/Untitled-design-2025-12-30T112344.481.png\" \/>\n\t<meta property=\"og:image:width\" content=\"1080\" \/>\n\t<meta property=\"og:image:height\" content=\"1080\" \/>\n\t<meta property=\"og:image:type\" content=\"image\/png\" \/>\n<meta name=\"twitter:card\" content=\"summary_large_image\" \/>\n<meta name=\"twitter:label1\" content=\"Est. reading time\" \/>\n\t<meta name=\"twitter:data1\" content=\"1 minute\" \/>\n<script type=\"application\/ld+json\" class=\"yoast-schema-graph\">{\"@context\":\"https:\/\/schema.org\",\"@graph\":[{\"@type\":\"WebPage\",\"@id\":\"https:\/\/collectin.eu\/produktas\/lego-40478-mini-disney-pilis\/\",\"url\":\"https:\/\/collectin.eu\/produktas\/lego-40478-mini-disney-pilis\/\",\"name\":\"LEGO\u00ae 40478 Mini Disney Castle - Collectin.eu\",\"isPartOf\":{\"@id\":\"https:\/\/collectin.eu\/#website\"},\"primaryImageOfPage\":{\"@id\":\"https:\/\/collectin.eu\/produktas\/lego-40478-mini-disney-pilis\/#primaryimage\"},\"image\":{\"@id\":\"https:\/\/collectin.eu\/produktas\/lego-40478-mini-disney-pilis\/#primaryimage\"},\"thumbnailUrl\":\"https:\/\/collectin.eu\/wp-content\/uploads\/2025\/12\/Untitled-design-2025-12-30T112344.481.png\",\"datePublished\":\"2025-12-30T09:26:53+00:00\",\"dateModified\":\"2026-04-08T10:24:52+00:00\",\"description\":\"\u0160v\u0119skite Walt Disney World\u00ae atrakcion\u0173 parko 50-met\u012f su \u0161iuo LEGO\u00ae \u01c0 Disney Mini Disney pilies (40478) rinkiniu!\",\"breadcrumb\":{\"@id\":\"https:\/\/collectin.eu\/produktas\/lego-40478-mini-disney-pilis\/#breadcrumb\"},\"inLanguage\":\"en-US\",\"potentialAction\":[{\"@type\":\"ReadAction\",\"target\":[\"https:\/\/collectin.eu\/produktas\/lego-40478-mini-disney-pilis\/\"]}]},{\"@type\":\"ImageObject\",\"inLanguage\":\"en-US\",\"@id\":\"https:\/\/collectin.eu\/produktas\/lego-40478-mini-disney-pilis\/#primaryimage\",\"url\":\"https:\/\/collectin.eu\/wp-content\/uploads\/2025\/12\/Untitled-design-2025-12-30T112344.481.png\",\"contentUrl\":\"https:\/\/collectin.eu\/wp-content\/uploads\/2025\/12\/Untitled-design-2025-12-30T112344.481.png\",\"width\":1080,\"height\":1080},{\"@type\":\"BreadcrumbList\",\"@id\":\"https:\/\/collectin.eu\/produktas\/lego-40478-mini-disney-pilis\/#breadcrumb\",\"itemListElement\":[{\"@type\":\"ListItem\",\"position\":1,\"name\":\"Home\",\"item\":\"https:\/\/collectin.eu\/\"},{\"@type\":\"ListItem\",\"position\":2,\"name\":\"Parduotuv\u0117\",\"item\":\"https:\/\/collectin.eu\/parduotuve\/\"},{\"@type\":\"ListItem\",\"position\":3,\"name\":\"LEGO\u00ae 40478 Mini Disney Castle\"}]},{\"@type\":\"WebSite\",\"@id\":\"https:\/\/collectin.eu\/#website\",\"url\":\"https:\/\/collectin.eu\/\",\"name\":\"Collectin.eu\",\"description\":\"\",\"potentialAction\":[{\"@type\":\"SearchAction\",\"target\":{\"@type\":\"EntryPoint\",\"urlTemplate\":\"https:\/\/collectin.eu\/?s={search_term_string}\"},\"query-input\":{\"@type\":\"PropertyValueSpecification\",\"valueRequired\":true,\"valueName\":\"search_term_string\"}}],\"inLanguage\":\"en-US\"}]}<\/script>\n<!-- \/ Yoast SEO plugin. -->","yoast_head_json":{"title":"LEGO\u00ae 40478 Mini Disney Castle - Collectin.eu","description":"\u0160v\u0119skite Walt Disney World\u00ae atrakcion\u0173 parko 50-met\u012f su \u0161iuo LEGO\u00ae \u01c0 Disney Mini Disney pilies (40478) rinkiniu!","robots":{"index":"index","follow":"follow","max-snippet":"max-snippet:-1","max-image-preview":"max-image-preview:large","max-video-preview":"max-video-preview:-1"},"canonical":"https:\/\/collectin.eu\/en\/product\/lego-40478-mini-disney-pilis\/","og_locale":"en_US","og_type":"article","og_title":"LEGO\u00ae 40478 Mini Disney Castle - Collectin.eu","og_description":"\u0160v\u0119skite Walt Disney World\u00ae atrakcion\u0173 parko 50-met\u012f su \u0161iuo LEGO\u00ae \u01c0 Disney Mini Disney pilies (40478) rinkiniu!","og_url":"https:\/\/collectin.eu\/en\/product\/lego-40478-mini-disney-pilis\/","og_site_name":"Collectin.eu","article_modified_time":"2026-04-08T10:24:52+00:00","og_image":[{"width":1080,"height":1080,"url":"http:\/\/collectin.eu\/wp-content\/uploads\/2025\/12\/Untitled-design-2025-12-30T112344.481.png","type":"image\/png"}],"twitter_card":"summary_large_image","twitter_misc":{"Est. reading time":"1 minute"},"schema":{"@context":"https:\/\/schema.org","@graph":[{"@type":"WebPage","@id":"https:\/\/collectin.eu\/produktas\/lego-40478-mini-disney-pilis\/","url":"https:\/\/collectin.eu\/produktas\/lego-40478-mini-disney-pilis\/","name":"LEGO\u00ae 40478 Mini Disney Castle - Collectin.eu","isPartOf":{"@id":"https:\/\/collectin.eu\/#website"},"primaryImageOfPage":{"@id":"https:\/\/collectin.eu\/produktas\/lego-40478-mini-disney-pilis\/#primaryimage"},"image":{"@id":"https:\/\/collectin.eu\/produktas\/lego-40478-mini-disney-pilis\/#primaryimage"},"thumbnailUrl":"https:\/\/collectin.eu\/wp-content\/uploads\/2025\/12\/Untitled-design-2025-12-30T112344.481.png","datePublished":"2025-12-30T09:26:53+00:00","dateModified":"2026-04-08T10:24:52+00:00","description":"\u0160v\u0119skite Walt Disney World\u00ae atrakcion\u0173 parko 50-met\u012f su \u0161iuo LEGO\u00ae \u01c0 Disney Mini Disney pilies (40478) rinkiniu!","breadcrumb":{"@id":"https:\/\/collectin.eu\/produktas\/lego-40478-mini-disney-pilis\/#breadcrumb"},"inLanguage":"en-US","potentialAction":[{"@type":"ReadAction","target":["https:\/\/collectin.eu\/produktas\/lego-40478-mini-disney-pilis\/"]}]},{"@type":"ImageObject","inLanguage":"en-US","@id":"https:\/\/collectin.eu\/produktas\/lego-40478-mini-disney-pilis\/#primaryimage","url":"https:\/\/collectin.eu\/wp-content\/uploads\/2025\/12\/Untitled-design-2025-12-30T112344.481.png","contentUrl":"https:\/\/collectin.eu\/wp-content\/uploads\/2025\/12\/Untitled-design-2025-12-30T112344.481.png","width":1080,"height":1080},{"@type":"BreadcrumbList","@id":"https:\/\/collectin.eu\/produktas\/lego-40478-mini-disney-pilis\/#breadcrumb","itemListElement":[{"@type":"ListItem","position":1,"name":"Home","item":"https:\/\/collectin.eu\/"},{"@type":"ListItem","position":2,"name":"Parduotuv\u0117","item":"https:\/\/collectin.eu\/parduotuve\/"},{"@type":"ListItem","position":3,"name":"LEGO\u00ae 40478 Mini Disney Castle"}]},{"@type":"WebSite","@id":"https:\/\/collectin.eu\/#website","url":"https:\/\/collectin.eu\/","name":"Collectin.eu","description":"","potentialAction":[{"@type":"SearchAction","target":{"@type":"EntryPoint","urlTemplate":"https:\/\/collectin.eu\/?s={search_term_string}"},"query-input":{"@type":"PropertyValueSpecification","valueRequired":true,"valueName":"search_term_string"}}],"inLanguage":"en-US"}]}},"jetpack_sharing_enabled":true,"_links":{"self":[{"href":"https:\/\/collectin.eu\/en\/wp-json\/wp\/v2\/product\/38868","targetHints":{"allow":["GET"]}}],"collection":[{"href":"https:\/\/collectin.eu\/en\/wp-json\/wp\/v2\/product"}],"about":[{"href":"https:\/\/collectin.eu\/en\/wp-json\/wp\/v2\/types\/product"}],"replies":[{"embeddable":true,"href":"https:\/\/collectin.eu\/en\/wp-json\/wp\/v2\/comments?post=38868"}],"version-history":[{"count":2,"href":"https:\/\/collectin.eu\/en\/wp-json\/wp\/v2\/product\/38868\/revisions"}],"predecessor-version":[{"id":40377,"href":"https:\/\/collectin.eu\/en\/wp-json\/wp\/v2\/product\/38868\/revisions\/40377"}],"wp:featuredmedia":[{"embeddable":true,"href":"https:\/\/collectin.eu\/en\/wp-json\/wp\/v2\/media\/38869"}],"wp:attachment":[{"href":"https:\/\/collectin.eu\/en\/wp-json\/wp\/v2\/media?parent=38868"}],"wp:term":[{"taxonomy":"product_brand","embeddable":true,"href":"https:\/\/collectin.eu\/en\/wp-json\/wp\/v2\/product_brand?post=38868"},{"taxonomy":"product_cat","embeddable":true,"href":"https:\/\/collectin.eu\/en\/wp-json\/wp\/v2\/product_cat?post=38868"},{"taxonomy":"product_tag","embeddable":true,"href":"https:\/\/collectin.eu\/en\/wp-json\/wp\/v2\/product_tag?post=38868"}],"curies":[{"name":"wp","href":"https:\/\/api.w.org\/{rel}","templated":true}]}}