{"id":38879,"date":"2025-12-30T09:40:10","date_gmt":"2025-12-30T09:40:10","guid":{"rendered":"https:\/\/collectin.eu\/?post_type=product&#038;p=38879"},"modified":"2026-04-08T10:24:30","modified_gmt":"2026-04-08T10:24:30","slug":"lego-21345-fotoaparatas-polaroid-onestep-sx-70","status":"publish","type":"product","link":"https:\/\/collectin.eu\/en\/product\/lego-21345-fotoaparatas-polaroid-onestep-sx-70\/","title":{"rendered":"LEGO\u00ae 21345 Polaroid OneStep SX-70 Camera"},"content":{"rendered":"<p>D\u0117\u017eut\u0117je ir program\u0117l\u0117je \u201eLEGO Builder\u201c rasite instrukcijas, kurios pad\u0117s kiekviename prasmingos k\u016brybinio konstravimo kelion\u0117s \u017eingsnyje. \u0160is \u201eLEGO\u00ae Ideas\u201c modelis yra i\u0161 kruop\u0161\u010diai atrinkt\u0173, auk\u0161\u010diausios kokyb\u0117s LEGO rinkini\u0173 suaugusiesiems kolekcijos. Kad ir kokie b\u016bt\u0173 j\u016bs\u0173 pom\u0117giai, \u0161is konstravimo projektas laukia j\u016bs\u0173.<\/p>\n<ul>\n<li>Tai kolekcinis LEGO\u00ae rinkinys, tapsiantis smagia nostalgi\u0161ka dovana fotografams. Sukurkite nuosav\u0105 legendinio \u201ePolaroid\u201c fotoaparato \u201eOneStep SX-70\u201c kopij\u0105 (21345) su \u0161iuo LEGO konstravimo rinkiniu suaugusiesiems<\/li>\n<li>Dovana fotoaparat\u0173 gerb\u0117jams. Dizaino detal\u0117s apima vaizdo ie\u0161kikl\u012f, spalv\u0173 spektr\u0105, ekspozicijos kompensavimo ratuk\u0105 ir lipdukus su u\u017era\u0161ais \u201ePolaroid Land Camera\u201c, \u201eOneStep\u201c ir \u201e1000\u201c<\/li>\n<li>Konstruojama juostos \u201eTime-Zero Supercolor SX-70 Land Film\u201c pakuot\u0117. Joje yra 3 iliustruotos \u201enuotraukos\u201c: \u201ePolaroid\u201c i\u0161rad\u0117jo Edwin H. Land, LEGO\u00ae namo ir gerb\u0117jo dizainerio sesers, \u012fkv\u0117pusios \u0161\u012f k\u016brin\u012f<\/li>\n<\/ul>","protected":false},"excerpt":{"rendered":"<p>D\u0117\u017eut\u0117je ir program\u0117l\u0117je \u201eLEGO Builder\u201c rasite instrukcijas, kurios pad\u0117s kiekviename prasmingos k\u016brybinio konstravimo kelion\u0117s \u017eingsnyje. \u0160is \u201eLEGO\u00ae Ideas\u201c modelis yra<\/p>","protected":false},"featured_media":38880,"comment_status":"open","ping_status":"closed","template":"","meta":[],"product_brand":[423],"product_cat":[677,406,522],"product_tag":[],"class_list":{"0":"post-38879","1":"product","2":"type-product","3":"status-publish","4":"has-post-thumbnail","6":"product_brand-lego","7":"product_cat-lego-konstruktoriai","8":"product_cat-lego","9":"product_cat-lego-ideas","11":"first","12":"instock","13":"taxable","14":"shipping-taxable","15":"purchasable","16":"product-type-simple"},"yoast_head":"<!-- This site is optimized with the Yoast SEO plugin v25.9 - https:\/\/yoast.com\/wordpress\/plugins\/seo\/ -->\n<title>LEGO\u00ae 21345 Polaroid OneStep SX-70 Camera - Collectin.eu<\/title>\n<meta name=\"description\" content=\"M\u0117gaukit\u0117s turiningu laisvalaikiu \u012fk\u016bnydami legendines detales, tokias kaip vaizdo ie\u0161kiklis, spektro b\u016bsenos juosta ir \u0161viesos jautrumo skal\u0117, ir priklijuokite lipdukus su autenti\u0161kais pie\u0161iniais.\" \/>\n<meta name=\"robots\" content=\"index, follow, max-snippet:-1, max-image-preview:large, max-video-preview:-1\" \/>\n<link rel=\"canonical\" href=\"https:\/\/collectin.eu\/en\/product\/lego-21345-fotoaparatas-polaroid-onestep-sx-70\/\" \/>\n<meta property=\"og:locale\" content=\"en_US\" \/>\n<meta property=\"og:type\" content=\"article\" \/>\n<meta property=\"og:title\" content=\"LEGO\u00ae 21345 Polaroid OneStep SX-70 Camera - Collectin.eu\" \/>\n<meta property=\"og:description\" content=\"M\u0117gaukit\u0117s turiningu laisvalaikiu \u012fk\u016bnydami legendines detales, tokias kaip vaizdo ie\u0161kiklis, spektro b\u016bsenos juosta ir \u0161viesos jautrumo skal\u0117, ir priklijuokite lipdukus su autenti\u0161kais pie\u0161iniais.\" \/>\n<meta property=\"og:url\" content=\"https:\/\/collectin.eu\/en\/product\/lego-21345-fotoaparatas-polaroid-onestep-sx-70\/\" \/>\n<meta property=\"og:site_name\" content=\"Collectin.eu\" \/>\n<meta property=\"article:modified_time\" content=\"2026-04-08T10:24:30+00:00\" \/>\n<meta property=\"og:image\" content=\"http:\/\/collectin.eu\/wp-content\/uploads\/2025\/12\/Untitled-design-2025-12-30T113654.009.png\" \/>\n\t<meta property=\"og:image:width\" content=\"1080\" \/>\n\t<meta property=\"og:image:height\" content=\"1080\" \/>\n\t<meta property=\"og:image:type\" content=\"image\/png\" \/>\n<meta name=\"twitter:card\" content=\"summary_large_image\" \/>\n<meta name=\"twitter:label1\" content=\"Est. reading time\" \/>\n\t<meta name=\"twitter:data1\" content=\"1 minute\" \/>\n<script type=\"application\/ld+json\" class=\"yoast-schema-graph\">{\"@context\":\"https:\/\/schema.org\",\"@graph\":[{\"@type\":\"WebPage\",\"@id\":\"https:\/\/collectin.eu\/produktas\/lego-21345-fotoaparatas-polaroid-onestep-sx-70\/\",\"url\":\"https:\/\/collectin.eu\/produktas\/lego-21345-fotoaparatas-polaroid-onestep-sx-70\/\",\"name\":\"LEGO\u00ae 21345 Polaroid OneStep SX-70 Camera - Collectin.eu\",\"isPartOf\":{\"@id\":\"https:\/\/collectin.eu\/#website\"},\"primaryImageOfPage\":{\"@id\":\"https:\/\/collectin.eu\/produktas\/lego-21345-fotoaparatas-polaroid-onestep-sx-70\/#primaryimage\"},\"image\":{\"@id\":\"https:\/\/collectin.eu\/produktas\/lego-21345-fotoaparatas-polaroid-onestep-sx-70\/#primaryimage\"},\"thumbnailUrl\":\"https:\/\/collectin.eu\/wp-content\/uploads\/2025\/12\/Untitled-design-2025-12-30T113654.009.png\",\"datePublished\":\"2025-12-30T09:40:10+00:00\",\"dateModified\":\"2026-04-08T10:24:30+00:00\",\"description\":\"M\u0117gaukit\u0117s turiningu laisvalaikiu \u012fk\u016bnydami legendines detales, tokias kaip vaizdo ie\u0161kiklis, spektro b\u016bsenos juosta ir \u0161viesos jautrumo skal\u0117, ir priklijuokite lipdukus su autenti\u0161kais pie\u0161iniais.\",\"breadcrumb\":{\"@id\":\"https:\/\/collectin.eu\/produktas\/lego-21345-fotoaparatas-polaroid-onestep-sx-70\/#breadcrumb\"},\"inLanguage\":\"en-US\",\"potentialAction\":[{\"@type\":\"ReadAction\",\"target\":[\"https:\/\/collectin.eu\/produktas\/lego-21345-fotoaparatas-polaroid-onestep-sx-70\/\"]}]},{\"@type\":\"ImageObject\",\"inLanguage\":\"en-US\",\"@id\":\"https:\/\/collectin.eu\/produktas\/lego-21345-fotoaparatas-polaroid-onestep-sx-70\/#primaryimage\",\"url\":\"https:\/\/collectin.eu\/wp-content\/uploads\/2025\/12\/Untitled-design-2025-12-30T113654.009.png\",\"contentUrl\":\"https:\/\/collectin.eu\/wp-content\/uploads\/2025\/12\/Untitled-design-2025-12-30T113654.009.png\",\"width\":1080,\"height\":1080},{\"@type\":\"BreadcrumbList\",\"@id\":\"https:\/\/collectin.eu\/produktas\/lego-21345-fotoaparatas-polaroid-onestep-sx-70\/#breadcrumb\",\"itemListElement\":[{\"@type\":\"ListItem\",\"position\":1,\"name\":\"Home\",\"item\":\"https:\/\/collectin.eu\/\"},{\"@type\":\"ListItem\",\"position\":2,\"name\":\"Parduotuv\u0117\",\"item\":\"https:\/\/collectin.eu\/parduotuve\/\"},{\"@type\":\"ListItem\",\"position\":3,\"name\":\"LEGO\u00ae 21345 Polaroid OneStep SX-70 Camera\"}]},{\"@type\":\"WebSite\",\"@id\":\"https:\/\/collectin.eu\/#website\",\"url\":\"https:\/\/collectin.eu\/\",\"name\":\"Collectin.eu\",\"description\":\"\",\"potentialAction\":[{\"@type\":\"SearchAction\",\"target\":{\"@type\":\"EntryPoint\",\"urlTemplate\":\"https:\/\/collectin.eu\/?s={search_term_string}\"},\"query-input\":{\"@type\":\"PropertyValueSpecification\",\"valueRequired\":true,\"valueName\":\"search_term_string\"}}],\"inLanguage\":\"en-US\"}]}<\/script>\n<!-- \/ Yoast SEO plugin. -->","yoast_head_json":{"title":"LEGO\u00ae 21345 Polaroid OneStep SX-70 Camera - Collectin.eu","description":"M\u0117gaukit\u0117s turiningu laisvalaikiu \u012fk\u016bnydami legendines detales, tokias kaip vaizdo ie\u0161kiklis, spektro b\u016bsenos juosta ir \u0161viesos jautrumo skal\u0117, ir priklijuokite lipdukus su autenti\u0161kais pie\u0161iniais.","robots":{"index":"index","follow":"follow","max-snippet":"max-snippet:-1","max-image-preview":"max-image-preview:large","max-video-preview":"max-video-preview:-1"},"canonical":"https:\/\/collectin.eu\/en\/product\/lego-21345-fotoaparatas-polaroid-onestep-sx-70\/","og_locale":"en_US","og_type":"article","og_title":"LEGO\u00ae 21345 Polaroid OneStep SX-70 Camera - Collectin.eu","og_description":"M\u0117gaukit\u0117s turiningu laisvalaikiu \u012fk\u016bnydami legendines detales, tokias kaip vaizdo ie\u0161kiklis, spektro b\u016bsenos juosta ir \u0161viesos jautrumo skal\u0117, ir priklijuokite lipdukus su autenti\u0161kais pie\u0161iniais.","og_url":"https:\/\/collectin.eu\/en\/product\/lego-21345-fotoaparatas-polaroid-onestep-sx-70\/","og_site_name":"Collectin.eu","article_modified_time":"2026-04-08T10:24:30+00:00","og_image":[{"width":1080,"height":1080,"url":"http:\/\/collectin.eu\/wp-content\/uploads\/2025\/12\/Untitled-design-2025-12-30T113654.009.png","type":"image\/png"}],"twitter_card":"summary_large_image","twitter_misc":{"Est. reading time":"1 minute"},"schema":{"@context":"https:\/\/schema.org","@graph":[{"@type":"WebPage","@id":"https:\/\/collectin.eu\/produktas\/lego-21345-fotoaparatas-polaroid-onestep-sx-70\/","url":"https:\/\/collectin.eu\/produktas\/lego-21345-fotoaparatas-polaroid-onestep-sx-70\/","name":"LEGO\u00ae 21345 Polaroid OneStep SX-70 Camera - Collectin.eu","isPartOf":{"@id":"https:\/\/collectin.eu\/#website"},"primaryImageOfPage":{"@id":"https:\/\/collectin.eu\/produktas\/lego-21345-fotoaparatas-polaroid-onestep-sx-70\/#primaryimage"},"image":{"@id":"https:\/\/collectin.eu\/produktas\/lego-21345-fotoaparatas-polaroid-onestep-sx-70\/#primaryimage"},"thumbnailUrl":"https:\/\/collectin.eu\/wp-content\/uploads\/2025\/12\/Untitled-design-2025-12-30T113654.009.png","datePublished":"2025-12-30T09:40:10+00:00","dateModified":"2026-04-08T10:24:30+00:00","description":"M\u0117gaukit\u0117s turiningu laisvalaikiu \u012fk\u016bnydami legendines detales, tokias kaip vaizdo ie\u0161kiklis, spektro b\u016bsenos juosta ir \u0161viesos jautrumo skal\u0117, ir priklijuokite lipdukus su autenti\u0161kais pie\u0161iniais.","breadcrumb":{"@id":"https:\/\/collectin.eu\/produktas\/lego-21345-fotoaparatas-polaroid-onestep-sx-70\/#breadcrumb"},"inLanguage":"en-US","potentialAction":[{"@type":"ReadAction","target":["https:\/\/collectin.eu\/produktas\/lego-21345-fotoaparatas-polaroid-onestep-sx-70\/"]}]},{"@type":"ImageObject","inLanguage":"en-US","@id":"https:\/\/collectin.eu\/produktas\/lego-21345-fotoaparatas-polaroid-onestep-sx-70\/#primaryimage","url":"https:\/\/collectin.eu\/wp-content\/uploads\/2025\/12\/Untitled-design-2025-12-30T113654.009.png","contentUrl":"https:\/\/collectin.eu\/wp-content\/uploads\/2025\/12\/Untitled-design-2025-12-30T113654.009.png","width":1080,"height":1080},{"@type":"BreadcrumbList","@id":"https:\/\/collectin.eu\/produktas\/lego-21345-fotoaparatas-polaroid-onestep-sx-70\/#breadcrumb","itemListElement":[{"@type":"ListItem","position":1,"name":"Home","item":"https:\/\/collectin.eu\/"},{"@type":"ListItem","position":2,"name":"Parduotuv\u0117","item":"https:\/\/collectin.eu\/parduotuve\/"},{"@type":"ListItem","position":3,"name":"LEGO\u00ae 21345 Polaroid OneStep SX-70 Camera"}]},{"@type":"WebSite","@id":"https:\/\/collectin.eu\/#website","url":"https:\/\/collectin.eu\/","name":"Collectin.eu","description":"","potentialAction":[{"@type":"SearchAction","target":{"@type":"EntryPoint","urlTemplate":"https:\/\/collectin.eu\/?s={search_term_string}"},"query-input":{"@type":"PropertyValueSpecification","valueRequired":true,"valueName":"search_term_string"}}],"inLanguage":"en-US"}]}},"jetpack_sharing_enabled":true,"_links":{"self":[{"href":"https:\/\/collectin.eu\/en\/wp-json\/wp\/v2\/product\/38879","targetHints":{"allow":["GET"]}}],"collection":[{"href":"https:\/\/collectin.eu\/en\/wp-json\/wp\/v2\/product"}],"about":[{"href":"https:\/\/collectin.eu\/en\/wp-json\/wp\/v2\/types\/product"}],"replies":[{"embeddable":true,"href":"https:\/\/collectin.eu\/en\/wp-json\/wp\/v2\/comments?post=38879"}],"version-history":[{"count":3,"href":"https:\/\/collectin.eu\/en\/wp-json\/wp\/v2\/product\/38879\/revisions"}],"predecessor-version":[{"id":40374,"href":"https:\/\/collectin.eu\/en\/wp-json\/wp\/v2\/product\/38879\/revisions\/40374"}],"wp:featuredmedia":[{"embeddable":true,"href":"https:\/\/collectin.eu\/en\/wp-json\/wp\/v2\/media\/38880"}],"wp:attachment":[{"href":"https:\/\/collectin.eu\/en\/wp-json\/wp\/v2\/media?parent=38879"}],"wp:term":[{"taxonomy":"product_brand","embeddable":true,"href":"https:\/\/collectin.eu\/en\/wp-json\/wp\/v2\/product_brand?post=38879"},{"taxonomy":"product_cat","embeddable":true,"href":"https:\/\/collectin.eu\/en\/wp-json\/wp\/v2\/product_cat?post=38879"},{"taxonomy":"product_tag","embeddable":true,"href":"https:\/\/collectin.eu\/en\/wp-json\/wp\/v2\/product_tag?post=38879"}],"curies":[{"name":"wp","href":"https:\/\/api.w.org\/{rel}","templated":true}]}}