{"id":38890,"date":"2025-12-30T10:21:01","date_gmt":"2025-12-30T10:21:01","guid":{"rendered":"https:\/\/collectin.eu\/?post_type=product&#038;p=38890"},"modified":"2026-04-08T10:24:29","modified_gmt":"2026-04-08T10:24:29","slug":"lego-10330-mclaren-mp4-4-ir-ayrton-senna","status":"publish","type":"product","link":"https:\/\/collectin.eu\/en\/product\/lego-10330-mclaren-mp4-4-ir-ayrton-senna\/","title":{"rendered":"LEGO\u00ae 10330 McLaren MP4\/4 &#038; Ayrton Senna"},"content":{"rendered":"<p>Raskite erdv\u0119 poilsiui su specialiai suaugusiesiems sukurtais \u012fkvepian\u010diais konstravimo rinkiniais. Program\u0117l\u0117je \u201eLEGO Builder\u201c yra \u0161io rinkinio konstravimo instrukcij\u0173 skaitmenin\u0117 versija.<\/p>\n<ul>\n<li>Kolekcinis lenktyninis automobilis suaugusiesiems \u2013 \u201eLEGO\u00ae Icons\u201c modelio konstravimo projektas \u201eMcLaren MP4\/4 ir Ayrton Senna\u201c skirtas automobili\u0173 sporto ir kultini\u0173 automobili\u0173 gerb\u0117jams<\/li>\n<li>Kas d\u0117\u017e\u0117je? K\u016brybi\u0161kame konstravimo rinkinyje yra viskas, ko reikia suma\u017eintai \u201eMcLaren MP4\/4\u201c kopijai sukurti, ir eksponavimo stovai lenktyniniam automobiliui bei Ayrtono Sennos fig\u016br\u0117lei<\/li>\n<li>Savyb\u0117s ir funkcijos. \u0160i \u201eLEGO\u00ae Icons\u201c lenktyninio automobilio kopija turi veikiant\u012f vairo mechanizm\u0105, strypin\u0119 pakab\u0105, reguliuojam\u0105 galin\u012f sparn\u0105, glotnias padangas, veidrod\u0117lius, pavar\u0173 perjungimo svirt\u012f ir detal\u0173 V6 varikl\u012f su turbokompresoriumi<\/li>\n<li>Nam\u0173 ar biuro stalo puo\u0161mena. Rinkinyje yra \u201eMcLaren MP4\/4\u201c automobilio eksponavimo stovas su atspausdintais statistiniais duomenimis ir Ayrtono Sennos fig\u016br\u0117l\u0117s eksponavimo stovas su nuotrauka bei garsi\u0105ja Sennos citata.<\/li>\n<\/ul>","protected":false},"excerpt":{"rendered":"<p>Raskite erdv\u0119 poilsiui su specialiai suaugusiesiems sukurtais \u012fkvepian\u010diais konstravimo rinkiniais. Program\u0117l\u0117je \u201eLEGO Builder\u201c yra \u0161io rinkinio konstravimo instrukcij\u0173 skaitmenin\u0117 versija.<\/p>","protected":false},"featured_media":38891,"comment_status":"open","ping_status":"closed","template":"","meta":[],"product_brand":[423],"product_cat":[677,406,523],"product_tag":[],"class_list":{"0":"post-38890","1":"product","2":"type-product","3":"status-publish","4":"has-post-thumbnail","6":"product_brand-lego","7":"product_cat-lego-konstruktoriai","8":"product_cat-lego","9":"product_cat-lego-icons","11":"first","12":"instock","13":"taxable","14":"shipping-taxable","15":"purchasable","16":"product-type-simple"},"yoast_head":"<!-- This site is optimized with the Yoast SEO plugin v25.9 - https:\/\/yoast.com\/wordpress\/plugins\/seo\/ -->\n<title>LEGO\u00ae 10330 McLaren MP4\/4 &amp; Ayrton Senna - Collectin.eu<\/title>\n<meta name=\"description\" content=\"\u201eMcLaren MP4\/4\u201c automobilio kopija turi veikiant\u012f vairo mechanizm\u0105, strypin\u0119 pakab\u0105, reguliuojam\u0105 galin\u012f sparn\u0105, glotnias padangas, veidrod\u0117lius, pavar\u0173 perjungimo svirt\u012f\" \/>\n<meta name=\"robots\" content=\"index, follow, max-snippet:-1, max-image-preview:large, max-video-preview:-1\" \/>\n<link rel=\"canonical\" href=\"https:\/\/collectin.eu\/en\/product\/lego-10330-mclaren-mp4-4-ir-ayrton-senna\/\" \/>\n<meta property=\"og:locale\" content=\"en_US\" \/>\n<meta property=\"og:type\" content=\"article\" \/>\n<meta property=\"og:title\" content=\"LEGO\u00ae 10330 McLaren MP4\/4 &amp; Ayrton Senna - Collectin.eu\" \/>\n<meta property=\"og:description\" content=\"\u201eMcLaren MP4\/4\u201c automobilio kopija turi veikiant\u012f vairo mechanizm\u0105, strypin\u0119 pakab\u0105, reguliuojam\u0105 galin\u012f sparn\u0105, glotnias padangas, veidrod\u0117lius, pavar\u0173 perjungimo svirt\u012f\" \/>\n<meta property=\"og:url\" content=\"https:\/\/collectin.eu\/en\/product\/lego-10330-mclaren-mp4-4-ir-ayrton-senna\/\" \/>\n<meta property=\"og:site_name\" content=\"Collectin.eu\" \/>\n<meta property=\"article:modified_time\" content=\"2026-04-08T10:24:29+00:00\" \/>\n<meta property=\"og:image\" content=\"http:\/\/collectin.eu\/wp-content\/uploads\/2025\/12\/Untitled-design-2025-12-30T121744.091.png\" \/>\n\t<meta property=\"og:image:width\" content=\"1080\" \/>\n\t<meta property=\"og:image:height\" content=\"1080\" \/>\n\t<meta property=\"og:image:type\" content=\"image\/png\" \/>\n<meta name=\"twitter:card\" content=\"summary_large_image\" \/>\n<meta name=\"twitter:label1\" content=\"Est. reading time\" \/>\n\t<meta name=\"twitter:data1\" content=\"1 minute\" \/>\n<script type=\"application\/ld+json\" class=\"yoast-schema-graph\">{\"@context\":\"https:\/\/schema.org\",\"@graph\":[{\"@type\":\"WebPage\",\"@id\":\"https:\/\/collectin.eu\/produktas\/lego-10330-mclaren-mp4-4-ir-ayrton-senna\/\",\"url\":\"https:\/\/collectin.eu\/produktas\/lego-10330-mclaren-mp4-4-ir-ayrton-senna\/\",\"name\":\"LEGO\u00ae 10330 McLaren MP4\/4 & Ayrton Senna - Collectin.eu\",\"isPartOf\":{\"@id\":\"https:\/\/collectin.eu\/#website\"},\"primaryImageOfPage\":{\"@id\":\"https:\/\/collectin.eu\/produktas\/lego-10330-mclaren-mp4-4-ir-ayrton-senna\/#primaryimage\"},\"image\":{\"@id\":\"https:\/\/collectin.eu\/produktas\/lego-10330-mclaren-mp4-4-ir-ayrton-senna\/#primaryimage\"},\"thumbnailUrl\":\"https:\/\/collectin.eu\/wp-content\/uploads\/2025\/12\/Untitled-design-2025-12-30T121744.091.png\",\"datePublished\":\"2025-12-30T10:21:01+00:00\",\"dateModified\":\"2026-04-08T10:24:29+00:00\",\"description\":\"\u201eMcLaren MP4\/4\u201c automobilio kopija turi veikiant\u012f vairo mechanizm\u0105, strypin\u0119 pakab\u0105, reguliuojam\u0105 galin\u012f sparn\u0105, glotnias padangas, veidrod\u0117lius, pavar\u0173 perjungimo svirt\u012f\",\"breadcrumb\":{\"@id\":\"https:\/\/collectin.eu\/produktas\/lego-10330-mclaren-mp4-4-ir-ayrton-senna\/#breadcrumb\"},\"inLanguage\":\"en-US\",\"potentialAction\":[{\"@type\":\"ReadAction\",\"target\":[\"https:\/\/collectin.eu\/produktas\/lego-10330-mclaren-mp4-4-ir-ayrton-senna\/\"]}]},{\"@type\":\"ImageObject\",\"inLanguage\":\"en-US\",\"@id\":\"https:\/\/collectin.eu\/produktas\/lego-10330-mclaren-mp4-4-ir-ayrton-senna\/#primaryimage\",\"url\":\"https:\/\/collectin.eu\/wp-content\/uploads\/2025\/12\/Untitled-design-2025-12-30T121744.091.png\",\"contentUrl\":\"https:\/\/collectin.eu\/wp-content\/uploads\/2025\/12\/Untitled-design-2025-12-30T121744.091.png\",\"width\":1080,\"height\":1080},{\"@type\":\"BreadcrumbList\",\"@id\":\"https:\/\/collectin.eu\/produktas\/lego-10330-mclaren-mp4-4-ir-ayrton-senna\/#breadcrumb\",\"itemListElement\":[{\"@type\":\"ListItem\",\"position\":1,\"name\":\"Home\",\"item\":\"https:\/\/collectin.eu\/\"},{\"@type\":\"ListItem\",\"position\":2,\"name\":\"Parduotuv\u0117\",\"item\":\"https:\/\/collectin.eu\/parduotuve\/\"},{\"@type\":\"ListItem\",\"position\":3,\"name\":\"LEGO\u00ae 10330 McLaren MP4\/4 &#038; Ayrton Senna\"}]},{\"@type\":\"WebSite\",\"@id\":\"https:\/\/collectin.eu\/#website\",\"url\":\"https:\/\/collectin.eu\/\",\"name\":\"Collectin.eu\",\"description\":\"\",\"potentialAction\":[{\"@type\":\"SearchAction\",\"target\":{\"@type\":\"EntryPoint\",\"urlTemplate\":\"https:\/\/collectin.eu\/?s={search_term_string}\"},\"query-input\":{\"@type\":\"PropertyValueSpecification\",\"valueRequired\":true,\"valueName\":\"search_term_string\"}}],\"inLanguage\":\"en-US\"}]}<\/script>\n<!-- \/ Yoast SEO plugin. -->","yoast_head_json":{"title":"LEGO\u00ae 10330 McLaren MP4\/4 & Ayrton Senna - Collectin.eu","description":"\u201eMcLaren MP4\/4\u201c automobilio kopija turi veikiant\u012f vairo mechanizm\u0105, strypin\u0119 pakab\u0105, reguliuojam\u0105 galin\u012f sparn\u0105, glotnias padangas, veidrod\u0117lius, pavar\u0173 perjungimo svirt\u012f","robots":{"index":"index","follow":"follow","max-snippet":"max-snippet:-1","max-image-preview":"max-image-preview:large","max-video-preview":"max-video-preview:-1"},"canonical":"https:\/\/collectin.eu\/en\/product\/lego-10330-mclaren-mp4-4-ir-ayrton-senna\/","og_locale":"en_US","og_type":"article","og_title":"LEGO\u00ae 10330 McLaren MP4\/4 & Ayrton Senna - Collectin.eu","og_description":"\u201eMcLaren MP4\/4\u201c automobilio kopija turi veikiant\u012f vairo mechanizm\u0105, strypin\u0119 pakab\u0105, reguliuojam\u0105 galin\u012f sparn\u0105, glotnias padangas, veidrod\u0117lius, pavar\u0173 perjungimo svirt\u012f","og_url":"https:\/\/collectin.eu\/en\/product\/lego-10330-mclaren-mp4-4-ir-ayrton-senna\/","og_site_name":"Collectin.eu","article_modified_time":"2026-04-08T10:24:29+00:00","og_image":[{"width":1080,"height":1080,"url":"http:\/\/collectin.eu\/wp-content\/uploads\/2025\/12\/Untitled-design-2025-12-30T121744.091.png","type":"image\/png"}],"twitter_card":"summary_large_image","twitter_misc":{"Est. reading time":"1 minute"},"schema":{"@context":"https:\/\/schema.org","@graph":[{"@type":"WebPage","@id":"https:\/\/collectin.eu\/produktas\/lego-10330-mclaren-mp4-4-ir-ayrton-senna\/","url":"https:\/\/collectin.eu\/produktas\/lego-10330-mclaren-mp4-4-ir-ayrton-senna\/","name":"LEGO\u00ae 10330 McLaren MP4\/4 & Ayrton Senna - Collectin.eu","isPartOf":{"@id":"https:\/\/collectin.eu\/#website"},"primaryImageOfPage":{"@id":"https:\/\/collectin.eu\/produktas\/lego-10330-mclaren-mp4-4-ir-ayrton-senna\/#primaryimage"},"image":{"@id":"https:\/\/collectin.eu\/produktas\/lego-10330-mclaren-mp4-4-ir-ayrton-senna\/#primaryimage"},"thumbnailUrl":"https:\/\/collectin.eu\/wp-content\/uploads\/2025\/12\/Untitled-design-2025-12-30T121744.091.png","datePublished":"2025-12-30T10:21:01+00:00","dateModified":"2026-04-08T10:24:29+00:00","description":"\u201eMcLaren MP4\/4\u201c automobilio kopija turi veikiant\u012f vairo mechanizm\u0105, strypin\u0119 pakab\u0105, reguliuojam\u0105 galin\u012f sparn\u0105, glotnias padangas, veidrod\u0117lius, pavar\u0173 perjungimo svirt\u012f","breadcrumb":{"@id":"https:\/\/collectin.eu\/produktas\/lego-10330-mclaren-mp4-4-ir-ayrton-senna\/#breadcrumb"},"inLanguage":"en-US","potentialAction":[{"@type":"ReadAction","target":["https:\/\/collectin.eu\/produktas\/lego-10330-mclaren-mp4-4-ir-ayrton-senna\/"]}]},{"@type":"ImageObject","inLanguage":"en-US","@id":"https:\/\/collectin.eu\/produktas\/lego-10330-mclaren-mp4-4-ir-ayrton-senna\/#primaryimage","url":"https:\/\/collectin.eu\/wp-content\/uploads\/2025\/12\/Untitled-design-2025-12-30T121744.091.png","contentUrl":"https:\/\/collectin.eu\/wp-content\/uploads\/2025\/12\/Untitled-design-2025-12-30T121744.091.png","width":1080,"height":1080},{"@type":"BreadcrumbList","@id":"https:\/\/collectin.eu\/produktas\/lego-10330-mclaren-mp4-4-ir-ayrton-senna\/#breadcrumb","itemListElement":[{"@type":"ListItem","position":1,"name":"Home","item":"https:\/\/collectin.eu\/"},{"@type":"ListItem","position":2,"name":"Parduotuv\u0117","item":"https:\/\/collectin.eu\/parduotuve\/"},{"@type":"ListItem","position":3,"name":"LEGO\u00ae 10330 McLaren MP4\/4 &#038; Ayrton Senna"}]},{"@type":"WebSite","@id":"https:\/\/collectin.eu\/#website","url":"https:\/\/collectin.eu\/","name":"Collectin.eu","description":"","potentialAction":[{"@type":"SearchAction","target":{"@type":"EntryPoint","urlTemplate":"https:\/\/collectin.eu\/?s={search_term_string}"},"query-input":{"@type":"PropertyValueSpecification","valueRequired":true,"valueName":"search_term_string"}}],"inLanguage":"en-US"}]}},"jetpack_sharing_enabled":true,"_links":{"self":[{"href":"https:\/\/collectin.eu\/en\/wp-json\/wp\/v2\/product\/38890","targetHints":{"allow":["GET"]}}],"collection":[{"href":"https:\/\/collectin.eu\/en\/wp-json\/wp\/v2\/product"}],"about":[{"href":"https:\/\/collectin.eu\/en\/wp-json\/wp\/v2\/types\/product"}],"replies":[{"embeddable":true,"href":"https:\/\/collectin.eu\/en\/wp-json\/wp\/v2\/comments?post=38890"}],"version-history":[{"count":2,"href":"https:\/\/collectin.eu\/en\/wp-json\/wp\/v2\/product\/38890\/revisions"}],"predecessor-version":[{"id":40372,"href":"https:\/\/collectin.eu\/en\/wp-json\/wp\/v2\/product\/38890\/revisions\/40372"}],"wp:featuredmedia":[{"embeddable":true,"href":"https:\/\/collectin.eu\/en\/wp-json\/wp\/v2\/media\/38891"}],"wp:attachment":[{"href":"https:\/\/collectin.eu\/en\/wp-json\/wp\/v2\/media?parent=38890"}],"wp:term":[{"taxonomy":"product_brand","embeddable":true,"href":"https:\/\/collectin.eu\/en\/wp-json\/wp\/v2\/product_brand?post=38890"},{"taxonomy":"product_cat","embeddable":true,"href":"https:\/\/collectin.eu\/en\/wp-json\/wp\/v2\/product_cat?post=38890"},{"taxonomy":"product_tag","embeddable":true,"href":"https:\/\/collectin.eu\/en\/wp-json\/wp\/v2\/product_tag?post=38890"}],"curies":[{"name":"wp","href":"https:\/\/api.w.org\/{rel}","templated":true}]}}