{"id":38896,"date":"2025-12-30T10:29:53","date_gmt":"2025-12-30T10:29:53","guid":{"rendered":"https:\/\/collectin.eu\/?post_type=product&#038;p=38896"},"modified":"2026-04-08T10:24:29","modified_gmt":"2026-04-08T10:24:29","slug":"lego-21261-vilku-tvirtove","status":"publish","type":"product","link":"https:\/\/collectin.eu\/en\/product\/lego-21261-vilku-tvirtove\/","title":{"rendered":"LEGO\u00ae 21261 The Wolf Stronghold"},"content":{"rendered":"<p>Su \u201eLEGO\u00ae Minecraft\u00ae\u201c vilk\u0173 tvirtove (21261) vaikai, besi\u017eavintys veiksmo bei nuotyki\u0173 rinkiniais, \u017eaislin\u0117mis tvirtov\u0117mis ir \u201eMinecraft\u00ae\u201c persona\u017eais, m\u0117gausis visais \u0161iais dalykais ir ne tik. \u201eMinecraft\u201c vilk\u0173 tematikos dovana vaikams \u2013 betarpi\u0161kas vaizdo \u017eaidimo \u017eaislas ir k\u016brybi\u0161kas konstravimo, dr\u0105si\u0173 tyrin\u0117jim\u0173 ir m\u016b\u0161io veiksmo rinkinys.<\/p>\n<ul>\n<li>\u201eLEGO\u00ae Minecraft\u00ae\u201c nuotyki\u0173 rinkinys vaikams \u2013 su k\u016brybi\u0161ku vilk\u0173 tvirtov\u0117s konstravimo rinkiniu \u201eMinecraft\u201c gerb\u0117jai berniukai ir mergait\u0117s nuo 8 met\u0173 m\u0117gausis betarpi\u0161ku forto ir mi\u0161ko tyrin\u0117jimu<\/li>\n<li>K\u016brybi\u0161kas pilies \u017eaidimo rinkinys \u2013 su darbastaliu, auk\u0161takrosne, priekalu ir kalvio stalu bei \u201eLEGO\u00ae Minecraft\u00ae\u201c vilk\u0173 tramdytojo fig\u016br\u0117le, 2 skeletais ir 2 vilkais<\/li>\n<li>Konstravimo \u017eaislas ir veiksmo \u017eaidimo rinkinys \u2013 su \u0161iuo mi\u0161ko tyrin\u0117tojo \u017eaislu vaikai sutramdys laukin\u012f vilk\u0105, kovos su skeletais ir pasinaudos \u012fvairia meistravimo \u012franga<\/li>\n<li>\u201eMinecraft\u00ae\u201c vilk\u0173 \u017eaislas \u2013 vir\u0161 \u012f\u0117jimo \u012f vilk\u0173 tramdytojo baz\u0119 yra didel\u0117 konstruojama vilko galva, kurios veido i\u0161rai\u0161k\u0105 vaikai gali greitai pakeisti i\u0161 draugi\u0161kos \u012f pikt\u0105<\/li>\n<\/ul>","protected":false},"excerpt":{"rendered":"<p>Su \u201eLEGO\u00ae Minecraft\u00ae\u201c vilk\u0173 tvirtove (21261) vaikai, besi\u017eavintys veiksmo bei nuotyki\u0173 rinkiniais, \u017eaislin\u0117mis tvirtov\u0117mis ir \u201eMinecraft\u00ae\u201c persona\u017eais, m\u0117gausis visais \u0161iais<\/p>","protected":false},"featured_media":38897,"comment_status":"open","ping_status":"closed","template":"","meta":[],"product_brand":[423],"product_cat":[677,406,524],"product_tag":[],"class_list":{"0":"post-38896","1":"product","2":"type-product","3":"status-publish","4":"has-post-thumbnail","6":"product_brand-lego","7":"product_cat-lego-konstruktoriai","8":"product_cat-lego","9":"product_cat-lego-minecraft","11":"first","12":"instock","13":"taxable","14":"shipping-taxable","15":"purchasable","16":"product-type-simple"},"yoast_head":"<!-- This site is optimized with the Yoast SEO plugin v25.9 - https:\/\/yoast.com\/wordpress\/plugins\/seo\/ -->\n<title>LEGO\u00ae 21261 The Wolf Stronghold - Collectin.eu<\/title>\n<meta name=\"description\" content=\"Vaikai sukonstruos vilk\u0173 tramdytojui baz\u0119 su didele vilko galva vir\u0161 \u012f\u0117jimo, tada smagiai \u017eais kaitaliodami vilko veido i\u0161rai\u0161k\u0105 i\u0161 draugi\u0161kos \u012f pikt\u0105.\" \/>\n<meta name=\"robots\" content=\"index, follow, max-snippet:-1, max-image-preview:large, max-video-preview:-1\" \/>\n<link rel=\"canonical\" href=\"https:\/\/collectin.eu\/en\/product\/lego-21261-vilku-tvirtove\/\" \/>\n<meta property=\"og:locale\" content=\"en_US\" \/>\n<meta property=\"og:type\" content=\"article\" \/>\n<meta property=\"og:title\" content=\"LEGO\u00ae 21261 The Wolf Stronghold - Collectin.eu\" \/>\n<meta property=\"og:description\" content=\"Vaikai sukonstruos vilk\u0173 tramdytojui baz\u0119 su didele vilko galva vir\u0161 \u012f\u0117jimo, tada smagiai \u017eais kaitaliodami vilko veido i\u0161rai\u0161k\u0105 i\u0161 draugi\u0161kos \u012f pikt\u0105.\" \/>\n<meta property=\"og:url\" content=\"https:\/\/collectin.eu\/en\/product\/lego-21261-vilku-tvirtove\/\" \/>\n<meta property=\"og:site_name\" content=\"Collectin.eu\" \/>\n<meta property=\"article:modified_time\" content=\"2026-04-08T10:24:29+00:00\" \/>\n<meta property=\"og:image\" content=\"http:\/\/collectin.eu\/wp-content\/uploads\/2025\/12\/Untitled-design-2025-12-30T122553.068.png\" \/>\n\t<meta property=\"og:image:width\" content=\"1080\" \/>\n\t<meta property=\"og:image:height\" content=\"1080\" \/>\n\t<meta property=\"og:image:type\" content=\"image\/png\" \/>\n<meta name=\"twitter:card\" content=\"summary_large_image\" \/>\n<meta name=\"twitter:label1\" content=\"Est. reading time\" \/>\n\t<meta name=\"twitter:data1\" content=\"1 minute\" \/>\n<script type=\"application\/ld+json\" class=\"yoast-schema-graph\">{\"@context\":\"https:\/\/schema.org\",\"@graph\":[{\"@type\":\"WebPage\",\"@id\":\"https:\/\/collectin.eu\/produktas\/lego-21261-vilku-tvirtove\/\",\"url\":\"https:\/\/collectin.eu\/produktas\/lego-21261-vilku-tvirtove\/\",\"name\":\"LEGO\u00ae 21261 The Wolf Stronghold - Collectin.eu\",\"isPartOf\":{\"@id\":\"https:\/\/collectin.eu\/#website\"},\"primaryImageOfPage\":{\"@id\":\"https:\/\/collectin.eu\/produktas\/lego-21261-vilku-tvirtove\/#primaryimage\"},\"image\":{\"@id\":\"https:\/\/collectin.eu\/produktas\/lego-21261-vilku-tvirtove\/#primaryimage\"},\"thumbnailUrl\":\"https:\/\/collectin.eu\/wp-content\/uploads\/2025\/12\/Untitled-design-2025-12-30T122553.068.png\",\"datePublished\":\"2025-12-30T10:29:53+00:00\",\"dateModified\":\"2026-04-08T10:24:29+00:00\",\"description\":\"Vaikai sukonstruos vilk\u0173 tramdytojui baz\u0119 su didele vilko galva vir\u0161 \u012f\u0117jimo, tada smagiai \u017eais kaitaliodami vilko veido i\u0161rai\u0161k\u0105 i\u0161 draugi\u0161kos \u012f pikt\u0105.\",\"breadcrumb\":{\"@id\":\"https:\/\/collectin.eu\/produktas\/lego-21261-vilku-tvirtove\/#breadcrumb\"},\"inLanguage\":\"en-US\",\"potentialAction\":[{\"@type\":\"ReadAction\",\"target\":[\"https:\/\/collectin.eu\/produktas\/lego-21261-vilku-tvirtove\/\"]}]},{\"@type\":\"ImageObject\",\"inLanguage\":\"en-US\",\"@id\":\"https:\/\/collectin.eu\/produktas\/lego-21261-vilku-tvirtove\/#primaryimage\",\"url\":\"https:\/\/collectin.eu\/wp-content\/uploads\/2025\/12\/Untitled-design-2025-12-30T122553.068.png\",\"contentUrl\":\"https:\/\/collectin.eu\/wp-content\/uploads\/2025\/12\/Untitled-design-2025-12-30T122553.068.png\",\"width\":1080,\"height\":1080},{\"@type\":\"BreadcrumbList\",\"@id\":\"https:\/\/collectin.eu\/produktas\/lego-21261-vilku-tvirtove\/#breadcrumb\",\"itemListElement\":[{\"@type\":\"ListItem\",\"position\":1,\"name\":\"Home\",\"item\":\"https:\/\/collectin.eu\/\"},{\"@type\":\"ListItem\",\"position\":2,\"name\":\"Parduotuv\u0117\",\"item\":\"https:\/\/collectin.eu\/parduotuve\/\"},{\"@type\":\"ListItem\",\"position\":3,\"name\":\"LEGO\u00ae 21261 The Wolf Stronghold\"}]},{\"@type\":\"WebSite\",\"@id\":\"https:\/\/collectin.eu\/#website\",\"url\":\"https:\/\/collectin.eu\/\",\"name\":\"Collectin.eu\",\"description\":\"\",\"potentialAction\":[{\"@type\":\"SearchAction\",\"target\":{\"@type\":\"EntryPoint\",\"urlTemplate\":\"https:\/\/collectin.eu\/?s={search_term_string}\"},\"query-input\":{\"@type\":\"PropertyValueSpecification\",\"valueRequired\":true,\"valueName\":\"search_term_string\"}}],\"inLanguage\":\"en-US\"}]}<\/script>\n<!-- \/ Yoast SEO plugin. -->","yoast_head_json":{"title":"LEGO\u00ae 21261 The Wolf Stronghold - Collectin.eu","description":"Vaikai sukonstruos vilk\u0173 tramdytojui baz\u0119 su didele vilko galva vir\u0161 \u012f\u0117jimo, tada smagiai \u017eais kaitaliodami vilko veido i\u0161rai\u0161k\u0105 i\u0161 draugi\u0161kos \u012f pikt\u0105.","robots":{"index":"index","follow":"follow","max-snippet":"max-snippet:-1","max-image-preview":"max-image-preview:large","max-video-preview":"max-video-preview:-1"},"canonical":"https:\/\/collectin.eu\/en\/product\/lego-21261-vilku-tvirtove\/","og_locale":"en_US","og_type":"article","og_title":"LEGO\u00ae 21261 The Wolf Stronghold - Collectin.eu","og_description":"Vaikai sukonstruos vilk\u0173 tramdytojui baz\u0119 su didele vilko galva vir\u0161 \u012f\u0117jimo, tada smagiai \u017eais kaitaliodami vilko veido i\u0161rai\u0161k\u0105 i\u0161 draugi\u0161kos \u012f pikt\u0105.","og_url":"https:\/\/collectin.eu\/en\/product\/lego-21261-vilku-tvirtove\/","og_site_name":"Collectin.eu","article_modified_time":"2026-04-08T10:24:29+00:00","og_image":[{"width":1080,"height":1080,"url":"http:\/\/collectin.eu\/wp-content\/uploads\/2025\/12\/Untitled-design-2025-12-30T122553.068.png","type":"image\/png"}],"twitter_card":"summary_large_image","twitter_misc":{"Est. reading time":"1 minute"},"schema":{"@context":"https:\/\/schema.org","@graph":[{"@type":"WebPage","@id":"https:\/\/collectin.eu\/produktas\/lego-21261-vilku-tvirtove\/","url":"https:\/\/collectin.eu\/produktas\/lego-21261-vilku-tvirtove\/","name":"LEGO\u00ae 21261 The Wolf Stronghold - Collectin.eu","isPartOf":{"@id":"https:\/\/collectin.eu\/#website"},"primaryImageOfPage":{"@id":"https:\/\/collectin.eu\/produktas\/lego-21261-vilku-tvirtove\/#primaryimage"},"image":{"@id":"https:\/\/collectin.eu\/produktas\/lego-21261-vilku-tvirtove\/#primaryimage"},"thumbnailUrl":"https:\/\/collectin.eu\/wp-content\/uploads\/2025\/12\/Untitled-design-2025-12-30T122553.068.png","datePublished":"2025-12-30T10:29:53+00:00","dateModified":"2026-04-08T10:24:29+00:00","description":"Vaikai sukonstruos vilk\u0173 tramdytojui baz\u0119 su didele vilko galva vir\u0161 \u012f\u0117jimo, tada smagiai \u017eais kaitaliodami vilko veido i\u0161rai\u0161k\u0105 i\u0161 draugi\u0161kos \u012f pikt\u0105.","breadcrumb":{"@id":"https:\/\/collectin.eu\/produktas\/lego-21261-vilku-tvirtove\/#breadcrumb"},"inLanguage":"en-US","potentialAction":[{"@type":"ReadAction","target":["https:\/\/collectin.eu\/produktas\/lego-21261-vilku-tvirtove\/"]}]},{"@type":"ImageObject","inLanguage":"en-US","@id":"https:\/\/collectin.eu\/produktas\/lego-21261-vilku-tvirtove\/#primaryimage","url":"https:\/\/collectin.eu\/wp-content\/uploads\/2025\/12\/Untitled-design-2025-12-30T122553.068.png","contentUrl":"https:\/\/collectin.eu\/wp-content\/uploads\/2025\/12\/Untitled-design-2025-12-30T122553.068.png","width":1080,"height":1080},{"@type":"BreadcrumbList","@id":"https:\/\/collectin.eu\/produktas\/lego-21261-vilku-tvirtove\/#breadcrumb","itemListElement":[{"@type":"ListItem","position":1,"name":"Home","item":"https:\/\/collectin.eu\/"},{"@type":"ListItem","position":2,"name":"Parduotuv\u0117","item":"https:\/\/collectin.eu\/parduotuve\/"},{"@type":"ListItem","position":3,"name":"LEGO\u00ae 21261 The Wolf Stronghold"}]},{"@type":"WebSite","@id":"https:\/\/collectin.eu\/#website","url":"https:\/\/collectin.eu\/","name":"Collectin.eu","description":"","potentialAction":[{"@type":"SearchAction","target":{"@type":"EntryPoint","urlTemplate":"https:\/\/collectin.eu\/?s={search_term_string}"},"query-input":{"@type":"PropertyValueSpecification","valueRequired":true,"valueName":"search_term_string"}}],"inLanguage":"en-US"}]}},"jetpack_sharing_enabled":true,"_links":{"self":[{"href":"https:\/\/collectin.eu\/en\/wp-json\/wp\/v2\/product\/38896","targetHints":{"allow":["GET"]}}],"collection":[{"href":"https:\/\/collectin.eu\/en\/wp-json\/wp\/v2\/product"}],"about":[{"href":"https:\/\/collectin.eu\/en\/wp-json\/wp\/v2\/types\/product"}],"replies":[{"embeddable":true,"href":"https:\/\/collectin.eu\/en\/wp-json\/wp\/v2\/comments?post=38896"}],"version-history":[{"count":3,"href":"https:\/\/collectin.eu\/en\/wp-json\/wp\/v2\/product\/38896\/revisions"}],"predecessor-version":[{"id":40371,"href":"https:\/\/collectin.eu\/en\/wp-json\/wp\/v2\/product\/38896\/revisions\/40371"}],"wp:featuredmedia":[{"embeddable":true,"href":"https:\/\/collectin.eu\/en\/wp-json\/wp\/v2\/media\/38897"}],"wp:attachment":[{"href":"https:\/\/collectin.eu\/en\/wp-json\/wp\/v2\/media?parent=38896"}],"wp:term":[{"taxonomy":"product_brand","embeddable":true,"href":"https:\/\/collectin.eu\/en\/wp-json\/wp\/v2\/product_brand?post=38896"},{"taxonomy":"product_cat","embeddable":true,"href":"https:\/\/collectin.eu\/en\/wp-json\/wp\/v2\/product_cat?post=38896"},{"taxonomy":"product_tag","embeddable":true,"href":"https:\/\/collectin.eu\/en\/wp-json\/wp\/v2\/product_tag?post=38896"}],"curies":[{"name":"wp","href":"https:\/\/api.w.org\/{rel}","templated":true}]}}