{"id":38909,"date":"2026-01-02T15:12:29","date_gmt":"2026-01-02T15:12:29","guid":{"rendered":"https:\/\/collectin.eu\/?post_type=product&#038;p=38909"},"modified":"2026-04-08T10:24:29","modified_gmt":"2026-04-08T10:24:29","slug":"lego-75254-at-st-plesikas","status":"publish","type":"product","link":"https:\/\/collectin.eu\/en\/product\/lego-75254-at-st-plesikas\/","title":{"rendered":"LEGO\u00ae 75254 AT-ST Raider"},"content":{"rendered":"<p>Nud\u017eiuginkite bet kur\u012f LEGO\u00ae konstruktori\u0173 arba gerb\u0117j\u0105 su \u0161ia 75254 \u201eStar Wars\u2122 AT-ST Raider\u201c transporto priemone. \u0160is konstruojamas \u201eStar Wars\u201c \u017eaislas pasi\u017eymi tokiais nutr\u0119\u0161usiais bruo\u017eais, kaip ir populiariame \u201eStar Wars\u201c TV seriale \u201eThe Mandalorian\u201c, \u012fskaitant lanks\u010dias kojas su s\u0105nariais, sukiojam\u0105 bok\u0161tel\u012f, kur\u012f atidarius atsiveria detalus vidus su vieta minifig\u016br\u0117lei, bei 2 \u0161audan\u010dios \u0161audykl\u0117s. \u0160iame rinkinyje taip pat yra \u201eStar Wars\u201c persona\u017e\u0173 The Mandalorian, Cara Dune ir 2 pl\u0117\u0161ik\u0173 i\u0161 Klatooine planetos minifig\u016br\u0117l\u0117s, kurios pad\u0117s greitai \u012fsisukti \u012f veiksm\u0105.<\/p>\n<ul>\n<li>Rinkinyje yra 3 spinduliniai \u0161autuvai ir spindulinis pistoletas.<\/li>\n<li>Atkurk stulbinan\u010dius nuotykius i\u0161 populiaraus TV serialo \u201e<i>Star\u00a0Wars<\/i>: The Mandalorian\u201c.<\/li>\n<li>Tai \u2013 puiki gimtadienio, Kal\u0117d\u0173 arba bet kurios kitos progos \u201e<i>Star\u00a0Wars<\/i>\u2122\u201c dovana.<\/li>\n<\/ul>","protected":false},"excerpt":{"rendered":"<p>Nud\u017eiuginkite bet kur\u012f LEGO\u00ae konstruktori\u0173 arba gerb\u0117j\u0105 su \u0161ia 75254 \u201eStar Wars\u2122 AT-ST Raider\u201c transporto priemone. \u0160is konstruojamas \u201eStar Wars\u201c<\/p>","protected":false},"featured_media":38910,"comment_status":"open","ping_status":"closed","template":"","meta":[],"product_brand":[423],"product_cat":[677,406,493],"product_tag":[],"class_list":{"0":"post-38909","1":"product","2":"type-product","3":"status-publish","4":"has-post-thumbnail","6":"product_brand-lego","7":"product_cat-lego-konstruktoriai","8":"product_cat-lego","9":"product_cat-lego-star-wars","11":"first","12":"instock","13":"taxable","14":"shipping-taxable","15":"purchasable","16":"product-type-simple"},"yoast_head":"<!-- This site is optimized with the Yoast SEO plugin v25.9 - https:\/\/yoast.com\/wordpress\/plugins\/seo\/ -->\n<title>LEGO\u00ae 75254 AT-ST Raider - Collectin.eu<\/title>\n<meta name=\"description\" content=\"Nud\u017eiuginkite bet kur\u012f LEGO\u00ae konstruktori\u0173 arba gerb\u0117j\u0105 su \u0161ia 75254 \u201eStar Wars\u2122 AT-ST Raider\u201c transporto priemone.\" \/>\n<meta name=\"robots\" content=\"index, follow, max-snippet:-1, max-image-preview:large, max-video-preview:-1\" \/>\n<link rel=\"canonical\" href=\"https:\/\/collectin.eu\/en\/product\/lego-75254-at-st-plesikas\/\" \/>\n<meta property=\"og:locale\" content=\"en_US\" \/>\n<meta property=\"og:type\" content=\"article\" \/>\n<meta property=\"og:title\" content=\"LEGO\u00ae 75254 AT-ST Raider - Collectin.eu\" \/>\n<meta property=\"og:description\" content=\"Nud\u017eiuginkite bet kur\u012f LEGO\u00ae konstruktori\u0173 arba gerb\u0117j\u0105 su \u0161ia 75254 \u201eStar Wars\u2122 AT-ST Raider\u201c transporto priemone.\" \/>\n<meta property=\"og:url\" content=\"https:\/\/collectin.eu\/en\/product\/lego-75254-at-st-plesikas\/\" \/>\n<meta property=\"og:site_name\" content=\"Collectin.eu\" \/>\n<meta property=\"article:modified_time\" content=\"2026-04-08T10:24:29+00:00\" \/>\n<meta property=\"og:image\" content=\"http:\/\/collectin.eu\/wp-content\/uploads\/2026\/01\/Untitled-design-2026-01-02T170746.061.png\" \/>\n\t<meta property=\"og:image:width\" content=\"1080\" \/>\n\t<meta property=\"og:image:height\" content=\"1080\" \/>\n\t<meta property=\"og:image:type\" content=\"image\/png\" \/>\n<meta name=\"twitter:card\" content=\"summary_large_image\" \/>\n<meta name=\"twitter:label1\" content=\"Est. reading time\" \/>\n\t<meta name=\"twitter:data1\" content=\"1 minute\" \/>\n<script type=\"application\/ld+json\" class=\"yoast-schema-graph\">{\"@context\":\"https:\/\/schema.org\",\"@graph\":[{\"@type\":\"WebPage\",\"@id\":\"https:\/\/collectin.eu\/produktas\/lego-75254-at-st-plesikas\/\",\"url\":\"https:\/\/collectin.eu\/produktas\/lego-75254-at-st-plesikas\/\",\"name\":\"LEGO\u00ae 75254 AT-ST Raider - Collectin.eu\",\"isPartOf\":{\"@id\":\"https:\/\/collectin.eu\/#website\"},\"primaryImageOfPage\":{\"@id\":\"https:\/\/collectin.eu\/produktas\/lego-75254-at-st-plesikas\/#primaryimage\"},\"image\":{\"@id\":\"https:\/\/collectin.eu\/produktas\/lego-75254-at-st-plesikas\/#primaryimage\"},\"thumbnailUrl\":\"https:\/\/collectin.eu\/wp-content\/uploads\/2026\/01\/Untitled-design-2026-01-02T170746.061.png\",\"datePublished\":\"2026-01-02T15:12:29+00:00\",\"dateModified\":\"2026-04-08T10:24:29+00:00\",\"description\":\"Nud\u017eiuginkite bet kur\u012f LEGO\u00ae konstruktori\u0173 arba gerb\u0117j\u0105 su \u0161ia 75254 \u201eStar Wars\u2122 AT-ST Raider\u201c transporto priemone.\",\"breadcrumb\":{\"@id\":\"https:\/\/collectin.eu\/produktas\/lego-75254-at-st-plesikas\/#breadcrumb\"},\"inLanguage\":\"en-US\",\"potentialAction\":[{\"@type\":\"ReadAction\",\"target\":[\"https:\/\/collectin.eu\/produktas\/lego-75254-at-st-plesikas\/\"]}]},{\"@type\":\"ImageObject\",\"inLanguage\":\"en-US\",\"@id\":\"https:\/\/collectin.eu\/produktas\/lego-75254-at-st-plesikas\/#primaryimage\",\"url\":\"https:\/\/collectin.eu\/wp-content\/uploads\/2026\/01\/Untitled-design-2026-01-02T170746.061.png\",\"contentUrl\":\"https:\/\/collectin.eu\/wp-content\/uploads\/2026\/01\/Untitled-design-2026-01-02T170746.061.png\",\"width\":1080,\"height\":1080},{\"@type\":\"BreadcrumbList\",\"@id\":\"https:\/\/collectin.eu\/produktas\/lego-75254-at-st-plesikas\/#breadcrumb\",\"itemListElement\":[{\"@type\":\"ListItem\",\"position\":1,\"name\":\"Home\",\"item\":\"https:\/\/collectin.eu\/\"},{\"@type\":\"ListItem\",\"position\":2,\"name\":\"Parduotuv\u0117\",\"item\":\"https:\/\/collectin.eu\/parduotuve\/\"},{\"@type\":\"ListItem\",\"position\":3,\"name\":\"LEGO\u00ae 75254 AT-ST Raider\"}]},{\"@type\":\"WebSite\",\"@id\":\"https:\/\/collectin.eu\/#website\",\"url\":\"https:\/\/collectin.eu\/\",\"name\":\"Collectin.eu\",\"description\":\"\",\"potentialAction\":[{\"@type\":\"SearchAction\",\"target\":{\"@type\":\"EntryPoint\",\"urlTemplate\":\"https:\/\/collectin.eu\/?s={search_term_string}\"},\"query-input\":{\"@type\":\"PropertyValueSpecification\",\"valueRequired\":true,\"valueName\":\"search_term_string\"}}],\"inLanguage\":\"en-US\"}]}<\/script>\n<!-- \/ Yoast SEO plugin. -->","yoast_head_json":{"title":"LEGO\u00ae 75254 AT-ST Raider - Collectin.eu","description":"Nud\u017eiuginkite bet kur\u012f LEGO\u00ae konstruktori\u0173 arba gerb\u0117j\u0105 su \u0161ia 75254 \u201eStar Wars\u2122 AT-ST Raider\u201c transporto priemone.","robots":{"index":"index","follow":"follow","max-snippet":"max-snippet:-1","max-image-preview":"max-image-preview:large","max-video-preview":"max-video-preview:-1"},"canonical":"https:\/\/collectin.eu\/en\/product\/lego-75254-at-st-plesikas\/","og_locale":"en_US","og_type":"article","og_title":"LEGO\u00ae 75254 AT-ST Raider - Collectin.eu","og_description":"Nud\u017eiuginkite bet kur\u012f LEGO\u00ae konstruktori\u0173 arba gerb\u0117j\u0105 su \u0161ia 75254 \u201eStar Wars\u2122 AT-ST Raider\u201c transporto priemone.","og_url":"https:\/\/collectin.eu\/en\/product\/lego-75254-at-st-plesikas\/","og_site_name":"Collectin.eu","article_modified_time":"2026-04-08T10:24:29+00:00","og_image":[{"width":1080,"height":1080,"url":"http:\/\/collectin.eu\/wp-content\/uploads\/2026\/01\/Untitled-design-2026-01-02T170746.061.png","type":"image\/png"}],"twitter_card":"summary_large_image","twitter_misc":{"Est. reading time":"1 minute"},"schema":{"@context":"https:\/\/schema.org","@graph":[{"@type":"WebPage","@id":"https:\/\/collectin.eu\/produktas\/lego-75254-at-st-plesikas\/","url":"https:\/\/collectin.eu\/produktas\/lego-75254-at-st-plesikas\/","name":"LEGO\u00ae 75254 AT-ST Raider - Collectin.eu","isPartOf":{"@id":"https:\/\/collectin.eu\/#website"},"primaryImageOfPage":{"@id":"https:\/\/collectin.eu\/produktas\/lego-75254-at-st-plesikas\/#primaryimage"},"image":{"@id":"https:\/\/collectin.eu\/produktas\/lego-75254-at-st-plesikas\/#primaryimage"},"thumbnailUrl":"https:\/\/collectin.eu\/wp-content\/uploads\/2026\/01\/Untitled-design-2026-01-02T170746.061.png","datePublished":"2026-01-02T15:12:29+00:00","dateModified":"2026-04-08T10:24:29+00:00","description":"Nud\u017eiuginkite bet kur\u012f LEGO\u00ae konstruktori\u0173 arba gerb\u0117j\u0105 su \u0161ia 75254 \u201eStar Wars\u2122 AT-ST Raider\u201c transporto priemone.","breadcrumb":{"@id":"https:\/\/collectin.eu\/produktas\/lego-75254-at-st-plesikas\/#breadcrumb"},"inLanguage":"en-US","potentialAction":[{"@type":"ReadAction","target":["https:\/\/collectin.eu\/produktas\/lego-75254-at-st-plesikas\/"]}]},{"@type":"ImageObject","inLanguage":"en-US","@id":"https:\/\/collectin.eu\/produktas\/lego-75254-at-st-plesikas\/#primaryimage","url":"https:\/\/collectin.eu\/wp-content\/uploads\/2026\/01\/Untitled-design-2026-01-02T170746.061.png","contentUrl":"https:\/\/collectin.eu\/wp-content\/uploads\/2026\/01\/Untitled-design-2026-01-02T170746.061.png","width":1080,"height":1080},{"@type":"BreadcrumbList","@id":"https:\/\/collectin.eu\/produktas\/lego-75254-at-st-plesikas\/#breadcrumb","itemListElement":[{"@type":"ListItem","position":1,"name":"Home","item":"https:\/\/collectin.eu\/"},{"@type":"ListItem","position":2,"name":"Parduotuv\u0117","item":"https:\/\/collectin.eu\/parduotuve\/"},{"@type":"ListItem","position":3,"name":"LEGO\u00ae 75254 AT-ST Raider"}]},{"@type":"WebSite","@id":"https:\/\/collectin.eu\/#website","url":"https:\/\/collectin.eu\/","name":"Collectin.eu","description":"","potentialAction":[{"@type":"SearchAction","target":{"@type":"EntryPoint","urlTemplate":"https:\/\/collectin.eu\/?s={search_term_string}"},"query-input":{"@type":"PropertyValueSpecification","valueRequired":true,"valueName":"search_term_string"}}],"inLanguage":"en-US"}]}},"jetpack_sharing_enabled":true,"_links":{"self":[{"href":"https:\/\/collectin.eu\/en\/wp-json\/wp\/v2\/product\/38909","targetHints":{"allow":["GET"]}}],"collection":[{"href":"https:\/\/collectin.eu\/en\/wp-json\/wp\/v2\/product"}],"about":[{"href":"https:\/\/collectin.eu\/en\/wp-json\/wp\/v2\/types\/product"}],"replies":[{"embeddable":true,"href":"https:\/\/collectin.eu\/en\/wp-json\/wp\/v2\/comments?post=38909"}],"version-history":[{"count":3,"href":"https:\/\/collectin.eu\/en\/wp-json\/wp\/v2\/product\/38909\/revisions"}],"predecessor-version":[{"id":40367,"href":"https:\/\/collectin.eu\/en\/wp-json\/wp\/v2\/product\/38909\/revisions\/40367"}],"wp:featuredmedia":[{"embeddable":true,"href":"https:\/\/collectin.eu\/en\/wp-json\/wp\/v2\/media\/38910"}],"wp:attachment":[{"href":"https:\/\/collectin.eu\/en\/wp-json\/wp\/v2\/media?parent=38909"}],"wp:term":[{"taxonomy":"product_brand","embeddable":true,"href":"https:\/\/collectin.eu\/en\/wp-json\/wp\/v2\/product_brand?post=38909"},{"taxonomy":"product_cat","embeddable":true,"href":"https:\/\/collectin.eu\/en\/wp-json\/wp\/v2\/product_cat?post=38909"},{"taxonomy":"product_tag","embeddable":true,"href":"https:\/\/collectin.eu\/en\/wp-json\/wp\/v2\/product_tag?post=38909"}],"curies":[{"name":"wp","href":"https:\/\/api.w.org\/{rel}","templated":true}]}}