{"id":38914,"date":"2026-01-02T15:18:41","date_gmt":"2026-01-02T15:18:41","guid":{"rendered":"https:\/\/collectin.eu\/?post_type=product&#038;p=38914"},"modified":"2026-04-08T10:24:28","modified_gmt":"2026-04-08T10:24:28","slug":"lego-71409-big-spike-issukio-virs-debesu-papildomas-rinkinys","status":"publish","type":"product","link":"https:\/\/collectin.eu\/en\/product\/lego-71409-big-spike-issukio-virs-debesu-papildomas-rinkinys\/","title":{"rendered":"LEGO\u00ae 71409 Big Spike&#8217;s Cloudtop Challenge &#8211; Expansion Set"},"content":{"rendered":"<p>\u0160is \u017eaidimo rinkinys taps puikia dovana pa\u017eangiems vaikams nuo 7 met\u0173 ir idealiai tinka \u017eaisti vienam arba su kitais. LEGO Super Mario pradiniai rinkiniai ir papildomi rinkiniai suteikia gerb\u0117jams galimyb\u0119 papildyti, perkonstruoti ir kurti savus unikalius lygius i\u0161tisoms valandoms \u017eaidimo renkant monetas.<\/p>\n<ul>\n<li>Pristatome nauj\u0105 padang\u0117s lyg\u012f. Suteikite vaikams galimyb\u0119 \u012fveikti Big Spike i\u0161\u0161\u016bk\u012f vir\u0161 debes\u0173 (71409) su \u0161iuo spalvingu LEGO\u00ae Super Mario\u2122 papildomu rinkiniu, kur\u012f sudaro Super Mario\u2122 prie\u0161\u0173 persona\u017eai ir i\u0161\u0161\u016bkiai<\/li>\n<li>3 LEGO\u00ae Super Mario\u2122 fig\u016br\u0117l\u0117s. Big Spike, Boomerang Bro ir Augalas piranija<\/li>\n<li>Smag\u016bs i\u0161\u0161\u016bkiai. I\u0161venkite spygliuoto ritinio, kur\u012f nusvied\u017eia Big Spike, \u012fgykite super\u017evaig\u017ed\u0117s gali\u0105 ir \u0161okite ant s\u016bpyni\u0173, kad \u012fveiktum\u0117te augal\u0105 piranij\u0105 ir laim\u0117tum\u0117te skaitmenini\u0173 monet\u0173<\/li>\n<li>Oran\u017einiai gryb\u0173 tramplinai. U\u017e\u0161okite ant tramplin\u0173 su LEGO\u00ae Mario\u2122, LEGO\u00ae Luigi\u2122 arba LEGO\u00ae Persikute\u2122 (fig\u016br\u0117l\u0117s nepridedamos), kad gautum\u0117te Boomerang Bro<\/li>\n<\/ul>","protected":false},"excerpt":{"rendered":"<p>\u0160is \u017eaidimo rinkinys taps puikia dovana pa\u017eangiems vaikams nuo 7 met\u0173 ir idealiai tinka \u017eaisti vienam arba su kitais. LEGO<\/p>","protected":false},"featured_media":38915,"comment_status":"open","ping_status":"closed","template":"","meta":[],"product_brand":[423],"product_cat":[677,406,531],"product_tag":[],"class_list":{"0":"post-38914","1":"product","2":"type-product","3":"status-publish","4":"has-post-thumbnail","6":"product_brand-lego","7":"product_cat-lego-konstruktoriai","8":"product_cat-lego","9":"product_cat-lego-super-mario","11":"first","12":"instock","13":"taxable","14":"shipping-taxable","15":"purchasable","16":"product-type-simple"},"yoast_head":"<!-- This site is optimized with the Yoast SEO plugin v25.9 - https:\/\/yoast.com\/wordpress\/plugins\/seo\/ -->\n<title>LEGO\u00ae 71409 Big Spike&#039;s Cloudtop Challenge - Expansion Set - Collectin.eu<\/title>\n<meta name=\"description\" content=\"Vaikai gali kurti savo LEGO\u00ae Super Mario\u2122 padang\u0117s lyg\u012f su Big Spike i\u0161\u0161\u016bkio vir\u0161 debes\u0173 papildomu rinkiniu (71409).\" \/>\n<meta name=\"robots\" content=\"index, follow, max-snippet:-1, max-image-preview:large, max-video-preview:-1\" \/>\n<link rel=\"canonical\" href=\"https:\/\/collectin.eu\/en\/product\/lego-71409-big-spike-issukio-virs-debesu-papildomas-rinkinys\/\" \/>\n<meta property=\"og:locale\" content=\"en_US\" \/>\n<meta property=\"og:type\" content=\"article\" \/>\n<meta property=\"og:title\" content=\"LEGO\u00ae 71409 Big Spike&#039;s Cloudtop Challenge - Expansion Set - Collectin.eu\" \/>\n<meta property=\"og:description\" content=\"Vaikai gali kurti savo LEGO\u00ae Super Mario\u2122 padang\u0117s lyg\u012f su Big Spike i\u0161\u0161\u016bkio vir\u0161 debes\u0173 papildomu rinkiniu (71409).\" \/>\n<meta property=\"og:url\" content=\"https:\/\/collectin.eu\/en\/product\/lego-71409-big-spike-issukio-virs-debesu-papildomas-rinkinys\/\" \/>\n<meta property=\"og:site_name\" content=\"Collectin.eu\" \/>\n<meta property=\"article:modified_time\" content=\"2026-04-08T10:24:28+00:00\" \/>\n<meta property=\"og:image\" content=\"http:\/\/collectin.eu\/wp-content\/uploads\/2026\/01\/Untitled-design-2026-01-02T171432.625.png\" \/>\n\t<meta property=\"og:image:width\" content=\"1080\" \/>\n\t<meta property=\"og:image:height\" content=\"1080\" \/>\n\t<meta property=\"og:image:type\" content=\"image\/png\" \/>\n<meta name=\"twitter:card\" content=\"summary_large_image\" \/>\n<meta name=\"twitter:label1\" content=\"Est. reading time\" \/>\n\t<meta name=\"twitter:data1\" content=\"1 minute\" \/>\n<script type=\"application\/ld+json\" class=\"yoast-schema-graph\">{\"@context\":\"https:\/\/schema.org\",\"@graph\":[{\"@type\":\"WebPage\",\"@id\":\"https:\/\/collectin.eu\/produktas\/lego-71409-big-spike-issukio-virs-debesu-papildomas-rinkinys\/\",\"url\":\"https:\/\/collectin.eu\/produktas\/lego-71409-big-spike-issukio-virs-debesu-papildomas-rinkinys\/\",\"name\":\"LEGO\u00ae 71409 Big Spike's Cloudtop Challenge - Expansion Set - Collectin.eu\",\"isPartOf\":{\"@id\":\"https:\/\/collectin.eu\/#website\"},\"primaryImageOfPage\":{\"@id\":\"https:\/\/collectin.eu\/produktas\/lego-71409-big-spike-issukio-virs-debesu-papildomas-rinkinys\/#primaryimage\"},\"image\":{\"@id\":\"https:\/\/collectin.eu\/produktas\/lego-71409-big-spike-issukio-virs-debesu-papildomas-rinkinys\/#primaryimage\"},\"thumbnailUrl\":\"https:\/\/collectin.eu\/wp-content\/uploads\/2026\/01\/Untitled-design-2026-01-02T171432.625.png\",\"datePublished\":\"2026-01-02T15:18:41+00:00\",\"dateModified\":\"2026-04-08T10:24:28+00:00\",\"description\":\"Vaikai gali kurti savo LEGO\u00ae Super Mario\u2122 padang\u0117s lyg\u012f su Big Spike i\u0161\u0161\u016bkio vir\u0161 debes\u0173 papildomu rinkiniu (71409).\",\"breadcrumb\":{\"@id\":\"https:\/\/collectin.eu\/produktas\/lego-71409-big-spike-issukio-virs-debesu-papildomas-rinkinys\/#breadcrumb\"},\"inLanguage\":\"en-US\",\"potentialAction\":[{\"@type\":\"ReadAction\",\"target\":[\"https:\/\/collectin.eu\/produktas\/lego-71409-big-spike-issukio-virs-debesu-papildomas-rinkinys\/\"]}]},{\"@type\":\"ImageObject\",\"inLanguage\":\"en-US\",\"@id\":\"https:\/\/collectin.eu\/produktas\/lego-71409-big-spike-issukio-virs-debesu-papildomas-rinkinys\/#primaryimage\",\"url\":\"https:\/\/collectin.eu\/wp-content\/uploads\/2026\/01\/Untitled-design-2026-01-02T171432.625.png\",\"contentUrl\":\"https:\/\/collectin.eu\/wp-content\/uploads\/2026\/01\/Untitled-design-2026-01-02T171432.625.png\",\"width\":1080,\"height\":1080},{\"@type\":\"BreadcrumbList\",\"@id\":\"https:\/\/collectin.eu\/produktas\/lego-71409-big-spike-issukio-virs-debesu-papildomas-rinkinys\/#breadcrumb\",\"itemListElement\":[{\"@type\":\"ListItem\",\"position\":1,\"name\":\"Home\",\"item\":\"https:\/\/collectin.eu\/\"},{\"@type\":\"ListItem\",\"position\":2,\"name\":\"Parduotuv\u0117\",\"item\":\"https:\/\/collectin.eu\/parduotuve\/\"},{\"@type\":\"ListItem\",\"position\":3,\"name\":\"LEGO\u00ae 71409 Big Spike&#8217;s Cloudtop Challenge &#8211; Expansion Set\"}]},{\"@type\":\"WebSite\",\"@id\":\"https:\/\/collectin.eu\/#website\",\"url\":\"https:\/\/collectin.eu\/\",\"name\":\"Collectin.eu\",\"description\":\"\",\"potentialAction\":[{\"@type\":\"SearchAction\",\"target\":{\"@type\":\"EntryPoint\",\"urlTemplate\":\"https:\/\/collectin.eu\/?s={search_term_string}\"},\"query-input\":{\"@type\":\"PropertyValueSpecification\",\"valueRequired\":true,\"valueName\":\"search_term_string\"}}],\"inLanguage\":\"en-US\"}]}<\/script>\n<!-- \/ Yoast SEO plugin. -->","yoast_head_json":{"title":"LEGO\u00ae 71409 Big Spike's Cloudtop Challenge - Expansion Set - Collectin.eu","description":"Vaikai gali kurti savo LEGO\u00ae Super Mario\u2122 padang\u0117s lyg\u012f su Big Spike i\u0161\u0161\u016bkio vir\u0161 debes\u0173 papildomu rinkiniu (71409).","robots":{"index":"index","follow":"follow","max-snippet":"max-snippet:-1","max-image-preview":"max-image-preview:large","max-video-preview":"max-video-preview:-1"},"canonical":"https:\/\/collectin.eu\/en\/product\/lego-71409-big-spike-issukio-virs-debesu-papildomas-rinkinys\/","og_locale":"en_US","og_type":"article","og_title":"LEGO\u00ae 71409 Big Spike's Cloudtop Challenge - Expansion Set - Collectin.eu","og_description":"Vaikai gali kurti savo LEGO\u00ae Super Mario\u2122 padang\u0117s lyg\u012f su Big Spike i\u0161\u0161\u016bkio vir\u0161 debes\u0173 papildomu rinkiniu (71409).","og_url":"https:\/\/collectin.eu\/en\/product\/lego-71409-big-spike-issukio-virs-debesu-papildomas-rinkinys\/","og_site_name":"Collectin.eu","article_modified_time":"2026-04-08T10:24:28+00:00","og_image":[{"width":1080,"height":1080,"url":"http:\/\/collectin.eu\/wp-content\/uploads\/2026\/01\/Untitled-design-2026-01-02T171432.625.png","type":"image\/png"}],"twitter_card":"summary_large_image","twitter_misc":{"Est. reading time":"1 minute"},"schema":{"@context":"https:\/\/schema.org","@graph":[{"@type":"WebPage","@id":"https:\/\/collectin.eu\/produktas\/lego-71409-big-spike-issukio-virs-debesu-papildomas-rinkinys\/","url":"https:\/\/collectin.eu\/produktas\/lego-71409-big-spike-issukio-virs-debesu-papildomas-rinkinys\/","name":"LEGO\u00ae 71409 Big Spike's Cloudtop Challenge - Expansion Set - Collectin.eu","isPartOf":{"@id":"https:\/\/collectin.eu\/#website"},"primaryImageOfPage":{"@id":"https:\/\/collectin.eu\/produktas\/lego-71409-big-spike-issukio-virs-debesu-papildomas-rinkinys\/#primaryimage"},"image":{"@id":"https:\/\/collectin.eu\/produktas\/lego-71409-big-spike-issukio-virs-debesu-papildomas-rinkinys\/#primaryimage"},"thumbnailUrl":"https:\/\/collectin.eu\/wp-content\/uploads\/2026\/01\/Untitled-design-2026-01-02T171432.625.png","datePublished":"2026-01-02T15:18:41+00:00","dateModified":"2026-04-08T10:24:28+00:00","description":"Vaikai gali kurti savo LEGO\u00ae Super Mario\u2122 padang\u0117s lyg\u012f su Big Spike i\u0161\u0161\u016bkio vir\u0161 debes\u0173 papildomu rinkiniu (71409).","breadcrumb":{"@id":"https:\/\/collectin.eu\/produktas\/lego-71409-big-spike-issukio-virs-debesu-papildomas-rinkinys\/#breadcrumb"},"inLanguage":"en-US","potentialAction":[{"@type":"ReadAction","target":["https:\/\/collectin.eu\/produktas\/lego-71409-big-spike-issukio-virs-debesu-papildomas-rinkinys\/"]}]},{"@type":"ImageObject","inLanguage":"en-US","@id":"https:\/\/collectin.eu\/produktas\/lego-71409-big-spike-issukio-virs-debesu-papildomas-rinkinys\/#primaryimage","url":"https:\/\/collectin.eu\/wp-content\/uploads\/2026\/01\/Untitled-design-2026-01-02T171432.625.png","contentUrl":"https:\/\/collectin.eu\/wp-content\/uploads\/2026\/01\/Untitled-design-2026-01-02T171432.625.png","width":1080,"height":1080},{"@type":"BreadcrumbList","@id":"https:\/\/collectin.eu\/produktas\/lego-71409-big-spike-issukio-virs-debesu-papildomas-rinkinys\/#breadcrumb","itemListElement":[{"@type":"ListItem","position":1,"name":"Home","item":"https:\/\/collectin.eu\/"},{"@type":"ListItem","position":2,"name":"Parduotuv\u0117","item":"https:\/\/collectin.eu\/parduotuve\/"},{"@type":"ListItem","position":3,"name":"LEGO\u00ae 71409 Big Spike&#8217;s Cloudtop Challenge &#8211; Expansion Set"}]},{"@type":"WebSite","@id":"https:\/\/collectin.eu\/#website","url":"https:\/\/collectin.eu\/","name":"Collectin.eu","description":"","potentialAction":[{"@type":"SearchAction","target":{"@type":"EntryPoint","urlTemplate":"https:\/\/collectin.eu\/?s={search_term_string}"},"query-input":{"@type":"PropertyValueSpecification","valueRequired":true,"valueName":"search_term_string"}}],"inLanguage":"en-US"}]}},"jetpack_sharing_enabled":true,"_links":{"self":[{"href":"https:\/\/collectin.eu\/en\/wp-json\/wp\/v2\/product\/38914","targetHints":{"allow":["GET"]}}],"collection":[{"href":"https:\/\/collectin.eu\/en\/wp-json\/wp\/v2\/product"}],"about":[{"href":"https:\/\/collectin.eu\/en\/wp-json\/wp\/v2\/types\/product"}],"replies":[{"embeddable":true,"href":"https:\/\/collectin.eu\/en\/wp-json\/wp\/v2\/comments?post=38914"}],"version-history":[{"count":3,"href":"https:\/\/collectin.eu\/en\/wp-json\/wp\/v2\/product\/38914\/revisions"}],"predecessor-version":[{"id":40365,"href":"https:\/\/collectin.eu\/en\/wp-json\/wp\/v2\/product\/38914\/revisions\/40365"}],"wp:featuredmedia":[{"embeddable":true,"href":"https:\/\/collectin.eu\/en\/wp-json\/wp\/v2\/media\/38915"}],"wp:attachment":[{"href":"https:\/\/collectin.eu\/en\/wp-json\/wp\/v2\/media?parent=38914"}],"wp:term":[{"taxonomy":"product_brand","embeddable":true,"href":"https:\/\/collectin.eu\/en\/wp-json\/wp\/v2\/product_brand?post=38914"},{"taxonomy":"product_cat","embeddable":true,"href":"https:\/\/collectin.eu\/en\/wp-json\/wp\/v2\/product_cat?post=38914"},{"taxonomy":"product_tag","embeddable":true,"href":"https:\/\/collectin.eu\/en\/wp-json\/wp\/v2\/product_tag?post=38914"}],"curies":[{"name":"wp","href":"https:\/\/api.w.org\/{rel}","templated":true}]}}