{"id":38920,"date":"2026-01-02T15:24:04","date_gmt":"2026-01-02T15:24:04","guid":{"rendered":"https:\/\/collectin.eu\/?post_type=product&#038;p=38920"},"modified":"2026-04-08T10:24:28","modified_gmt":"2026-04-08T10:24:28","slug":"lego-71404-goomba-batu-papildomas-rinkinys","status":"publish","type":"product","link":"https:\/\/collectin.eu\/en\/product\/lego-71404-goomba-batu-papildomas-rinkinys\/","title":{"rendered":"LEGO\u00ae 71404 Goomba&#8217;s Shoe &#8211; Expansion Set"},"content":{"rendered":"<p>Kolekciniai LEGO Super Mario \u017eaidimo rinkiniai \u2013 fantasti\u0161kos dovanos pa\u017eangiems vaikams. Pradiniai rinkiniai ir papildomi rinkiniai suteikia gerb\u0117jams galimyb\u0119 papildyti, perkonstruoti ir tinkinti savo unikalius lygius i\u0161tisoms valandoms \u017eaidimo renkant monetas.<\/p>\n<ul>\n<li>Prie\u0161\u0173 trypimo nuotykiai. Kilstel\u0117kite \u017eaidimo lyg\u012f su LEGO\u00ae Super Mario\u2122 Goomba bat\u0173 papildomu rinkiniu (71404), kur\u012f sudaro konstruojamas batas, skirtas \u0161okin\u0117ti, trypti ir vartytis ore<\/li>\n<li>Super Mario\u2122 persona\u017eo Goomba LEGO\u00ae fig\u016br\u0117l\u0117. \u012estatykite Goomba konstruojam\u0105 bat\u0105 kaip Super Mario vaizdo \u017eaidime ir papildykite juo vaik\u0173 kuriamus LEGO\u00ae Super Mario\u2122 lygius<\/li>\n<li>Trypkite ir vartykit\u0117s or\u0117. Pad\u0117kite LEGO\u00ae Mario\u2122, LEGO\u00ae Luigi\u2122 arba LEGO\u00ae Persikutei\u2122 (fig\u016br\u0117l\u0117s nepridedamos) nugvelbti bat\u0105 ir \u0161okin\u0117ti bei vartytis ore renkant skaitmenines monetas<\/li>\n<li>Dovanos id\u0117ja vaikams nuo 6 met\u0173 am\u017eiaus \u2013 padovanokite \u0161\u012f 76 dali\u0173 rinkin\u012f \u0161vent\u0117ms arba be progos pa\u017eangiems vaikams, kurie jau turi \u017eaidimui b\u016btin\u0105 LEGO\u00ae Super Mario\u2122 pradin\u012f rinkin\u012f (71360, 71387 arba 71403)<\/li>\n<\/ul>","protected":false},"excerpt":{"rendered":"<p>Kolekciniai LEGO Super Mario \u017eaidimo rinkiniai \u2013 fantasti\u0161kos dovanos pa\u017eangiems vaikams. Pradiniai rinkiniai ir papildomi rinkiniai suteikia gerb\u0117jams galimyb\u0119 papildyti,<\/p>","protected":false},"featured_media":38921,"comment_status":"open","ping_status":"closed","template":"","meta":[],"product_brand":[423],"product_cat":[677,406,531],"product_tag":[],"class_list":{"0":"post-38920","1":"product","2":"type-product","3":"status-publish","4":"has-post-thumbnail","6":"product_brand-lego","7":"product_cat-lego-konstruktoriai","8":"product_cat-lego","9":"product_cat-lego-super-mario","11":"first","12":"instock","13":"taxable","14":"shipping-taxable","15":"purchasable","16":"product-type-simple"},"yoast_head":"<!-- This site is optimized with the Yoast SEO plugin v25.9 - https:\/\/yoast.com\/wordpress\/plugins\/seo\/ -->\n<title>LEGO\u00ae 71404 Goomba&#039;s Shoe - Expansion Set - Collectin.eu<\/title>\n<meta name=\"description\" content=\"Kolekciniai LEGO Super Mario \u017eaidimo rinkiniai \u2013 fantasti\u0161kos dovanos pa\u017eangiems vaikams.\" \/>\n<meta name=\"robots\" content=\"index, follow, max-snippet:-1, max-image-preview:large, max-video-preview:-1\" \/>\n<link rel=\"canonical\" href=\"https:\/\/collectin.eu\/en\/product\/lego-71404-goomba-batu-papildomas-rinkinys\/\" \/>\n<meta property=\"og:locale\" content=\"en_US\" \/>\n<meta property=\"og:type\" content=\"article\" \/>\n<meta property=\"og:title\" content=\"LEGO\u00ae 71404 Goomba&#039;s Shoe - Expansion Set - Collectin.eu\" \/>\n<meta property=\"og:description\" content=\"Kolekciniai LEGO Super Mario \u017eaidimo rinkiniai \u2013 fantasti\u0161kos dovanos pa\u017eangiems vaikams.\" \/>\n<meta property=\"og:url\" content=\"https:\/\/collectin.eu\/en\/product\/lego-71404-goomba-batu-papildomas-rinkinys\/\" \/>\n<meta property=\"og:site_name\" content=\"Collectin.eu\" \/>\n<meta property=\"article:modified_time\" content=\"2026-04-08T10:24:28+00:00\" \/>\n<meta property=\"og:image\" content=\"http:\/\/collectin.eu\/wp-content\/uploads\/2026\/01\/Untitled-design-2026-01-02T172029.961.png\" \/>\n\t<meta property=\"og:image:width\" content=\"1080\" \/>\n\t<meta property=\"og:image:height\" content=\"1080\" \/>\n\t<meta property=\"og:image:type\" content=\"image\/png\" \/>\n<meta name=\"twitter:card\" content=\"summary_large_image\" \/>\n<meta name=\"twitter:label1\" content=\"Est. reading time\" \/>\n\t<meta name=\"twitter:data1\" content=\"1 minute\" \/>\n<script type=\"application\/ld+json\" class=\"yoast-schema-graph\">{\"@context\":\"https:\/\/schema.org\",\"@graph\":[{\"@type\":\"WebPage\",\"@id\":\"https:\/\/collectin.eu\/produktas\/lego-71404-goomba-batu-papildomas-rinkinys\/\",\"url\":\"https:\/\/collectin.eu\/produktas\/lego-71404-goomba-batu-papildomas-rinkinys\/\",\"name\":\"LEGO\u00ae 71404 Goomba's Shoe - Expansion Set - Collectin.eu\",\"isPartOf\":{\"@id\":\"https:\/\/collectin.eu\/#website\"},\"primaryImageOfPage\":{\"@id\":\"https:\/\/collectin.eu\/produktas\/lego-71404-goomba-batu-papildomas-rinkinys\/#primaryimage\"},\"image\":{\"@id\":\"https:\/\/collectin.eu\/produktas\/lego-71404-goomba-batu-papildomas-rinkinys\/#primaryimage\"},\"thumbnailUrl\":\"https:\/\/collectin.eu\/wp-content\/uploads\/2026\/01\/Untitled-design-2026-01-02T172029.961.png\",\"datePublished\":\"2026-01-02T15:24:04+00:00\",\"dateModified\":\"2026-04-08T10:24:28+00:00\",\"description\":\"Kolekciniai LEGO Super Mario \u017eaidimo rinkiniai \u2013 fantasti\u0161kos dovanos pa\u017eangiems vaikams.\",\"breadcrumb\":{\"@id\":\"https:\/\/collectin.eu\/produktas\/lego-71404-goomba-batu-papildomas-rinkinys\/#breadcrumb\"},\"inLanguage\":\"en-US\",\"potentialAction\":[{\"@type\":\"ReadAction\",\"target\":[\"https:\/\/collectin.eu\/produktas\/lego-71404-goomba-batu-papildomas-rinkinys\/\"]}]},{\"@type\":\"ImageObject\",\"inLanguage\":\"en-US\",\"@id\":\"https:\/\/collectin.eu\/produktas\/lego-71404-goomba-batu-papildomas-rinkinys\/#primaryimage\",\"url\":\"https:\/\/collectin.eu\/wp-content\/uploads\/2026\/01\/Untitled-design-2026-01-02T172029.961.png\",\"contentUrl\":\"https:\/\/collectin.eu\/wp-content\/uploads\/2026\/01\/Untitled-design-2026-01-02T172029.961.png\",\"width\":1080,\"height\":1080},{\"@type\":\"BreadcrumbList\",\"@id\":\"https:\/\/collectin.eu\/produktas\/lego-71404-goomba-batu-papildomas-rinkinys\/#breadcrumb\",\"itemListElement\":[{\"@type\":\"ListItem\",\"position\":1,\"name\":\"Home\",\"item\":\"https:\/\/collectin.eu\/\"},{\"@type\":\"ListItem\",\"position\":2,\"name\":\"Parduotuv\u0117\",\"item\":\"https:\/\/collectin.eu\/parduotuve\/\"},{\"@type\":\"ListItem\",\"position\":3,\"name\":\"LEGO\u00ae 71404 Goomba&#8217;s Shoe &#8211; Expansion Set\"}]},{\"@type\":\"WebSite\",\"@id\":\"https:\/\/collectin.eu\/#website\",\"url\":\"https:\/\/collectin.eu\/\",\"name\":\"Collectin.eu\",\"description\":\"\",\"potentialAction\":[{\"@type\":\"SearchAction\",\"target\":{\"@type\":\"EntryPoint\",\"urlTemplate\":\"https:\/\/collectin.eu\/?s={search_term_string}\"},\"query-input\":{\"@type\":\"PropertyValueSpecification\",\"valueRequired\":true,\"valueName\":\"search_term_string\"}}],\"inLanguage\":\"en-US\"}]}<\/script>\n<!-- \/ Yoast SEO plugin. -->","yoast_head_json":{"title":"LEGO\u00ae 71404 Goomba's Shoe - Expansion Set - Collectin.eu","description":"Kolekciniai LEGO Super Mario \u017eaidimo rinkiniai \u2013 fantasti\u0161kos dovanos pa\u017eangiems vaikams.","robots":{"index":"index","follow":"follow","max-snippet":"max-snippet:-1","max-image-preview":"max-image-preview:large","max-video-preview":"max-video-preview:-1"},"canonical":"https:\/\/collectin.eu\/en\/product\/lego-71404-goomba-batu-papildomas-rinkinys\/","og_locale":"en_US","og_type":"article","og_title":"LEGO\u00ae 71404 Goomba's Shoe - Expansion Set - Collectin.eu","og_description":"Kolekciniai LEGO Super Mario \u017eaidimo rinkiniai \u2013 fantasti\u0161kos dovanos pa\u017eangiems vaikams.","og_url":"https:\/\/collectin.eu\/en\/product\/lego-71404-goomba-batu-papildomas-rinkinys\/","og_site_name":"Collectin.eu","article_modified_time":"2026-04-08T10:24:28+00:00","og_image":[{"width":1080,"height":1080,"url":"http:\/\/collectin.eu\/wp-content\/uploads\/2026\/01\/Untitled-design-2026-01-02T172029.961.png","type":"image\/png"}],"twitter_card":"summary_large_image","twitter_misc":{"Est. reading time":"1 minute"},"schema":{"@context":"https:\/\/schema.org","@graph":[{"@type":"WebPage","@id":"https:\/\/collectin.eu\/produktas\/lego-71404-goomba-batu-papildomas-rinkinys\/","url":"https:\/\/collectin.eu\/produktas\/lego-71404-goomba-batu-papildomas-rinkinys\/","name":"LEGO\u00ae 71404 Goomba's Shoe - Expansion Set - Collectin.eu","isPartOf":{"@id":"https:\/\/collectin.eu\/#website"},"primaryImageOfPage":{"@id":"https:\/\/collectin.eu\/produktas\/lego-71404-goomba-batu-papildomas-rinkinys\/#primaryimage"},"image":{"@id":"https:\/\/collectin.eu\/produktas\/lego-71404-goomba-batu-papildomas-rinkinys\/#primaryimage"},"thumbnailUrl":"https:\/\/collectin.eu\/wp-content\/uploads\/2026\/01\/Untitled-design-2026-01-02T172029.961.png","datePublished":"2026-01-02T15:24:04+00:00","dateModified":"2026-04-08T10:24:28+00:00","description":"Kolekciniai LEGO Super Mario \u017eaidimo rinkiniai \u2013 fantasti\u0161kos dovanos pa\u017eangiems vaikams.","breadcrumb":{"@id":"https:\/\/collectin.eu\/produktas\/lego-71404-goomba-batu-papildomas-rinkinys\/#breadcrumb"},"inLanguage":"en-US","potentialAction":[{"@type":"ReadAction","target":["https:\/\/collectin.eu\/produktas\/lego-71404-goomba-batu-papildomas-rinkinys\/"]}]},{"@type":"ImageObject","inLanguage":"en-US","@id":"https:\/\/collectin.eu\/produktas\/lego-71404-goomba-batu-papildomas-rinkinys\/#primaryimage","url":"https:\/\/collectin.eu\/wp-content\/uploads\/2026\/01\/Untitled-design-2026-01-02T172029.961.png","contentUrl":"https:\/\/collectin.eu\/wp-content\/uploads\/2026\/01\/Untitled-design-2026-01-02T172029.961.png","width":1080,"height":1080},{"@type":"BreadcrumbList","@id":"https:\/\/collectin.eu\/produktas\/lego-71404-goomba-batu-papildomas-rinkinys\/#breadcrumb","itemListElement":[{"@type":"ListItem","position":1,"name":"Home","item":"https:\/\/collectin.eu\/"},{"@type":"ListItem","position":2,"name":"Parduotuv\u0117","item":"https:\/\/collectin.eu\/parduotuve\/"},{"@type":"ListItem","position":3,"name":"LEGO\u00ae 71404 Goomba&#8217;s Shoe &#8211; Expansion Set"}]},{"@type":"WebSite","@id":"https:\/\/collectin.eu\/#website","url":"https:\/\/collectin.eu\/","name":"Collectin.eu","description":"","potentialAction":[{"@type":"SearchAction","target":{"@type":"EntryPoint","urlTemplate":"https:\/\/collectin.eu\/?s={search_term_string}"},"query-input":{"@type":"PropertyValueSpecification","valueRequired":true,"valueName":"search_term_string"}}],"inLanguage":"en-US"}]}},"jetpack_sharing_enabled":true,"_links":{"self":[{"href":"https:\/\/collectin.eu\/en\/wp-json\/wp\/v2\/product\/38920","targetHints":{"allow":["GET"]}}],"collection":[{"href":"https:\/\/collectin.eu\/en\/wp-json\/wp\/v2\/product"}],"about":[{"href":"https:\/\/collectin.eu\/en\/wp-json\/wp\/v2\/types\/product"}],"replies":[{"embeddable":true,"href":"https:\/\/collectin.eu\/en\/wp-json\/wp\/v2\/comments?post=38920"}],"version-history":[{"count":3,"href":"https:\/\/collectin.eu\/en\/wp-json\/wp\/v2\/product\/38920\/revisions"}],"predecessor-version":[{"id":40363,"href":"https:\/\/collectin.eu\/en\/wp-json\/wp\/v2\/product\/38920\/revisions\/40363"}],"wp:featuredmedia":[{"embeddable":true,"href":"https:\/\/collectin.eu\/en\/wp-json\/wp\/v2\/media\/38921"}],"wp:attachment":[{"href":"https:\/\/collectin.eu\/en\/wp-json\/wp\/v2\/media?parent=38920"}],"wp:term":[{"taxonomy":"product_brand","embeddable":true,"href":"https:\/\/collectin.eu\/en\/wp-json\/wp\/v2\/product_brand?post=38920"},{"taxonomy":"product_cat","embeddable":true,"href":"https:\/\/collectin.eu\/en\/wp-json\/wp\/v2\/product_cat?post=38920"},{"taxonomy":"product_tag","embeddable":true,"href":"https:\/\/collectin.eu\/en\/wp-json\/wp\/v2\/product_tag?post=38920"}],"curies":[{"name":"wp","href":"https:\/\/api.w.org\/{rel}","templated":true}]}}