{"id":38926,"date":"2026-01-02T15:30:05","date_gmt":"2026-01-02T15:30:05","guid":{"rendered":"https:\/\/collectin.eu\/?post_type=product&#038;p=38926"},"modified":"2026-04-08T10:24:27","modified_gmt":"2026-04-08T10:24:27","slug":"lego-71407-persikutes-kates-kostiumas-ir-ledo-bokstas","status":"publish","type":"product","link":"https:\/\/collectin.eu\/en\/product\/lego-71407-persikutes-kates-kostiumas-ir-ledo-bokstas\/","title":{"rendered":"LEGO\u00ae 71407 Cat Peach Suit and Frozen Tower &#8211; Expansion Set"},"content":{"rendered":"<p>LEGO Super Mario pradiniai rinkiniai ir papildomi rinkiniai suteikia gerb\u0117jams galimyb\u0119 papildyti, perkonstruoti ir kurti savus unikalius lygius i\u0161tisoms valandoms \u017eaidimo renkant monetas.<\/p>\n<ul>\n<li>Led\u0105 tirpdantys nuotykiai. Su\u017eadinkite vaik\u0173 vaizduot\u0119 Persikut\u0117s kat\u0117s kostiumo ir ledo bok\u0161to papildomu rinkiniu (71407) su konstruojamu bok\u0161tu ir daugybe monet\u0173 rinkimo i\u0161\u0161\u016bki\u0173<\/li>\n<li>3 LEGO\u00ae Super Mario\u2122 persona\u017eai. Kat\u0117s Goomba, Kamek ir Rup\u016b\u017e\u0117s LEGO\u00ae \u017eaislin\u0117s fig\u016br\u0117l\u0117s, skirtos s\u0105veikauti su LEGO\u00ae Persikute\u2122 (fig\u016br\u0117l\u0117 nepridedama)<\/li>\n<li>Kat\u0117s kostiumas. Kostiumas aktyvina unikalias LEGO\u00ae Persikut\u0117s\u2122 reakcijas, bet jo juo vilk\u0117dama ji gali \u012fkopti \u012f bok\u0161t\u0105 ir laim\u0117ti skaitmenini\u0173 monet\u0173<\/li>\n<li>Smag\u016bs i\u0161\u0161\u016bkiai. Palieskite monet\u0173 kalad\u0117l\u0119 i\u0161 \u201eledo\u201c, su\u010diupkite gelton\u0105 vaisi\u0173, numu\u0161kite nuo bok\u0161to \u201eled\u0105\u201c, aktyvinkite POW kalad\u0117l\u0119 ir nuverskite Kamek nuo bok\u0161to ir i\u0161laisvinkite Rup\u016b\u017e\u0119 ir ledo apsupties<\/li>\n<\/ul>","protected":false},"excerpt":{"rendered":"<p>LEGO Super Mario pradiniai rinkiniai ir papildomi rinkiniai suteikia gerb\u0117jams galimyb\u0119 papildyti, perkonstruoti ir kurti savus unikalius lygius i\u0161tisoms valandoms<\/p>","protected":false},"featured_media":38927,"comment_status":"open","ping_status":"closed","template":"","meta":[],"product_brand":[423],"product_cat":[677,406,531],"product_tag":[],"class_list":{"0":"post-38926","1":"product","2":"type-product","3":"status-publish","4":"has-post-thumbnail","6":"product_brand-lego","7":"product_cat-lego-konstruktoriai","8":"product_cat-lego","9":"product_cat-lego-super-mario","11":"first","12":"instock","13":"taxable","14":"shipping-taxable","15":"purchasable","16":"product-type-simple"},"yoast_head":"<!-- This site is optimized with the Yoast SEO plugin v25.9 - https:\/\/yoast.com\/wordpress\/plugins\/seo\/ -->\n<title>LEGO\u00ae 71407 Cat Peach Suit and Frozen Tower - Expansion Set - Collectin.eu<\/title>\n<meta name=\"description\" content=\"Vaikai gali sukonstruoti itin \u0161aun\u0173 LEGO\u00ae Super Mario\u2122 lyg\u012f su Persikut\u0117s kat\u0117s kostiumo ir ledo bok\u0161to papildomu rinkiniu (71407).\" \/>\n<meta name=\"robots\" content=\"index, follow, max-snippet:-1, max-image-preview:large, max-video-preview:-1\" \/>\n<link rel=\"canonical\" href=\"https:\/\/collectin.eu\/en\/product\/lego-71407-persikutes-kates-kostiumas-ir-ledo-bokstas\/\" \/>\n<meta property=\"og:locale\" content=\"en_US\" \/>\n<meta property=\"og:type\" content=\"article\" \/>\n<meta property=\"og:title\" content=\"LEGO\u00ae 71407 Cat Peach Suit and Frozen Tower - Expansion Set - Collectin.eu\" \/>\n<meta property=\"og:description\" content=\"Vaikai gali sukonstruoti itin \u0161aun\u0173 LEGO\u00ae Super Mario\u2122 lyg\u012f su Persikut\u0117s kat\u0117s kostiumo ir ledo bok\u0161to papildomu rinkiniu (71407).\" \/>\n<meta property=\"og:url\" content=\"https:\/\/collectin.eu\/en\/product\/lego-71407-persikutes-kates-kostiumas-ir-ledo-bokstas\/\" \/>\n<meta property=\"og:site_name\" content=\"Collectin.eu\" \/>\n<meta property=\"article:modified_time\" content=\"2026-04-08T10:24:27+00:00\" \/>\n<meta property=\"og:image\" content=\"http:\/\/collectin.eu\/wp-content\/uploads\/2026\/01\/Untitled-design-2026-01-02T172641.188.png\" \/>\n\t<meta property=\"og:image:width\" content=\"1080\" \/>\n\t<meta property=\"og:image:height\" content=\"1080\" \/>\n\t<meta property=\"og:image:type\" content=\"image\/png\" \/>\n<meta name=\"twitter:card\" content=\"summary_large_image\" \/>\n<meta name=\"twitter:label1\" content=\"Est. reading time\" \/>\n\t<meta name=\"twitter:data1\" content=\"1 minute\" \/>\n<script type=\"application\/ld+json\" class=\"yoast-schema-graph\">{\"@context\":\"https:\/\/schema.org\",\"@graph\":[{\"@type\":\"WebPage\",\"@id\":\"https:\/\/collectin.eu\/produktas\/lego-71407-persikutes-kates-kostiumas-ir-ledo-bokstas\/\",\"url\":\"https:\/\/collectin.eu\/produktas\/lego-71407-persikutes-kates-kostiumas-ir-ledo-bokstas\/\",\"name\":\"LEGO\u00ae 71407 Cat Peach Suit and Frozen Tower - Expansion Set - Collectin.eu\",\"isPartOf\":{\"@id\":\"https:\/\/collectin.eu\/#website\"},\"primaryImageOfPage\":{\"@id\":\"https:\/\/collectin.eu\/produktas\/lego-71407-persikutes-kates-kostiumas-ir-ledo-bokstas\/#primaryimage\"},\"image\":{\"@id\":\"https:\/\/collectin.eu\/produktas\/lego-71407-persikutes-kates-kostiumas-ir-ledo-bokstas\/#primaryimage\"},\"thumbnailUrl\":\"https:\/\/collectin.eu\/wp-content\/uploads\/2026\/01\/Untitled-design-2026-01-02T172641.188.png\",\"datePublished\":\"2026-01-02T15:30:05+00:00\",\"dateModified\":\"2026-04-08T10:24:27+00:00\",\"description\":\"Vaikai gali sukonstruoti itin \u0161aun\u0173 LEGO\u00ae Super Mario\u2122 lyg\u012f su Persikut\u0117s kat\u0117s kostiumo ir ledo bok\u0161to papildomu rinkiniu (71407).\",\"breadcrumb\":{\"@id\":\"https:\/\/collectin.eu\/produktas\/lego-71407-persikutes-kates-kostiumas-ir-ledo-bokstas\/#breadcrumb\"},\"inLanguage\":\"en-US\",\"potentialAction\":[{\"@type\":\"ReadAction\",\"target\":[\"https:\/\/collectin.eu\/produktas\/lego-71407-persikutes-kates-kostiumas-ir-ledo-bokstas\/\"]}]},{\"@type\":\"ImageObject\",\"inLanguage\":\"en-US\",\"@id\":\"https:\/\/collectin.eu\/produktas\/lego-71407-persikutes-kates-kostiumas-ir-ledo-bokstas\/#primaryimage\",\"url\":\"https:\/\/collectin.eu\/wp-content\/uploads\/2026\/01\/Untitled-design-2026-01-02T172641.188.png\",\"contentUrl\":\"https:\/\/collectin.eu\/wp-content\/uploads\/2026\/01\/Untitled-design-2026-01-02T172641.188.png\",\"width\":1080,\"height\":1080},{\"@type\":\"BreadcrumbList\",\"@id\":\"https:\/\/collectin.eu\/produktas\/lego-71407-persikutes-kates-kostiumas-ir-ledo-bokstas\/#breadcrumb\",\"itemListElement\":[{\"@type\":\"ListItem\",\"position\":1,\"name\":\"Home\",\"item\":\"https:\/\/collectin.eu\/\"},{\"@type\":\"ListItem\",\"position\":2,\"name\":\"Parduotuv\u0117\",\"item\":\"https:\/\/collectin.eu\/parduotuve\/\"},{\"@type\":\"ListItem\",\"position\":3,\"name\":\"LEGO\u00ae 71407 Cat Peach Suit and Frozen Tower &#8211; Expansion Set\"}]},{\"@type\":\"WebSite\",\"@id\":\"https:\/\/collectin.eu\/#website\",\"url\":\"https:\/\/collectin.eu\/\",\"name\":\"Collectin.eu\",\"description\":\"\",\"potentialAction\":[{\"@type\":\"SearchAction\",\"target\":{\"@type\":\"EntryPoint\",\"urlTemplate\":\"https:\/\/collectin.eu\/?s={search_term_string}\"},\"query-input\":{\"@type\":\"PropertyValueSpecification\",\"valueRequired\":true,\"valueName\":\"search_term_string\"}}],\"inLanguage\":\"en-US\"}]}<\/script>\n<!-- \/ Yoast SEO plugin. -->","yoast_head_json":{"title":"LEGO\u00ae 71407 Cat Peach Suit and Frozen Tower - Expansion Set - Collectin.eu","description":"Vaikai gali sukonstruoti itin \u0161aun\u0173 LEGO\u00ae Super Mario\u2122 lyg\u012f su Persikut\u0117s kat\u0117s kostiumo ir ledo bok\u0161to papildomu rinkiniu (71407).","robots":{"index":"index","follow":"follow","max-snippet":"max-snippet:-1","max-image-preview":"max-image-preview:large","max-video-preview":"max-video-preview:-1"},"canonical":"https:\/\/collectin.eu\/en\/product\/lego-71407-persikutes-kates-kostiumas-ir-ledo-bokstas\/","og_locale":"en_US","og_type":"article","og_title":"LEGO\u00ae 71407 Cat Peach Suit and Frozen Tower - Expansion Set - Collectin.eu","og_description":"Vaikai gali sukonstruoti itin \u0161aun\u0173 LEGO\u00ae Super Mario\u2122 lyg\u012f su Persikut\u0117s kat\u0117s kostiumo ir ledo bok\u0161to papildomu rinkiniu (71407).","og_url":"https:\/\/collectin.eu\/en\/product\/lego-71407-persikutes-kates-kostiumas-ir-ledo-bokstas\/","og_site_name":"Collectin.eu","article_modified_time":"2026-04-08T10:24:27+00:00","og_image":[{"width":1080,"height":1080,"url":"http:\/\/collectin.eu\/wp-content\/uploads\/2026\/01\/Untitled-design-2026-01-02T172641.188.png","type":"image\/png"}],"twitter_card":"summary_large_image","twitter_misc":{"Est. reading time":"1 minute"},"schema":{"@context":"https:\/\/schema.org","@graph":[{"@type":"WebPage","@id":"https:\/\/collectin.eu\/produktas\/lego-71407-persikutes-kates-kostiumas-ir-ledo-bokstas\/","url":"https:\/\/collectin.eu\/produktas\/lego-71407-persikutes-kates-kostiumas-ir-ledo-bokstas\/","name":"LEGO\u00ae 71407 Cat Peach Suit and Frozen Tower - Expansion Set - Collectin.eu","isPartOf":{"@id":"https:\/\/collectin.eu\/#website"},"primaryImageOfPage":{"@id":"https:\/\/collectin.eu\/produktas\/lego-71407-persikutes-kates-kostiumas-ir-ledo-bokstas\/#primaryimage"},"image":{"@id":"https:\/\/collectin.eu\/produktas\/lego-71407-persikutes-kates-kostiumas-ir-ledo-bokstas\/#primaryimage"},"thumbnailUrl":"https:\/\/collectin.eu\/wp-content\/uploads\/2026\/01\/Untitled-design-2026-01-02T172641.188.png","datePublished":"2026-01-02T15:30:05+00:00","dateModified":"2026-04-08T10:24:27+00:00","description":"Vaikai gali sukonstruoti itin \u0161aun\u0173 LEGO\u00ae Super Mario\u2122 lyg\u012f su Persikut\u0117s kat\u0117s kostiumo ir ledo bok\u0161to papildomu rinkiniu (71407).","breadcrumb":{"@id":"https:\/\/collectin.eu\/produktas\/lego-71407-persikutes-kates-kostiumas-ir-ledo-bokstas\/#breadcrumb"},"inLanguage":"en-US","potentialAction":[{"@type":"ReadAction","target":["https:\/\/collectin.eu\/produktas\/lego-71407-persikutes-kates-kostiumas-ir-ledo-bokstas\/"]}]},{"@type":"ImageObject","inLanguage":"en-US","@id":"https:\/\/collectin.eu\/produktas\/lego-71407-persikutes-kates-kostiumas-ir-ledo-bokstas\/#primaryimage","url":"https:\/\/collectin.eu\/wp-content\/uploads\/2026\/01\/Untitled-design-2026-01-02T172641.188.png","contentUrl":"https:\/\/collectin.eu\/wp-content\/uploads\/2026\/01\/Untitled-design-2026-01-02T172641.188.png","width":1080,"height":1080},{"@type":"BreadcrumbList","@id":"https:\/\/collectin.eu\/produktas\/lego-71407-persikutes-kates-kostiumas-ir-ledo-bokstas\/#breadcrumb","itemListElement":[{"@type":"ListItem","position":1,"name":"Home","item":"https:\/\/collectin.eu\/"},{"@type":"ListItem","position":2,"name":"Parduotuv\u0117","item":"https:\/\/collectin.eu\/parduotuve\/"},{"@type":"ListItem","position":3,"name":"LEGO\u00ae 71407 Cat Peach Suit and Frozen Tower &#8211; Expansion Set"}]},{"@type":"WebSite","@id":"https:\/\/collectin.eu\/#website","url":"https:\/\/collectin.eu\/","name":"Collectin.eu","description":"","potentialAction":[{"@type":"SearchAction","target":{"@type":"EntryPoint","urlTemplate":"https:\/\/collectin.eu\/?s={search_term_string}"},"query-input":{"@type":"PropertyValueSpecification","valueRequired":true,"valueName":"search_term_string"}}],"inLanguage":"en-US"}]}},"jetpack_sharing_enabled":true,"_links":{"self":[{"href":"https:\/\/collectin.eu\/en\/wp-json\/wp\/v2\/product\/38926","targetHints":{"allow":["GET"]}}],"collection":[{"href":"https:\/\/collectin.eu\/en\/wp-json\/wp\/v2\/product"}],"about":[{"href":"https:\/\/collectin.eu\/en\/wp-json\/wp\/v2\/types\/product"}],"replies":[{"embeddable":true,"href":"https:\/\/collectin.eu\/en\/wp-json\/wp\/v2\/comments?post=38926"}],"version-history":[{"count":2,"href":"https:\/\/collectin.eu\/en\/wp-json\/wp\/v2\/product\/38926\/revisions"}],"predecessor-version":[{"id":40361,"href":"https:\/\/collectin.eu\/en\/wp-json\/wp\/v2\/product\/38926\/revisions\/40361"}],"wp:featuredmedia":[{"embeddable":true,"href":"https:\/\/collectin.eu\/en\/wp-json\/wp\/v2\/media\/38927"}],"wp:attachment":[{"href":"https:\/\/collectin.eu\/en\/wp-json\/wp\/v2\/media?parent=38926"}],"wp:term":[{"taxonomy":"product_brand","embeddable":true,"href":"https:\/\/collectin.eu\/en\/wp-json\/wp\/v2\/product_brand?post=38926"},{"taxonomy":"product_cat","embeddable":true,"href":"https:\/\/collectin.eu\/en\/wp-json\/wp\/v2\/product_cat?post=38926"},{"taxonomy":"product_tag","embeddable":true,"href":"https:\/\/collectin.eu\/en\/wp-json\/wp\/v2\/product_tag?post=38926"}],"curies":[{"name":"wp","href":"https:\/\/api.w.org\/{rel}","templated":true}]}}