{"id":38932,"date":"2026-01-02T15:34:49","date_gmt":"2026-01-02T15:34:49","guid":{"rendered":"https:\/\/collectin.eu\/?post_type=product&#038;p=38932"},"modified":"2026-04-08T10:24:27","modified_gmt":"2026-04-08T10:24:27","slug":"lego-71390-reznor-nuvertimo-papildomas-rinkinys","status":"publish","type":"product","link":"https:\/\/collectin.eu\/en\/product\/lego-71390-reznor-nuvertimo-papildomas-rinkinys\/","title":{"rendered":"LEGO\u00ae 71390 Reznor Knockdown &#8211; Expansion Set"},"content":{"rendered":"<p>Kolekciniai LEGO Super Mario \u017eaidimo rinkiniai perkelia visos \u0161eimos numyl\u0117tus Super Mario persona\u017eus \u012f real\u0173 pasaul\u012f, tod\u0117l jie taps super dovanomis vaikams. Pradiniai ir papildomi rinkiniai bei papildom\u0173 gali\u0173 paketai, suteikia gerb\u0117jams galimyb\u0119 kurti unikalius lygius.<\/p>\n<ul>\n<li>Papild\u0119 savo LEGO\u00ae Super Mario\u2122 visat\u0105 Reznor nuvertimo papildomu rinkiniu (71390) vaikai gal\u0117s gelb\u0117ti m\u0117lyn\u0105j\u0105 Rup\u016b\u017e\u0119 \u012fveikdami sukamuosius, supamuosius ir grei\u010dio i\u0161\u0161\u016bkius.<\/li>\n<li>Su legendini\u0173 Super Mario\u2122 persona\u017e\u0173 \u2013 2 Reznor, besisupan\u010dio Grrrol ir m\u0117lynosios Rup\u016b\u017e\u0117s LEGO\u00ae fig\u016br\u0117l\u0117mis, bei ? blokeliais ir i\u0161skirtinis lenk\u010di\u0173 vamzdis suteikia \u017eaid\u0117jams papildom\u0173 atlygi\u0173.<\/li>\n<li>Su konstruojamomis besisukan\u010diomis platformomis, kurios sukasi sukant LEGO\u00ae Mario\u2122 ir (arba) LEGO\u00ae Luigi\u2122 (fig\u016br\u0117l\u0117s nepridedamos) ant prijungto stovo, bei Ie\u0161mu, kuriuo galima nuversti prie\u0161us.<\/li>\n<li>\u0160is 862 dali\u0173 konstravimo rinkinys taps \u012fkvepian\u010dia gimtadienio arba \u0161ventine dovana vaikams nuo 8 met\u0173 am\u017eiaus, kurie jau turi \u017eaidimui b\u016btin\u0105 LEGO\u00ae Super Mario\u2122 pradin\u012f rinkin\u012f (71360 arba 71387).<\/li>\n<\/ul>","protected":false},"excerpt":{"rendered":"<p>Kolekciniai LEGO Super Mario \u017eaidimo rinkiniai perkelia visos \u0161eimos numyl\u0117tus Super Mario persona\u017eus \u012f real\u0173 pasaul\u012f, tod\u0117l jie taps super<\/p>","protected":false},"featured_media":38933,"comment_status":"open","ping_status":"closed","template":"","meta":[],"product_brand":[423],"product_cat":[677,406,531],"product_tag":[],"class_list":{"0":"post-38932","1":"product","2":"type-product","3":"status-publish","4":"has-post-thumbnail","6":"product_brand-lego","7":"product_cat-lego-konstruktoriai","8":"product_cat-lego","9":"product_cat-lego-super-mario","11":"first","12":"instock","13":"taxable","14":"shipping-taxable","15":"purchasable","16":"product-type-simple"},"yoast_head":"<!-- This site is optimized with the Yoast SEO plugin v25.9 - https:\/\/yoast.com\/wordpress\/plugins\/seo\/ -->\n<title>LEGO\u00ae 71390 Reznor Knockdown - Expansion Set - Collectin.eu<\/title>\n<meta name=\"description\" content=\"Suteikite LEGO\u00ae Super Mario\u2122 papildomo smagumo su \u0161iuo Reznor nuvertimo papildomu rinkiniu (71390).\" \/>\n<meta name=\"robots\" content=\"index, follow, max-snippet:-1, max-image-preview:large, max-video-preview:-1\" \/>\n<link rel=\"canonical\" href=\"https:\/\/collectin.eu\/en\/product\/lego-71390-reznor-nuvertimo-papildomas-rinkinys\/\" \/>\n<meta property=\"og:locale\" content=\"en_US\" \/>\n<meta property=\"og:type\" content=\"article\" \/>\n<meta property=\"og:title\" content=\"LEGO\u00ae 71390 Reznor Knockdown - Expansion Set - Collectin.eu\" \/>\n<meta property=\"og:description\" content=\"Suteikite LEGO\u00ae Super Mario\u2122 papildomo smagumo su \u0161iuo Reznor nuvertimo papildomu rinkiniu (71390).\" \/>\n<meta property=\"og:url\" content=\"https:\/\/collectin.eu\/en\/product\/lego-71390-reznor-nuvertimo-papildomas-rinkinys\/\" \/>\n<meta property=\"og:site_name\" content=\"Collectin.eu\" \/>\n<meta property=\"article:modified_time\" content=\"2026-04-08T10:24:27+00:00\" \/>\n<meta property=\"og:image\" content=\"http:\/\/collectin.eu\/wp-content\/uploads\/2026\/01\/Untitled-design-2026-01-02T173128.623.png\" \/>\n\t<meta property=\"og:image:width\" content=\"1080\" \/>\n\t<meta property=\"og:image:height\" content=\"1080\" \/>\n\t<meta property=\"og:image:type\" content=\"image\/png\" \/>\n<meta name=\"twitter:card\" content=\"summary_large_image\" \/>\n<meta name=\"twitter:label1\" content=\"Est. reading time\" \/>\n\t<meta name=\"twitter:data1\" content=\"1 minute\" \/>\n<script type=\"application\/ld+json\" class=\"yoast-schema-graph\">{\"@context\":\"https:\/\/schema.org\",\"@graph\":[{\"@type\":\"WebPage\",\"@id\":\"https:\/\/collectin.eu\/produktas\/lego-71390-reznor-nuvertimo-papildomas-rinkinys\/\",\"url\":\"https:\/\/collectin.eu\/produktas\/lego-71390-reznor-nuvertimo-papildomas-rinkinys\/\",\"name\":\"LEGO\u00ae 71390 Reznor Knockdown - Expansion Set - Collectin.eu\",\"isPartOf\":{\"@id\":\"https:\/\/collectin.eu\/#website\"},\"primaryImageOfPage\":{\"@id\":\"https:\/\/collectin.eu\/produktas\/lego-71390-reznor-nuvertimo-papildomas-rinkinys\/#primaryimage\"},\"image\":{\"@id\":\"https:\/\/collectin.eu\/produktas\/lego-71390-reznor-nuvertimo-papildomas-rinkinys\/#primaryimage\"},\"thumbnailUrl\":\"https:\/\/collectin.eu\/wp-content\/uploads\/2026\/01\/Untitled-design-2026-01-02T173128.623.png\",\"datePublished\":\"2026-01-02T15:34:49+00:00\",\"dateModified\":\"2026-04-08T10:24:27+00:00\",\"description\":\"Suteikite LEGO\u00ae Super Mario\u2122 papildomo smagumo su \u0161iuo Reznor nuvertimo papildomu rinkiniu (71390).\",\"breadcrumb\":{\"@id\":\"https:\/\/collectin.eu\/produktas\/lego-71390-reznor-nuvertimo-papildomas-rinkinys\/#breadcrumb\"},\"inLanguage\":\"en-US\",\"potentialAction\":[{\"@type\":\"ReadAction\",\"target\":[\"https:\/\/collectin.eu\/produktas\/lego-71390-reznor-nuvertimo-papildomas-rinkinys\/\"]}]},{\"@type\":\"ImageObject\",\"inLanguage\":\"en-US\",\"@id\":\"https:\/\/collectin.eu\/produktas\/lego-71390-reznor-nuvertimo-papildomas-rinkinys\/#primaryimage\",\"url\":\"https:\/\/collectin.eu\/wp-content\/uploads\/2026\/01\/Untitled-design-2026-01-02T173128.623.png\",\"contentUrl\":\"https:\/\/collectin.eu\/wp-content\/uploads\/2026\/01\/Untitled-design-2026-01-02T173128.623.png\",\"width\":1080,\"height\":1080},{\"@type\":\"BreadcrumbList\",\"@id\":\"https:\/\/collectin.eu\/produktas\/lego-71390-reznor-nuvertimo-papildomas-rinkinys\/#breadcrumb\",\"itemListElement\":[{\"@type\":\"ListItem\",\"position\":1,\"name\":\"Home\",\"item\":\"https:\/\/collectin.eu\/\"},{\"@type\":\"ListItem\",\"position\":2,\"name\":\"Parduotuv\u0117\",\"item\":\"https:\/\/collectin.eu\/parduotuve\/\"},{\"@type\":\"ListItem\",\"position\":3,\"name\":\"LEGO\u00ae 71390 Reznor Knockdown &#8211; Expansion Set\"}]},{\"@type\":\"WebSite\",\"@id\":\"https:\/\/collectin.eu\/#website\",\"url\":\"https:\/\/collectin.eu\/\",\"name\":\"Collectin.eu\",\"description\":\"\",\"potentialAction\":[{\"@type\":\"SearchAction\",\"target\":{\"@type\":\"EntryPoint\",\"urlTemplate\":\"https:\/\/collectin.eu\/?s={search_term_string}\"},\"query-input\":{\"@type\":\"PropertyValueSpecification\",\"valueRequired\":true,\"valueName\":\"search_term_string\"}}],\"inLanguage\":\"en-US\"}]}<\/script>\n<!-- \/ Yoast SEO plugin. -->","yoast_head_json":{"title":"LEGO\u00ae 71390 Reznor Knockdown - Expansion Set - Collectin.eu","description":"Suteikite LEGO\u00ae Super Mario\u2122 papildomo smagumo su \u0161iuo Reznor nuvertimo papildomu rinkiniu (71390).","robots":{"index":"index","follow":"follow","max-snippet":"max-snippet:-1","max-image-preview":"max-image-preview:large","max-video-preview":"max-video-preview:-1"},"canonical":"https:\/\/collectin.eu\/en\/product\/lego-71390-reznor-nuvertimo-papildomas-rinkinys\/","og_locale":"en_US","og_type":"article","og_title":"LEGO\u00ae 71390 Reznor Knockdown - Expansion Set - Collectin.eu","og_description":"Suteikite LEGO\u00ae Super Mario\u2122 papildomo smagumo su \u0161iuo Reznor nuvertimo papildomu rinkiniu (71390).","og_url":"https:\/\/collectin.eu\/en\/product\/lego-71390-reznor-nuvertimo-papildomas-rinkinys\/","og_site_name":"Collectin.eu","article_modified_time":"2026-04-08T10:24:27+00:00","og_image":[{"width":1080,"height":1080,"url":"http:\/\/collectin.eu\/wp-content\/uploads\/2026\/01\/Untitled-design-2026-01-02T173128.623.png","type":"image\/png"}],"twitter_card":"summary_large_image","twitter_misc":{"Est. reading time":"1 minute"},"schema":{"@context":"https:\/\/schema.org","@graph":[{"@type":"WebPage","@id":"https:\/\/collectin.eu\/produktas\/lego-71390-reznor-nuvertimo-papildomas-rinkinys\/","url":"https:\/\/collectin.eu\/produktas\/lego-71390-reznor-nuvertimo-papildomas-rinkinys\/","name":"LEGO\u00ae 71390 Reznor Knockdown - Expansion Set - Collectin.eu","isPartOf":{"@id":"https:\/\/collectin.eu\/#website"},"primaryImageOfPage":{"@id":"https:\/\/collectin.eu\/produktas\/lego-71390-reznor-nuvertimo-papildomas-rinkinys\/#primaryimage"},"image":{"@id":"https:\/\/collectin.eu\/produktas\/lego-71390-reznor-nuvertimo-papildomas-rinkinys\/#primaryimage"},"thumbnailUrl":"https:\/\/collectin.eu\/wp-content\/uploads\/2026\/01\/Untitled-design-2026-01-02T173128.623.png","datePublished":"2026-01-02T15:34:49+00:00","dateModified":"2026-04-08T10:24:27+00:00","description":"Suteikite LEGO\u00ae Super Mario\u2122 papildomo smagumo su \u0161iuo Reznor nuvertimo papildomu rinkiniu (71390).","breadcrumb":{"@id":"https:\/\/collectin.eu\/produktas\/lego-71390-reznor-nuvertimo-papildomas-rinkinys\/#breadcrumb"},"inLanguage":"en-US","potentialAction":[{"@type":"ReadAction","target":["https:\/\/collectin.eu\/produktas\/lego-71390-reznor-nuvertimo-papildomas-rinkinys\/"]}]},{"@type":"ImageObject","inLanguage":"en-US","@id":"https:\/\/collectin.eu\/produktas\/lego-71390-reznor-nuvertimo-papildomas-rinkinys\/#primaryimage","url":"https:\/\/collectin.eu\/wp-content\/uploads\/2026\/01\/Untitled-design-2026-01-02T173128.623.png","contentUrl":"https:\/\/collectin.eu\/wp-content\/uploads\/2026\/01\/Untitled-design-2026-01-02T173128.623.png","width":1080,"height":1080},{"@type":"BreadcrumbList","@id":"https:\/\/collectin.eu\/produktas\/lego-71390-reznor-nuvertimo-papildomas-rinkinys\/#breadcrumb","itemListElement":[{"@type":"ListItem","position":1,"name":"Home","item":"https:\/\/collectin.eu\/"},{"@type":"ListItem","position":2,"name":"Parduotuv\u0117","item":"https:\/\/collectin.eu\/parduotuve\/"},{"@type":"ListItem","position":3,"name":"LEGO\u00ae 71390 Reznor Knockdown &#8211; Expansion Set"}]},{"@type":"WebSite","@id":"https:\/\/collectin.eu\/#website","url":"https:\/\/collectin.eu\/","name":"Collectin.eu","description":"","potentialAction":[{"@type":"SearchAction","target":{"@type":"EntryPoint","urlTemplate":"https:\/\/collectin.eu\/?s={search_term_string}"},"query-input":{"@type":"PropertyValueSpecification","valueRequired":true,"valueName":"search_term_string"}}],"inLanguage":"en-US"}]}},"jetpack_sharing_enabled":true,"_links":{"self":[{"href":"https:\/\/collectin.eu\/en\/wp-json\/wp\/v2\/product\/38932","targetHints":{"allow":["GET"]}}],"collection":[{"href":"https:\/\/collectin.eu\/en\/wp-json\/wp\/v2\/product"}],"about":[{"href":"https:\/\/collectin.eu\/en\/wp-json\/wp\/v2\/types\/product"}],"replies":[{"embeddable":true,"href":"https:\/\/collectin.eu\/en\/wp-json\/wp\/v2\/comments?post=38932"}],"version-history":[{"count":2,"href":"https:\/\/collectin.eu\/en\/wp-json\/wp\/v2\/product\/38932\/revisions"}],"predecessor-version":[{"id":40360,"href":"https:\/\/collectin.eu\/en\/wp-json\/wp\/v2\/product\/38932\/revisions\/40360"}],"wp:featuredmedia":[{"embeddable":true,"href":"https:\/\/collectin.eu\/en\/wp-json\/wp\/v2\/media\/38933"}],"wp:attachment":[{"href":"https:\/\/collectin.eu\/en\/wp-json\/wp\/v2\/media?parent=38932"}],"wp:term":[{"taxonomy":"product_brand","embeddable":true,"href":"https:\/\/collectin.eu\/en\/wp-json\/wp\/v2\/product_brand?post=38932"},{"taxonomy":"product_cat","embeddable":true,"href":"https:\/\/collectin.eu\/en\/wp-json\/wp\/v2\/product_cat?post=38932"},{"taxonomy":"product_tag","embeddable":true,"href":"https:\/\/collectin.eu\/en\/wp-json\/wp\/v2\/product_tag?post=38932"}],"curies":[{"name":"wp","href":"https:\/\/api.w.org\/{rel}","templated":true}]}}