{"id":38949,"date":"2026-01-02T22:24:37","date_gmt":"2026-01-02T22:24:37","guid":{"rendered":"https:\/\/collectin.eu\/?post_type=product&#038;p=38949"},"modified":"2026-04-08T10:24:25","modified_gmt":"2026-04-08T10:24:25","slug":"lego-71732-epinio-musio-rinkinys-jay-pries-serpentine","status":"publish","type":"product","link":"https:\/\/collectin.eu\/en\/product\/lego-71732-epinio-musio-rinkinys-jay-pries-serpentine\/","title":{"rendered":"LEGO\u00ae 71732 Epic Battle Set &#8211; Jay vs Serpentine"},"content":{"rendered":"<p>LEGO NINJAGO \u017eaidimo rinkiniai atitraukia vaikus nuo ekran\u0173, kad jie leist\u0173si \u012f narsius nuotykius savo vaizduot\u0117s pasaulyje. Jie gali i\u0161mokti verting\u0173 gyvenimo \u012fg\u016bd\u017ei\u0173 ir susivienyti su herojais, \u017eaid\u017eiant veiksmo scenas su nuostabia nindzi\u0173 \u017eaisl\u0173 kolekcija, \u012fskaitant robotus, l\u0117ktuvus ir drakonus.<\/p>\n<ul>\n<li>LEGO\u00ae NINJAGO\u00ae Epinis m\u016b\u0161io rinkinys \u2013 Jay prie\u0161 Serpentine (71732) suteikia vaikams visk\u0105, ko jiems reikia \u017eaisti intriguojan\u010dioms dvikovoms tarp j\u0173 nindzi\u0173 herojaus Jay ir piktadario Serpentine.<\/li>\n<li>Nindzi\u0173 \u017eaisl\u0173 \u017eaidim\u0173 rinkin\u012f sudaro 2 minifig\u016br\u0117l\u0117s: naujasis 2021 m. sausio Jay ir Legacy Serpentine i\u0161 LEGO\u00ae NINJAGO\u00ae TV serialo bei 4 i\u0161skirtiniai m\u0117lynieji ginklai.<\/li>\n<li>Nindzi\u0173 m\u016b\u0161io \u017eaisl\u0105 taip pat sudaro i\u0161 kalad\u0117li\u0173 konstruojama gyvat\u0117s statula ir sukamoji m\u016b\u0161io platforma, kuri\u0105 Jay gali panaudoti m\u016b\u0161io \u012fkar\u0161tyje savo var\u017eovui pargriauti.<\/li>\n<li>\u0160\u012f LEGO\u00ae pradin\u012f rinkin\u012f sudaro tik 69 dalys, tod\u0117l jis idealiai tinka ma\u017eiesiems konstruotojams nuo 6 met\u0173 am\u017eiaus ir taps jiems puikia dovana ar staigmena.<\/li>\n<\/ul>","protected":false},"excerpt":{"rendered":"<p>LEGO NINJAGO \u017eaidimo rinkiniai atitraukia vaikus nuo ekran\u0173, kad jie leist\u0173si \u012f narsius nuotykius savo vaizduot\u0117s pasaulyje. Jie gali i\u0161mokti<\/p>","protected":false},"featured_media":38950,"comment_status":"open","ping_status":"closed","template":"","meta":[],"product_brand":[423],"product_cat":[677,406,532],"product_tag":[],"class_list":{"0":"post-38949","1":"product","2":"type-product","3":"status-publish","4":"has-post-thumbnail","6":"product_brand-lego","7":"product_cat-lego-konstruktoriai","8":"product_cat-lego","9":"product_cat-lego-ninjago","11":"first","12":"instock","13":"taxable","14":"shipping-taxable","15":"purchasable","16":"product-type-simple"},"yoast_head":"<!-- This site is optimized with the Yoast SEO plugin v25.9 - https:\/\/yoast.com\/wordpress\/plugins\/seo\/ -->\n<title>LEGO\u00ae 71732 Epic Battle Set - Jay vs Serpentine - Collectin.eu<\/title>\n<meta name=\"description\" content=\"Paskatinkite k\u016brybingus vaikus rengti savo sukam\u0173j\u0173 spyri\u0173 m\u016b\u0161ius su \u0161iuo \u012fsp\u016bdingu epiniu m\u016b\u0161io rinkiniu \u2013 Jay prie\u0161 Serpentine 71732 konstravimo rinkiniu.\" \/>\n<meta name=\"robots\" content=\"index, follow, max-snippet:-1, max-image-preview:large, max-video-preview:-1\" \/>\n<link rel=\"canonical\" href=\"https:\/\/collectin.eu\/en\/product\/lego-71732-epinio-musio-rinkinys-jay-pries-serpentine\/\" \/>\n<meta property=\"og:locale\" content=\"en_US\" \/>\n<meta property=\"og:type\" content=\"article\" \/>\n<meta property=\"og:title\" content=\"LEGO\u00ae 71732 Epic Battle Set - Jay vs Serpentine - Collectin.eu\" \/>\n<meta property=\"og:description\" content=\"Paskatinkite k\u016brybingus vaikus rengti savo sukam\u0173j\u0173 spyri\u0173 m\u016b\u0161ius su \u0161iuo \u012fsp\u016bdingu epiniu m\u016b\u0161io rinkiniu \u2013 Jay prie\u0161 Serpentine 71732 konstravimo rinkiniu.\" \/>\n<meta property=\"og:url\" content=\"https:\/\/collectin.eu\/en\/product\/lego-71732-epinio-musio-rinkinys-jay-pries-serpentine\/\" \/>\n<meta property=\"og:site_name\" content=\"Collectin.eu\" \/>\n<meta property=\"article:modified_time\" content=\"2026-04-08T10:24:25+00:00\" \/>\n<meta property=\"og:image\" content=\"http:\/\/collectin.eu\/wp-content\/uploads\/2026\/01\/Untitled-design-2026-01-03T002037.935.png\" \/>\n\t<meta property=\"og:image:width\" content=\"1080\" \/>\n\t<meta property=\"og:image:height\" content=\"1080\" \/>\n\t<meta property=\"og:image:type\" content=\"image\/png\" \/>\n<meta name=\"twitter:card\" content=\"summary_large_image\" \/>\n<meta name=\"twitter:label1\" content=\"Est. reading time\" \/>\n\t<meta name=\"twitter:data1\" content=\"1 minute\" \/>\n<script type=\"application\/ld+json\" class=\"yoast-schema-graph\">{\"@context\":\"https:\/\/schema.org\",\"@graph\":[{\"@type\":\"WebPage\",\"@id\":\"https:\/\/collectin.eu\/produktas\/lego-71732-epinio-musio-rinkinys-jay-pries-serpentine\/\",\"url\":\"https:\/\/collectin.eu\/produktas\/lego-71732-epinio-musio-rinkinys-jay-pries-serpentine\/\",\"name\":\"LEGO\u00ae 71732 Epic Battle Set - Jay vs Serpentine - Collectin.eu\",\"isPartOf\":{\"@id\":\"https:\/\/collectin.eu\/#website\"},\"primaryImageOfPage\":{\"@id\":\"https:\/\/collectin.eu\/produktas\/lego-71732-epinio-musio-rinkinys-jay-pries-serpentine\/#primaryimage\"},\"image\":{\"@id\":\"https:\/\/collectin.eu\/produktas\/lego-71732-epinio-musio-rinkinys-jay-pries-serpentine\/#primaryimage\"},\"thumbnailUrl\":\"https:\/\/collectin.eu\/wp-content\/uploads\/2026\/01\/Untitled-design-2026-01-03T002037.935.png\",\"datePublished\":\"2026-01-02T22:24:37+00:00\",\"dateModified\":\"2026-04-08T10:24:25+00:00\",\"description\":\"Paskatinkite k\u016brybingus vaikus rengti savo sukam\u0173j\u0173 spyri\u0173 m\u016b\u0161ius su \u0161iuo \u012fsp\u016bdingu epiniu m\u016b\u0161io rinkiniu \u2013 Jay prie\u0161 Serpentine 71732 konstravimo rinkiniu.\",\"breadcrumb\":{\"@id\":\"https:\/\/collectin.eu\/produktas\/lego-71732-epinio-musio-rinkinys-jay-pries-serpentine\/#breadcrumb\"},\"inLanguage\":\"en-US\",\"potentialAction\":[{\"@type\":\"ReadAction\",\"target\":[\"https:\/\/collectin.eu\/produktas\/lego-71732-epinio-musio-rinkinys-jay-pries-serpentine\/\"]}]},{\"@type\":\"ImageObject\",\"inLanguage\":\"en-US\",\"@id\":\"https:\/\/collectin.eu\/produktas\/lego-71732-epinio-musio-rinkinys-jay-pries-serpentine\/#primaryimage\",\"url\":\"https:\/\/collectin.eu\/wp-content\/uploads\/2026\/01\/Untitled-design-2026-01-03T002037.935.png\",\"contentUrl\":\"https:\/\/collectin.eu\/wp-content\/uploads\/2026\/01\/Untitled-design-2026-01-03T002037.935.png\",\"width\":1080,\"height\":1080},{\"@type\":\"BreadcrumbList\",\"@id\":\"https:\/\/collectin.eu\/produktas\/lego-71732-epinio-musio-rinkinys-jay-pries-serpentine\/#breadcrumb\",\"itemListElement\":[{\"@type\":\"ListItem\",\"position\":1,\"name\":\"Home\",\"item\":\"https:\/\/collectin.eu\/\"},{\"@type\":\"ListItem\",\"position\":2,\"name\":\"Parduotuv\u0117\",\"item\":\"https:\/\/collectin.eu\/parduotuve\/\"},{\"@type\":\"ListItem\",\"position\":3,\"name\":\"LEGO\u00ae 71732 Epic Battle Set &#8211; Jay vs Serpentine\"}]},{\"@type\":\"WebSite\",\"@id\":\"https:\/\/collectin.eu\/#website\",\"url\":\"https:\/\/collectin.eu\/\",\"name\":\"Collectin.eu\",\"description\":\"\",\"potentialAction\":[{\"@type\":\"SearchAction\",\"target\":{\"@type\":\"EntryPoint\",\"urlTemplate\":\"https:\/\/collectin.eu\/?s={search_term_string}\"},\"query-input\":{\"@type\":\"PropertyValueSpecification\",\"valueRequired\":true,\"valueName\":\"search_term_string\"}}],\"inLanguage\":\"en-US\"}]}<\/script>\n<!-- \/ Yoast SEO plugin. -->","yoast_head_json":{"title":"LEGO\u00ae 71732 Epic Battle Set - Jay vs Serpentine - Collectin.eu","description":"Paskatinkite k\u016brybingus vaikus rengti savo sukam\u0173j\u0173 spyri\u0173 m\u016b\u0161ius su \u0161iuo \u012fsp\u016bdingu epiniu m\u016b\u0161io rinkiniu \u2013 Jay prie\u0161 Serpentine 71732 konstravimo rinkiniu.","robots":{"index":"index","follow":"follow","max-snippet":"max-snippet:-1","max-image-preview":"max-image-preview:large","max-video-preview":"max-video-preview:-1"},"canonical":"https:\/\/collectin.eu\/en\/product\/lego-71732-epinio-musio-rinkinys-jay-pries-serpentine\/","og_locale":"en_US","og_type":"article","og_title":"LEGO\u00ae 71732 Epic Battle Set - Jay vs Serpentine - Collectin.eu","og_description":"Paskatinkite k\u016brybingus vaikus rengti savo sukam\u0173j\u0173 spyri\u0173 m\u016b\u0161ius su \u0161iuo \u012fsp\u016bdingu epiniu m\u016b\u0161io rinkiniu \u2013 Jay prie\u0161 Serpentine 71732 konstravimo rinkiniu.","og_url":"https:\/\/collectin.eu\/en\/product\/lego-71732-epinio-musio-rinkinys-jay-pries-serpentine\/","og_site_name":"Collectin.eu","article_modified_time":"2026-04-08T10:24:25+00:00","og_image":[{"width":1080,"height":1080,"url":"http:\/\/collectin.eu\/wp-content\/uploads\/2026\/01\/Untitled-design-2026-01-03T002037.935.png","type":"image\/png"}],"twitter_card":"summary_large_image","twitter_misc":{"Est. reading time":"1 minute"},"schema":{"@context":"https:\/\/schema.org","@graph":[{"@type":"WebPage","@id":"https:\/\/collectin.eu\/produktas\/lego-71732-epinio-musio-rinkinys-jay-pries-serpentine\/","url":"https:\/\/collectin.eu\/produktas\/lego-71732-epinio-musio-rinkinys-jay-pries-serpentine\/","name":"LEGO\u00ae 71732 Epic Battle Set - Jay vs Serpentine - Collectin.eu","isPartOf":{"@id":"https:\/\/collectin.eu\/#website"},"primaryImageOfPage":{"@id":"https:\/\/collectin.eu\/produktas\/lego-71732-epinio-musio-rinkinys-jay-pries-serpentine\/#primaryimage"},"image":{"@id":"https:\/\/collectin.eu\/produktas\/lego-71732-epinio-musio-rinkinys-jay-pries-serpentine\/#primaryimage"},"thumbnailUrl":"https:\/\/collectin.eu\/wp-content\/uploads\/2026\/01\/Untitled-design-2026-01-03T002037.935.png","datePublished":"2026-01-02T22:24:37+00:00","dateModified":"2026-04-08T10:24:25+00:00","description":"Paskatinkite k\u016brybingus vaikus rengti savo sukam\u0173j\u0173 spyri\u0173 m\u016b\u0161ius su \u0161iuo \u012fsp\u016bdingu epiniu m\u016b\u0161io rinkiniu \u2013 Jay prie\u0161 Serpentine 71732 konstravimo rinkiniu.","breadcrumb":{"@id":"https:\/\/collectin.eu\/produktas\/lego-71732-epinio-musio-rinkinys-jay-pries-serpentine\/#breadcrumb"},"inLanguage":"en-US","potentialAction":[{"@type":"ReadAction","target":["https:\/\/collectin.eu\/produktas\/lego-71732-epinio-musio-rinkinys-jay-pries-serpentine\/"]}]},{"@type":"ImageObject","inLanguage":"en-US","@id":"https:\/\/collectin.eu\/produktas\/lego-71732-epinio-musio-rinkinys-jay-pries-serpentine\/#primaryimage","url":"https:\/\/collectin.eu\/wp-content\/uploads\/2026\/01\/Untitled-design-2026-01-03T002037.935.png","contentUrl":"https:\/\/collectin.eu\/wp-content\/uploads\/2026\/01\/Untitled-design-2026-01-03T002037.935.png","width":1080,"height":1080},{"@type":"BreadcrumbList","@id":"https:\/\/collectin.eu\/produktas\/lego-71732-epinio-musio-rinkinys-jay-pries-serpentine\/#breadcrumb","itemListElement":[{"@type":"ListItem","position":1,"name":"Home","item":"https:\/\/collectin.eu\/"},{"@type":"ListItem","position":2,"name":"Parduotuv\u0117","item":"https:\/\/collectin.eu\/parduotuve\/"},{"@type":"ListItem","position":3,"name":"LEGO\u00ae 71732 Epic Battle Set &#8211; Jay vs Serpentine"}]},{"@type":"WebSite","@id":"https:\/\/collectin.eu\/#website","url":"https:\/\/collectin.eu\/","name":"Collectin.eu","description":"","potentialAction":[{"@type":"SearchAction","target":{"@type":"EntryPoint","urlTemplate":"https:\/\/collectin.eu\/?s={search_term_string}"},"query-input":{"@type":"PropertyValueSpecification","valueRequired":true,"valueName":"search_term_string"}}],"inLanguage":"en-US"}]}},"jetpack_sharing_enabled":true,"_links":{"self":[{"href":"https:\/\/collectin.eu\/en\/wp-json\/wp\/v2\/product\/38949","targetHints":{"allow":["GET"]}}],"collection":[{"href":"https:\/\/collectin.eu\/en\/wp-json\/wp\/v2\/product"}],"about":[{"href":"https:\/\/collectin.eu\/en\/wp-json\/wp\/v2\/types\/product"}],"replies":[{"embeddable":true,"href":"https:\/\/collectin.eu\/en\/wp-json\/wp\/v2\/comments?post=38949"}],"version-history":[{"count":3,"href":"https:\/\/collectin.eu\/en\/wp-json\/wp\/v2\/product\/38949\/revisions"}],"predecessor-version":[{"id":40355,"href":"https:\/\/collectin.eu\/en\/wp-json\/wp\/v2\/product\/38949\/revisions\/40355"}],"wp:featuredmedia":[{"embeddable":true,"href":"https:\/\/collectin.eu\/en\/wp-json\/wp\/v2\/media\/38950"}],"wp:attachment":[{"href":"https:\/\/collectin.eu\/en\/wp-json\/wp\/v2\/media?parent=38949"}],"wp:term":[{"taxonomy":"product_brand","embeddable":true,"href":"https:\/\/collectin.eu\/en\/wp-json\/wp\/v2\/product_brand?post=38949"},{"taxonomy":"product_cat","embeddable":true,"href":"https:\/\/collectin.eu\/en\/wp-json\/wp\/v2\/product_cat?post=38949"},{"taxonomy":"product_tag","embeddable":true,"href":"https:\/\/collectin.eu\/en\/wp-json\/wp\/v2\/product_tag?post=38949"}],"curies":[{"name":"wp","href":"https:\/\/api.w.org\/{rel}","templated":true}]}}