{"id":38955,"date":"2026-01-02T22:29:47","date_gmt":"2026-01-02T22:29:47","guid":{"rendered":"https:\/\/collectin.eu\/?post_type=product&#038;p=38955"},"modified":"2026-04-08T10:24:25","modified_gmt":"2026-04-08T10:24:25","slug":"lego-71764-nindziu-treniruociu-centras","status":"publish","type":"product","link":"https:\/\/collectin.eu\/en\/product\/lego-71764-nindziu-treniruociu-centras\/","title":{"rendered":"LEGO\u00ae 71764 Ninja Training Center"},"content":{"rendered":"<p>\u017daidim\u0173 rinkinyje yra interaktyvios skaitmenin\u0117s konstravimo instrukcijos, kad konstravimo patirtis b\u016bt\u0173 dar smagesn\u0117. Nemokamoje LEGO Building Instructions program\u0117l\u0117je, skirtoje naudoti i\u0161maniuosiuose telefonuose ir plan\u0161etiniuose kompiuteriuose, esantys mastelio keitimo ir pasukimo \u012frankiai pad\u0117s jums ap\u017ei\u016br\u0117ti model\u012f j\u012f konstruojant. Konstruotojai taip pat gali i\u0161saugoti eig\u0105 bet kuriame program\u0117l\u0117s ta\u0161ke.<\/p>\n<ul>\n<li>Interaktyvus \u017eaidimo rinkinys. Vaikai gali treniruoti savo nindzes herojus su suktuku \u012fvairiose u\u017eduotyse veiksmo kupiname LEGO\u00ae NINJAGO\u00ae Nindzi\u0173 treniruo\u010di\u0173 centre (71764).<\/li>\n<li>3 minifig\u016br\u0117l\u0117s. Nindzi\u0173 \u017eaisl\u0105 sudaro Zane ir Jay su kardais ir Smauglys naikintojas su savo dideliu kardu, kad vaikai gal\u0117t\u0173 rengti krauj\u0105 stingdan\u010dias kovas.<\/li>\n<li>Sukam\u0173j\u0173 \u017eaisl\u0173 nuotykiai. Vaikai gali \u012fstatyti nindz\u0119 \u012f suktuk\u0105, patraukti virvel\u0119 ir steb\u0117ti, kaip nindz\u0117 \u012fveikia \u012fvairias u\u017eduotis, \u012fskaitant \u0161uol\u012f per gyva\u010di\u0173 duob\u0119 ir kov\u0105 su treniruo\u010di\u0173 robotu.<\/li>\n<li>Kolekcionuojama juosta. Nuo 2022 m. sausio m\u0117n. pasirodys naujov\u0117, kai vaikai, \u012fvykd\u0119 misijas gaus balanso juost\u0105, kuri\u0105 bus galima pasikabinti nindzi\u0173 treniruo\u010di\u0173 centre.<\/li>\n<li>Daugiau apdovanojim\u0173. Ie\u0161kokite juost\u0173 7 kituose NINJAGO\u00ae rinkiniuose, \u012fskaitant Kai ugnies drakono EVO (71762), Nindzi\u0173 treniruo\u010di\u0173 \u0161ventov\u0119 (71767) ir Lloyd legendinis drakonas (71766).<\/li>\n<\/ul>","protected":false},"excerpt":{"rendered":"<p>\u017daidim\u0173 rinkinyje yra interaktyvios skaitmenin\u0117s konstravimo instrukcijos, kad konstravimo patirtis b\u016bt\u0173 dar smagesn\u0117. Nemokamoje LEGO Building Instructions program\u0117l\u0117je, skirtoje naudoti<\/p>","protected":false},"featured_media":38956,"comment_status":"open","ping_status":"closed","template":"","meta":[],"product_brand":[423],"product_cat":[677,406,532],"product_tag":[],"class_list":{"0":"post-38955","1":"product","2":"type-product","3":"status-publish","4":"has-post-thumbnail","6":"product_brand-lego","7":"product_cat-lego-konstruktoriai","8":"product_cat-lego","9":"product_cat-lego-ninjago","11":"first","12":"instock","13":"taxable","14":"shipping-taxable","15":"purchasable","16":"product-type-simple"},"yoast_head":"<!-- This site is optimized with the Yoast SEO plugin v25.9 - https:\/\/yoast.com\/wordpress\/plugins\/seo\/ -->\n<title>LEGO\u00ae 71764 Ninja Training Center - Collectin.eu<\/title>\n<meta name=\"description\" content=\"\u0160is Nindzi\u0173 treniruo\u010di\u0173 centro (71764) \u017eaidimo rinkinys kupinas visko, ko NINJAGO\u00ae gerb\u0117jams nuo 7 met\u0173 am\u017eiaus reikia pad\u0117ti savo herojams i\u0161mokti Spinjitzu.\" \/>\n<meta name=\"robots\" content=\"index, follow, max-snippet:-1, max-image-preview:large, max-video-preview:-1\" \/>\n<link rel=\"canonical\" href=\"https:\/\/collectin.eu\/en\/product\/lego-71764-nindziu-treniruociu-centras\/\" \/>\n<meta property=\"og:locale\" content=\"en_US\" \/>\n<meta property=\"og:type\" content=\"article\" \/>\n<meta property=\"og:title\" content=\"LEGO\u00ae 71764 Ninja Training Center - Collectin.eu\" \/>\n<meta property=\"og:description\" content=\"\u0160is Nindzi\u0173 treniruo\u010di\u0173 centro (71764) \u017eaidimo rinkinys kupinas visko, ko NINJAGO\u00ae gerb\u0117jams nuo 7 met\u0173 am\u017eiaus reikia pad\u0117ti savo herojams i\u0161mokti Spinjitzu.\" \/>\n<meta property=\"og:url\" content=\"https:\/\/collectin.eu\/en\/product\/lego-71764-nindziu-treniruociu-centras\/\" \/>\n<meta property=\"og:site_name\" content=\"Collectin.eu\" \/>\n<meta property=\"article:modified_time\" content=\"2026-04-08T10:24:25+00:00\" \/>\n<meta property=\"og:image\" content=\"http:\/\/collectin.eu\/wp-content\/uploads\/2026\/01\/Untitled-design-2026-01-03T002626.035.png\" \/>\n\t<meta property=\"og:image:width\" content=\"1080\" \/>\n\t<meta property=\"og:image:height\" content=\"1080\" \/>\n\t<meta property=\"og:image:type\" content=\"image\/png\" \/>\n<meta name=\"twitter:card\" content=\"summary_large_image\" \/>\n<meta name=\"twitter:label1\" content=\"Est. reading time\" \/>\n\t<meta name=\"twitter:data1\" content=\"2 minutes\" \/>\n<script type=\"application\/ld+json\" class=\"yoast-schema-graph\">{\"@context\":\"https:\/\/schema.org\",\"@graph\":[{\"@type\":\"WebPage\",\"@id\":\"https:\/\/collectin.eu\/produktas\/lego-71764-nindziu-treniruociu-centras\/\",\"url\":\"https:\/\/collectin.eu\/produktas\/lego-71764-nindziu-treniruociu-centras\/\",\"name\":\"LEGO\u00ae 71764 Ninja Training Center - Collectin.eu\",\"isPartOf\":{\"@id\":\"https:\/\/collectin.eu\/#website\"},\"primaryImageOfPage\":{\"@id\":\"https:\/\/collectin.eu\/produktas\/lego-71764-nindziu-treniruociu-centras\/#primaryimage\"},\"image\":{\"@id\":\"https:\/\/collectin.eu\/produktas\/lego-71764-nindziu-treniruociu-centras\/#primaryimage\"},\"thumbnailUrl\":\"https:\/\/collectin.eu\/wp-content\/uploads\/2026\/01\/Untitled-design-2026-01-03T002626.035.png\",\"datePublished\":\"2026-01-02T22:29:47+00:00\",\"dateModified\":\"2026-04-08T10:24:25+00:00\",\"description\":\"\u0160is Nindzi\u0173 treniruo\u010di\u0173 centro (71764) \u017eaidimo rinkinys kupinas visko, ko NINJAGO\u00ae gerb\u0117jams nuo 7 met\u0173 am\u017eiaus reikia pad\u0117ti savo herojams i\u0161mokti Spinjitzu.\",\"breadcrumb\":{\"@id\":\"https:\/\/collectin.eu\/produktas\/lego-71764-nindziu-treniruociu-centras\/#breadcrumb\"},\"inLanguage\":\"en-US\",\"potentialAction\":[{\"@type\":\"ReadAction\",\"target\":[\"https:\/\/collectin.eu\/produktas\/lego-71764-nindziu-treniruociu-centras\/\"]}]},{\"@type\":\"ImageObject\",\"inLanguage\":\"en-US\",\"@id\":\"https:\/\/collectin.eu\/produktas\/lego-71764-nindziu-treniruociu-centras\/#primaryimage\",\"url\":\"https:\/\/collectin.eu\/wp-content\/uploads\/2026\/01\/Untitled-design-2026-01-03T002626.035.png\",\"contentUrl\":\"https:\/\/collectin.eu\/wp-content\/uploads\/2026\/01\/Untitled-design-2026-01-03T002626.035.png\",\"width\":1080,\"height\":1080},{\"@type\":\"BreadcrumbList\",\"@id\":\"https:\/\/collectin.eu\/produktas\/lego-71764-nindziu-treniruociu-centras\/#breadcrumb\",\"itemListElement\":[{\"@type\":\"ListItem\",\"position\":1,\"name\":\"Home\",\"item\":\"https:\/\/collectin.eu\/\"},{\"@type\":\"ListItem\",\"position\":2,\"name\":\"Parduotuv\u0117\",\"item\":\"https:\/\/collectin.eu\/parduotuve\/\"},{\"@type\":\"ListItem\",\"position\":3,\"name\":\"LEGO\u00ae 71764 Ninja Training Center\"}]},{\"@type\":\"WebSite\",\"@id\":\"https:\/\/collectin.eu\/#website\",\"url\":\"https:\/\/collectin.eu\/\",\"name\":\"Collectin.eu\",\"description\":\"\",\"potentialAction\":[{\"@type\":\"SearchAction\",\"target\":{\"@type\":\"EntryPoint\",\"urlTemplate\":\"https:\/\/collectin.eu\/?s={search_term_string}\"},\"query-input\":{\"@type\":\"PropertyValueSpecification\",\"valueRequired\":true,\"valueName\":\"search_term_string\"}}],\"inLanguage\":\"en-US\"}]}<\/script>\n<!-- \/ Yoast SEO plugin. -->","yoast_head_json":{"title":"LEGO\u00ae 71764 Ninja Training Center - Collectin.eu","description":"\u0160is Nindzi\u0173 treniruo\u010di\u0173 centro (71764) \u017eaidimo rinkinys kupinas visko, ko NINJAGO\u00ae gerb\u0117jams nuo 7 met\u0173 am\u017eiaus reikia pad\u0117ti savo herojams i\u0161mokti Spinjitzu.","robots":{"index":"index","follow":"follow","max-snippet":"max-snippet:-1","max-image-preview":"max-image-preview:large","max-video-preview":"max-video-preview:-1"},"canonical":"https:\/\/collectin.eu\/en\/product\/lego-71764-nindziu-treniruociu-centras\/","og_locale":"en_US","og_type":"article","og_title":"LEGO\u00ae 71764 Ninja Training Center - Collectin.eu","og_description":"\u0160is Nindzi\u0173 treniruo\u010di\u0173 centro (71764) \u017eaidimo rinkinys kupinas visko, ko NINJAGO\u00ae gerb\u0117jams nuo 7 met\u0173 am\u017eiaus reikia pad\u0117ti savo herojams i\u0161mokti Spinjitzu.","og_url":"https:\/\/collectin.eu\/en\/product\/lego-71764-nindziu-treniruociu-centras\/","og_site_name":"Collectin.eu","article_modified_time":"2026-04-08T10:24:25+00:00","og_image":[{"width":1080,"height":1080,"url":"http:\/\/collectin.eu\/wp-content\/uploads\/2026\/01\/Untitled-design-2026-01-03T002626.035.png","type":"image\/png"}],"twitter_card":"summary_large_image","twitter_misc":{"Est. reading time":"2 minutes"},"schema":{"@context":"https:\/\/schema.org","@graph":[{"@type":"WebPage","@id":"https:\/\/collectin.eu\/produktas\/lego-71764-nindziu-treniruociu-centras\/","url":"https:\/\/collectin.eu\/produktas\/lego-71764-nindziu-treniruociu-centras\/","name":"LEGO\u00ae 71764 Ninja Training Center - Collectin.eu","isPartOf":{"@id":"https:\/\/collectin.eu\/#website"},"primaryImageOfPage":{"@id":"https:\/\/collectin.eu\/produktas\/lego-71764-nindziu-treniruociu-centras\/#primaryimage"},"image":{"@id":"https:\/\/collectin.eu\/produktas\/lego-71764-nindziu-treniruociu-centras\/#primaryimage"},"thumbnailUrl":"https:\/\/collectin.eu\/wp-content\/uploads\/2026\/01\/Untitled-design-2026-01-03T002626.035.png","datePublished":"2026-01-02T22:29:47+00:00","dateModified":"2026-04-08T10:24:25+00:00","description":"\u0160is Nindzi\u0173 treniruo\u010di\u0173 centro (71764) \u017eaidimo rinkinys kupinas visko, ko NINJAGO\u00ae gerb\u0117jams nuo 7 met\u0173 am\u017eiaus reikia pad\u0117ti savo herojams i\u0161mokti Spinjitzu.","breadcrumb":{"@id":"https:\/\/collectin.eu\/produktas\/lego-71764-nindziu-treniruociu-centras\/#breadcrumb"},"inLanguage":"en-US","potentialAction":[{"@type":"ReadAction","target":["https:\/\/collectin.eu\/produktas\/lego-71764-nindziu-treniruociu-centras\/"]}]},{"@type":"ImageObject","inLanguage":"en-US","@id":"https:\/\/collectin.eu\/produktas\/lego-71764-nindziu-treniruociu-centras\/#primaryimage","url":"https:\/\/collectin.eu\/wp-content\/uploads\/2026\/01\/Untitled-design-2026-01-03T002626.035.png","contentUrl":"https:\/\/collectin.eu\/wp-content\/uploads\/2026\/01\/Untitled-design-2026-01-03T002626.035.png","width":1080,"height":1080},{"@type":"BreadcrumbList","@id":"https:\/\/collectin.eu\/produktas\/lego-71764-nindziu-treniruociu-centras\/#breadcrumb","itemListElement":[{"@type":"ListItem","position":1,"name":"Home","item":"https:\/\/collectin.eu\/"},{"@type":"ListItem","position":2,"name":"Parduotuv\u0117","item":"https:\/\/collectin.eu\/parduotuve\/"},{"@type":"ListItem","position":3,"name":"LEGO\u00ae 71764 Ninja Training Center"}]},{"@type":"WebSite","@id":"https:\/\/collectin.eu\/#website","url":"https:\/\/collectin.eu\/","name":"Collectin.eu","description":"","potentialAction":[{"@type":"SearchAction","target":{"@type":"EntryPoint","urlTemplate":"https:\/\/collectin.eu\/?s={search_term_string}"},"query-input":{"@type":"PropertyValueSpecification","valueRequired":true,"valueName":"search_term_string"}}],"inLanguage":"en-US"}]}},"jetpack_sharing_enabled":true,"_links":{"self":[{"href":"https:\/\/collectin.eu\/en\/wp-json\/wp\/v2\/product\/38955","targetHints":{"allow":["GET"]}}],"collection":[{"href":"https:\/\/collectin.eu\/en\/wp-json\/wp\/v2\/product"}],"about":[{"href":"https:\/\/collectin.eu\/en\/wp-json\/wp\/v2\/types\/product"}],"replies":[{"embeddable":true,"href":"https:\/\/collectin.eu\/en\/wp-json\/wp\/v2\/comments?post=38955"}],"version-history":[{"count":3,"href":"https:\/\/collectin.eu\/en\/wp-json\/wp\/v2\/product\/38955\/revisions"}],"predecessor-version":[{"id":40413,"href":"https:\/\/collectin.eu\/en\/wp-json\/wp\/v2\/product\/38955\/revisions\/40413"}],"wp:featuredmedia":[{"embeddable":true,"href":"https:\/\/collectin.eu\/en\/wp-json\/wp\/v2\/media\/38956"}],"wp:attachment":[{"href":"https:\/\/collectin.eu\/en\/wp-json\/wp\/v2\/media?parent=38955"}],"wp:term":[{"taxonomy":"product_brand","embeddable":true,"href":"https:\/\/collectin.eu\/en\/wp-json\/wp\/v2\/product_brand?post=38955"},{"taxonomy":"product_cat","embeddable":true,"href":"https:\/\/collectin.eu\/en\/wp-json\/wp\/v2\/product_cat?post=38955"},{"taxonomy":"product_tag","embeddable":true,"href":"https:\/\/collectin.eu\/en\/wp-json\/wp\/v2\/product_tag?post=38955"}],"curies":[{"name":"wp","href":"https:\/\/api.w.org\/{rel}","templated":true}]}}