{"id":38961,"date":"2026-01-02T22:35:06","date_gmt":"2026-01-02T22:35:06","guid":{"rendered":"https:\/\/collectin.eu\/?post_type=product&#038;p=38961"},"modified":"2026-04-08T10:24:25","modified_gmt":"2026-04-08T10:24:25","slug":"lego-71424-kongo-donkio-namelio-medyje-papildomas-rinkinys","status":"publish","type":"product","link":"https:\/\/collectin.eu\/en\/product\/lego-71424-kongo-donkio-namelio-medyje-papildomas-rinkinys\/","title":{"rendered":"LEGO\u00ae 71424 Donkey Kong&#8217;s Tree House"},"content":{"rendered":"<p>Nuostabi dovana vaikams nuo 8 met\u0173 ar bet kuriam Kongo Donkio gerb\u0117jui \u2013 \u0161is modulinis rinkinys derinamas su kitais \u201eLEGO Super Mario\u201c rinkiniais neribotiems unikaliems lygiams kurti<\/p>\n<ul>\n<li>Prisijunkite prie komandos Kongo Donkio namelyje medyje (71424) \u2013 susivienij\u0119 su spalvingame \u201eLEGO\u00ae Super Mario\u2122\u201c papildomame rinkinyje esan\u010diu Kongu Donkiu vaikai d\u017eiungl\u0117se patirs banano dalyb\u0173, grojimo b\u016bgnais ir kit\u0173 linksmybi\u0173<\/li>\n<li>2 \u201eLEGO\u00ae Super Mario\u2122\u201c fig\u016br\u0117l\u0117s i\u0161 Kongo Donkio pasaulio \u2013 Kongas Donkis ir Kongas Krenkis<\/li>\n<li>Autenti\u0161kos detal\u0117s \u2013 patyrin\u0117kite namel\u012f medyje su konstruojamu televizoriumi, radijo imtuvu ir slaptu skyriumi, nusn\u016bskite hamake, nupurtykite banan\u0105 nuo palm\u0117s, \u201epagrokite\u201c kongais ir ne tik<\/li>\n<li>Draugi\u0161kas \u017eaidimas \u2013 pajodin\u0117kite ant Kongo Donkio nugaros su LEGO\u00ae Mario\u2122, LEGO\u00ae Luid\u017eio ar LEGO\u00ae Persikut\u0117s fig\u016br\u0117l\u0117mis (nepridedamos), \u201eduokite\u201c Kongui Donkiui banan\u0105 ir kelet\u0105 kart\u0173 aplankykite Kong\u0105 Krenk\u012f, kad gautum\u0117te apdovanojim\u0105<\/li>\n<\/ul>","protected":false},"excerpt":{"rendered":"<p>Nuostabi dovana vaikams nuo 8 met\u0173 ar bet kuriam Kongo Donkio gerb\u0117jui \u2013 \u0161is modulinis rinkinys derinamas su kitais \u201eLEGO<\/p>","protected":false},"featured_media":38962,"comment_status":"open","ping_status":"closed","template":"","meta":[],"product_brand":[423],"product_cat":[677,406,531],"product_tag":[],"class_list":{"0":"post-38961","1":"product","2":"type-product","3":"status-publish","4":"has-post-thumbnail","6":"product_brand-lego","7":"product_cat-lego-konstruktoriai","8":"product_cat-lego","9":"product_cat-lego-super-mario","11":"first","12":"instock","13":"taxable","14":"shipping-taxable","15":"purchasable","16":"product-type-simple"},"yoast_head":"<!-- This site is optimized with the Yoast SEO plugin v25.9 - https:\/\/yoast.com\/wordpress\/plugins\/seo\/ -->\n<title>LEGO\u00ae 71424 Donkey Kong&#039;s Tree House - Collectin.eu<\/title>\n<meta name=\"description\" content=\"Su \u201eLEGO\u00ae Super Mario\u2122\u201c Kongo Donkio namelio medyje papildomu rinkiniu (71424) vaikai gali sukonstruoti spalving\u0105 d\u017eiungli\u0173 lyg\u012f ir \u017eaisdami vaidmeninius \u017eaidimus kurti istorijas.\" \/>\n<meta name=\"robots\" content=\"index, follow, max-snippet:-1, max-image-preview:large, max-video-preview:-1\" \/>\n<link rel=\"canonical\" href=\"https:\/\/collectin.eu\/en\/product\/lego-71424-kongo-donkio-namelio-medyje-papildomas-rinkinys\/\" \/>\n<meta property=\"og:locale\" content=\"en_US\" \/>\n<meta property=\"og:type\" content=\"article\" \/>\n<meta property=\"og:title\" content=\"LEGO\u00ae 71424 Donkey Kong&#039;s Tree House - Collectin.eu\" \/>\n<meta property=\"og:description\" content=\"Su \u201eLEGO\u00ae Super Mario\u2122\u201c Kongo Donkio namelio medyje papildomu rinkiniu (71424) vaikai gali sukonstruoti spalving\u0105 d\u017eiungli\u0173 lyg\u012f ir \u017eaisdami vaidmeninius \u017eaidimus kurti istorijas.\" \/>\n<meta property=\"og:url\" content=\"https:\/\/collectin.eu\/en\/product\/lego-71424-kongo-donkio-namelio-medyje-papildomas-rinkinys\/\" \/>\n<meta property=\"og:site_name\" content=\"Collectin.eu\" \/>\n<meta property=\"article:modified_time\" content=\"2026-04-08T10:24:25+00:00\" \/>\n<meta property=\"og:image\" content=\"http:\/\/collectin.eu\/wp-content\/uploads\/2026\/01\/Untitled-design-2026-01-03T003101.067.png\" \/>\n\t<meta property=\"og:image:width\" content=\"1080\" \/>\n\t<meta property=\"og:image:height\" content=\"1080\" \/>\n\t<meta property=\"og:image:type\" content=\"image\/png\" \/>\n<meta name=\"twitter:card\" content=\"summary_large_image\" \/>\n<meta name=\"twitter:label1\" content=\"Est. reading time\" \/>\n\t<meta name=\"twitter:data1\" content=\"1 minute\" \/>\n<script type=\"application\/ld+json\" class=\"yoast-schema-graph\">{\"@context\":\"https:\/\/schema.org\",\"@graph\":[{\"@type\":\"WebPage\",\"@id\":\"https:\/\/collectin.eu\/produktas\/lego-71424-kongo-donkio-namelio-medyje-papildomas-rinkinys\/\",\"url\":\"https:\/\/collectin.eu\/produktas\/lego-71424-kongo-donkio-namelio-medyje-papildomas-rinkinys\/\",\"name\":\"LEGO\u00ae 71424 Donkey Kong's Tree House - Collectin.eu\",\"isPartOf\":{\"@id\":\"https:\/\/collectin.eu\/#website\"},\"primaryImageOfPage\":{\"@id\":\"https:\/\/collectin.eu\/produktas\/lego-71424-kongo-donkio-namelio-medyje-papildomas-rinkinys\/#primaryimage\"},\"image\":{\"@id\":\"https:\/\/collectin.eu\/produktas\/lego-71424-kongo-donkio-namelio-medyje-papildomas-rinkinys\/#primaryimage\"},\"thumbnailUrl\":\"https:\/\/collectin.eu\/wp-content\/uploads\/2026\/01\/Untitled-design-2026-01-03T003101.067.png\",\"datePublished\":\"2026-01-02T22:35:06+00:00\",\"dateModified\":\"2026-04-08T10:24:25+00:00\",\"description\":\"Su \u201eLEGO\u00ae Super Mario\u2122\u201c Kongo Donkio namelio medyje papildomu rinkiniu (71424) vaikai gali sukonstruoti spalving\u0105 d\u017eiungli\u0173 lyg\u012f ir \u017eaisdami vaidmeninius \u017eaidimus kurti istorijas.\",\"breadcrumb\":{\"@id\":\"https:\/\/collectin.eu\/produktas\/lego-71424-kongo-donkio-namelio-medyje-papildomas-rinkinys\/#breadcrumb\"},\"inLanguage\":\"en-US\",\"potentialAction\":[{\"@type\":\"ReadAction\",\"target\":[\"https:\/\/collectin.eu\/produktas\/lego-71424-kongo-donkio-namelio-medyje-papildomas-rinkinys\/\"]}]},{\"@type\":\"ImageObject\",\"inLanguage\":\"en-US\",\"@id\":\"https:\/\/collectin.eu\/produktas\/lego-71424-kongo-donkio-namelio-medyje-papildomas-rinkinys\/#primaryimage\",\"url\":\"https:\/\/collectin.eu\/wp-content\/uploads\/2026\/01\/Untitled-design-2026-01-03T003101.067.png\",\"contentUrl\":\"https:\/\/collectin.eu\/wp-content\/uploads\/2026\/01\/Untitled-design-2026-01-03T003101.067.png\",\"width\":1080,\"height\":1080},{\"@type\":\"BreadcrumbList\",\"@id\":\"https:\/\/collectin.eu\/produktas\/lego-71424-kongo-donkio-namelio-medyje-papildomas-rinkinys\/#breadcrumb\",\"itemListElement\":[{\"@type\":\"ListItem\",\"position\":1,\"name\":\"Home\",\"item\":\"https:\/\/collectin.eu\/\"},{\"@type\":\"ListItem\",\"position\":2,\"name\":\"Parduotuv\u0117\",\"item\":\"https:\/\/collectin.eu\/parduotuve\/\"},{\"@type\":\"ListItem\",\"position\":3,\"name\":\"LEGO\u00ae 71424 Donkey Kong&#8217;s Tree House\"}]},{\"@type\":\"WebSite\",\"@id\":\"https:\/\/collectin.eu\/#website\",\"url\":\"https:\/\/collectin.eu\/\",\"name\":\"Collectin.eu\",\"description\":\"\",\"potentialAction\":[{\"@type\":\"SearchAction\",\"target\":{\"@type\":\"EntryPoint\",\"urlTemplate\":\"https:\/\/collectin.eu\/?s={search_term_string}\"},\"query-input\":{\"@type\":\"PropertyValueSpecification\",\"valueRequired\":true,\"valueName\":\"search_term_string\"}}],\"inLanguage\":\"en-US\"}]}<\/script>\n<!-- \/ Yoast SEO plugin. -->","yoast_head_json":{"title":"LEGO\u00ae 71424 Donkey Kong's Tree House - Collectin.eu","description":"Su \u201eLEGO\u00ae Super Mario\u2122\u201c Kongo Donkio namelio medyje papildomu rinkiniu (71424) vaikai gali sukonstruoti spalving\u0105 d\u017eiungli\u0173 lyg\u012f ir \u017eaisdami vaidmeninius \u017eaidimus kurti istorijas.","robots":{"index":"index","follow":"follow","max-snippet":"max-snippet:-1","max-image-preview":"max-image-preview:large","max-video-preview":"max-video-preview:-1"},"canonical":"https:\/\/collectin.eu\/en\/product\/lego-71424-kongo-donkio-namelio-medyje-papildomas-rinkinys\/","og_locale":"en_US","og_type":"article","og_title":"LEGO\u00ae 71424 Donkey Kong's Tree House - Collectin.eu","og_description":"Su \u201eLEGO\u00ae Super Mario\u2122\u201c Kongo Donkio namelio medyje papildomu rinkiniu (71424) vaikai gali sukonstruoti spalving\u0105 d\u017eiungli\u0173 lyg\u012f ir \u017eaisdami vaidmeninius \u017eaidimus kurti istorijas.","og_url":"https:\/\/collectin.eu\/en\/product\/lego-71424-kongo-donkio-namelio-medyje-papildomas-rinkinys\/","og_site_name":"Collectin.eu","article_modified_time":"2026-04-08T10:24:25+00:00","og_image":[{"width":1080,"height":1080,"url":"http:\/\/collectin.eu\/wp-content\/uploads\/2026\/01\/Untitled-design-2026-01-03T003101.067.png","type":"image\/png"}],"twitter_card":"summary_large_image","twitter_misc":{"Est. reading time":"1 minute"},"schema":{"@context":"https:\/\/schema.org","@graph":[{"@type":"WebPage","@id":"https:\/\/collectin.eu\/produktas\/lego-71424-kongo-donkio-namelio-medyje-papildomas-rinkinys\/","url":"https:\/\/collectin.eu\/produktas\/lego-71424-kongo-donkio-namelio-medyje-papildomas-rinkinys\/","name":"LEGO\u00ae 71424 Donkey Kong's Tree House - Collectin.eu","isPartOf":{"@id":"https:\/\/collectin.eu\/#website"},"primaryImageOfPage":{"@id":"https:\/\/collectin.eu\/produktas\/lego-71424-kongo-donkio-namelio-medyje-papildomas-rinkinys\/#primaryimage"},"image":{"@id":"https:\/\/collectin.eu\/produktas\/lego-71424-kongo-donkio-namelio-medyje-papildomas-rinkinys\/#primaryimage"},"thumbnailUrl":"https:\/\/collectin.eu\/wp-content\/uploads\/2026\/01\/Untitled-design-2026-01-03T003101.067.png","datePublished":"2026-01-02T22:35:06+00:00","dateModified":"2026-04-08T10:24:25+00:00","description":"Su \u201eLEGO\u00ae Super Mario\u2122\u201c Kongo Donkio namelio medyje papildomu rinkiniu (71424) vaikai gali sukonstruoti spalving\u0105 d\u017eiungli\u0173 lyg\u012f ir \u017eaisdami vaidmeninius \u017eaidimus kurti istorijas.","breadcrumb":{"@id":"https:\/\/collectin.eu\/produktas\/lego-71424-kongo-donkio-namelio-medyje-papildomas-rinkinys\/#breadcrumb"},"inLanguage":"en-US","potentialAction":[{"@type":"ReadAction","target":["https:\/\/collectin.eu\/produktas\/lego-71424-kongo-donkio-namelio-medyje-papildomas-rinkinys\/"]}]},{"@type":"ImageObject","inLanguage":"en-US","@id":"https:\/\/collectin.eu\/produktas\/lego-71424-kongo-donkio-namelio-medyje-papildomas-rinkinys\/#primaryimage","url":"https:\/\/collectin.eu\/wp-content\/uploads\/2026\/01\/Untitled-design-2026-01-03T003101.067.png","contentUrl":"https:\/\/collectin.eu\/wp-content\/uploads\/2026\/01\/Untitled-design-2026-01-03T003101.067.png","width":1080,"height":1080},{"@type":"BreadcrumbList","@id":"https:\/\/collectin.eu\/produktas\/lego-71424-kongo-donkio-namelio-medyje-papildomas-rinkinys\/#breadcrumb","itemListElement":[{"@type":"ListItem","position":1,"name":"Home","item":"https:\/\/collectin.eu\/"},{"@type":"ListItem","position":2,"name":"Parduotuv\u0117","item":"https:\/\/collectin.eu\/parduotuve\/"},{"@type":"ListItem","position":3,"name":"LEGO\u00ae 71424 Donkey Kong&#8217;s Tree House"}]},{"@type":"WebSite","@id":"https:\/\/collectin.eu\/#website","url":"https:\/\/collectin.eu\/","name":"Collectin.eu","description":"","potentialAction":[{"@type":"SearchAction","target":{"@type":"EntryPoint","urlTemplate":"https:\/\/collectin.eu\/?s={search_term_string}"},"query-input":{"@type":"PropertyValueSpecification","valueRequired":true,"valueName":"search_term_string"}}],"inLanguage":"en-US"}]}},"jetpack_sharing_enabled":true,"_links":{"self":[{"href":"https:\/\/collectin.eu\/en\/wp-json\/wp\/v2\/product\/38961","targetHints":{"allow":["GET"]}}],"collection":[{"href":"https:\/\/collectin.eu\/en\/wp-json\/wp\/v2\/product"}],"about":[{"href":"https:\/\/collectin.eu\/en\/wp-json\/wp\/v2\/types\/product"}],"replies":[{"embeddable":true,"href":"https:\/\/collectin.eu\/en\/wp-json\/wp\/v2\/comments?post=38961"}],"version-history":[{"count":3,"href":"https:\/\/collectin.eu\/en\/wp-json\/wp\/v2\/product\/38961\/revisions"}],"predecessor-version":[{"id":40410,"href":"https:\/\/collectin.eu\/en\/wp-json\/wp\/v2\/product\/38961\/revisions\/40410"}],"wp:featuredmedia":[{"embeddable":true,"href":"https:\/\/collectin.eu\/en\/wp-json\/wp\/v2\/media\/38962"}],"wp:attachment":[{"href":"https:\/\/collectin.eu\/en\/wp-json\/wp\/v2\/media?parent=38961"}],"wp:term":[{"taxonomy":"product_brand","embeddable":true,"href":"https:\/\/collectin.eu\/en\/wp-json\/wp\/v2\/product_brand?post=38961"},{"taxonomy":"product_cat","embeddable":true,"href":"https:\/\/collectin.eu\/en\/wp-json\/wp\/v2\/product_cat?post=38961"},{"taxonomy":"product_tag","embeddable":true,"href":"https:\/\/collectin.eu\/en\/wp-json\/wp\/v2\/product_tag?post=38961"}],"curies":[{"name":"wp","href":"https:\/\/api.w.org\/{rel}","templated":true}]}}