{"id":38967,"date":"2026-01-02T22:53:04","date_gmt":"2026-01-02T22:53:04","guid":{"rendered":"https:\/\/collectin.eu\/?post_type=product&#038;p=38967"},"modified":"2026-04-08T10:24:24","modified_gmt":"2026-04-08T10:24:24","slug":"lego-31140-stebuklingas-vienaragis","status":"publish","type":"product","link":"https:\/\/collectin.eu\/en\/product\/lego-31140-stebuklingas-vienaragis\/","title":{"rendered":"LEGO\u00ae 31140 Magical Unicorn"},"content":{"rendered":"<p>Atsisi\u0173skite program\u0117l\u0119 \u201eLEGO Builder\u201c ir \u017eenkite \u012f nauj\u0105 konstravimo pramog\u0173 pasaul\u012f, kuriame vaikai gali priartinti ir sukin\u0117ti trima\u010dius modelius, i\u0161saugoti rinkinius ir steb\u0117ti savo pa\u017eang\u0105.<\/p>\n<ul>\n<li>3\u00a0stebuklingos b\u016btyb\u0117s viename rinkinyje. Su LEGO\u00ae Creator 3in1 Stebuklingo vienaragio (31140) \u017eaidimo rinkiniu ma\u017eieji konstruotojai gali sukonstruoti ir perkonstruoti 3\u00a0spalvingus modelius<\/li>\n<li>Ilgo \u017eaidimo vert\u0117. Vaikai gali m\u0117gautis smagiomis istorijomis su 3\u00a0skirtingomis scenomis mitin\u0117je \u017eem\u0117je: vaik\u0161\u010dioti vaivoryk\u0161te su stebuklingu vienaragiu, plaukioti su j\u016br\u0173 arkliuku arba \u017eaisti su povu<\/li>\n<li>Lankst\u016bs modeliai. Visos 3\u00a0b\u016btyb\u0117s turi lanks\u010di\u0173 k\u016bno dali\u0173: vienaragis gali judinti kojas ir kanopas, j\u016br\u0173 arkliukas judina uodeg\u0105, pelekus ir galv\u0105, o povas turi judan\u010di\u0105 uodeg\u0105 ir akis<\/li>\n<li>\u017daiskite ir eksponuokite. Visus 3\u00a0patvarius stebuklingus gyv\u016bnus galima lengvai eksponuoti: vienarag\u012f ant vaivoryk\u0161t\u0117s stovo, j\u016br\u0173 arkliuk\u0105 ant j\u016bros dugno stovo, o pov\u0105 ant 2\u00a0koj\u0173<\/li>\n<\/ul>","protected":false},"excerpt":{"rendered":"<p>Atsisi\u0173skite program\u0117l\u0119 \u201eLEGO Builder\u201c ir \u017eenkite \u012f nauj\u0105 konstravimo pramog\u0173 pasaul\u012f, kuriame vaikai gali priartinti ir sukin\u0117ti trima\u010dius modelius, i\u0161saugoti<\/p>","protected":false},"featured_media":38968,"comment_status":"open","ping_status":"closed","template":"","meta":[],"product_brand":[423],"product_cat":[677,406,533],"product_tag":[],"class_list":{"0":"post-38967","1":"product","2":"type-product","3":"status-publish","4":"has-post-thumbnail","6":"product_brand-lego","7":"product_cat-lego-konstruktoriai","8":"product_cat-lego","9":"product_cat-lego-creator-3in1","11":"first","12":"instock","13":"taxable","14":"shipping-taxable","15":"purchasable","16":"product-type-simple"},"yoast_head":"<!-- This site is optimized with the Yoast SEO plugin v25.9 - https:\/\/yoast.com\/wordpress\/plugins\/seo\/ -->\n<title>LEGO\u00ae 31140 Magical Unicorn - Collectin.eu<\/title>\n<meta name=\"description\" content=\"\u0160is Stebuklingo vienaragio (31140) konstravimo rinkinys \u201etrys viename\u201c nukels i\u0161radingus vaikus nuo 7\u00a0met\u0173 am\u017eiaus \u012f mitin\u0119 \u017eem\u0119.\" \/>\n<meta name=\"robots\" content=\"index, follow, max-snippet:-1, max-image-preview:large, max-video-preview:-1\" \/>\n<link rel=\"canonical\" href=\"https:\/\/collectin.eu\/en\/product\/lego-31140-stebuklingas-vienaragis\/\" \/>\n<meta property=\"og:locale\" content=\"en_US\" \/>\n<meta property=\"og:type\" content=\"article\" \/>\n<meta property=\"og:title\" content=\"LEGO\u00ae 31140 Magical Unicorn - Collectin.eu\" \/>\n<meta property=\"og:description\" content=\"\u0160is Stebuklingo vienaragio (31140) konstravimo rinkinys \u201etrys viename\u201c nukels i\u0161radingus vaikus nuo 7\u00a0met\u0173 am\u017eiaus \u012f mitin\u0119 \u017eem\u0119.\" \/>\n<meta property=\"og:url\" content=\"https:\/\/collectin.eu\/en\/product\/lego-31140-stebuklingas-vienaragis\/\" \/>\n<meta property=\"og:site_name\" content=\"Collectin.eu\" \/>\n<meta property=\"article:modified_time\" content=\"2026-04-08T10:24:24+00:00\" \/>\n<meta property=\"og:image\" content=\"http:\/\/collectin.eu\/wp-content\/uploads\/2026\/01\/Untitled-design-2026-01-03T004938.990.png\" \/>\n\t<meta property=\"og:image:width\" content=\"1080\" \/>\n\t<meta property=\"og:image:height\" content=\"1080\" \/>\n\t<meta property=\"og:image:type\" content=\"image\/png\" \/>\n<meta name=\"twitter:card\" content=\"summary_large_image\" \/>\n<meta name=\"twitter:label1\" content=\"Est. reading time\" \/>\n\t<meta name=\"twitter:data1\" content=\"1 minute\" \/>\n<script type=\"application\/ld+json\" class=\"yoast-schema-graph\">{\"@context\":\"https:\/\/schema.org\",\"@graph\":[{\"@type\":\"WebPage\",\"@id\":\"https:\/\/collectin.eu\/produktas\/lego-31140-stebuklingas-vienaragis\/\",\"url\":\"https:\/\/collectin.eu\/produktas\/lego-31140-stebuklingas-vienaragis\/\",\"name\":\"LEGO\u00ae 31140 Magical Unicorn - Collectin.eu\",\"isPartOf\":{\"@id\":\"https:\/\/collectin.eu\/#website\"},\"primaryImageOfPage\":{\"@id\":\"https:\/\/collectin.eu\/produktas\/lego-31140-stebuklingas-vienaragis\/#primaryimage\"},\"image\":{\"@id\":\"https:\/\/collectin.eu\/produktas\/lego-31140-stebuklingas-vienaragis\/#primaryimage\"},\"thumbnailUrl\":\"https:\/\/collectin.eu\/wp-content\/uploads\/2026\/01\/Untitled-design-2026-01-03T004938.990.png\",\"datePublished\":\"2026-01-02T22:53:04+00:00\",\"dateModified\":\"2026-04-08T10:24:24+00:00\",\"description\":\"\u0160is Stebuklingo vienaragio (31140) konstravimo rinkinys \u201etrys viename\u201c nukels i\u0161radingus vaikus nuo 7\u00a0met\u0173 am\u017eiaus \u012f mitin\u0119 \u017eem\u0119.\",\"breadcrumb\":{\"@id\":\"https:\/\/collectin.eu\/produktas\/lego-31140-stebuklingas-vienaragis\/#breadcrumb\"},\"inLanguage\":\"en-US\",\"potentialAction\":[{\"@type\":\"ReadAction\",\"target\":[\"https:\/\/collectin.eu\/produktas\/lego-31140-stebuklingas-vienaragis\/\"]}]},{\"@type\":\"ImageObject\",\"inLanguage\":\"en-US\",\"@id\":\"https:\/\/collectin.eu\/produktas\/lego-31140-stebuklingas-vienaragis\/#primaryimage\",\"url\":\"https:\/\/collectin.eu\/wp-content\/uploads\/2026\/01\/Untitled-design-2026-01-03T004938.990.png\",\"contentUrl\":\"https:\/\/collectin.eu\/wp-content\/uploads\/2026\/01\/Untitled-design-2026-01-03T004938.990.png\",\"width\":1080,\"height\":1080},{\"@type\":\"BreadcrumbList\",\"@id\":\"https:\/\/collectin.eu\/produktas\/lego-31140-stebuklingas-vienaragis\/#breadcrumb\",\"itemListElement\":[{\"@type\":\"ListItem\",\"position\":1,\"name\":\"Home\",\"item\":\"https:\/\/collectin.eu\/\"},{\"@type\":\"ListItem\",\"position\":2,\"name\":\"Parduotuv\u0117\",\"item\":\"https:\/\/collectin.eu\/parduotuve\/\"},{\"@type\":\"ListItem\",\"position\":3,\"name\":\"LEGO\u00ae 31140 Magical Unicorn\"}]},{\"@type\":\"WebSite\",\"@id\":\"https:\/\/collectin.eu\/#website\",\"url\":\"https:\/\/collectin.eu\/\",\"name\":\"Collectin.eu\",\"description\":\"\",\"potentialAction\":[{\"@type\":\"SearchAction\",\"target\":{\"@type\":\"EntryPoint\",\"urlTemplate\":\"https:\/\/collectin.eu\/?s={search_term_string}\"},\"query-input\":{\"@type\":\"PropertyValueSpecification\",\"valueRequired\":true,\"valueName\":\"search_term_string\"}}],\"inLanguage\":\"en-US\"}]}<\/script>\n<!-- \/ Yoast SEO plugin. -->","yoast_head_json":{"title":"LEGO\u00ae 31140 Magical Unicorn - Collectin.eu","description":"\u0160is Stebuklingo vienaragio (31140) konstravimo rinkinys \u201etrys viename\u201c nukels i\u0161radingus vaikus nuo 7\u00a0met\u0173 am\u017eiaus \u012f mitin\u0119 \u017eem\u0119.","robots":{"index":"index","follow":"follow","max-snippet":"max-snippet:-1","max-image-preview":"max-image-preview:large","max-video-preview":"max-video-preview:-1"},"canonical":"https:\/\/collectin.eu\/en\/product\/lego-31140-stebuklingas-vienaragis\/","og_locale":"en_US","og_type":"article","og_title":"LEGO\u00ae 31140 Magical Unicorn - Collectin.eu","og_description":"\u0160is Stebuklingo vienaragio (31140) konstravimo rinkinys \u201etrys viename\u201c nukels i\u0161radingus vaikus nuo 7\u00a0met\u0173 am\u017eiaus \u012f mitin\u0119 \u017eem\u0119.","og_url":"https:\/\/collectin.eu\/en\/product\/lego-31140-stebuklingas-vienaragis\/","og_site_name":"Collectin.eu","article_modified_time":"2026-04-08T10:24:24+00:00","og_image":[{"width":1080,"height":1080,"url":"http:\/\/collectin.eu\/wp-content\/uploads\/2026\/01\/Untitled-design-2026-01-03T004938.990.png","type":"image\/png"}],"twitter_card":"summary_large_image","twitter_misc":{"Est. reading time":"1 minute"},"schema":{"@context":"https:\/\/schema.org","@graph":[{"@type":"WebPage","@id":"https:\/\/collectin.eu\/produktas\/lego-31140-stebuklingas-vienaragis\/","url":"https:\/\/collectin.eu\/produktas\/lego-31140-stebuklingas-vienaragis\/","name":"LEGO\u00ae 31140 Magical Unicorn - Collectin.eu","isPartOf":{"@id":"https:\/\/collectin.eu\/#website"},"primaryImageOfPage":{"@id":"https:\/\/collectin.eu\/produktas\/lego-31140-stebuklingas-vienaragis\/#primaryimage"},"image":{"@id":"https:\/\/collectin.eu\/produktas\/lego-31140-stebuklingas-vienaragis\/#primaryimage"},"thumbnailUrl":"https:\/\/collectin.eu\/wp-content\/uploads\/2026\/01\/Untitled-design-2026-01-03T004938.990.png","datePublished":"2026-01-02T22:53:04+00:00","dateModified":"2026-04-08T10:24:24+00:00","description":"\u0160is Stebuklingo vienaragio (31140) konstravimo rinkinys \u201etrys viename\u201c nukels i\u0161radingus vaikus nuo 7\u00a0met\u0173 am\u017eiaus \u012f mitin\u0119 \u017eem\u0119.","breadcrumb":{"@id":"https:\/\/collectin.eu\/produktas\/lego-31140-stebuklingas-vienaragis\/#breadcrumb"},"inLanguage":"en-US","potentialAction":[{"@type":"ReadAction","target":["https:\/\/collectin.eu\/produktas\/lego-31140-stebuklingas-vienaragis\/"]}]},{"@type":"ImageObject","inLanguage":"en-US","@id":"https:\/\/collectin.eu\/produktas\/lego-31140-stebuklingas-vienaragis\/#primaryimage","url":"https:\/\/collectin.eu\/wp-content\/uploads\/2026\/01\/Untitled-design-2026-01-03T004938.990.png","contentUrl":"https:\/\/collectin.eu\/wp-content\/uploads\/2026\/01\/Untitled-design-2026-01-03T004938.990.png","width":1080,"height":1080},{"@type":"BreadcrumbList","@id":"https:\/\/collectin.eu\/produktas\/lego-31140-stebuklingas-vienaragis\/#breadcrumb","itemListElement":[{"@type":"ListItem","position":1,"name":"Home","item":"https:\/\/collectin.eu\/"},{"@type":"ListItem","position":2,"name":"Parduotuv\u0117","item":"https:\/\/collectin.eu\/parduotuve\/"},{"@type":"ListItem","position":3,"name":"LEGO\u00ae 31140 Magical Unicorn"}]},{"@type":"WebSite","@id":"https:\/\/collectin.eu\/#website","url":"https:\/\/collectin.eu\/","name":"Collectin.eu","description":"","potentialAction":[{"@type":"SearchAction","target":{"@type":"EntryPoint","urlTemplate":"https:\/\/collectin.eu\/?s={search_term_string}"},"query-input":{"@type":"PropertyValueSpecification","valueRequired":true,"valueName":"search_term_string"}}],"inLanguage":"en-US"}]}},"jetpack_sharing_enabled":true,"_links":{"self":[{"href":"https:\/\/collectin.eu\/en\/wp-json\/wp\/v2\/product\/38967","targetHints":{"allow":["GET"]}}],"collection":[{"href":"https:\/\/collectin.eu\/en\/wp-json\/wp\/v2\/product"}],"about":[{"href":"https:\/\/collectin.eu\/en\/wp-json\/wp\/v2\/types\/product"}],"replies":[{"embeddable":true,"href":"https:\/\/collectin.eu\/en\/wp-json\/wp\/v2\/comments?post=38967"}],"version-history":[{"count":2,"href":"https:\/\/collectin.eu\/en\/wp-json\/wp\/v2\/product\/38967\/revisions"}],"predecessor-version":[{"id":40409,"href":"https:\/\/collectin.eu\/en\/wp-json\/wp\/v2\/product\/38967\/revisions\/40409"}],"wp:featuredmedia":[{"embeddable":true,"href":"https:\/\/collectin.eu\/en\/wp-json\/wp\/v2\/media\/38968"}],"wp:attachment":[{"href":"https:\/\/collectin.eu\/en\/wp-json\/wp\/v2\/media?parent=38967"}],"wp:term":[{"taxonomy":"product_brand","embeddable":true,"href":"https:\/\/collectin.eu\/en\/wp-json\/wp\/v2\/product_brand?post=38967"},{"taxonomy":"product_cat","embeddable":true,"href":"https:\/\/collectin.eu\/en\/wp-json\/wp\/v2\/product_cat?post=38967"},{"taxonomy":"product_tag","embeddable":true,"href":"https:\/\/collectin.eu\/en\/wp-json\/wp\/v2\/product_tag?post=38967"}],"curies":[{"name":"wp","href":"https:\/\/api.w.org\/{rel}","templated":true}]}}