{"id":38979,"date":"2026-01-02T23:01:42","date_gmt":"2026-01-02T23:01:42","guid":{"rendered":"https:\/\/collectin.eu\/?post_type=product&#038;p=38979"},"modified":"2026-04-08T10:24:24","modified_gmt":"2026-04-08T10:24:24","slug":"lego-31135-senovinis-motociklas","status":"publish","type":"product","link":"https:\/\/collectin.eu\/en\/product\/lego-31135-senovinis-motociklas\/","title":{"rendered":"LEGO\u00ae 31135 Vintage Motorcycle"},"content":{"rendered":"<p>Atsisi\u0173skite program\u0117l\u0119 \u201eLEGO Builder\u201c ir \u017eenkite \u012f nauj\u0105 konstravimo pramog\u0173 pasaul\u012f, kuriame vaikai gali priartinti ir sukin\u0117ti trima\u010dius modelius, i\u0161saugoti rinkinius ir steb\u0117tisavo pa\u017eang\u0105.<\/p>\n<ul>\n<li>Transporto priemon\u0117 \u201etrys viename\u201c. 8\u00a0met\u0173 ir vyresni vaikai gali m\u0117gautis i\u0161radingu \u017eaidimu su LEGO\u00ae Creator 3in1 Senovinio motociklo (31135) \u017eaidimo rinkiniu, kur\u012f sudaro motociklas, miesto motociklas ir sportinis triratis<\/li>\n<li>Nuostabios \u017eaidimo galimyb\u0117s. Vaikai gali sukurti 3\u00a0skirtingas istorijas: l\u0117kti kaimo keliukais motociklu, ap\u017ei\u016br\u0117ti miest\u0105 miesto motociklu arba dalyvauti lenktyn\u0117se su grei\u010diausiu sportiniu trira\u010diu<\/li>\n<li>Daugyb\u0117 pried\u0173. Senovinis motociklas turi rankenas ir judant\u012f priekin\u012f rat\u0105, miesto motociklas\u00a0\u2013 atramin\u0119 kojel\u0119 eksponavimui, o grei\u010diausias sportinis triratis\u00a0\u2013 besisukan\u010dius guminius ratus<\/li>\n<li>Paprasta konstruoti. Ma\u017eieji konstruotojai gal\u0117s smagiai sukonstruoti \u0161\u012f 128\u00a0dali\u0173 \u017eaidimo rinkin\u012f, o po to kurti pa\u0161\u0117lusias istorijas su jame esan\u010diomis transporto priemon\u0117mis<\/li>\n<\/ul>","protected":false},"excerpt":{"rendered":"<p>Atsisi\u0173skite program\u0117l\u0119 \u201eLEGO Builder\u201c ir \u017eenkite \u012f nauj\u0105 konstravimo pramog\u0173 pasaul\u012f, kuriame vaikai gali priartinti ir sukin\u0117ti trima\u010dius modelius, i\u0161saugoti<\/p>","protected":false},"featured_media":38980,"comment_status":"open","ping_status":"closed","template":"","meta":[],"product_brand":[423],"product_cat":[677,406,533],"product_tag":[],"class_list":{"0":"post-38979","1":"product","2":"type-product","3":"status-publish","4":"has-post-thumbnail","6":"product_brand-lego","7":"product_cat-lego-konstruktoriai","8":"product_cat-lego","9":"product_cat-lego-creator-3in1","11":"first","12":"instock","13":"taxable","14":"shipping-taxable","15":"purchasable","16":"product-type-simple"},"yoast_head":"<!-- This site is optimized with the Yoast SEO plugin v25.9 - https:\/\/yoast.com\/wordpress\/plugins\/seo\/ -->\n<title>LEGO\u00ae 31135 Vintage Motorcycle - Collectin.eu<\/title>\n<meta name=\"description\" content=\"Su \u0161iuo nuostabiu LEGO\u00ae Creator 3in1 Senovinio motociklo (31135) \u017eaidimo rinkiniu vaikai ir \u0161auni\u0173 transporto priemoni\u0173 gerb\u0117jai nuo 8\u00a0met\u0173 gali i\u0161tisas valandas m\u0117gautis pa\u0161\u0117lusiomis lenktyn\u0117mis.\" \/>\n<meta name=\"robots\" content=\"index, follow, max-snippet:-1, max-image-preview:large, max-video-preview:-1\" \/>\n<link rel=\"canonical\" href=\"https:\/\/collectin.eu\/en\/product\/lego-31135-senovinis-motociklas\/\" \/>\n<meta property=\"og:locale\" content=\"en_US\" \/>\n<meta property=\"og:type\" content=\"article\" \/>\n<meta property=\"og:title\" content=\"LEGO\u00ae 31135 Vintage Motorcycle - Collectin.eu\" \/>\n<meta property=\"og:description\" content=\"Su \u0161iuo nuostabiu LEGO\u00ae Creator 3in1 Senovinio motociklo (31135) \u017eaidimo rinkiniu vaikai ir \u0161auni\u0173 transporto priemoni\u0173 gerb\u0117jai nuo 8\u00a0met\u0173 gali i\u0161tisas valandas m\u0117gautis pa\u0161\u0117lusiomis lenktyn\u0117mis.\" \/>\n<meta property=\"og:url\" content=\"https:\/\/collectin.eu\/en\/product\/lego-31135-senovinis-motociklas\/\" \/>\n<meta property=\"og:site_name\" content=\"Collectin.eu\" \/>\n<meta property=\"article:modified_time\" content=\"2026-04-08T10:24:24+00:00\" \/>\n<meta property=\"og:image\" content=\"http:\/\/collectin.eu\/wp-content\/uploads\/2026\/01\/Untitled-design-2026-01-03T005831.853.png\" \/>\n\t<meta property=\"og:image:width\" content=\"1080\" \/>\n\t<meta property=\"og:image:height\" content=\"1080\" \/>\n\t<meta property=\"og:image:type\" content=\"image\/png\" \/>\n<meta name=\"twitter:card\" content=\"summary_large_image\" \/>\n<meta name=\"twitter:label1\" content=\"Est. reading time\" \/>\n\t<meta name=\"twitter:data1\" content=\"1 minute\" \/>\n<script type=\"application\/ld+json\" class=\"yoast-schema-graph\">{\"@context\":\"https:\/\/schema.org\",\"@graph\":[{\"@type\":\"WebPage\",\"@id\":\"https:\/\/collectin.eu\/produktas\/lego-31135-senovinis-motociklas\/\",\"url\":\"https:\/\/collectin.eu\/produktas\/lego-31135-senovinis-motociklas\/\",\"name\":\"LEGO\u00ae 31135 Vintage Motorcycle - Collectin.eu\",\"isPartOf\":{\"@id\":\"https:\/\/collectin.eu\/#website\"},\"primaryImageOfPage\":{\"@id\":\"https:\/\/collectin.eu\/produktas\/lego-31135-senovinis-motociklas\/#primaryimage\"},\"image\":{\"@id\":\"https:\/\/collectin.eu\/produktas\/lego-31135-senovinis-motociklas\/#primaryimage\"},\"thumbnailUrl\":\"https:\/\/collectin.eu\/wp-content\/uploads\/2026\/01\/Untitled-design-2026-01-03T005831.853.png\",\"datePublished\":\"2026-01-02T23:01:42+00:00\",\"dateModified\":\"2026-04-08T10:24:24+00:00\",\"description\":\"Su \u0161iuo nuostabiu LEGO\u00ae Creator 3in1 Senovinio motociklo (31135) \u017eaidimo rinkiniu vaikai ir \u0161auni\u0173 transporto priemoni\u0173 gerb\u0117jai nuo 8\u00a0met\u0173 gali i\u0161tisas valandas m\u0117gautis pa\u0161\u0117lusiomis lenktyn\u0117mis.\",\"breadcrumb\":{\"@id\":\"https:\/\/collectin.eu\/produktas\/lego-31135-senovinis-motociklas\/#breadcrumb\"},\"inLanguage\":\"en-US\",\"potentialAction\":[{\"@type\":\"ReadAction\",\"target\":[\"https:\/\/collectin.eu\/produktas\/lego-31135-senovinis-motociklas\/\"]}]},{\"@type\":\"ImageObject\",\"inLanguage\":\"en-US\",\"@id\":\"https:\/\/collectin.eu\/produktas\/lego-31135-senovinis-motociklas\/#primaryimage\",\"url\":\"https:\/\/collectin.eu\/wp-content\/uploads\/2026\/01\/Untitled-design-2026-01-03T005831.853.png\",\"contentUrl\":\"https:\/\/collectin.eu\/wp-content\/uploads\/2026\/01\/Untitled-design-2026-01-03T005831.853.png\",\"width\":1080,\"height\":1080},{\"@type\":\"BreadcrumbList\",\"@id\":\"https:\/\/collectin.eu\/produktas\/lego-31135-senovinis-motociklas\/#breadcrumb\",\"itemListElement\":[{\"@type\":\"ListItem\",\"position\":1,\"name\":\"Home\",\"item\":\"https:\/\/collectin.eu\/\"},{\"@type\":\"ListItem\",\"position\":2,\"name\":\"Parduotuv\u0117\",\"item\":\"https:\/\/collectin.eu\/parduotuve\/\"},{\"@type\":\"ListItem\",\"position\":3,\"name\":\"LEGO\u00ae 31135 Vintage Motorcycle\"}]},{\"@type\":\"WebSite\",\"@id\":\"https:\/\/collectin.eu\/#website\",\"url\":\"https:\/\/collectin.eu\/\",\"name\":\"Collectin.eu\",\"description\":\"\",\"potentialAction\":[{\"@type\":\"SearchAction\",\"target\":{\"@type\":\"EntryPoint\",\"urlTemplate\":\"https:\/\/collectin.eu\/?s={search_term_string}\"},\"query-input\":{\"@type\":\"PropertyValueSpecification\",\"valueRequired\":true,\"valueName\":\"search_term_string\"}}],\"inLanguage\":\"en-US\"}]}<\/script>\n<!-- \/ Yoast SEO plugin. -->","yoast_head_json":{"title":"LEGO\u00ae 31135 Vintage Motorcycle - Collectin.eu","description":"Su \u0161iuo nuostabiu LEGO\u00ae Creator 3in1 Senovinio motociklo (31135) \u017eaidimo rinkiniu vaikai ir \u0161auni\u0173 transporto priemoni\u0173 gerb\u0117jai nuo 8\u00a0met\u0173 gali i\u0161tisas valandas m\u0117gautis pa\u0161\u0117lusiomis lenktyn\u0117mis.","robots":{"index":"index","follow":"follow","max-snippet":"max-snippet:-1","max-image-preview":"max-image-preview:large","max-video-preview":"max-video-preview:-1"},"canonical":"https:\/\/collectin.eu\/en\/product\/lego-31135-senovinis-motociklas\/","og_locale":"en_US","og_type":"article","og_title":"LEGO\u00ae 31135 Vintage Motorcycle - Collectin.eu","og_description":"Su \u0161iuo nuostabiu LEGO\u00ae Creator 3in1 Senovinio motociklo (31135) \u017eaidimo rinkiniu vaikai ir \u0161auni\u0173 transporto priemoni\u0173 gerb\u0117jai nuo 8\u00a0met\u0173 gali i\u0161tisas valandas m\u0117gautis pa\u0161\u0117lusiomis lenktyn\u0117mis.","og_url":"https:\/\/collectin.eu\/en\/product\/lego-31135-senovinis-motociklas\/","og_site_name":"Collectin.eu","article_modified_time":"2026-04-08T10:24:24+00:00","og_image":[{"width":1080,"height":1080,"url":"http:\/\/collectin.eu\/wp-content\/uploads\/2026\/01\/Untitled-design-2026-01-03T005831.853.png","type":"image\/png"}],"twitter_card":"summary_large_image","twitter_misc":{"Est. reading time":"1 minute"},"schema":{"@context":"https:\/\/schema.org","@graph":[{"@type":"WebPage","@id":"https:\/\/collectin.eu\/produktas\/lego-31135-senovinis-motociklas\/","url":"https:\/\/collectin.eu\/produktas\/lego-31135-senovinis-motociklas\/","name":"LEGO\u00ae 31135 Vintage Motorcycle - Collectin.eu","isPartOf":{"@id":"https:\/\/collectin.eu\/#website"},"primaryImageOfPage":{"@id":"https:\/\/collectin.eu\/produktas\/lego-31135-senovinis-motociklas\/#primaryimage"},"image":{"@id":"https:\/\/collectin.eu\/produktas\/lego-31135-senovinis-motociklas\/#primaryimage"},"thumbnailUrl":"https:\/\/collectin.eu\/wp-content\/uploads\/2026\/01\/Untitled-design-2026-01-03T005831.853.png","datePublished":"2026-01-02T23:01:42+00:00","dateModified":"2026-04-08T10:24:24+00:00","description":"Su \u0161iuo nuostabiu LEGO\u00ae Creator 3in1 Senovinio motociklo (31135) \u017eaidimo rinkiniu vaikai ir \u0161auni\u0173 transporto priemoni\u0173 gerb\u0117jai nuo 8\u00a0met\u0173 gali i\u0161tisas valandas m\u0117gautis pa\u0161\u0117lusiomis lenktyn\u0117mis.","breadcrumb":{"@id":"https:\/\/collectin.eu\/produktas\/lego-31135-senovinis-motociklas\/#breadcrumb"},"inLanguage":"en-US","potentialAction":[{"@type":"ReadAction","target":["https:\/\/collectin.eu\/produktas\/lego-31135-senovinis-motociklas\/"]}]},{"@type":"ImageObject","inLanguage":"en-US","@id":"https:\/\/collectin.eu\/produktas\/lego-31135-senovinis-motociklas\/#primaryimage","url":"https:\/\/collectin.eu\/wp-content\/uploads\/2026\/01\/Untitled-design-2026-01-03T005831.853.png","contentUrl":"https:\/\/collectin.eu\/wp-content\/uploads\/2026\/01\/Untitled-design-2026-01-03T005831.853.png","width":1080,"height":1080},{"@type":"BreadcrumbList","@id":"https:\/\/collectin.eu\/produktas\/lego-31135-senovinis-motociklas\/#breadcrumb","itemListElement":[{"@type":"ListItem","position":1,"name":"Home","item":"https:\/\/collectin.eu\/"},{"@type":"ListItem","position":2,"name":"Parduotuv\u0117","item":"https:\/\/collectin.eu\/parduotuve\/"},{"@type":"ListItem","position":3,"name":"LEGO\u00ae 31135 Vintage Motorcycle"}]},{"@type":"WebSite","@id":"https:\/\/collectin.eu\/#website","url":"https:\/\/collectin.eu\/","name":"Collectin.eu","description":"","potentialAction":[{"@type":"SearchAction","target":{"@type":"EntryPoint","urlTemplate":"https:\/\/collectin.eu\/?s={search_term_string}"},"query-input":{"@type":"PropertyValueSpecification","valueRequired":true,"valueName":"search_term_string"}}],"inLanguage":"en-US"}]}},"jetpack_sharing_enabled":true,"_links":{"self":[{"href":"https:\/\/collectin.eu\/en\/wp-json\/wp\/v2\/product\/38979","targetHints":{"allow":["GET"]}}],"collection":[{"href":"https:\/\/collectin.eu\/en\/wp-json\/wp\/v2\/product"}],"about":[{"href":"https:\/\/collectin.eu\/en\/wp-json\/wp\/v2\/types\/product"}],"replies":[{"embeddable":true,"href":"https:\/\/collectin.eu\/en\/wp-json\/wp\/v2\/comments?post=38979"}],"version-history":[{"count":3,"href":"https:\/\/collectin.eu\/en\/wp-json\/wp\/v2\/product\/38979\/revisions"}],"predecessor-version":[{"id":40407,"href":"https:\/\/collectin.eu\/en\/wp-json\/wp\/v2\/product\/38979\/revisions\/40407"}],"wp:featuredmedia":[{"embeddable":true,"href":"https:\/\/collectin.eu\/en\/wp-json\/wp\/v2\/media\/38980"}],"wp:attachment":[{"href":"https:\/\/collectin.eu\/en\/wp-json\/wp\/v2\/media?parent=38979"}],"wp:term":[{"taxonomy":"product_brand","embeddable":true,"href":"https:\/\/collectin.eu\/en\/wp-json\/wp\/v2\/product_brand?post=38979"},{"taxonomy":"product_cat","embeddable":true,"href":"https:\/\/collectin.eu\/en\/wp-json\/wp\/v2\/product_cat?post=38979"},{"taxonomy":"product_tag","embeddable":true,"href":"https:\/\/collectin.eu\/en\/wp-json\/wp\/v2\/product_tag?post=38979"}],"curies":[{"name":"wp","href":"https:\/\/api.w.org\/{rel}","templated":true}]}}