{"id":38985,"date":"2026-01-02T23:07:37","date_gmt":"2026-01-02T23:07:37","guid":{"rendered":"https:\/\/collectin.eu\/?post_type=product&#038;p=38985"},"modified":"2026-04-08T10:24:23","modified_gmt":"2026-04-08T10:24:23","slug":"lego-80041-mei-drakono-lektuvas","status":"publish","type":"product","link":"https:\/\/collectin.eu\/en\/product\/lego-80041-mei-drakono-lektuvas\/","title":{"rendered":"LEGO\u00ae 80041 Mei&#8217;s Dragon Jet"},"content":{"rendered":"<p>Kolekciniai \u201eLEGO Monkie Kid\u2122\u201c \u017eaislai yra \u0161auni ir netik\u0117ta gimtadienio dovana vaikams, kuri i\u0161radingai supa\u017eindins juos su legendin\u0117mis pasakomis i\u0161 romano \u201eKelion\u0117 \u012f Vakarus\u201c.<\/p>\n<ul>\n<li>\u201eLEGO\u00ae Monkie Kid\u2122\u201c \u017eaidimo rinkinys (80041). Su LEGO Mei drakono l\u0117ktuvo konstruojamais modeliais, atskiriama skraidykle ir ne tik vaikai gali i\u0161tisas valandas m\u0117gautis i\u0161radingu \u017eaidimu<\/li>\n<li>3 LEGO\u00ae minifig\u016br\u0117l\u0117s. Mei, Ink Demon ir Ink General, ry\u0161kiaspalvis konstruojamas Mei l\u0117ktuvas su suskleid\u017eiamais sparnais, nuimama skraidykle ir 2\u00a0smaig\u0173 \u0161audykl\u0117mis bei generolo smaig\u0173 patranka<\/li>\n<li>\u017daidim\u0105 \u012fkvepian\u010dios ypatyb\u0117s. L\u0117ktuv\u0105 galima derinti su Monkie Kid kombinuoto roboto rinkiniu 80040 (parduodamas atskirai). Jis prisitvirtina prie roboto nugaros, kaip reaktyvin\u0117 kuprin\u0117, taip suteikdamas nei\u0161semiam\u0173 \u017eaidimo galimybi\u0173<\/li>\n<li>Patranka. Su konstruojama smaig\u0173 patranka vaikai gali vaidinti pikt\u0105j\u012f Ink General. Rinkinyje taip pat yra Mei kardas ir \u0161almas bei atskiriama skraidykl\u0117<\/li>\n<\/ul>","protected":false},"excerpt":{"rendered":"<p>Kolekciniai \u201eLEGO Monkie Kid\u2122\u201c \u017eaislai yra \u0161auni ir netik\u0117ta gimtadienio dovana vaikams, kuri i\u0161radingai supa\u017eindins juos su legendin\u0117mis pasakomis i\u0161<\/p>","protected":false},"featured_media":38986,"comment_status":"open","ping_status":"closed","template":"","meta":[],"product_brand":[423],"product_cat":[677,406,530],"product_tag":[],"class_list":{"0":"post-38985","1":"product","2":"type-product","3":"status-publish","4":"has-post-thumbnail","6":"product_brand-lego","7":"product_cat-lego-konstruktoriai","8":"product_cat-lego","9":"product_cat-lego-monkie-kid","11":"first","12":"instock","13":"taxable","14":"shipping-taxable","15":"purchasable","16":"product-type-simple"},"yoast_head":"<!-- This site is optimized with the Yoast SEO plugin v25.9 - https:\/\/yoast.com\/wordpress\/plugins\/seo\/ -->\n<title>LEGO\u00ae 80041 Mei&#039;s Dragon Jet - Collectin.eu<\/title>\n<meta name=\"description\" content=\"\u0160is konstruojamas \u017eaislas yra patvari ir smagi dovana vaikams. Program\u0117l\u0117 \u201eLEGO Builder\u201c pad\u0117s j\u016bs\u0173 vaikui leistis \u012f nesud\u0117ting\u0105 konstravimo nuotyk\u012f.\" \/>\n<meta name=\"robots\" content=\"index, follow, max-snippet:-1, max-image-preview:large, max-video-preview:-1\" \/>\n<link rel=\"canonical\" href=\"https:\/\/collectin.eu\/en\/product\/lego-80041-mei-drakono-lektuvas\/\" \/>\n<meta property=\"og:locale\" content=\"en_US\" \/>\n<meta property=\"og:type\" content=\"article\" \/>\n<meta property=\"og:title\" content=\"LEGO\u00ae 80041 Mei&#039;s Dragon Jet - Collectin.eu\" \/>\n<meta property=\"og:description\" content=\"\u0160is konstruojamas \u017eaislas yra patvari ir smagi dovana vaikams. Program\u0117l\u0117 \u201eLEGO Builder\u201c pad\u0117s j\u016bs\u0173 vaikui leistis \u012f nesud\u0117ting\u0105 konstravimo nuotyk\u012f.\" \/>\n<meta property=\"og:url\" content=\"https:\/\/collectin.eu\/en\/product\/lego-80041-mei-drakono-lektuvas\/\" \/>\n<meta property=\"og:site_name\" content=\"Collectin.eu\" \/>\n<meta property=\"article:modified_time\" content=\"2026-04-08T10:24:23+00:00\" \/>\n<meta property=\"og:image\" content=\"http:\/\/collectin.eu\/wp-content\/uploads\/2026\/01\/Untitled-design-2026-01-03T010440.635.png\" \/>\n\t<meta property=\"og:image:width\" content=\"1080\" \/>\n\t<meta property=\"og:image:height\" content=\"1080\" \/>\n\t<meta property=\"og:image:type\" content=\"image\/png\" \/>\n<meta name=\"twitter:card\" content=\"summary_large_image\" \/>\n<meta name=\"twitter:label1\" content=\"Est. reading time\" \/>\n\t<meta name=\"twitter:data1\" content=\"1 minute\" \/>\n<script type=\"application\/ld+json\" class=\"yoast-schema-graph\">{\"@context\":\"https:\/\/schema.org\",\"@graph\":[{\"@type\":\"WebPage\",\"@id\":\"https:\/\/collectin.eu\/produktas\/lego-80041-mei-drakono-lektuvas\/\",\"url\":\"https:\/\/collectin.eu\/produktas\/lego-80041-mei-drakono-lektuvas\/\",\"name\":\"LEGO\u00ae 80041 Mei's Dragon Jet - Collectin.eu\",\"isPartOf\":{\"@id\":\"https:\/\/collectin.eu\/#website\"},\"primaryImageOfPage\":{\"@id\":\"https:\/\/collectin.eu\/produktas\/lego-80041-mei-drakono-lektuvas\/#primaryimage\"},\"image\":{\"@id\":\"https:\/\/collectin.eu\/produktas\/lego-80041-mei-drakono-lektuvas\/#primaryimage\"},\"thumbnailUrl\":\"https:\/\/collectin.eu\/wp-content\/uploads\/2026\/01\/Untitled-design-2026-01-03T010440.635.png\",\"datePublished\":\"2026-01-02T23:07:37+00:00\",\"dateModified\":\"2026-04-08T10:24:23+00:00\",\"description\":\"\u0160is konstruojamas \u017eaislas yra patvari ir smagi dovana vaikams. Program\u0117l\u0117 \u201eLEGO Builder\u201c pad\u0117s j\u016bs\u0173 vaikui leistis \u012f nesud\u0117ting\u0105 konstravimo nuotyk\u012f.\",\"breadcrumb\":{\"@id\":\"https:\/\/collectin.eu\/produktas\/lego-80041-mei-drakono-lektuvas\/#breadcrumb\"},\"inLanguage\":\"en-US\",\"potentialAction\":[{\"@type\":\"ReadAction\",\"target\":[\"https:\/\/collectin.eu\/produktas\/lego-80041-mei-drakono-lektuvas\/\"]}]},{\"@type\":\"ImageObject\",\"inLanguage\":\"en-US\",\"@id\":\"https:\/\/collectin.eu\/produktas\/lego-80041-mei-drakono-lektuvas\/#primaryimage\",\"url\":\"https:\/\/collectin.eu\/wp-content\/uploads\/2026\/01\/Untitled-design-2026-01-03T010440.635.png\",\"contentUrl\":\"https:\/\/collectin.eu\/wp-content\/uploads\/2026\/01\/Untitled-design-2026-01-03T010440.635.png\",\"width\":1080,\"height\":1080},{\"@type\":\"BreadcrumbList\",\"@id\":\"https:\/\/collectin.eu\/produktas\/lego-80041-mei-drakono-lektuvas\/#breadcrumb\",\"itemListElement\":[{\"@type\":\"ListItem\",\"position\":1,\"name\":\"Home\",\"item\":\"https:\/\/collectin.eu\/\"},{\"@type\":\"ListItem\",\"position\":2,\"name\":\"Parduotuv\u0117\",\"item\":\"https:\/\/collectin.eu\/parduotuve\/\"},{\"@type\":\"ListItem\",\"position\":3,\"name\":\"LEGO\u00ae 80041 Mei&#8217;s Dragon Jet\"}]},{\"@type\":\"WebSite\",\"@id\":\"https:\/\/collectin.eu\/#website\",\"url\":\"https:\/\/collectin.eu\/\",\"name\":\"Collectin.eu\",\"description\":\"\",\"potentialAction\":[{\"@type\":\"SearchAction\",\"target\":{\"@type\":\"EntryPoint\",\"urlTemplate\":\"https:\/\/collectin.eu\/?s={search_term_string}\"},\"query-input\":{\"@type\":\"PropertyValueSpecification\",\"valueRequired\":true,\"valueName\":\"search_term_string\"}}],\"inLanguage\":\"en-US\"}]}<\/script>\n<!-- \/ Yoast SEO plugin. -->","yoast_head_json":{"title":"LEGO\u00ae 80041 Mei's Dragon Jet - Collectin.eu","description":"\u0160is konstruojamas \u017eaislas yra patvari ir smagi dovana vaikams. Program\u0117l\u0117 \u201eLEGO Builder\u201c pad\u0117s j\u016bs\u0173 vaikui leistis \u012f nesud\u0117ting\u0105 konstravimo nuotyk\u012f.","robots":{"index":"index","follow":"follow","max-snippet":"max-snippet:-1","max-image-preview":"max-image-preview:large","max-video-preview":"max-video-preview:-1"},"canonical":"https:\/\/collectin.eu\/en\/product\/lego-80041-mei-drakono-lektuvas\/","og_locale":"en_US","og_type":"article","og_title":"LEGO\u00ae 80041 Mei's Dragon Jet - Collectin.eu","og_description":"\u0160is konstruojamas \u017eaislas yra patvari ir smagi dovana vaikams. Program\u0117l\u0117 \u201eLEGO Builder\u201c pad\u0117s j\u016bs\u0173 vaikui leistis \u012f nesud\u0117ting\u0105 konstravimo nuotyk\u012f.","og_url":"https:\/\/collectin.eu\/en\/product\/lego-80041-mei-drakono-lektuvas\/","og_site_name":"Collectin.eu","article_modified_time":"2026-04-08T10:24:23+00:00","og_image":[{"width":1080,"height":1080,"url":"http:\/\/collectin.eu\/wp-content\/uploads\/2026\/01\/Untitled-design-2026-01-03T010440.635.png","type":"image\/png"}],"twitter_card":"summary_large_image","twitter_misc":{"Est. reading time":"1 minute"},"schema":{"@context":"https:\/\/schema.org","@graph":[{"@type":"WebPage","@id":"https:\/\/collectin.eu\/produktas\/lego-80041-mei-drakono-lektuvas\/","url":"https:\/\/collectin.eu\/produktas\/lego-80041-mei-drakono-lektuvas\/","name":"LEGO\u00ae 80041 Mei's Dragon Jet - Collectin.eu","isPartOf":{"@id":"https:\/\/collectin.eu\/#website"},"primaryImageOfPage":{"@id":"https:\/\/collectin.eu\/produktas\/lego-80041-mei-drakono-lektuvas\/#primaryimage"},"image":{"@id":"https:\/\/collectin.eu\/produktas\/lego-80041-mei-drakono-lektuvas\/#primaryimage"},"thumbnailUrl":"https:\/\/collectin.eu\/wp-content\/uploads\/2026\/01\/Untitled-design-2026-01-03T010440.635.png","datePublished":"2026-01-02T23:07:37+00:00","dateModified":"2026-04-08T10:24:23+00:00","description":"\u0160is konstruojamas \u017eaislas yra patvari ir smagi dovana vaikams. Program\u0117l\u0117 \u201eLEGO Builder\u201c pad\u0117s j\u016bs\u0173 vaikui leistis \u012f nesud\u0117ting\u0105 konstravimo nuotyk\u012f.","breadcrumb":{"@id":"https:\/\/collectin.eu\/produktas\/lego-80041-mei-drakono-lektuvas\/#breadcrumb"},"inLanguage":"en-US","potentialAction":[{"@type":"ReadAction","target":["https:\/\/collectin.eu\/produktas\/lego-80041-mei-drakono-lektuvas\/"]}]},{"@type":"ImageObject","inLanguage":"en-US","@id":"https:\/\/collectin.eu\/produktas\/lego-80041-mei-drakono-lektuvas\/#primaryimage","url":"https:\/\/collectin.eu\/wp-content\/uploads\/2026\/01\/Untitled-design-2026-01-03T010440.635.png","contentUrl":"https:\/\/collectin.eu\/wp-content\/uploads\/2026\/01\/Untitled-design-2026-01-03T010440.635.png","width":1080,"height":1080},{"@type":"BreadcrumbList","@id":"https:\/\/collectin.eu\/produktas\/lego-80041-mei-drakono-lektuvas\/#breadcrumb","itemListElement":[{"@type":"ListItem","position":1,"name":"Home","item":"https:\/\/collectin.eu\/"},{"@type":"ListItem","position":2,"name":"Parduotuv\u0117","item":"https:\/\/collectin.eu\/parduotuve\/"},{"@type":"ListItem","position":3,"name":"LEGO\u00ae 80041 Mei&#8217;s Dragon Jet"}]},{"@type":"WebSite","@id":"https:\/\/collectin.eu\/#website","url":"https:\/\/collectin.eu\/","name":"Collectin.eu","description":"","potentialAction":[{"@type":"SearchAction","target":{"@type":"EntryPoint","urlTemplate":"https:\/\/collectin.eu\/?s={search_term_string}"},"query-input":{"@type":"PropertyValueSpecification","valueRequired":true,"valueName":"search_term_string"}}],"inLanguage":"en-US"}]}},"jetpack_sharing_enabled":true,"_links":{"self":[{"href":"https:\/\/collectin.eu\/en\/wp-json\/wp\/v2\/product\/38985","targetHints":{"allow":["GET"]}}],"collection":[{"href":"https:\/\/collectin.eu\/en\/wp-json\/wp\/v2\/product"}],"about":[{"href":"https:\/\/collectin.eu\/en\/wp-json\/wp\/v2\/types\/product"}],"replies":[{"embeddable":true,"href":"https:\/\/collectin.eu\/en\/wp-json\/wp\/v2\/comments?post=38985"}],"version-history":[{"count":3,"href":"https:\/\/collectin.eu\/en\/wp-json\/wp\/v2\/product\/38985\/revisions"}],"predecessor-version":[{"id":40406,"href":"https:\/\/collectin.eu\/en\/wp-json\/wp\/v2\/product\/38985\/revisions\/40406"}],"wp:featuredmedia":[{"embeddable":true,"href":"https:\/\/collectin.eu\/en\/wp-json\/wp\/v2\/media\/38986"}],"wp:attachment":[{"href":"https:\/\/collectin.eu\/en\/wp-json\/wp\/v2\/media?parent=38985"}],"wp:term":[{"taxonomy":"product_brand","embeddable":true,"href":"https:\/\/collectin.eu\/en\/wp-json\/wp\/v2\/product_brand?post=38985"},{"taxonomy":"product_cat","embeddable":true,"href":"https:\/\/collectin.eu\/en\/wp-json\/wp\/v2\/product_cat?post=38985"},{"taxonomy":"product_tag","embeddable":true,"href":"https:\/\/collectin.eu\/en\/wp-json\/wp\/v2\/product_tag?post=38985"}],"curies":[{"name":"wp","href":"https:\/\/api.w.org\/{rel}","templated":true}]}}