{"id":38991,"date":"2026-01-02T23:12:56","date_gmt":"2026-01-02T23:12:56","guid":{"rendered":"https:\/\/collectin.eu\/?post_type=product&#038;p=38991"},"modified":"2026-04-08T10:24:23","modified_gmt":"2026-04-08T10:24:23","slug":"lego-40659-mazasis-garlaivis-vilis","status":"publish","type":"product","link":"https:\/\/collectin.eu\/en\/product\/lego-40659-mazasis-garlaivis-vilis\/","title":{"rendered":"LEGO\u00ae 40659 Mini Steamboat Willie"},"content":{"rendered":"<p>Su\u017eav\u0117kite bet kur\u012f \u201eLEGO\u00ae \u01c0 Disney\u201c gerb\u0117j\u0105 nuo 9 met\u0173 ir \u0161v\u0119skite 100-\u0105j\u0105 \u201eDisney\u201c sukakt\u012f su \u0161iuo nostalgi\u0161ku konstruojamu rinkiniu \u201eMa\u017easis garlaivis Vilis\u201c (40659). I\u0161 juod\u0173 ir balt\u0173 kalad\u0117li\u0173 pagamintas laivas ir \u201eDisney\u201c persona\u017eas PeliukasMikis atkurti tiksliai pagal original\u0105. Garlaivio ratas sukasi ir judina garo vamzd\u017eius auk\u0161tyn ir \u017eemyn. Modelis ir minifig\u016br\u0117l\u0117 \u012fkv\u0117ps \u017eaidimui vaidmenimis ar puikiai atrodys eksponuojami bet kuriuose namuose ar biure.<\/p>\n<ul>\n<li>Sukonstruokite legend\u0105. \u0160v\u0119skite 100-\u0105j\u0105 \u201eDisney\u201c sukakt\u012f su \u0161iuo \u201eLEGO\u00ae \u01c0 Disney\u201c rinkiniu \u201eMa\u017easis garlaivis Vilis\u201c (40659), skirtu vaikams ir legendinio persona\u017eo gerb\u0117jams, besidomintiems jo debiutu ekrane<\/li>\n<li>Nostalgija persmelktas modelis. \u0160iame 100-ajai \u201eDisney\u201c sukak\u010diai pamin\u0117ti skirtame rinkinyje yra juodos ir baltos spalvos konstruojamas laivas su ratu ir judan\u010diais garo vamzd\u017eiais bei minifig\u016br\u0117l\u0117, \u012fkvepianti \u017eaidimui vaidmenimis<\/li>\n<\/ul>","protected":false},"excerpt":{"rendered":"<p>Su\u017eav\u0117kite bet kur\u012f \u201eLEGO\u00ae \u01c0 Disney\u201c gerb\u0117j\u0105 nuo 9 met\u0173 ir \u0161v\u0119skite 100-\u0105j\u0105 \u201eDisney\u201c sukakt\u012f su \u0161iuo nostalgi\u0161ku konstruojamu rinkiniu<\/p>","protected":false},"featured_media":38992,"comment_status":"open","ping_status":"closed","template":"","meta":[],"product_brand":[423],"product_cat":[677,406,494],"product_tag":[],"class_list":{"0":"post-38991","1":"product","2":"type-product","3":"status-publish","4":"has-post-thumbnail","6":"product_brand-lego","7":"product_cat-lego-konstruktoriai","8":"product_cat-lego","9":"product_cat-lego-disney","11":"first","12":"instock","13":"taxable","14":"shipping-taxable","15":"purchasable","16":"product-type-simple"},"yoast_head":"<!-- This site is optimized with the Yoast SEO plugin v25.9 - https:\/\/yoast.com\/wordpress\/plugins\/seo\/ -->\n<title>LEGO\u00ae 40659 Mini Steamboat Willie - Collectin.eu<\/title>\n<meta name=\"description\" content=\"Su\u017eav\u0117kite bet kur\u012f \u201eLEGO\u00ae \u01c0 Disney\u201c gerb\u0117j\u0105 nuo 9 met\u0173 ir \u0161v\u0119skite 100-\u0105j\u0105 \u201eDisney\u201c sukakt\u012f su \u0161iuo nostalgi\u0161ku konstruojamu rinkiniu \u201eMa\u017easis garlaivis Vilis\u201c (40659).\" \/>\n<meta name=\"robots\" content=\"index, follow, max-snippet:-1, max-image-preview:large, max-video-preview:-1\" \/>\n<link rel=\"canonical\" href=\"https:\/\/collectin.eu\/en\/product\/lego-40659-mazasis-garlaivis-vilis\/\" \/>\n<meta property=\"og:locale\" content=\"en_US\" \/>\n<meta property=\"og:type\" content=\"article\" \/>\n<meta property=\"og:title\" content=\"LEGO\u00ae 40659 Mini Steamboat Willie - Collectin.eu\" \/>\n<meta property=\"og:description\" content=\"Su\u017eav\u0117kite bet kur\u012f \u201eLEGO\u00ae \u01c0 Disney\u201c gerb\u0117j\u0105 nuo 9 met\u0173 ir \u0161v\u0119skite 100-\u0105j\u0105 \u201eDisney\u201c sukakt\u012f su \u0161iuo nostalgi\u0161ku konstruojamu rinkiniu \u201eMa\u017easis garlaivis Vilis\u201c (40659).\" \/>\n<meta property=\"og:url\" content=\"https:\/\/collectin.eu\/en\/product\/lego-40659-mazasis-garlaivis-vilis\/\" \/>\n<meta property=\"og:site_name\" content=\"Collectin.eu\" \/>\n<meta property=\"article:modified_time\" content=\"2026-04-08T10:24:23+00:00\" \/>\n<meta property=\"og:image\" content=\"http:\/\/collectin.eu\/wp-content\/uploads\/2026\/01\/Untitled-design-2026-01-03T011015.097.png\" \/>\n\t<meta property=\"og:image:width\" content=\"1080\" \/>\n\t<meta property=\"og:image:height\" content=\"1080\" \/>\n\t<meta property=\"og:image:type\" content=\"image\/png\" \/>\n<meta name=\"twitter:card\" content=\"summary_large_image\" \/>\n<meta name=\"twitter:label1\" content=\"Est. reading time\" \/>\n\t<meta name=\"twitter:data1\" content=\"1 minute\" \/>\n<script type=\"application\/ld+json\" class=\"yoast-schema-graph\">{\"@context\":\"https:\/\/schema.org\",\"@graph\":[{\"@type\":\"WebPage\",\"@id\":\"https:\/\/collectin.eu\/produktas\/lego-40659-mazasis-garlaivis-vilis\/\",\"url\":\"https:\/\/collectin.eu\/produktas\/lego-40659-mazasis-garlaivis-vilis\/\",\"name\":\"LEGO\u00ae 40659 Mini Steamboat Willie - Collectin.eu\",\"isPartOf\":{\"@id\":\"https:\/\/collectin.eu\/#website\"},\"primaryImageOfPage\":{\"@id\":\"https:\/\/collectin.eu\/produktas\/lego-40659-mazasis-garlaivis-vilis\/#primaryimage\"},\"image\":{\"@id\":\"https:\/\/collectin.eu\/produktas\/lego-40659-mazasis-garlaivis-vilis\/#primaryimage\"},\"thumbnailUrl\":\"https:\/\/collectin.eu\/wp-content\/uploads\/2026\/01\/Untitled-design-2026-01-03T011015.097.png\",\"datePublished\":\"2026-01-02T23:12:56+00:00\",\"dateModified\":\"2026-04-08T10:24:23+00:00\",\"description\":\"Su\u017eav\u0117kite bet kur\u012f \u201eLEGO\u00ae \u01c0 Disney\u201c gerb\u0117j\u0105 nuo 9 met\u0173 ir \u0161v\u0119skite 100-\u0105j\u0105 \u201eDisney\u201c sukakt\u012f su \u0161iuo nostalgi\u0161ku konstruojamu rinkiniu \u201eMa\u017easis garlaivis Vilis\u201c (40659).\",\"breadcrumb\":{\"@id\":\"https:\/\/collectin.eu\/produktas\/lego-40659-mazasis-garlaivis-vilis\/#breadcrumb\"},\"inLanguage\":\"en-US\",\"potentialAction\":[{\"@type\":\"ReadAction\",\"target\":[\"https:\/\/collectin.eu\/produktas\/lego-40659-mazasis-garlaivis-vilis\/\"]}]},{\"@type\":\"ImageObject\",\"inLanguage\":\"en-US\",\"@id\":\"https:\/\/collectin.eu\/produktas\/lego-40659-mazasis-garlaivis-vilis\/#primaryimage\",\"url\":\"https:\/\/collectin.eu\/wp-content\/uploads\/2026\/01\/Untitled-design-2026-01-03T011015.097.png\",\"contentUrl\":\"https:\/\/collectin.eu\/wp-content\/uploads\/2026\/01\/Untitled-design-2026-01-03T011015.097.png\",\"width\":1080,\"height\":1080},{\"@type\":\"BreadcrumbList\",\"@id\":\"https:\/\/collectin.eu\/produktas\/lego-40659-mazasis-garlaivis-vilis\/#breadcrumb\",\"itemListElement\":[{\"@type\":\"ListItem\",\"position\":1,\"name\":\"Home\",\"item\":\"https:\/\/collectin.eu\/\"},{\"@type\":\"ListItem\",\"position\":2,\"name\":\"Parduotuv\u0117\",\"item\":\"https:\/\/collectin.eu\/parduotuve\/\"},{\"@type\":\"ListItem\",\"position\":3,\"name\":\"LEGO\u00ae 40659 Mini Steamboat Willie\"}]},{\"@type\":\"WebSite\",\"@id\":\"https:\/\/collectin.eu\/#website\",\"url\":\"https:\/\/collectin.eu\/\",\"name\":\"Collectin.eu\",\"description\":\"\",\"potentialAction\":[{\"@type\":\"SearchAction\",\"target\":{\"@type\":\"EntryPoint\",\"urlTemplate\":\"https:\/\/collectin.eu\/?s={search_term_string}\"},\"query-input\":{\"@type\":\"PropertyValueSpecification\",\"valueRequired\":true,\"valueName\":\"search_term_string\"}}],\"inLanguage\":\"en-US\"}]}<\/script>\n<!-- \/ Yoast SEO plugin. -->","yoast_head_json":{"title":"LEGO\u00ae 40659 Mini Steamboat Willie - Collectin.eu","description":"Su\u017eav\u0117kite bet kur\u012f \u201eLEGO\u00ae \u01c0 Disney\u201c gerb\u0117j\u0105 nuo 9 met\u0173 ir \u0161v\u0119skite 100-\u0105j\u0105 \u201eDisney\u201c sukakt\u012f su \u0161iuo nostalgi\u0161ku konstruojamu rinkiniu \u201eMa\u017easis garlaivis Vilis\u201c (40659).","robots":{"index":"index","follow":"follow","max-snippet":"max-snippet:-1","max-image-preview":"max-image-preview:large","max-video-preview":"max-video-preview:-1"},"canonical":"https:\/\/collectin.eu\/en\/product\/lego-40659-mazasis-garlaivis-vilis\/","og_locale":"en_US","og_type":"article","og_title":"LEGO\u00ae 40659 Mini Steamboat Willie - Collectin.eu","og_description":"Su\u017eav\u0117kite bet kur\u012f \u201eLEGO\u00ae \u01c0 Disney\u201c gerb\u0117j\u0105 nuo 9 met\u0173 ir \u0161v\u0119skite 100-\u0105j\u0105 \u201eDisney\u201c sukakt\u012f su \u0161iuo nostalgi\u0161ku konstruojamu rinkiniu \u201eMa\u017easis garlaivis Vilis\u201c (40659).","og_url":"https:\/\/collectin.eu\/en\/product\/lego-40659-mazasis-garlaivis-vilis\/","og_site_name":"Collectin.eu","article_modified_time":"2026-04-08T10:24:23+00:00","og_image":[{"width":1080,"height":1080,"url":"http:\/\/collectin.eu\/wp-content\/uploads\/2026\/01\/Untitled-design-2026-01-03T011015.097.png","type":"image\/png"}],"twitter_card":"summary_large_image","twitter_misc":{"Est. reading time":"1 minute"},"schema":{"@context":"https:\/\/schema.org","@graph":[{"@type":"WebPage","@id":"https:\/\/collectin.eu\/produktas\/lego-40659-mazasis-garlaivis-vilis\/","url":"https:\/\/collectin.eu\/produktas\/lego-40659-mazasis-garlaivis-vilis\/","name":"LEGO\u00ae 40659 Mini Steamboat Willie - Collectin.eu","isPartOf":{"@id":"https:\/\/collectin.eu\/#website"},"primaryImageOfPage":{"@id":"https:\/\/collectin.eu\/produktas\/lego-40659-mazasis-garlaivis-vilis\/#primaryimage"},"image":{"@id":"https:\/\/collectin.eu\/produktas\/lego-40659-mazasis-garlaivis-vilis\/#primaryimage"},"thumbnailUrl":"https:\/\/collectin.eu\/wp-content\/uploads\/2026\/01\/Untitled-design-2026-01-03T011015.097.png","datePublished":"2026-01-02T23:12:56+00:00","dateModified":"2026-04-08T10:24:23+00:00","description":"Su\u017eav\u0117kite bet kur\u012f \u201eLEGO\u00ae \u01c0 Disney\u201c gerb\u0117j\u0105 nuo 9 met\u0173 ir \u0161v\u0119skite 100-\u0105j\u0105 \u201eDisney\u201c sukakt\u012f su \u0161iuo nostalgi\u0161ku konstruojamu rinkiniu \u201eMa\u017easis garlaivis Vilis\u201c (40659).","breadcrumb":{"@id":"https:\/\/collectin.eu\/produktas\/lego-40659-mazasis-garlaivis-vilis\/#breadcrumb"},"inLanguage":"en-US","potentialAction":[{"@type":"ReadAction","target":["https:\/\/collectin.eu\/produktas\/lego-40659-mazasis-garlaivis-vilis\/"]}]},{"@type":"ImageObject","inLanguage":"en-US","@id":"https:\/\/collectin.eu\/produktas\/lego-40659-mazasis-garlaivis-vilis\/#primaryimage","url":"https:\/\/collectin.eu\/wp-content\/uploads\/2026\/01\/Untitled-design-2026-01-03T011015.097.png","contentUrl":"https:\/\/collectin.eu\/wp-content\/uploads\/2026\/01\/Untitled-design-2026-01-03T011015.097.png","width":1080,"height":1080},{"@type":"BreadcrumbList","@id":"https:\/\/collectin.eu\/produktas\/lego-40659-mazasis-garlaivis-vilis\/#breadcrumb","itemListElement":[{"@type":"ListItem","position":1,"name":"Home","item":"https:\/\/collectin.eu\/"},{"@type":"ListItem","position":2,"name":"Parduotuv\u0117","item":"https:\/\/collectin.eu\/parduotuve\/"},{"@type":"ListItem","position":3,"name":"LEGO\u00ae 40659 Mini Steamboat Willie"}]},{"@type":"WebSite","@id":"https:\/\/collectin.eu\/#website","url":"https:\/\/collectin.eu\/","name":"Collectin.eu","description":"","potentialAction":[{"@type":"SearchAction","target":{"@type":"EntryPoint","urlTemplate":"https:\/\/collectin.eu\/?s={search_term_string}"},"query-input":{"@type":"PropertyValueSpecification","valueRequired":true,"valueName":"search_term_string"}}],"inLanguage":"en-US"}]}},"jetpack_sharing_enabled":true,"_links":{"self":[{"href":"https:\/\/collectin.eu\/en\/wp-json\/wp\/v2\/product\/38991","targetHints":{"allow":["GET"]}}],"collection":[{"href":"https:\/\/collectin.eu\/en\/wp-json\/wp\/v2\/product"}],"about":[{"href":"https:\/\/collectin.eu\/en\/wp-json\/wp\/v2\/types\/product"}],"replies":[{"embeddable":true,"href":"https:\/\/collectin.eu\/en\/wp-json\/wp\/v2\/comments?post=38991"}],"version-history":[{"count":2,"href":"https:\/\/collectin.eu\/en\/wp-json\/wp\/v2\/product\/38991\/revisions"}],"predecessor-version":[{"id":40404,"href":"https:\/\/collectin.eu\/en\/wp-json\/wp\/v2\/product\/38991\/revisions\/40404"}],"wp:featuredmedia":[{"embeddable":true,"href":"https:\/\/collectin.eu\/en\/wp-json\/wp\/v2\/media\/38992"}],"wp:attachment":[{"href":"https:\/\/collectin.eu\/en\/wp-json\/wp\/v2\/media?parent=38991"}],"wp:term":[{"taxonomy":"product_brand","embeddable":true,"href":"https:\/\/collectin.eu\/en\/wp-json\/wp\/v2\/product_brand?post=38991"},{"taxonomy":"product_cat","embeddable":true,"href":"https:\/\/collectin.eu\/en\/wp-json\/wp\/v2\/product_cat?post=38991"},{"taxonomy":"product_tag","embeddable":true,"href":"https:\/\/collectin.eu\/en\/wp-json\/wp\/v2\/product_tag?post=38991"}],"curies":[{"name":"wp","href":"https:\/\/api.w.org\/{rel}","templated":true}]}}