{"id":38997,"date":"2026-01-02T23:18:42","date_gmt":"2026-01-02T23:18:42","guid":{"rendered":"https:\/\/collectin.eu\/?post_type=product&#038;p=38997"},"modified":"2026-04-08T10:24:23","modified_gmt":"2026-04-08T10:24:23","slug":"lego-21257-kova-su-ediku","status":"publish","type":"product","link":"https:\/\/collectin.eu\/en\/product\/lego-21257-kova-su-ediku\/","title":{"rendered":"LEGO\u00ae 21257 The Devourer Showdown"},"content":{"rendered":"<p>Kad b\u016bt\u0173 dar smagiau \u017eaisti su \u0161iuo konstruojamu vaidmen\u0173 ir veiksmo \u017eaislu, program\u0117l\u0117 \u201eLEGO Builder\u201c suteikia konstruotojams galimyb\u0119 priartinti, pasukti trima\u010dius modelius ir sekti pa\u017eang\u0105.<\/p>\n<ul>\n<li>\u201eMinecraft\u00ae\u201c \u017eaislin\u0117 veiksmo fig\u016br\u0117l\u0117 vaikams. Pirmasis istorijoje \u201eMinecraft Legends\u00ae\u201c rinkinys \u201eKova su \u0116diku\u201c suteikia galimyb\u0119 berniukams ir mergait\u0117ms nuo 8 met\u0173 konstruoti, kovoti ir \u017eaisti vaidmenimis su vienu i\u0161 svarbiausi\u0173 \u017eaidimo heroj\u0173<\/li>\n<li>Heroj\u0173 nuotyki\u0173 rinkinys. Su \u0161iuo universaliu \u201eMinecraft\u00ae\u201c \u017eaislu vaikai kartu su herojumi reind\u017eeriu, did\u017eiasnapiu, skeletu ir akmeniniu golemu stoja \u012f kov\u0105 su \u0161lyk\u0161\u010diuoju \u0116diku ir jo pakaliku Liepsnasvaid\u017eiu<\/li>\n<li>\u017daidimo vaidmenimis rinkinys. Spustel\u0117jus mygtuk\u0105 aktyvinamos autenti\u0161kos \u201eMinecraft\u00ae\u201c funkcijos, \u012fskaitant \u0161audym\u0105 v\u0117mal\u0173 \u201esviediniais\u201c i\u0161 \u0116diko burnos ir gleivi\u0173 element\u0173 paleidim\u0105 i\u0161 kuprin\u0117s<\/li>\n<li>\u201eMinecraft\u00ae\u201c rinkinys savaranki\u0161kam \u017eaidimui. \u0160is konstravimo \u017eaislas vaikams taip pat apima priedus herojui reind\u017eeriui: pauk\u0161t\u012f jojimui, v\u0117liav\u0105, gobtuv\u0105, deimantin\u012f kard\u0105 ir liutni\u0105<\/li>\n<li>\u017daidimo dovana vaikams nuo 8 met\u0173. Pirm\u0105 kart\u0105 istorijoje pasirodantis LEGO\u00ae \u201eMinecraft\u00ae\u201c rinkinys \u201eKova su \u0117diku\u201c tikriausiai susilauks didelio \u017eaidimo gerb\u0117j\u0173 susidom\u0117jimo<\/li>\n<\/ul>","protected":false},"excerpt":{"rendered":"<p>Kad b\u016bt\u0173 dar smagiau \u017eaisti su \u0161iuo konstruojamu vaidmen\u0173 ir veiksmo \u017eaislu, program\u0117l\u0117 \u201eLEGO Builder\u201c suteikia konstruotojams galimyb\u0119 priartinti, pasukti<\/p>","protected":false},"featured_media":38998,"comment_status":"open","ping_status":"closed","template":"","meta":[],"product_brand":[423],"product_cat":[677,406,524],"product_tag":[],"class_list":{"0":"post-38997","1":"product","2":"type-product","3":"status-publish","4":"has-post-thumbnail","6":"product_brand-lego","7":"product_cat-lego-konstruktoriai","8":"product_cat-lego","9":"product_cat-lego-minecraft","11":"first","12":"instock","13":"taxable","14":"shipping-taxable","15":"purchasable","16":"product-type-simple"},"yoast_head":"<!-- This site is optimized with the Yoast SEO plugin v25.9 - https:\/\/yoast.com\/wordpress\/plugins\/seo\/ -->\n<title>LEGO\u00ae 21257 The Devourer Showdown - Collectin.eu<\/title>\n<meta name=\"description\" content=\"Naujojo \u201eMinecraft Legends\u201c pasaulio LEGO \u201eMinecraft\u201c heroj\u0173 rinkinyje vaizduojamas \u0116dikas, vienas i\u0161 did\u017eiausi\u0173 \u017eaidimo bos\u0173.\" \/>\n<meta name=\"robots\" content=\"index, follow, max-snippet:-1, max-image-preview:large, max-video-preview:-1\" \/>\n<link rel=\"canonical\" href=\"https:\/\/collectin.eu\/en\/product\/lego-21257-kova-su-ediku\/\" \/>\n<meta property=\"og:locale\" content=\"en_US\" \/>\n<meta property=\"og:type\" content=\"article\" \/>\n<meta property=\"og:title\" content=\"LEGO\u00ae 21257 The Devourer Showdown - Collectin.eu\" \/>\n<meta property=\"og:description\" content=\"Naujojo \u201eMinecraft Legends\u201c pasaulio LEGO \u201eMinecraft\u201c heroj\u0173 rinkinyje vaizduojamas \u0116dikas, vienas i\u0161 did\u017eiausi\u0173 \u017eaidimo bos\u0173.\" \/>\n<meta property=\"og:url\" content=\"https:\/\/collectin.eu\/en\/product\/lego-21257-kova-su-ediku\/\" \/>\n<meta property=\"og:site_name\" content=\"Collectin.eu\" \/>\n<meta property=\"article:modified_time\" content=\"2026-04-08T10:24:23+00:00\" \/>\n<meta property=\"og:image\" content=\"http:\/\/collectin.eu\/wp-content\/uploads\/2026\/01\/Untitled-design-2026-01-03T011522.718.png\" \/>\n\t<meta property=\"og:image:width\" content=\"1080\" \/>\n\t<meta property=\"og:image:height\" content=\"1080\" \/>\n\t<meta property=\"og:image:type\" content=\"image\/png\" \/>\n<meta name=\"twitter:card\" content=\"summary_large_image\" \/>\n<meta name=\"twitter:label1\" content=\"Est. reading time\" \/>\n\t<meta name=\"twitter:data1\" content=\"2 minutes\" \/>\n<script type=\"application\/ld+json\" class=\"yoast-schema-graph\">{\"@context\":\"https:\/\/schema.org\",\"@graph\":[{\"@type\":\"WebPage\",\"@id\":\"https:\/\/collectin.eu\/produktas\/lego-21257-kova-su-ediku\/\",\"url\":\"https:\/\/collectin.eu\/produktas\/lego-21257-kova-su-ediku\/\",\"name\":\"LEGO\u00ae 21257 The Devourer Showdown - Collectin.eu\",\"isPartOf\":{\"@id\":\"https:\/\/collectin.eu\/#website\"},\"primaryImageOfPage\":{\"@id\":\"https:\/\/collectin.eu\/produktas\/lego-21257-kova-su-ediku\/#primaryimage\"},\"image\":{\"@id\":\"https:\/\/collectin.eu\/produktas\/lego-21257-kova-su-ediku\/#primaryimage\"},\"thumbnailUrl\":\"https:\/\/collectin.eu\/wp-content\/uploads\/2026\/01\/Untitled-design-2026-01-03T011522.718.png\",\"datePublished\":\"2026-01-02T23:18:42+00:00\",\"dateModified\":\"2026-04-08T10:24:23+00:00\",\"description\":\"Naujojo \u201eMinecraft Legends\u201c pasaulio LEGO \u201eMinecraft\u201c heroj\u0173 rinkinyje vaizduojamas \u0116dikas, vienas i\u0161 did\u017eiausi\u0173 \u017eaidimo bos\u0173.\",\"breadcrumb\":{\"@id\":\"https:\/\/collectin.eu\/produktas\/lego-21257-kova-su-ediku\/#breadcrumb\"},\"inLanguage\":\"en-US\",\"potentialAction\":[{\"@type\":\"ReadAction\",\"target\":[\"https:\/\/collectin.eu\/produktas\/lego-21257-kova-su-ediku\/\"]}]},{\"@type\":\"ImageObject\",\"inLanguage\":\"en-US\",\"@id\":\"https:\/\/collectin.eu\/produktas\/lego-21257-kova-su-ediku\/#primaryimage\",\"url\":\"https:\/\/collectin.eu\/wp-content\/uploads\/2026\/01\/Untitled-design-2026-01-03T011522.718.png\",\"contentUrl\":\"https:\/\/collectin.eu\/wp-content\/uploads\/2026\/01\/Untitled-design-2026-01-03T011522.718.png\",\"width\":1080,\"height\":1080},{\"@type\":\"BreadcrumbList\",\"@id\":\"https:\/\/collectin.eu\/produktas\/lego-21257-kova-su-ediku\/#breadcrumb\",\"itemListElement\":[{\"@type\":\"ListItem\",\"position\":1,\"name\":\"Home\",\"item\":\"https:\/\/collectin.eu\/\"},{\"@type\":\"ListItem\",\"position\":2,\"name\":\"Parduotuv\u0117\",\"item\":\"https:\/\/collectin.eu\/parduotuve\/\"},{\"@type\":\"ListItem\",\"position\":3,\"name\":\"LEGO\u00ae 21257 The Devourer Showdown\"}]},{\"@type\":\"WebSite\",\"@id\":\"https:\/\/collectin.eu\/#website\",\"url\":\"https:\/\/collectin.eu\/\",\"name\":\"Collectin.eu\",\"description\":\"\",\"potentialAction\":[{\"@type\":\"SearchAction\",\"target\":{\"@type\":\"EntryPoint\",\"urlTemplate\":\"https:\/\/collectin.eu\/?s={search_term_string}\"},\"query-input\":{\"@type\":\"PropertyValueSpecification\",\"valueRequired\":true,\"valueName\":\"search_term_string\"}}],\"inLanguage\":\"en-US\"}]}<\/script>\n<!-- \/ Yoast SEO plugin. -->","yoast_head_json":{"title":"LEGO\u00ae 21257 The Devourer Showdown - Collectin.eu","description":"Naujojo \u201eMinecraft Legends\u201c pasaulio LEGO \u201eMinecraft\u201c heroj\u0173 rinkinyje vaizduojamas \u0116dikas, vienas i\u0161 did\u017eiausi\u0173 \u017eaidimo bos\u0173.","robots":{"index":"index","follow":"follow","max-snippet":"max-snippet:-1","max-image-preview":"max-image-preview:large","max-video-preview":"max-video-preview:-1"},"canonical":"https:\/\/collectin.eu\/en\/product\/lego-21257-kova-su-ediku\/","og_locale":"en_US","og_type":"article","og_title":"LEGO\u00ae 21257 The Devourer Showdown - Collectin.eu","og_description":"Naujojo \u201eMinecraft Legends\u201c pasaulio LEGO \u201eMinecraft\u201c heroj\u0173 rinkinyje vaizduojamas \u0116dikas, vienas i\u0161 did\u017eiausi\u0173 \u017eaidimo bos\u0173.","og_url":"https:\/\/collectin.eu\/en\/product\/lego-21257-kova-su-ediku\/","og_site_name":"Collectin.eu","article_modified_time":"2026-04-08T10:24:23+00:00","og_image":[{"width":1080,"height":1080,"url":"http:\/\/collectin.eu\/wp-content\/uploads\/2026\/01\/Untitled-design-2026-01-03T011522.718.png","type":"image\/png"}],"twitter_card":"summary_large_image","twitter_misc":{"Est. reading time":"2 minutes"},"schema":{"@context":"https:\/\/schema.org","@graph":[{"@type":"WebPage","@id":"https:\/\/collectin.eu\/produktas\/lego-21257-kova-su-ediku\/","url":"https:\/\/collectin.eu\/produktas\/lego-21257-kova-su-ediku\/","name":"LEGO\u00ae 21257 The Devourer Showdown - Collectin.eu","isPartOf":{"@id":"https:\/\/collectin.eu\/#website"},"primaryImageOfPage":{"@id":"https:\/\/collectin.eu\/produktas\/lego-21257-kova-su-ediku\/#primaryimage"},"image":{"@id":"https:\/\/collectin.eu\/produktas\/lego-21257-kova-su-ediku\/#primaryimage"},"thumbnailUrl":"https:\/\/collectin.eu\/wp-content\/uploads\/2026\/01\/Untitled-design-2026-01-03T011522.718.png","datePublished":"2026-01-02T23:18:42+00:00","dateModified":"2026-04-08T10:24:23+00:00","description":"Naujojo \u201eMinecraft Legends\u201c pasaulio LEGO \u201eMinecraft\u201c heroj\u0173 rinkinyje vaizduojamas \u0116dikas, vienas i\u0161 did\u017eiausi\u0173 \u017eaidimo bos\u0173.","breadcrumb":{"@id":"https:\/\/collectin.eu\/produktas\/lego-21257-kova-su-ediku\/#breadcrumb"},"inLanguage":"en-US","potentialAction":[{"@type":"ReadAction","target":["https:\/\/collectin.eu\/produktas\/lego-21257-kova-su-ediku\/"]}]},{"@type":"ImageObject","inLanguage":"en-US","@id":"https:\/\/collectin.eu\/produktas\/lego-21257-kova-su-ediku\/#primaryimage","url":"https:\/\/collectin.eu\/wp-content\/uploads\/2026\/01\/Untitled-design-2026-01-03T011522.718.png","contentUrl":"https:\/\/collectin.eu\/wp-content\/uploads\/2026\/01\/Untitled-design-2026-01-03T011522.718.png","width":1080,"height":1080},{"@type":"BreadcrumbList","@id":"https:\/\/collectin.eu\/produktas\/lego-21257-kova-su-ediku\/#breadcrumb","itemListElement":[{"@type":"ListItem","position":1,"name":"Home","item":"https:\/\/collectin.eu\/"},{"@type":"ListItem","position":2,"name":"Parduotuv\u0117","item":"https:\/\/collectin.eu\/parduotuve\/"},{"@type":"ListItem","position":3,"name":"LEGO\u00ae 21257 The Devourer Showdown"}]},{"@type":"WebSite","@id":"https:\/\/collectin.eu\/#website","url":"https:\/\/collectin.eu\/","name":"Collectin.eu","description":"","potentialAction":[{"@type":"SearchAction","target":{"@type":"EntryPoint","urlTemplate":"https:\/\/collectin.eu\/?s={search_term_string}"},"query-input":{"@type":"PropertyValueSpecification","valueRequired":true,"valueName":"search_term_string"}}],"inLanguage":"en-US"}]}},"jetpack_sharing_enabled":true,"_links":{"self":[{"href":"https:\/\/collectin.eu\/en\/wp-json\/wp\/v2\/product\/38997","targetHints":{"allow":["GET"]}}],"collection":[{"href":"https:\/\/collectin.eu\/en\/wp-json\/wp\/v2\/product"}],"about":[{"href":"https:\/\/collectin.eu\/en\/wp-json\/wp\/v2\/types\/product"}],"replies":[{"embeddable":true,"href":"https:\/\/collectin.eu\/en\/wp-json\/wp\/v2\/comments?post=38997"}],"version-history":[{"count":2,"href":"https:\/\/collectin.eu\/en\/wp-json\/wp\/v2\/product\/38997\/revisions"}],"predecessor-version":[{"id":40403,"href":"https:\/\/collectin.eu\/en\/wp-json\/wp\/v2\/product\/38997\/revisions\/40403"}],"wp:featuredmedia":[{"embeddable":true,"href":"https:\/\/collectin.eu\/en\/wp-json\/wp\/v2\/media\/38998"}],"wp:attachment":[{"href":"https:\/\/collectin.eu\/en\/wp-json\/wp\/v2\/media?parent=38997"}],"wp:term":[{"taxonomy":"product_brand","embeddable":true,"href":"https:\/\/collectin.eu\/en\/wp-json\/wp\/v2\/product_brand?post=38997"},{"taxonomy":"product_cat","embeddable":true,"href":"https:\/\/collectin.eu\/en\/wp-json\/wp\/v2\/product_cat?post=38997"},{"taxonomy":"product_tag","embeddable":true,"href":"https:\/\/collectin.eu\/en\/wp-json\/wp\/v2\/product_tag?post=38997"}],"curies":[{"name":"wp","href":"https:\/\/api.w.org\/{rel}","templated":true}]}}