{"id":39004,"date":"2026-01-02T23:25:58","date_gmt":"2026-01-02T23:25:58","guid":{"rendered":"https:\/\/collectin.eu\/?post_type=product&#038;p=39004"},"modified":"2026-04-08T10:24:22","modified_gmt":"2026-04-08T10:24:22","slug":"lego-75550-pakaliku-kung-fu-kova","status":"publish","type":"product","link":"https:\/\/collectin.eu\/en\/product\/lego-75550-pakaliku-kung-fu-kova\/","title":{"rendered":"LEGO\u00ae 75550 Minions Kung Fu Battle"},"content":{"rendered":"<p>Kad konstruoti b\u016bt\u0173 maloniau, prie \u0161io rinkinio pridedamos \u201eInstructions PLUS\u201c \u2013 interaktyvus vadovas, padedantis konstruoti \u0161\u012f model\u012f dar smagiau. Jos pasiekiamos nemokamoje \u201eLEGO Life\u201c program\u0117l\u0117je ir turi priartinimo bei pasukimo \u012frankius, padedan\u010dius net ma\u017eesniems vaikams savaranki\u0161kai konstruoti LEGO kalad\u0117li\u0173 versijas.<\/p>\n<ul>\n<li>Atne\u0161kite \u012f namus Kin\u0173 nauj\u0173j\u0173 met\u0173 gro\u017eybes ma\u017eiesiems pakalik\u0173 gerb\u0117jams. Jiems bus be galo smagu konstruoti \u0161i\u0105 \u017eaislin\u0119 \u0161ventykl\u0105 ir atkurti scenas i\u0161 filmo \u201ePakalikai 2\u201c.<\/li>\n<li>\u017daidimas prasideda i\u0161 karto su 3 LEGO\u00ae pakalik\u0173 fig\u016br\u0117l\u0117mis. \u0160\u012f rinkin\u012f (75550) sudaro Kevino ir Stiuarto pakalik\u0173 \u017eaislin\u0117s fig\u016br\u0117l\u0117s su kung fu apranga ir Oto fig\u016br\u0117l\u0117.<\/li>\n<li>Vaikai gali pad\u0117ti pakalikams lavinti kung fu \u012fg\u016bd\u017eius su ginklais ir besisukan\u010dia treniruo\u010di\u0173 fig\u016bra, i\u0161\u0161auti \u201efejerverkus\u201c nuo \u0161ventyklos vir\u0161aus, pakalikams ne\u0161iojant spalving\u0105 kini\u0161ko drakono \u017eaisl\u0105.<\/li>\n<li>Ie\u0161kote gimtadienio ar \u0161ventin\u0117s dovanos arba \u0161aunios staigmenos pakalik\u0173 gerb\u0117jui nuo 6 met\u0173 am\u017eiaus? Tai puikus pasirinkimas. \u0160i nuostabi dovana vaikams, kuriems patinka konstravimo \u017eaislai ir pakalik\u0173 nuotykiai, puikiai tinka k\u016brybi\u0161koms istorijoms.<\/li>\n<\/ul>","protected":false},"excerpt":{"rendered":"<p>Kad konstruoti b\u016bt\u0173 maloniau, prie \u0161io rinkinio pridedamos \u201eInstructions PLUS\u201c \u2013 interaktyvus vadovas, padedantis konstruoti \u0161\u012f model\u012f dar smagiau. Jos<\/p>","protected":false},"featured_media":39005,"comment_status":"open","ping_status":"closed","template":"","meta":[],"product_brand":[423],"product_cat":[677,406,534],"product_tag":[],"class_list":{"0":"post-39004","1":"product","2":"type-product","3":"status-publish","4":"has-post-thumbnail","6":"product_brand-lego","7":"product_cat-lego-konstruktoriai","8":"product_cat-lego","9":"product_cat-lego-despicable-me","11":"first","12":"instock","13":"taxable","14":"shipping-taxable","15":"purchasable","16":"product-type-simple"},"yoast_head":"<!-- This site is optimized with the Yoast SEO plugin v25.9 - https:\/\/yoast.com\/wordpress\/plugins\/seo\/ -->\n<title>LEGO\u00ae 75550 Minions Kung Fu Battle - Collectin.eu<\/title>\n<meta name=\"description\" content=\"Pasiimkite pakalik\u0173 gerb\u0117jus \u012f prisiminim\u0173 kelion\u0119, kurioje atkursite smagias scenas i\u0161 filmo \u201ePakalikai 2\u201c.\" \/>\n<meta name=\"robots\" content=\"index, follow, max-snippet:-1, max-image-preview:large, max-video-preview:-1\" \/>\n<link rel=\"canonical\" href=\"https:\/\/collectin.eu\/en\/product\/lego-75550-pakaliku-kung-fu-kova\/\" \/>\n<meta property=\"og:locale\" content=\"en_US\" \/>\n<meta property=\"og:type\" content=\"article\" \/>\n<meta property=\"og:title\" content=\"LEGO\u00ae 75550 Minions Kung Fu Battle - Collectin.eu\" \/>\n<meta property=\"og:description\" content=\"Pasiimkite pakalik\u0173 gerb\u0117jus \u012f prisiminim\u0173 kelion\u0119, kurioje atkursite smagias scenas i\u0161 filmo \u201ePakalikai 2\u201c.\" \/>\n<meta property=\"og:url\" content=\"https:\/\/collectin.eu\/en\/product\/lego-75550-pakaliku-kung-fu-kova\/\" \/>\n<meta property=\"og:site_name\" content=\"Collectin.eu\" \/>\n<meta property=\"article:modified_time\" content=\"2026-04-08T10:24:22+00:00\" \/>\n<meta property=\"og:image\" content=\"http:\/\/collectin.eu\/wp-content\/uploads\/2026\/01\/Untitled-design-2026-01-03T012218.103.png\" \/>\n\t<meta property=\"og:image:width\" content=\"1080\" \/>\n\t<meta property=\"og:image:height\" content=\"1080\" \/>\n\t<meta property=\"og:image:type\" content=\"image\/png\" \/>\n<meta name=\"twitter:card\" content=\"summary_large_image\" \/>\n<meta name=\"twitter:label1\" content=\"Est. reading time\" \/>\n\t<meta name=\"twitter:data1\" content=\"2 minutes\" \/>\n<script type=\"application\/ld+json\" class=\"yoast-schema-graph\">{\"@context\":\"https:\/\/schema.org\",\"@graph\":[{\"@type\":\"WebPage\",\"@id\":\"https:\/\/collectin.eu\/produktas\/lego-75550-pakaliku-kung-fu-kova\/\",\"url\":\"https:\/\/collectin.eu\/produktas\/lego-75550-pakaliku-kung-fu-kova\/\",\"name\":\"LEGO\u00ae 75550 Minions Kung Fu Battle - Collectin.eu\",\"isPartOf\":{\"@id\":\"https:\/\/collectin.eu\/#website\"},\"primaryImageOfPage\":{\"@id\":\"https:\/\/collectin.eu\/produktas\/lego-75550-pakaliku-kung-fu-kova\/#primaryimage\"},\"image\":{\"@id\":\"https:\/\/collectin.eu\/produktas\/lego-75550-pakaliku-kung-fu-kova\/#primaryimage\"},\"thumbnailUrl\":\"https:\/\/collectin.eu\/wp-content\/uploads\/2026\/01\/Untitled-design-2026-01-03T012218.103.png\",\"datePublished\":\"2026-01-02T23:25:58+00:00\",\"dateModified\":\"2026-04-08T10:24:22+00:00\",\"description\":\"Pasiimkite pakalik\u0173 gerb\u0117jus \u012f prisiminim\u0173 kelion\u0119, kurioje atkursite smagias scenas i\u0161 filmo \u201ePakalikai 2\u201c.\",\"breadcrumb\":{\"@id\":\"https:\/\/collectin.eu\/produktas\/lego-75550-pakaliku-kung-fu-kova\/#breadcrumb\"},\"inLanguage\":\"en-US\",\"potentialAction\":[{\"@type\":\"ReadAction\",\"target\":[\"https:\/\/collectin.eu\/produktas\/lego-75550-pakaliku-kung-fu-kova\/\"]}]},{\"@type\":\"ImageObject\",\"inLanguage\":\"en-US\",\"@id\":\"https:\/\/collectin.eu\/produktas\/lego-75550-pakaliku-kung-fu-kova\/#primaryimage\",\"url\":\"https:\/\/collectin.eu\/wp-content\/uploads\/2026\/01\/Untitled-design-2026-01-03T012218.103.png\",\"contentUrl\":\"https:\/\/collectin.eu\/wp-content\/uploads\/2026\/01\/Untitled-design-2026-01-03T012218.103.png\",\"width\":1080,\"height\":1080},{\"@type\":\"BreadcrumbList\",\"@id\":\"https:\/\/collectin.eu\/produktas\/lego-75550-pakaliku-kung-fu-kova\/#breadcrumb\",\"itemListElement\":[{\"@type\":\"ListItem\",\"position\":1,\"name\":\"Home\",\"item\":\"https:\/\/collectin.eu\/\"},{\"@type\":\"ListItem\",\"position\":2,\"name\":\"Parduotuv\u0117\",\"item\":\"https:\/\/collectin.eu\/parduotuve\/\"},{\"@type\":\"ListItem\",\"position\":3,\"name\":\"LEGO\u00ae 75550 Minions Kung Fu Battle\"}]},{\"@type\":\"WebSite\",\"@id\":\"https:\/\/collectin.eu\/#website\",\"url\":\"https:\/\/collectin.eu\/\",\"name\":\"Collectin.eu\",\"description\":\"\",\"potentialAction\":[{\"@type\":\"SearchAction\",\"target\":{\"@type\":\"EntryPoint\",\"urlTemplate\":\"https:\/\/collectin.eu\/?s={search_term_string}\"},\"query-input\":{\"@type\":\"PropertyValueSpecification\",\"valueRequired\":true,\"valueName\":\"search_term_string\"}}],\"inLanguage\":\"en-US\"}]}<\/script>\n<!-- \/ Yoast SEO plugin. -->","yoast_head_json":{"title":"LEGO\u00ae 75550 Minions Kung Fu Battle - Collectin.eu","description":"Pasiimkite pakalik\u0173 gerb\u0117jus \u012f prisiminim\u0173 kelion\u0119, kurioje atkursite smagias scenas i\u0161 filmo \u201ePakalikai 2\u201c.","robots":{"index":"index","follow":"follow","max-snippet":"max-snippet:-1","max-image-preview":"max-image-preview:large","max-video-preview":"max-video-preview:-1"},"canonical":"https:\/\/collectin.eu\/en\/product\/lego-75550-pakaliku-kung-fu-kova\/","og_locale":"en_US","og_type":"article","og_title":"LEGO\u00ae 75550 Minions Kung Fu Battle - Collectin.eu","og_description":"Pasiimkite pakalik\u0173 gerb\u0117jus \u012f prisiminim\u0173 kelion\u0119, kurioje atkursite smagias scenas i\u0161 filmo \u201ePakalikai 2\u201c.","og_url":"https:\/\/collectin.eu\/en\/product\/lego-75550-pakaliku-kung-fu-kova\/","og_site_name":"Collectin.eu","article_modified_time":"2026-04-08T10:24:22+00:00","og_image":[{"width":1080,"height":1080,"url":"http:\/\/collectin.eu\/wp-content\/uploads\/2026\/01\/Untitled-design-2026-01-03T012218.103.png","type":"image\/png"}],"twitter_card":"summary_large_image","twitter_misc":{"Est. reading time":"2 minutes"},"schema":{"@context":"https:\/\/schema.org","@graph":[{"@type":"WebPage","@id":"https:\/\/collectin.eu\/produktas\/lego-75550-pakaliku-kung-fu-kova\/","url":"https:\/\/collectin.eu\/produktas\/lego-75550-pakaliku-kung-fu-kova\/","name":"LEGO\u00ae 75550 Minions Kung Fu Battle - Collectin.eu","isPartOf":{"@id":"https:\/\/collectin.eu\/#website"},"primaryImageOfPage":{"@id":"https:\/\/collectin.eu\/produktas\/lego-75550-pakaliku-kung-fu-kova\/#primaryimage"},"image":{"@id":"https:\/\/collectin.eu\/produktas\/lego-75550-pakaliku-kung-fu-kova\/#primaryimage"},"thumbnailUrl":"https:\/\/collectin.eu\/wp-content\/uploads\/2026\/01\/Untitled-design-2026-01-03T012218.103.png","datePublished":"2026-01-02T23:25:58+00:00","dateModified":"2026-04-08T10:24:22+00:00","description":"Pasiimkite pakalik\u0173 gerb\u0117jus \u012f prisiminim\u0173 kelion\u0119, kurioje atkursite smagias scenas i\u0161 filmo \u201ePakalikai 2\u201c.","breadcrumb":{"@id":"https:\/\/collectin.eu\/produktas\/lego-75550-pakaliku-kung-fu-kova\/#breadcrumb"},"inLanguage":"en-US","potentialAction":[{"@type":"ReadAction","target":["https:\/\/collectin.eu\/produktas\/lego-75550-pakaliku-kung-fu-kova\/"]}]},{"@type":"ImageObject","inLanguage":"en-US","@id":"https:\/\/collectin.eu\/produktas\/lego-75550-pakaliku-kung-fu-kova\/#primaryimage","url":"https:\/\/collectin.eu\/wp-content\/uploads\/2026\/01\/Untitled-design-2026-01-03T012218.103.png","contentUrl":"https:\/\/collectin.eu\/wp-content\/uploads\/2026\/01\/Untitled-design-2026-01-03T012218.103.png","width":1080,"height":1080},{"@type":"BreadcrumbList","@id":"https:\/\/collectin.eu\/produktas\/lego-75550-pakaliku-kung-fu-kova\/#breadcrumb","itemListElement":[{"@type":"ListItem","position":1,"name":"Home","item":"https:\/\/collectin.eu\/"},{"@type":"ListItem","position":2,"name":"Parduotuv\u0117","item":"https:\/\/collectin.eu\/parduotuve\/"},{"@type":"ListItem","position":3,"name":"LEGO\u00ae 75550 Minions Kung Fu Battle"}]},{"@type":"WebSite","@id":"https:\/\/collectin.eu\/#website","url":"https:\/\/collectin.eu\/","name":"Collectin.eu","description":"","potentialAction":[{"@type":"SearchAction","target":{"@type":"EntryPoint","urlTemplate":"https:\/\/collectin.eu\/?s={search_term_string}"},"query-input":{"@type":"PropertyValueSpecification","valueRequired":true,"valueName":"search_term_string"}}],"inLanguage":"en-US"}]}},"jetpack_sharing_enabled":true,"_links":{"self":[{"href":"https:\/\/collectin.eu\/en\/wp-json\/wp\/v2\/product\/39004","targetHints":{"allow":["GET"]}}],"collection":[{"href":"https:\/\/collectin.eu\/en\/wp-json\/wp\/v2\/product"}],"about":[{"href":"https:\/\/collectin.eu\/en\/wp-json\/wp\/v2\/types\/product"}],"replies":[{"embeddable":true,"href":"https:\/\/collectin.eu\/en\/wp-json\/wp\/v2\/comments?post=39004"}],"version-history":[{"count":3,"href":"https:\/\/collectin.eu\/en\/wp-json\/wp\/v2\/product\/39004\/revisions"}],"predecessor-version":[{"id":40402,"href":"https:\/\/collectin.eu\/en\/wp-json\/wp\/v2\/product\/39004\/revisions\/40402"}],"wp:featuredmedia":[{"embeddable":true,"href":"https:\/\/collectin.eu\/en\/wp-json\/wp\/v2\/media\/39005"}],"wp:attachment":[{"href":"https:\/\/collectin.eu\/en\/wp-json\/wp\/v2\/media?parent=39004"}],"wp:term":[{"taxonomy":"product_brand","embeddable":true,"href":"https:\/\/collectin.eu\/en\/wp-json\/wp\/v2\/product_brand?post=39004"},{"taxonomy":"product_cat","embeddable":true,"href":"https:\/\/collectin.eu\/en\/wp-json\/wp\/v2\/product_cat?post=39004"},{"taxonomy":"product_tag","embeddable":true,"href":"https:\/\/collectin.eu\/en\/wp-json\/wp\/v2\/product_tag?post=39004"}],"curies":[{"name":"wp","href":"https:\/\/api.w.org\/{rel}","templated":true}]}}