{"id":39010,"date":"2026-01-02T23:31:13","date_gmt":"2026-01-02T23:31:13","guid":{"rendered":"https:\/\/collectin.eu\/?post_type=product&#038;p=39010"},"modified":"2026-04-08T10:24:02","modified_gmt":"2026-04-08T10:24:02","slug":"lego-75581-pakaliku-muzikinio-vakarelio-autobusas","status":"publish","type":"product","link":"https:\/\/collectin.eu\/en\/product\/lego-75581-pakaliku-muzikinio-vakarelio-autobusas\/","title":{"rendered":"LEGO\u00ae 75581 Minions&#8217; Music Party Bus"},"content":{"rendered":"<p>Rinkinyje yra 4 pakalik\u0173 fig\u016br\u0117l\u0117s: Filas, Melas, Deivas ir padangi\u0173 megapakalikas Gasas, kuris filme Bjaurusis a\u0161 4 pasirodo pirm\u0105 kart\u0105. Autobusas turi vairuotojo s\u0117dyn\u0119 ir ant stogo \u012ftaisyt\u0105 stryp\u0105 Gasui \u012fsikibti. Viena jo pus\u0117 atsidaro, o nu\u0117mus stog\u0105 galima pamatyti \u0161oki\u0173 aik\u0161tel\u0119, did\u017e\u0117jaus pult\u0105, elektrin\u0119 gitar\u0105, pianin\u0105, mikrofon\u0105, \u0161viesas, garsiakalbius ir s\u016bkurin\u0119 voni\u0105! Dauguma element\u0173 yra nuimami, kad b\u016bt\u0173 galima i\u0161pl\u0117sti \u017eaidim\u0105 u\u017e autobuso rib\u0173. \u0160is smagus \u017eaislas, skirtas vaikams, kupinas ry\u0161ki\u0173 spalv\u0173 ir \u0161auni\u0173 pried\u0173, \u012fskaitant v\u0117liav\u0105, balion\u0105, ledus, kepures, g\u0117rimus, \u0161viesas, garsiakalbius ir ekranus. Vaikai taip pat gal\u0117s m\u0117gautis skaitmenin\u0117mis pramogomis su program\u0117le \u201eLEGO Builder\u201c.<\/p>\n<ul>\n<li>\u017daislin\u0117 transporto priemon\u0117 filmo tema \u2013 vaik\u0173 laukia vakar\u0117lis LEGO\u00ae Bjauriojo a\u0161 4 pakalik\u0173 muzikinio vakar\u0117lio autobuse, smagioje \u201eIllumination\u201c filmo Bjaurusis a\u0161 4 \u012fkv\u0117ptoje transporto priemon\u0117je, skirtoje berniukams ir mergait\u0117ms nuo 7 met\u0173<\/li>\n<li>\u017daislinis pakalik\u0173 autobusas \u2013 rinkinyje yra konstruojamas stumdomas autobusas, kur\u012f galima paversti vakar\u0117liu ant rat\u0173 4-ioms pakalik\u0173 LEGO\u00ae fig\u016br\u0117l\u0117ms: Filui, Melui, Deivui ir padangi\u0173 megapakalikui Gasui<\/li>\n<li>Universali \u017eaislin\u0117 transporto priemon\u0117 \u2013 autobusas turi vairuotojo s\u0117dyn\u0119, stryp\u0105 ant stogo (skirt\u0105 Gasui \u012fsikibti!) ir atidarom\u0105 \u0161on\u0105, atveriant\u012f did\u017e\u0117jaus pult\u0105, \u0161oki\u0173 aik\u0161tel\u0119 ir s\u016bkurin\u0119 voni\u0105 vakar\u0117liams<\/li>\n<\/ul>","protected":false},"excerpt":{"rendered":"<p>Rinkinyje yra 4 pakalik\u0173 fig\u016br\u0117l\u0117s: Filas, Melas, Deivas ir padangi\u0173 megapakalikas Gasas, kuris filme Bjaurusis a\u0161 4 pasirodo pirm\u0105 kart\u0105.<\/p>","protected":false},"featured_media":39011,"comment_status":"open","ping_status":"closed","template":"","meta":[],"product_brand":[423],"product_cat":[677,406,534],"product_tag":[],"class_list":{"0":"post-39010","1":"product","2":"type-product","3":"status-publish","4":"has-post-thumbnail","6":"product_brand-lego","7":"product_cat-lego-konstruktoriai","8":"product_cat-lego","9":"product_cat-lego-despicable-me","11":"first","12":"instock","13":"taxable","14":"shipping-taxable","15":"purchasable","16":"product-type-simple"},"yoast_head":"<!-- This site is optimized with the Yoast SEO plugin v25.9 - https:\/\/yoast.com\/wordpress\/plugins\/seo\/ -->\n<title>LEGO\u00ae 75581 Minions&#039; Music Party Bus - Collectin.eu<\/title>\n<meta name=\"description\" content=\"Su LEGO\u00ae Bjauriojo a\u0161 4 pakalik\u0173 muzikinio vakar\u0117lio autobusu (75581) padovanokite pramog\u0105 pakalik\u0173 \u017eaisl\u0173 gerb\u0117jams ir transporto priemones \u201edu viename\u201c m\u0117gstantiems vaikams.\" \/>\n<meta name=\"robots\" content=\"index, follow, max-snippet:-1, max-image-preview:large, max-video-preview:-1\" \/>\n<link rel=\"canonical\" href=\"https:\/\/collectin.eu\/en\/product\/lego-75581-pakaliku-muzikinio-vakarelio-autobusas\/\" \/>\n<meta property=\"og:locale\" content=\"en_US\" \/>\n<meta property=\"og:type\" content=\"article\" \/>\n<meta property=\"og:title\" content=\"LEGO\u00ae 75581 Minions&#039; Music Party Bus - Collectin.eu\" \/>\n<meta property=\"og:description\" content=\"Su LEGO\u00ae Bjauriojo a\u0161 4 pakalik\u0173 muzikinio vakar\u0117lio autobusu (75581) padovanokite pramog\u0105 pakalik\u0173 \u017eaisl\u0173 gerb\u0117jams ir transporto priemones \u201edu viename\u201c m\u0117gstantiems vaikams.\" \/>\n<meta property=\"og:url\" content=\"https:\/\/collectin.eu\/en\/product\/lego-75581-pakaliku-muzikinio-vakarelio-autobusas\/\" \/>\n<meta property=\"og:site_name\" content=\"Collectin.eu\" \/>\n<meta property=\"article:modified_time\" content=\"2026-04-08T10:24:02+00:00\" \/>\n<meta property=\"og:image\" content=\"http:\/\/collectin.eu\/wp-content\/uploads\/2026\/01\/Untitled-design-2026-01-03T012753.181.png\" \/>\n\t<meta property=\"og:image:width\" content=\"1080\" \/>\n\t<meta property=\"og:image:height\" content=\"1080\" \/>\n\t<meta property=\"og:image:type\" content=\"image\/png\" \/>\n<meta name=\"twitter:card\" content=\"summary_large_image\" \/>\n<meta name=\"twitter:label1\" content=\"Est. reading time\" \/>\n\t<meta name=\"twitter:data1\" content=\"2 minutes\" \/>\n<script type=\"application\/ld+json\" class=\"yoast-schema-graph\">{\"@context\":\"https:\/\/schema.org\",\"@graph\":[{\"@type\":\"WebPage\",\"@id\":\"https:\/\/collectin.eu\/produktas\/lego-75581-pakaliku-muzikinio-vakarelio-autobusas\/\",\"url\":\"https:\/\/collectin.eu\/produktas\/lego-75581-pakaliku-muzikinio-vakarelio-autobusas\/\",\"name\":\"LEGO\u00ae 75581 Minions' Music Party Bus - Collectin.eu\",\"isPartOf\":{\"@id\":\"https:\/\/collectin.eu\/#website\"},\"primaryImageOfPage\":{\"@id\":\"https:\/\/collectin.eu\/produktas\/lego-75581-pakaliku-muzikinio-vakarelio-autobusas\/#primaryimage\"},\"image\":{\"@id\":\"https:\/\/collectin.eu\/produktas\/lego-75581-pakaliku-muzikinio-vakarelio-autobusas\/#primaryimage\"},\"thumbnailUrl\":\"https:\/\/collectin.eu\/wp-content\/uploads\/2026\/01\/Untitled-design-2026-01-03T012753.181.png\",\"datePublished\":\"2026-01-02T23:31:13+00:00\",\"dateModified\":\"2026-04-08T10:24:02+00:00\",\"description\":\"Su LEGO\u00ae Bjauriojo a\u0161 4 pakalik\u0173 muzikinio vakar\u0117lio autobusu (75581) padovanokite pramog\u0105 pakalik\u0173 \u017eaisl\u0173 gerb\u0117jams ir transporto priemones \u201edu viename\u201c m\u0117gstantiems vaikams.\",\"breadcrumb\":{\"@id\":\"https:\/\/collectin.eu\/produktas\/lego-75581-pakaliku-muzikinio-vakarelio-autobusas\/#breadcrumb\"},\"inLanguage\":\"en-US\",\"potentialAction\":[{\"@type\":\"ReadAction\",\"target\":[\"https:\/\/collectin.eu\/produktas\/lego-75581-pakaliku-muzikinio-vakarelio-autobusas\/\"]}]},{\"@type\":\"ImageObject\",\"inLanguage\":\"en-US\",\"@id\":\"https:\/\/collectin.eu\/produktas\/lego-75581-pakaliku-muzikinio-vakarelio-autobusas\/#primaryimage\",\"url\":\"https:\/\/collectin.eu\/wp-content\/uploads\/2026\/01\/Untitled-design-2026-01-03T012753.181.png\",\"contentUrl\":\"https:\/\/collectin.eu\/wp-content\/uploads\/2026\/01\/Untitled-design-2026-01-03T012753.181.png\",\"width\":1080,\"height\":1080},{\"@type\":\"BreadcrumbList\",\"@id\":\"https:\/\/collectin.eu\/produktas\/lego-75581-pakaliku-muzikinio-vakarelio-autobusas\/#breadcrumb\",\"itemListElement\":[{\"@type\":\"ListItem\",\"position\":1,\"name\":\"Home\",\"item\":\"https:\/\/collectin.eu\/\"},{\"@type\":\"ListItem\",\"position\":2,\"name\":\"Parduotuv\u0117\",\"item\":\"https:\/\/collectin.eu\/parduotuve\/\"},{\"@type\":\"ListItem\",\"position\":3,\"name\":\"LEGO\u00ae 75581 Minions&#8217; Music Party Bus\"}]},{\"@type\":\"WebSite\",\"@id\":\"https:\/\/collectin.eu\/#website\",\"url\":\"https:\/\/collectin.eu\/\",\"name\":\"Collectin.eu\",\"description\":\"\",\"potentialAction\":[{\"@type\":\"SearchAction\",\"target\":{\"@type\":\"EntryPoint\",\"urlTemplate\":\"https:\/\/collectin.eu\/?s={search_term_string}\"},\"query-input\":{\"@type\":\"PropertyValueSpecification\",\"valueRequired\":true,\"valueName\":\"search_term_string\"}}],\"inLanguage\":\"en-US\"}]}<\/script>\n<!-- \/ Yoast SEO plugin. -->","yoast_head_json":{"title":"LEGO\u00ae 75581 Minions' Music Party Bus - Collectin.eu","description":"Su LEGO\u00ae Bjauriojo a\u0161 4 pakalik\u0173 muzikinio vakar\u0117lio autobusu (75581) padovanokite pramog\u0105 pakalik\u0173 \u017eaisl\u0173 gerb\u0117jams ir transporto priemones \u201edu viename\u201c m\u0117gstantiems vaikams.","robots":{"index":"index","follow":"follow","max-snippet":"max-snippet:-1","max-image-preview":"max-image-preview:large","max-video-preview":"max-video-preview:-1"},"canonical":"https:\/\/collectin.eu\/en\/product\/lego-75581-pakaliku-muzikinio-vakarelio-autobusas\/","og_locale":"en_US","og_type":"article","og_title":"LEGO\u00ae 75581 Minions' Music Party Bus - Collectin.eu","og_description":"Su LEGO\u00ae Bjauriojo a\u0161 4 pakalik\u0173 muzikinio vakar\u0117lio autobusu (75581) padovanokite pramog\u0105 pakalik\u0173 \u017eaisl\u0173 gerb\u0117jams ir transporto priemones \u201edu viename\u201c m\u0117gstantiems vaikams.","og_url":"https:\/\/collectin.eu\/en\/product\/lego-75581-pakaliku-muzikinio-vakarelio-autobusas\/","og_site_name":"Collectin.eu","article_modified_time":"2026-04-08T10:24:02+00:00","og_image":[{"width":1080,"height":1080,"url":"http:\/\/collectin.eu\/wp-content\/uploads\/2026\/01\/Untitled-design-2026-01-03T012753.181.png","type":"image\/png"}],"twitter_card":"summary_large_image","twitter_misc":{"Est. reading time":"2 minutes"},"schema":{"@context":"https:\/\/schema.org","@graph":[{"@type":"WebPage","@id":"https:\/\/collectin.eu\/produktas\/lego-75581-pakaliku-muzikinio-vakarelio-autobusas\/","url":"https:\/\/collectin.eu\/produktas\/lego-75581-pakaliku-muzikinio-vakarelio-autobusas\/","name":"LEGO\u00ae 75581 Minions' Music Party Bus - Collectin.eu","isPartOf":{"@id":"https:\/\/collectin.eu\/#website"},"primaryImageOfPage":{"@id":"https:\/\/collectin.eu\/produktas\/lego-75581-pakaliku-muzikinio-vakarelio-autobusas\/#primaryimage"},"image":{"@id":"https:\/\/collectin.eu\/produktas\/lego-75581-pakaliku-muzikinio-vakarelio-autobusas\/#primaryimage"},"thumbnailUrl":"https:\/\/collectin.eu\/wp-content\/uploads\/2026\/01\/Untitled-design-2026-01-03T012753.181.png","datePublished":"2026-01-02T23:31:13+00:00","dateModified":"2026-04-08T10:24:02+00:00","description":"Su LEGO\u00ae Bjauriojo a\u0161 4 pakalik\u0173 muzikinio vakar\u0117lio autobusu (75581) padovanokite pramog\u0105 pakalik\u0173 \u017eaisl\u0173 gerb\u0117jams ir transporto priemones \u201edu viename\u201c m\u0117gstantiems vaikams.","breadcrumb":{"@id":"https:\/\/collectin.eu\/produktas\/lego-75581-pakaliku-muzikinio-vakarelio-autobusas\/#breadcrumb"},"inLanguage":"en-US","potentialAction":[{"@type":"ReadAction","target":["https:\/\/collectin.eu\/produktas\/lego-75581-pakaliku-muzikinio-vakarelio-autobusas\/"]}]},{"@type":"ImageObject","inLanguage":"en-US","@id":"https:\/\/collectin.eu\/produktas\/lego-75581-pakaliku-muzikinio-vakarelio-autobusas\/#primaryimage","url":"https:\/\/collectin.eu\/wp-content\/uploads\/2026\/01\/Untitled-design-2026-01-03T012753.181.png","contentUrl":"https:\/\/collectin.eu\/wp-content\/uploads\/2026\/01\/Untitled-design-2026-01-03T012753.181.png","width":1080,"height":1080},{"@type":"BreadcrumbList","@id":"https:\/\/collectin.eu\/produktas\/lego-75581-pakaliku-muzikinio-vakarelio-autobusas\/#breadcrumb","itemListElement":[{"@type":"ListItem","position":1,"name":"Home","item":"https:\/\/collectin.eu\/"},{"@type":"ListItem","position":2,"name":"Parduotuv\u0117","item":"https:\/\/collectin.eu\/parduotuve\/"},{"@type":"ListItem","position":3,"name":"LEGO\u00ae 75581 Minions&#8217; Music Party Bus"}]},{"@type":"WebSite","@id":"https:\/\/collectin.eu\/#website","url":"https:\/\/collectin.eu\/","name":"Collectin.eu","description":"","potentialAction":[{"@type":"SearchAction","target":{"@type":"EntryPoint","urlTemplate":"https:\/\/collectin.eu\/?s={search_term_string}"},"query-input":{"@type":"PropertyValueSpecification","valueRequired":true,"valueName":"search_term_string"}}],"inLanguage":"en-US"}]}},"jetpack_sharing_enabled":true,"_links":{"self":[{"href":"https:\/\/collectin.eu\/en\/wp-json\/wp\/v2\/product\/39010","targetHints":{"allow":["GET"]}}],"collection":[{"href":"https:\/\/collectin.eu\/en\/wp-json\/wp\/v2\/product"}],"about":[{"href":"https:\/\/collectin.eu\/en\/wp-json\/wp\/v2\/types\/product"}],"replies":[{"embeddable":true,"href":"https:\/\/collectin.eu\/en\/wp-json\/wp\/v2\/comments?post=39010"}],"version-history":[{"count":3,"href":"https:\/\/collectin.eu\/en\/wp-json\/wp\/v2\/product\/39010\/revisions"}],"predecessor-version":[{"id":40400,"href":"https:\/\/collectin.eu\/en\/wp-json\/wp\/v2\/product\/39010\/revisions\/40400"}],"wp:featuredmedia":[{"embeddable":true,"href":"https:\/\/collectin.eu\/en\/wp-json\/wp\/v2\/media\/39011"}],"wp:attachment":[{"href":"https:\/\/collectin.eu\/en\/wp-json\/wp\/v2\/media?parent=39010"}],"wp:term":[{"taxonomy":"product_brand","embeddable":true,"href":"https:\/\/collectin.eu\/en\/wp-json\/wp\/v2\/product_brand?post=39010"},{"taxonomy":"product_cat","embeddable":true,"href":"https:\/\/collectin.eu\/en\/wp-json\/wp\/v2\/product_cat?post=39010"},{"taxonomy":"product_tag","embeddable":true,"href":"https:\/\/collectin.eu\/en\/wp-json\/wp\/v2\/product_tag?post=39010"}],"curies":[{"name":"wp","href":"https:\/\/api.w.org\/{rel}","templated":true}]}}