{"id":39021,"date":"2026-01-02T23:42:08","date_gmt":"2026-01-02T23:42:08","guid":{"rendered":"https:\/\/collectin.eu\/?post_type=product&#038;p=39021"},"modified":"2026-04-08T10:24:01","modified_gmt":"2026-04-08T10:24:01","slug":"lego-42077-rally-car","status":"publish","type":"product","link":"https:\/\/collectin.eu\/en\/product\/lego-42077-rally-car\/","title":{"rendered":"LEGO\u00ae 42077 Rally Car"},"content":{"rendered":"<p>LEGO Technic 42077 \u2013 Rally Car yra i\u0161samus ir sud\u0117tingas konstruktorius, skirtas automobili\u0173 entuziastams. Rinkinys turi daugiau nei 1000 detali\u0173 ir priklauso \u201e2\u2011in\u20111\u201c serijai, tod\u0117l pastatyt\u0105 rali\u0173 automobil\u012f galima perstatyti \u012f Buggy model\u012f. Automobilis turi sporti\u0161k\u0105 i\u0161vaizd\u0105 su m\u0117lynos, baltos, raudonos ir juodos spalv\u0173 kombinacija bei lipdukais, primenan\u010diais tikrus rali\u0173 automobilius. Modelis pasi\u017eymi funkcionalumu \u2013 veikia vairas, yra tikrovi\u0161ka pakaba, atidaromas kapotas ir baga\u017ein\u0117, po kuriais slepiasi V6 variklis su judan\u010diais st\u016bmokliais. Pilot\u0173 kabina turi atidaromas duris, sportines s\u0117dynes ir apsaugin\u012f r\u0117m\u0105, o i\u0161or\u0117je \u2013 pro\u017eektoriai, galinis spoileris ir \u017eemoprofil\u0117s padangos. Surinkto ralio automobilio matmenys yra ma\u017edaug 24 cm auk\u0161\u010dio, 42 cm ilgio ir 21 cm plo\u010dio, o perstatyto Buggy modelio \u2013 apie 16 cm auk\u0161\u010dio, 36 cm ilgio ir 22 cm plo\u010dio. Rinkinys skirtas vaikams nuo 10 met\u0173 bei suaugusiems, kurie domisi technika, in\u017einerija ir m\u0117gsta sud\u0117tingus LEGO projektus.<\/p>","protected":false},"excerpt":{"rendered":"<p>LEGO Technic 42077 \u2013 Rally Car yra i\u0161samus ir sud\u0117tingas konstruktorius, skirtas automobili\u0173 entuziastams. Rinkinys turi daugiau nei 1000 detali\u0173<\/p>","protected":false},"featured_media":39022,"comment_status":"open","ping_status":"closed","template":"","meta":[],"product_brand":[423],"product_cat":[677,406,520],"product_tag":[],"class_list":{"0":"post-39021","1":"product","2":"type-product","3":"status-publish","4":"has-post-thumbnail","6":"product_brand-lego","7":"product_cat-lego-konstruktoriai","8":"product_cat-lego","9":"product_cat-lego-technic","11":"first","12":"instock","13":"taxable","14":"shipping-taxable","15":"purchasable","16":"product-type-simple"},"yoast_head":"<!-- This site is optimized with the Yoast SEO plugin v25.9 - https:\/\/yoast.com\/wordpress\/plugins\/seo\/ -->\n<title>LEGO\u00ae 42077 Rally Car - Collectin.eu<\/title>\n<meta name=\"description\" content=\"LEGO Technic 42077 \u2013 Rally Car yra pa\u017eangus konstruktorius automobili\u0173 m\u0117g\u0117jams, leid\u017eiantis pastatyti detaliai i\u0161baigt\u0105 rali\u0173 automobil\u012f.\" \/>\n<meta name=\"robots\" content=\"index, follow, max-snippet:-1, max-image-preview:large, max-video-preview:-1\" \/>\n<link rel=\"canonical\" href=\"https:\/\/collectin.eu\/en\/product\/lego-42077-rally-car\/\" \/>\n<meta property=\"og:locale\" content=\"en_US\" \/>\n<meta property=\"og:type\" content=\"article\" \/>\n<meta property=\"og:title\" content=\"LEGO\u00ae 42077 Rally Car - Collectin.eu\" \/>\n<meta property=\"og:description\" content=\"LEGO Technic 42077 \u2013 Rally Car yra pa\u017eangus konstruktorius automobili\u0173 m\u0117g\u0117jams, leid\u017eiantis pastatyti detaliai i\u0161baigt\u0105 rali\u0173 automobil\u012f.\" \/>\n<meta property=\"og:url\" content=\"https:\/\/collectin.eu\/en\/product\/lego-42077-rally-car\/\" \/>\n<meta property=\"og:site_name\" content=\"Collectin.eu\" \/>\n<meta property=\"article:modified_time\" content=\"2026-04-08T10:24:01+00:00\" \/>\n<meta property=\"og:image\" content=\"http:\/\/collectin.eu\/wp-content\/uploads\/2026\/01\/Untitled-design-2026-01-03T013754.085.png\" \/>\n\t<meta property=\"og:image:width\" content=\"1080\" \/>\n\t<meta property=\"og:image:height\" content=\"1080\" \/>\n\t<meta property=\"og:image:type\" content=\"image\/png\" \/>\n<meta name=\"twitter:card\" content=\"summary_large_image\" \/>\n<meta name=\"twitter:label1\" content=\"Est. reading time\" \/>\n\t<meta name=\"twitter:data1\" content=\"1 minute\" \/>\n<script type=\"application\/ld+json\" class=\"yoast-schema-graph\">{\"@context\":\"https:\/\/schema.org\",\"@graph\":[{\"@type\":\"WebPage\",\"@id\":\"https:\/\/collectin.eu\/produktas\/lego-42077-rally-car\/\",\"url\":\"https:\/\/collectin.eu\/produktas\/lego-42077-rally-car\/\",\"name\":\"LEGO\u00ae 42077 Rally Car - Collectin.eu\",\"isPartOf\":{\"@id\":\"https:\/\/collectin.eu\/#website\"},\"primaryImageOfPage\":{\"@id\":\"https:\/\/collectin.eu\/produktas\/lego-42077-rally-car\/#primaryimage\"},\"image\":{\"@id\":\"https:\/\/collectin.eu\/produktas\/lego-42077-rally-car\/#primaryimage\"},\"thumbnailUrl\":\"https:\/\/collectin.eu\/wp-content\/uploads\/2026\/01\/Untitled-design-2026-01-03T013754.085.png\",\"datePublished\":\"2026-01-02T23:42:08+00:00\",\"dateModified\":\"2026-04-08T10:24:01+00:00\",\"description\":\"LEGO Technic 42077 \u2013 Rally Car yra pa\u017eangus konstruktorius automobili\u0173 m\u0117g\u0117jams, leid\u017eiantis pastatyti detaliai i\u0161baigt\u0105 rali\u0173 automobil\u012f.\",\"breadcrumb\":{\"@id\":\"https:\/\/collectin.eu\/produktas\/lego-42077-rally-car\/#breadcrumb\"},\"inLanguage\":\"en-US\",\"potentialAction\":[{\"@type\":\"ReadAction\",\"target\":[\"https:\/\/collectin.eu\/produktas\/lego-42077-rally-car\/\"]}]},{\"@type\":\"ImageObject\",\"inLanguage\":\"en-US\",\"@id\":\"https:\/\/collectin.eu\/produktas\/lego-42077-rally-car\/#primaryimage\",\"url\":\"https:\/\/collectin.eu\/wp-content\/uploads\/2026\/01\/Untitled-design-2026-01-03T013754.085.png\",\"contentUrl\":\"https:\/\/collectin.eu\/wp-content\/uploads\/2026\/01\/Untitled-design-2026-01-03T013754.085.png\",\"width\":1080,\"height\":1080},{\"@type\":\"BreadcrumbList\",\"@id\":\"https:\/\/collectin.eu\/produktas\/lego-42077-rally-car\/#breadcrumb\",\"itemListElement\":[{\"@type\":\"ListItem\",\"position\":1,\"name\":\"Home\",\"item\":\"https:\/\/collectin.eu\/\"},{\"@type\":\"ListItem\",\"position\":2,\"name\":\"Parduotuv\u0117\",\"item\":\"https:\/\/collectin.eu\/parduotuve\/\"},{\"@type\":\"ListItem\",\"position\":3,\"name\":\"LEGO\u00ae 42077 Rally Car\"}]},{\"@type\":\"WebSite\",\"@id\":\"https:\/\/collectin.eu\/#website\",\"url\":\"https:\/\/collectin.eu\/\",\"name\":\"Collectin.eu\",\"description\":\"\",\"potentialAction\":[{\"@type\":\"SearchAction\",\"target\":{\"@type\":\"EntryPoint\",\"urlTemplate\":\"https:\/\/collectin.eu\/?s={search_term_string}\"},\"query-input\":{\"@type\":\"PropertyValueSpecification\",\"valueRequired\":true,\"valueName\":\"search_term_string\"}}],\"inLanguage\":\"en-US\"}]}<\/script>\n<!-- \/ Yoast SEO plugin. -->","yoast_head_json":{"title":"LEGO\u00ae 42077 Rally Car - Collectin.eu","description":"LEGO Technic 42077 \u2013 Rally Car yra pa\u017eangus konstruktorius automobili\u0173 m\u0117g\u0117jams, leid\u017eiantis pastatyti detaliai i\u0161baigt\u0105 rali\u0173 automobil\u012f.","robots":{"index":"index","follow":"follow","max-snippet":"max-snippet:-1","max-image-preview":"max-image-preview:large","max-video-preview":"max-video-preview:-1"},"canonical":"https:\/\/collectin.eu\/en\/product\/lego-42077-rally-car\/","og_locale":"en_US","og_type":"article","og_title":"LEGO\u00ae 42077 Rally Car - Collectin.eu","og_description":"LEGO Technic 42077 \u2013 Rally Car yra pa\u017eangus konstruktorius automobili\u0173 m\u0117g\u0117jams, leid\u017eiantis pastatyti detaliai i\u0161baigt\u0105 rali\u0173 automobil\u012f.","og_url":"https:\/\/collectin.eu\/en\/product\/lego-42077-rally-car\/","og_site_name":"Collectin.eu","article_modified_time":"2026-04-08T10:24:01+00:00","og_image":[{"width":1080,"height":1080,"url":"http:\/\/collectin.eu\/wp-content\/uploads\/2026\/01\/Untitled-design-2026-01-03T013754.085.png","type":"image\/png"}],"twitter_card":"summary_large_image","twitter_misc":{"Est. reading time":"1 minute"},"schema":{"@context":"https:\/\/schema.org","@graph":[{"@type":"WebPage","@id":"https:\/\/collectin.eu\/produktas\/lego-42077-rally-car\/","url":"https:\/\/collectin.eu\/produktas\/lego-42077-rally-car\/","name":"LEGO\u00ae 42077 Rally Car - Collectin.eu","isPartOf":{"@id":"https:\/\/collectin.eu\/#website"},"primaryImageOfPage":{"@id":"https:\/\/collectin.eu\/produktas\/lego-42077-rally-car\/#primaryimage"},"image":{"@id":"https:\/\/collectin.eu\/produktas\/lego-42077-rally-car\/#primaryimage"},"thumbnailUrl":"https:\/\/collectin.eu\/wp-content\/uploads\/2026\/01\/Untitled-design-2026-01-03T013754.085.png","datePublished":"2026-01-02T23:42:08+00:00","dateModified":"2026-04-08T10:24:01+00:00","description":"LEGO Technic 42077 \u2013 Rally Car yra pa\u017eangus konstruktorius automobili\u0173 m\u0117g\u0117jams, leid\u017eiantis pastatyti detaliai i\u0161baigt\u0105 rali\u0173 automobil\u012f.","breadcrumb":{"@id":"https:\/\/collectin.eu\/produktas\/lego-42077-rally-car\/#breadcrumb"},"inLanguage":"en-US","potentialAction":[{"@type":"ReadAction","target":["https:\/\/collectin.eu\/produktas\/lego-42077-rally-car\/"]}]},{"@type":"ImageObject","inLanguage":"en-US","@id":"https:\/\/collectin.eu\/produktas\/lego-42077-rally-car\/#primaryimage","url":"https:\/\/collectin.eu\/wp-content\/uploads\/2026\/01\/Untitled-design-2026-01-03T013754.085.png","contentUrl":"https:\/\/collectin.eu\/wp-content\/uploads\/2026\/01\/Untitled-design-2026-01-03T013754.085.png","width":1080,"height":1080},{"@type":"BreadcrumbList","@id":"https:\/\/collectin.eu\/produktas\/lego-42077-rally-car\/#breadcrumb","itemListElement":[{"@type":"ListItem","position":1,"name":"Home","item":"https:\/\/collectin.eu\/"},{"@type":"ListItem","position":2,"name":"Parduotuv\u0117","item":"https:\/\/collectin.eu\/parduotuve\/"},{"@type":"ListItem","position":3,"name":"LEGO\u00ae 42077 Rally Car"}]},{"@type":"WebSite","@id":"https:\/\/collectin.eu\/#website","url":"https:\/\/collectin.eu\/","name":"Collectin.eu","description":"","potentialAction":[{"@type":"SearchAction","target":{"@type":"EntryPoint","urlTemplate":"https:\/\/collectin.eu\/?s={search_term_string}"},"query-input":{"@type":"PropertyValueSpecification","valueRequired":true,"valueName":"search_term_string"}}],"inLanguage":"en-US"}]}},"jetpack_sharing_enabled":true,"_links":{"self":[{"href":"https:\/\/collectin.eu\/en\/wp-json\/wp\/v2\/product\/39021","targetHints":{"allow":["GET"]}}],"collection":[{"href":"https:\/\/collectin.eu\/en\/wp-json\/wp\/v2\/product"}],"about":[{"href":"https:\/\/collectin.eu\/en\/wp-json\/wp\/v2\/types\/product"}],"replies":[{"embeddable":true,"href":"https:\/\/collectin.eu\/en\/wp-json\/wp\/v2\/comments?post=39021"}],"version-history":[{"count":2,"href":"https:\/\/collectin.eu\/en\/wp-json\/wp\/v2\/product\/39021\/revisions"}],"predecessor-version":[{"id":40393,"href":"https:\/\/collectin.eu\/en\/wp-json\/wp\/v2\/product\/39021\/revisions\/40393"}],"wp:featuredmedia":[{"embeddable":true,"href":"https:\/\/collectin.eu\/en\/wp-json\/wp\/v2\/media\/39022"}],"wp:attachment":[{"href":"https:\/\/collectin.eu\/en\/wp-json\/wp\/v2\/media?parent=39021"}],"wp:term":[{"taxonomy":"product_brand","embeddable":true,"href":"https:\/\/collectin.eu\/en\/wp-json\/wp\/v2\/product_brand?post=39021"},{"taxonomy":"product_cat","embeddable":true,"href":"https:\/\/collectin.eu\/en\/wp-json\/wp\/v2\/product_cat?post=39021"},{"taxonomy":"product_tag","embeddable":true,"href":"https:\/\/collectin.eu\/en\/wp-json\/wp\/v2\/product_tag?post=39021"}],"curies":[{"name":"wp","href":"https:\/\/api.w.org\/{rel}","templated":true}]}}