{"id":39033,"date":"2026-01-02T23:52:20","date_gmt":"2026-01-02T23:52:20","guid":{"rendered":"https:\/\/collectin.eu\/?post_type=product&#038;p=39033"},"modified":"2026-04-08T10:24:01","modified_gmt":"2026-04-08T10:24:01","slug":"lego-40457-pelyte-mine","status":"publish","type":"product","link":"https:\/\/collectin.eu\/en\/product\/lego-40457-pelyte-mine\/","title":{"rendered":"LEGO\u00ae 40457 Minnie Mouse"},"content":{"rendered":"<p>Legendini\u0173 Disney persona\u017e\u0173 gerb\u0117jai gali konstruoti ir eksponuoti nuosav\u0105 Pelyt\u0117s Min\u0117s iliustracij\u0105 su \u0161iuo LEGO\u00ae Brick Sketches\u2122 Pelyt\u0117s Min\u0117s (40457) rinkiniu. Pakabinkite j\u012f ant sienos u\u017e \u012ftaisyto kabliuko \u2013 12 x 16 pagrindo plok\u0161tel\u0117 tvirtai laiko LEGO kalad\u0117les \u2013 arba pastatykite ant lentynos. Ideali dovana gimtadieniams, \u0161vent\u0117ms arba kitoms progoms bei \u012fsp\u016bdingas priedas prie LEGO Brick Sketches persona\u017e\u0173 portret\u0173 kolekcijos.<\/p>\n<ul>\n<li>Jauniesiems LEGO\u00ae konstruotojams ir Disney Pelyt\u0117s Min\u0117s gerb\u0117jams patiks konstruoti ir demonstruoti \u0161\u012f \u0161aun\u0173 kolekcin\u012f \u017eymiojo Disney persona\u017eo Brick Sketches\u2122 portret\u0105.<\/li>\n<li>\u0160is 140 dali\u0173 konstravimo rinkinys yra puiki dovanos id\u0117ja vaikams nuo met\u0173 8 am\u017eiaus, be to, jis priklauso LEGO\u00ae Brick Sketches\u2122 temai, kuri\u0105 sudaro kolekcin\u0117s konstruojamos erdvin\u0117s \u017eymi\u0173 persona\u017e\u0173 iliustracijos ant 12 x 16 pagrindo plok\u0161teli\u0173.<\/li>\n<\/ul>","protected":false},"excerpt":{"rendered":"<p>Legendini\u0173 Disney persona\u017e\u0173 gerb\u0117jai gali konstruoti ir eksponuoti nuosav\u0105 Pelyt\u0117s Min\u0117s iliustracij\u0105 su \u0161iuo LEGO\u00ae Brick Sketches\u2122 Pelyt\u0117s Min\u0117s (40457)<\/p>","protected":false},"featured_media":39034,"comment_status":"open","ping_status":"closed","template":"","meta":[],"product_brand":[423],"product_cat":[677,406,494],"product_tag":[],"class_list":{"0":"post-39033","1":"product","2":"type-product","3":"status-publish","4":"has-post-thumbnail","6":"product_brand-lego","7":"product_cat-lego-konstruktoriai","8":"product_cat-lego","9":"product_cat-lego-disney","11":"first","12":"instock","13":"taxable","14":"shipping-taxable","15":"purchasable","16":"product-type-simple"},"yoast_head":"<!-- This site is optimized with the Yoast SEO plugin v25.9 - https:\/\/yoast.com\/wordpress\/plugins\/seo\/ -->\n<title>LEGO\u00ae 40457 Minnie Mouse - Collectin.eu<\/title>\n<meta name=\"description\" content=\"Legendini\u0173 Disney persona\u017e\u0173 gerb\u0117jai gali konstruoti ir eksponuoti nuosav\u0105 Pelyt\u0117s Min\u0117s iliustracij\u0105 su \u0161iuo LEGO\u00ae Brick Sketches\u2122 Pelyt\u0117s Min\u0117s (40457) rinkiniu.\" \/>\n<meta name=\"robots\" content=\"index, follow, max-snippet:-1, max-image-preview:large, max-video-preview:-1\" \/>\n<link rel=\"canonical\" href=\"https:\/\/collectin.eu\/en\/product\/lego-40457-pelyte-mine\/\" \/>\n<meta property=\"og:locale\" content=\"en_US\" \/>\n<meta property=\"og:type\" content=\"article\" \/>\n<meta property=\"og:title\" content=\"LEGO\u00ae 40457 Minnie Mouse - Collectin.eu\" \/>\n<meta property=\"og:description\" content=\"Legendini\u0173 Disney persona\u017e\u0173 gerb\u0117jai gali konstruoti ir eksponuoti nuosav\u0105 Pelyt\u0117s Min\u0117s iliustracij\u0105 su \u0161iuo LEGO\u00ae Brick Sketches\u2122 Pelyt\u0117s Min\u0117s (40457) rinkiniu.\" \/>\n<meta property=\"og:url\" content=\"https:\/\/collectin.eu\/en\/product\/lego-40457-pelyte-mine\/\" \/>\n<meta property=\"og:site_name\" content=\"Collectin.eu\" \/>\n<meta property=\"article:modified_time\" content=\"2026-04-08T10:24:01+00:00\" \/>\n<meta property=\"og:image\" content=\"http:\/\/collectin.eu\/wp-content\/uploads\/2026\/01\/Untitled-design-2026-01-03T014918.390.png\" \/>\n\t<meta property=\"og:image:width\" content=\"1080\" \/>\n\t<meta property=\"og:image:height\" content=\"1080\" \/>\n\t<meta property=\"og:image:type\" content=\"image\/png\" \/>\n<meta name=\"twitter:card\" content=\"summary_large_image\" \/>\n<meta name=\"twitter:label1\" content=\"Est. reading time\" \/>\n\t<meta name=\"twitter:data1\" content=\"1 minute\" \/>\n<script type=\"application\/ld+json\" class=\"yoast-schema-graph\">{\"@context\":\"https:\/\/schema.org\",\"@graph\":[{\"@type\":\"WebPage\",\"@id\":\"https:\/\/collectin.eu\/produktas\/lego-40457-pelyte-mine\/\",\"url\":\"https:\/\/collectin.eu\/produktas\/lego-40457-pelyte-mine\/\",\"name\":\"LEGO\u00ae 40457 Minnie Mouse - Collectin.eu\",\"isPartOf\":{\"@id\":\"https:\/\/collectin.eu\/#website\"},\"primaryImageOfPage\":{\"@id\":\"https:\/\/collectin.eu\/produktas\/lego-40457-pelyte-mine\/#primaryimage\"},\"image\":{\"@id\":\"https:\/\/collectin.eu\/produktas\/lego-40457-pelyte-mine\/#primaryimage\"},\"thumbnailUrl\":\"https:\/\/collectin.eu\/wp-content\/uploads\/2026\/01\/Untitled-design-2026-01-03T014918.390.png\",\"datePublished\":\"2026-01-02T23:52:20+00:00\",\"dateModified\":\"2026-04-08T10:24:01+00:00\",\"description\":\"Legendini\u0173 Disney persona\u017e\u0173 gerb\u0117jai gali konstruoti ir eksponuoti nuosav\u0105 Pelyt\u0117s Min\u0117s iliustracij\u0105 su \u0161iuo LEGO\u00ae Brick Sketches\u2122 Pelyt\u0117s Min\u0117s (40457) rinkiniu.\",\"breadcrumb\":{\"@id\":\"https:\/\/collectin.eu\/produktas\/lego-40457-pelyte-mine\/#breadcrumb\"},\"inLanguage\":\"en-US\",\"potentialAction\":[{\"@type\":\"ReadAction\",\"target\":[\"https:\/\/collectin.eu\/produktas\/lego-40457-pelyte-mine\/\"]}]},{\"@type\":\"ImageObject\",\"inLanguage\":\"en-US\",\"@id\":\"https:\/\/collectin.eu\/produktas\/lego-40457-pelyte-mine\/#primaryimage\",\"url\":\"https:\/\/collectin.eu\/wp-content\/uploads\/2026\/01\/Untitled-design-2026-01-03T014918.390.png\",\"contentUrl\":\"https:\/\/collectin.eu\/wp-content\/uploads\/2026\/01\/Untitled-design-2026-01-03T014918.390.png\",\"width\":1080,\"height\":1080},{\"@type\":\"BreadcrumbList\",\"@id\":\"https:\/\/collectin.eu\/produktas\/lego-40457-pelyte-mine\/#breadcrumb\",\"itemListElement\":[{\"@type\":\"ListItem\",\"position\":1,\"name\":\"Home\",\"item\":\"https:\/\/collectin.eu\/\"},{\"@type\":\"ListItem\",\"position\":2,\"name\":\"Parduotuv\u0117\",\"item\":\"https:\/\/collectin.eu\/parduotuve\/\"},{\"@type\":\"ListItem\",\"position\":3,\"name\":\"LEGO\u00ae 40457 Minnie Mouse\"}]},{\"@type\":\"WebSite\",\"@id\":\"https:\/\/collectin.eu\/#website\",\"url\":\"https:\/\/collectin.eu\/\",\"name\":\"Collectin.eu\",\"description\":\"\",\"potentialAction\":[{\"@type\":\"SearchAction\",\"target\":{\"@type\":\"EntryPoint\",\"urlTemplate\":\"https:\/\/collectin.eu\/?s={search_term_string}\"},\"query-input\":{\"@type\":\"PropertyValueSpecification\",\"valueRequired\":true,\"valueName\":\"search_term_string\"}}],\"inLanguage\":\"en-US\"}]}<\/script>\n<!-- \/ Yoast SEO plugin. -->","yoast_head_json":{"title":"LEGO\u00ae 40457 Minnie Mouse - Collectin.eu","description":"Legendini\u0173 Disney persona\u017e\u0173 gerb\u0117jai gali konstruoti ir eksponuoti nuosav\u0105 Pelyt\u0117s Min\u0117s iliustracij\u0105 su \u0161iuo LEGO\u00ae Brick Sketches\u2122 Pelyt\u0117s Min\u0117s (40457) rinkiniu.","robots":{"index":"index","follow":"follow","max-snippet":"max-snippet:-1","max-image-preview":"max-image-preview:large","max-video-preview":"max-video-preview:-1"},"canonical":"https:\/\/collectin.eu\/en\/product\/lego-40457-pelyte-mine\/","og_locale":"en_US","og_type":"article","og_title":"LEGO\u00ae 40457 Minnie Mouse - Collectin.eu","og_description":"Legendini\u0173 Disney persona\u017e\u0173 gerb\u0117jai gali konstruoti ir eksponuoti nuosav\u0105 Pelyt\u0117s Min\u0117s iliustracij\u0105 su \u0161iuo LEGO\u00ae Brick Sketches\u2122 Pelyt\u0117s Min\u0117s (40457) rinkiniu.","og_url":"https:\/\/collectin.eu\/en\/product\/lego-40457-pelyte-mine\/","og_site_name":"Collectin.eu","article_modified_time":"2026-04-08T10:24:01+00:00","og_image":[{"width":1080,"height":1080,"url":"http:\/\/collectin.eu\/wp-content\/uploads\/2026\/01\/Untitled-design-2026-01-03T014918.390.png","type":"image\/png"}],"twitter_card":"summary_large_image","twitter_misc":{"Est. reading time":"1 minute"},"schema":{"@context":"https:\/\/schema.org","@graph":[{"@type":"WebPage","@id":"https:\/\/collectin.eu\/produktas\/lego-40457-pelyte-mine\/","url":"https:\/\/collectin.eu\/produktas\/lego-40457-pelyte-mine\/","name":"LEGO\u00ae 40457 Minnie Mouse - Collectin.eu","isPartOf":{"@id":"https:\/\/collectin.eu\/#website"},"primaryImageOfPage":{"@id":"https:\/\/collectin.eu\/produktas\/lego-40457-pelyte-mine\/#primaryimage"},"image":{"@id":"https:\/\/collectin.eu\/produktas\/lego-40457-pelyte-mine\/#primaryimage"},"thumbnailUrl":"https:\/\/collectin.eu\/wp-content\/uploads\/2026\/01\/Untitled-design-2026-01-03T014918.390.png","datePublished":"2026-01-02T23:52:20+00:00","dateModified":"2026-04-08T10:24:01+00:00","description":"Legendini\u0173 Disney persona\u017e\u0173 gerb\u0117jai gali konstruoti ir eksponuoti nuosav\u0105 Pelyt\u0117s Min\u0117s iliustracij\u0105 su \u0161iuo LEGO\u00ae Brick Sketches\u2122 Pelyt\u0117s Min\u0117s (40457) rinkiniu.","breadcrumb":{"@id":"https:\/\/collectin.eu\/produktas\/lego-40457-pelyte-mine\/#breadcrumb"},"inLanguage":"en-US","potentialAction":[{"@type":"ReadAction","target":["https:\/\/collectin.eu\/produktas\/lego-40457-pelyte-mine\/"]}]},{"@type":"ImageObject","inLanguage":"en-US","@id":"https:\/\/collectin.eu\/produktas\/lego-40457-pelyte-mine\/#primaryimage","url":"https:\/\/collectin.eu\/wp-content\/uploads\/2026\/01\/Untitled-design-2026-01-03T014918.390.png","contentUrl":"https:\/\/collectin.eu\/wp-content\/uploads\/2026\/01\/Untitled-design-2026-01-03T014918.390.png","width":1080,"height":1080},{"@type":"BreadcrumbList","@id":"https:\/\/collectin.eu\/produktas\/lego-40457-pelyte-mine\/#breadcrumb","itemListElement":[{"@type":"ListItem","position":1,"name":"Home","item":"https:\/\/collectin.eu\/"},{"@type":"ListItem","position":2,"name":"Parduotuv\u0117","item":"https:\/\/collectin.eu\/parduotuve\/"},{"@type":"ListItem","position":3,"name":"LEGO\u00ae 40457 Minnie Mouse"}]},{"@type":"WebSite","@id":"https:\/\/collectin.eu\/#website","url":"https:\/\/collectin.eu\/","name":"Collectin.eu","description":"","potentialAction":[{"@type":"SearchAction","target":{"@type":"EntryPoint","urlTemplate":"https:\/\/collectin.eu\/?s={search_term_string}"},"query-input":{"@type":"PropertyValueSpecification","valueRequired":true,"valueName":"search_term_string"}}],"inLanguage":"en-US"}]}},"jetpack_sharing_enabled":true,"_links":{"self":[{"href":"https:\/\/collectin.eu\/en\/wp-json\/wp\/v2\/product\/39033","targetHints":{"allow":["GET"]}}],"collection":[{"href":"https:\/\/collectin.eu\/en\/wp-json\/wp\/v2\/product"}],"about":[{"href":"https:\/\/collectin.eu\/en\/wp-json\/wp\/v2\/types\/product"}],"replies":[{"embeddable":true,"href":"https:\/\/collectin.eu\/en\/wp-json\/wp\/v2\/comments?post=39033"}],"version-history":[{"count":2,"href":"https:\/\/collectin.eu\/en\/wp-json\/wp\/v2\/product\/39033\/revisions"}],"predecessor-version":[{"id":40396,"href":"https:\/\/collectin.eu\/en\/wp-json\/wp\/v2\/product\/39033\/revisions\/40396"}],"wp:featuredmedia":[{"embeddable":true,"href":"https:\/\/collectin.eu\/en\/wp-json\/wp\/v2\/media\/39034"}],"wp:attachment":[{"href":"https:\/\/collectin.eu\/en\/wp-json\/wp\/v2\/media?parent=39033"}],"wp:term":[{"taxonomy":"product_brand","embeddable":true,"href":"https:\/\/collectin.eu\/en\/wp-json\/wp\/v2\/product_brand?post=39033"},{"taxonomy":"product_cat","embeddable":true,"href":"https:\/\/collectin.eu\/en\/wp-json\/wp\/v2\/product_cat?post=39033"},{"taxonomy":"product_tag","embeddable":true,"href":"https:\/\/collectin.eu\/en\/wp-json\/wp\/v2\/product_tag?post=39033"}],"curies":[{"name":"wp","href":"https:\/\/api.w.org\/{rel}","templated":true}]}}