{"id":39056,"date":"2026-01-07T20:34:10","date_gmt":"2026-01-07T20:34:10","guid":{"rendered":"https:\/\/collectin.eu\/?post_type=product&#038;p=39056"},"modified":"2026-03-05T07:17:33","modified_gmt":"2026-03-05T07:17:33","slug":"tales-of-the-green-lantern-corps-annual-3-1987-dc-comics","status":"publish","type":"product","link":"https:\/\/collectin.eu\/en\/product\/tales-of-the-green-lantern-corps-annual-3-1987-dc-comics\/","title":{"rendered":"Tales of the Green Lantern Corps Annual #3 (1987) DC Comics"},"content":{"rendered":"<p>Tales of the Green Lantern Corps Annual #3 (1987) yra DC Comics metinis komiksas, kuriame i\u0161samiau atskleid\u017eiamas \u017dali\u0173j\u0173 \u017dibint\u0173 Korpuso pasaulis ir jo mastas. Leidinyje pateikiamos kelios atskiros istorijos, leid\u017eian\u010dios geriau pa\u017einti skirtingus Korpuso narius, j\u0173 kilm\u0119, tarpusavio ry\u0161ius ir i\u0161\u0161\u016bkius, su kuriais jie susiduria saugodami visatos tvark\u0105. Pasakojimai pasi\u017eymi kosmine atmosfera, stipriais fantastikos motyvais ir pabr\u0117\u017eia atsakomyb\u0117s bei pareigos tem\u0105. Tai b\u016bdingas 9-ojo de\u0161imtme\u010dio DC Comics k\u016brinys, vertinamas d\u0117l savo pasakojimo gilumo ir svarbos Green Lantern mitologijai, tod\u0117l puikiai tinka tiek \u0161ios serijos gerb\u0117jams, tiek klasikini\u0173 komiks\u0173 kolekcionieriams.<\/p>","protected":false},"excerpt":{"rendered":"<p>Tales of the Green Lantern Corps Annual #3 (1987) yra DC Comics metinis komiksas, kuriame i\u0161samiau atskleid\u017eiamas \u017dali\u0173j\u0173 \u017dibint\u0173 Korpuso<\/p>","protected":false},"featured_media":39057,"comment_status":"open","ping_status":"closed","template":"","meta":[],"product_brand":[541],"product_cat":[537,535],"product_tag":[],"class_list":{"0":"post-39056","1":"product","2":"type-product","3":"status-publish","4":"has-post-thumbnail","6":"product_brand-dc-comics","7":"product_cat-dc-komiksai-1935-1999","8":"product_cat-komiksai","10":"first","11":"instock","12":"taxable","13":"shipping-taxable","14":"purchasable","15":"product-type-simple"},"yoast_head":"<!-- This site is optimized with the Yoast SEO plugin v25.9 - https:\/\/yoast.com\/wordpress\/plugins\/seo\/ -->\n<title>Tales of the Green Lantern Corps Annual #3 (1987) DC Comics - Collectin.eu<\/title>\n<meta name=\"description\" content=\"Tales of the Green Lantern Corps Annual #3 (1987) yra DC Comics metinis komiksas, kuriame i\u0161samiau atskleid\u017eiamas \u017dali\u0173j\u0173 \u017dibint\u0173 Korpuso pasaulis ir jo mastas.\" \/>\n<meta name=\"robots\" content=\"index, follow, max-snippet:-1, max-image-preview:large, max-video-preview:-1\" \/>\n<link rel=\"canonical\" href=\"https:\/\/collectin.eu\/en\/product\/tales-of-the-green-lantern-corps-annual-3-1987-dc-comics\/\" \/>\n<meta property=\"og:locale\" content=\"en_US\" \/>\n<meta property=\"og:type\" content=\"article\" \/>\n<meta property=\"og:title\" content=\"Tales of the Green Lantern Corps Annual #3 (1987) DC Comics - Collectin.eu\" \/>\n<meta property=\"og:description\" content=\"Tales of the Green Lantern Corps Annual #3 (1987) yra DC Comics metinis komiksas, kuriame i\u0161samiau atskleid\u017eiamas \u017dali\u0173j\u0173 \u017dibint\u0173 Korpuso pasaulis ir jo mastas.\" \/>\n<meta property=\"og:url\" content=\"https:\/\/collectin.eu\/en\/product\/tales-of-the-green-lantern-corps-annual-3-1987-dc-comics\/\" \/>\n<meta property=\"og:site_name\" content=\"Collectin.eu\" \/>\n<meta property=\"article:modified_time\" content=\"2026-03-05T07:17:33+00:00\" \/>\n<meta property=\"og:image\" content=\"http:\/\/collectin.eu\/wp-content\/uploads\/2026\/01\/Untitled-design-2026-01-07T223359.333.png\" \/>\n\t<meta property=\"og:image:width\" content=\"1080\" \/>\n\t<meta property=\"og:image:height\" content=\"1080\" \/>\n\t<meta property=\"og:image:type\" content=\"image\/png\" \/>\n<meta name=\"twitter:card\" content=\"summary_large_image\" \/>\n<meta name=\"twitter:label1\" content=\"Est. reading time\" \/>\n\t<meta name=\"twitter:data1\" content=\"1 minute\" \/>\n<script type=\"application\/ld+json\" class=\"yoast-schema-graph\">{\"@context\":\"https:\/\/schema.org\",\"@graph\":[{\"@type\":\"WebPage\",\"@id\":\"https:\/\/collectin.eu\/produktas\/tales-of-the-green-lantern-corps-annual-3-1987-dc-comics\/\",\"url\":\"https:\/\/collectin.eu\/produktas\/tales-of-the-green-lantern-corps-annual-3-1987-dc-comics\/\",\"name\":\"Tales of the Green Lantern Corps Annual #3 (1987) DC Comics - Collectin.eu\",\"isPartOf\":{\"@id\":\"https:\/\/collectin.eu\/#website\"},\"primaryImageOfPage\":{\"@id\":\"https:\/\/collectin.eu\/produktas\/tales-of-the-green-lantern-corps-annual-3-1987-dc-comics\/#primaryimage\"},\"image\":{\"@id\":\"https:\/\/collectin.eu\/produktas\/tales-of-the-green-lantern-corps-annual-3-1987-dc-comics\/#primaryimage\"},\"thumbnailUrl\":\"https:\/\/collectin.eu\/wp-content\/uploads\/2026\/01\/Untitled-design-2026-01-07T223359.333.png\",\"datePublished\":\"2026-01-07T20:34:10+00:00\",\"dateModified\":\"2026-03-05T07:17:33+00:00\",\"description\":\"Tales of the Green Lantern Corps Annual #3 (1987) yra DC Comics metinis komiksas, kuriame i\u0161samiau atskleid\u017eiamas \u017dali\u0173j\u0173 \u017dibint\u0173 Korpuso pasaulis ir jo mastas.\",\"breadcrumb\":{\"@id\":\"https:\/\/collectin.eu\/produktas\/tales-of-the-green-lantern-corps-annual-3-1987-dc-comics\/#breadcrumb\"},\"inLanguage\":\"en-US\",\"potentialAction\":[{\"@type\":\"ReadAction\",\"target\":[\"https:\/\/collectin.eu\/produktas\/tales-of-the-green-lantern-corps-annual-3-1987-dc-comics\/\"]}]},{\"@type\":\"ImageObject\",\"inLanguage\":\"en-US\",\"@id\":\"https:\/\/collectin.eu\/produktas\/tales-of-the-green-lantern-corps-annual-3-1987-dc-comics\/#primaryimage\",\"url\":\"https:\/\/collectin.eu\/wp-content\/uploads\/2026\/01\/Untitled-design-2026-01-07T223359.333.png\",\"contentUrl\":\"https:\/\/collectin.eu\/wp-content\/uploads\/2026\/01\/Untitled-design-2026-01-07T223359.333.png\",\"width\":1080,\"height\":1080},{\"@type\":\"BreadcrumbList\",\"@id\":\"https:\/\/collectin.eu\/produktas\/tales-of-the-green-lantern-corps-annual-3-1987-dc-comics\/#breadcrumb\",\"itemListElement\":[{\"@type\":\"ListItem\",\"position\":1,\"name\":\"Home\",\"item\":\"https:\/\/collectin.eu\/\"},{\"@type\":\"ListItem\",\"position\":2,\"name\":\"Parduotuv\u0117\",\"item\":\"https:\/\/collectin.eu\/parduotuve\/\"},{\"@type\":\"ListItem\",\"position\":3,\"name\":\"Tales of the Green Lantern Corps Annual #3 (1987) DC Comics\"}]},{\"@type\":\"WebSite\",\"@id\":\"https:\/\/collectin.eu\/#website\",\"url\":\"https:\/\/collectin.eu\/\",\"name\":\"Collectin.eu\",\"description\":\"\",\"potentialAction\":[{\"@type\":\"SearchAction\",\"target\":{\"@type\":\"EntryPoint\",\"urlTemplate\":\"https:\/\/collectin.eu\/?s={search_term_string}\"},\"query-input\":{\"@type\":\"PropertyValueSpecification\",\"valueRequired\":true,\"valueName\":\"search_term_string\"}}],\"inLanguage\":\"en-US\"}]}<\/script>\n<!-- \/ Yoast SEO plugin. -->","yoast_head_json":{"title":"Tales of the Green Lantern Corps Annual #3 (1987) DC Comics - Collectin.eu","description":"Tales of the Green Lantern Corps Annual #3 (1987) yra DC Comics metinis komiksas, kuriame i\u0161samiau atskleid\u017eiamas \u017dali\u0173j\u0173 \u017dibint\u0173 Korpuso pasaulis ir jo mastas.","robots":{"index":"index","follow":"follow","max-snippet":"max-snippet:-1","max-image-preview":"max-image-preview:large","max-video-preview":"max-video-preview:-1"},"canonical":"https:\/\/collectin.eu\/en\/product\/tales-of-the-green-lantern-corps-annual-3-1987-dc-comics\/","og_locale":"en_US","og_type":"article","og_title":"Tales of the Green Lantern Corps Annual #3 (1987) DC Comics - Collectin.eu","og_description":"Tales of the Green Lantern Corps Annual #3 (1987) yra DC Comics metinis komiksas, kuriame i\u0161samiau atskleid\u017eiamas \u017dali\u0173j\u0173 \u017dibint\u0173 Korpuso pasaulis ir jo mastas.","og_url":"https:\/\/collectin.eu\/en\/product\/tales-of-the-green-lantern-corps-annual-3-1987-dc-comics\/","og_site_name":"Collectin.eu","article_modified_time":"2026-03-05T07:17:33+00:00","og_image":[{"width":1080,"height":1080,"url":"http:\/\/collectin.eu\/wp-content\/uploads\/2026\/01\/Untitled-design-2026-01-07T223359.333.png","type":"image\/png"}],"twitter_card":"summary_large_image","twitter_misc":{"Est. reading time":"1 minute"},"schema":{"@context":"https:\/\/schema.org","@graph":[{"@type":"WebPage","@id":"https:\/\/collectin.eu\/produktas\/tales-of-the-green-lantern-corps-annual-3-1987-dc-comics\/","url":"https:\/\/collectin.eu\/produktas\/tales-of-the-green-lantern-corps-annual-3-1987-dc-comics\/","name":"Tales of the Green Lantern Corps Annual #3 (1987) DC Comics - Collectin.eu","isPartOf":{"@id":"https:\/\/collectin.eu\/#website"},"primaryImageOfPage":{"@id":"https:\/\/collectin.eu\/produktas\/tales-of-the-green-lantern-corps-annual-3-1987-dc-comics\/#primaryimage"},"image":{"@id":"https:\/\/collectin.eu\/produktas\/tales-of-the-green-lantern-corps-annual-3-1987-dc-comics\/#primaryimage"},"thumbnailUrl":"https:\/\/collectin.eu\/wp-content\/uploads\/2026\/01\/Untitled-design-2026-01-07T223359.333.png","datePublished":"2026-01-07T20:34:10+00:00","dateModified":"2026-03-05T07:17:33+00:00","description":"Tales of the Green Lantern Corps Annual #3 (1987) yra DC Comics metinis komiksas, kuriame i\u0161samiau atskleid\u017eiamas \u017dali\u0173j\u0173 \u017dibint\u0173 Korpuso pasaulis ir jo mastas.","breadcrumb":{"@id":"https:\/\/collectin.eu\/produktas\/tales-of-the-green-lantern-corps-annual-3-1987-dc-comics\/#breadcrumb"},"inLanguage":"en-US","potentialAction":[{"@type":"ReadAction","target":["https:\/\/collectin.eu\/produktas\/tales-of-the-green-lantern-corps-annual-3-1987-dc-comics\/"]}]},{"@type":"ImageObject","inLanguage":"en-US","@id":"https:\/\/collectin.eu\/produktas\/tales-of-the-green-lantern-corps-annual-3-1987-dc-comics\/#primaryimage","url":"https:\/\/collectin.eu\/wp-content\/uploads\/2026\/01\/Untitled-design-2026-01-07T223359.333.png","contentUrl":"https:\/\/collectin.eu\/wp-content\/uploads\/2026\/01\/Untitled-design-2026-01-07T223359.333.png","width":1080,"height":1080},{"@type":"BreadcrumbList","@id":"https:\/\/collectin.eu\/produktas\/tales-of-the-green-lantern-corps-annual-3-1987-dc-comics\/#breadcrumb","itemListElement":[{"@type":"ListItem","position":1,"name":"Home","item":"https:\/\/collectin.eu\/"},{"@type":"ListItem","position":2,"name":"Parduotuv\u0117","item":"https:\/\/collectin.eu\/parduotuve\/"},{"@type":"ListItem","position":3,"name":"Tales of the Green Lantern Corps Annual #3 (1987) DC Comics"}]},{"@type":"WebSite","@id":"https:\/\/collectin.eu\/#website","url":"https:\/\/collectin.eu\/","name":"Collectin.eu","description":"","potentialAction":[{"@type":"SearchAction","target":{"@type":"EntryPoint","urlTemplate":"https:\/\/collectin.eu\/?s={search_term_string}"},"query-input":{"@type":"PropertyValueSpecification","valueRequired":true,"valueName":"search_term_string"}}],"inLanguage":"en-US"}]}},"jetpack_sharing_enabled":true,"_links":{"self":[{"href":"https:\/\/collectin.eu\/en\/wp-json\/wp\/v2\/product\/39056","targetHints":{"allow":["GET"]}}],"collection":[{"href":"https:\/\/collectin.eu\/en\/wp-json\/wp\/v2\/product"}],"about":[{"href":"https:\/\/collectin.eu\/en\/wp-json\/wp\/v2\/types\/product"}],"replies":[{"embeddable":true,"href":"https:\/\/collectin.eu\/en\/wp-json\/wp\/v2\/comments?post=39056"}],"version-history":[{"count":2,"href":"https:\/\/collectin.eu\/en\/wp-json\/wp\/v2\/product\/39056\/revisions"}],"predecessor-version":[{"id":40207,"href":"https:\/\/collectin.eu\/en\/wp-json\/wp\/v2\/product\/39056\/revisions\/40207"}],"wp:featuredmedia":[{"embeddable":true,"href":"https:\/\/collectin.eu\/en\/wp-json\/wp\/v2\/media\/39057"}],"wp:attachment":[{"href":"https:\/\/collectin.eu\/en\/wp-json\/wp\/v2\/media?parent=39056"}],"wp:term":[{"taxonomy":"product_brand","embeddable":true,"href":"https:\/\/collectin.eu\/en\/wp-json\/wp\/v2\/product_brand?post=39056"},{"taxonomy":"product_cat","embeddable":true,"href":"https:\/\/collectin.eu\/en\/wp-json\/wp\/v2\/product_cat?post=39056"},{"taxonomy":"product_tag","embeddable":true,"href":"https:\/\/collectin.eu\/en\/wp-json\/wp\/v2\/product_tag?post=39056"}],"curies":[{"name":"wp","href":"https:\/\/api.w.org\/{rel}","templated":true}]}}