{"id":39060,"date":"2026-01-07T20:43:27","date_gmt":"2026-01-07T20:43:27","guid":{"rendered":"https:\/\/collectin.eu\/?post_type=product&#038;p=39060"},"modified":"2026-03-05T07:17:45","modified_gmt":"2026-03-05T07:17:45","slug":"tales-of-the-legion-of-super-heroes-annual-5-1987-dc-comics","status":"publish","type":"product","link":"https:\/\/collectin.eu\/en\/product\/tales-of-the-legion-of-super-heroes-annual-5-1987-dc-comics\/","title":{"rendered":"Tales Of The Legion Of Super-Heroes Annual #5 (1987) DC Comics"},"content":{"rendered":"<p>Tales Of The Legion Of Super-Heroes Annual #5 (1987) \u2013 tai DC Comics metinis leidinys, skirtas futuristinei Superheroj\u0173 Legiono komandai, veikian\u010diai tolimame 30-ajame am\u017eiuje. \u0160iame numeryje pateikiama platesnio masto istorija, papildanti pagrindin\u0117s serijos \u012fvykius ir leid\u017eianti giliau pa\u017evelgti \u012f Legiono nari\u0173 tarpusavio santykius, j\u0173 idealus bei gr\u0117smes, su kuriomis jie susiduria saugodami ateities visat\u0105. Komiksas i\u0161siskiria dideliu veik\u0117j\u0173 skai\u010diumi, epiniu pasakojimu ir mokslin\u0117s fantastikos elementais, b\u016bdingais 9-ojo de\u0161imtme\u010dio DC k\u016brybai. Tai vertingas leidinys Legion of Super-Heroes gerb\u0117jams ir kolekcionieriams, ie\u0161kantiems klasikinio, turtingo siu\u017eeto ir svarbaus serijos mitologijos papildymo.<\/p>","protected":false},"excerpt":{"rendered":"<p>Tales Of The Legion Of Super-Heroes Annual #5 (1987) \u2013 tai DC Comics metinis leidinys, skirtas futuristinei Superheroj\u0173 Legiono komandai,<\/p>","protected":false},"featured_media":39061,"comment_status":"open","ping_status":"closed","template":"","meta":[],"product_brand":[541],"product_cat":[537,535],"product_tag":[],"class_list":{"0":"post-39060","1":"product","2":"type-product","3":"status-publish","4":"has-post-thumbnail","6":"product_brand-dc-comics","7":"product_cat-dc-komiksai-1935-1999","8":"product_cat-komiksai","10":"first","11":"instock","12":"taxable","13":"shipping-taxable","14":"purchasable","15":"product-type-simple"},"yoast_head":"<!-- This site is optimized with the Yoast SEO plugin v25.9 - https:\/\/yoast.com\/wordpress\/plugins\/seo\/ -->\n<title>Tales Of The Legion Of Super-Heroes Annual #5 (1987) DC Comics - Collectin.eu<\/title>\n<meta name=\"description\" content=\"Tales Of The Legion Of Super-Heroes Annual #5 (1987) yra DC Comics metinis komiksas, nukeliantis skaitytoj\u0105 \u012f tolim\u0105 ateit\u012f, kurioje veikia Superheroj\u0173 Legionas.\" \/>\n<meta name=\"robots\" content=\"index, follow, max-snippet:-1, max-image-preview:large, max-video-preview:-1\" \/>\n<link rel=\"canonical\" href=\"https:\/\/collectin.eu\/en\/product\/tales-of-the-legion-of-super-heroes-annual-5-1987-dc-comics\/\" \/>\n<meta property=\"og:locale\" content=\"en_US\" \/>\n<meta property=\"og:type\" content=\"article\" \/>\n<meta property=\"og:title\" content=\"Tales Of The Legion Of Super-Heroes Annual #5 (1987) DC Comics - Collectin.eu\" \/>\n<meta property=\"og:description\" content=\"Tales Of The Legion Of Super-Heroes Annual #5 (1987) yra DC Comics metinis komiksas, nukeliantis skaitytoj\u0105 \u012f tolim\u0105 ateit\u012f, kurioje veikia Superheroj\u0173 Legionas.\" \/>\n<meta property=\"og:url\" content=\"https:\/\/collectin.eu\/en\/product\/tales-of-the-legion-of-super-heroes-annual-5-1987-dc-comics\/\" \/>\n<meta property=\"og:site_name\" content=\"Collectin.eu\" \/>\n<meta property=\"article:modified_time\" content=\"2026-03-05T07:17:45+00:00\" \/>\n<meta property=\"og:image\" content=\"http:\/\/collectin.eu\/wp-content\/uploads\/2026\/01\/Untitled-design-2026-01-07T223941.236.png\" \/>\n\t<meta property=\"og:image:width\" content=\"1080\" \/>\n\t<meta property=\"og:image:height\" content=\"1080\" \/>\n\t<meta property=\"og:image:type\" content=\"image\/png\" \/>\n<meta name=\"twitter:card\" content=\"summary_large_image\" \/>\n<meta name=\"twitter:label1\" content=\"Est. reading time\" \/>\n\t<meta name=\"twitter:data1\" content=\"1 minute\" \/>\n<script type=\"application\/ld+json\" class=\"yoast-schema-graph\">{\"@context\":\"https:\/\/schema.org\",\"@graph\":[{\"@type\":\"WebPage\",\"@id\":\"https:\/\/collectin.eu\/produktas\/tales-of-the-legion-of-super-heroes-annual-5-1987-dc-comics\/\",\"url\":\"https:\/\/collectin.eu\/produktas\/tales-of-the-legion-of-super-heroes-annual-5-1987-dc-comics\/\",\"name\":\"Tales Of The Legion Of Super-Heroes Annual #5 (1987) DC Comics - Collectin.eu\",\"isPartOf\":{\"@id\":\"https:\/\/collectin.eu\/#website\"},\"primaryImageOfPage\":{\"@id\":\"https:\/\/collectin.eu\/produktas\/tales-of-the-legion-of-super-heroes-annual-5-1987-dc-comics\/#primaryimage\"},\"image\":{\"@id\":\"https:\/\/collectin.eu\/produktas\/tales-of-the-legion-of-super-heroes-annual-5-1987-dc-comics\/#primaryimage\"},\"thumbnailUrl\":\"https:\/\/collectin.eu\/wp-content\/uploads\/2026\/01\/Untitled-design-2026-01-07T223941.236.png\",\"datePublished\":\"2026-01-07T20:43:27+00:00\",\"dateModified\":\"2026-03-05T07:17:45+00:00\",\"description\":\"Tales Of The Legion Of Super-Heroes Annual #5 (1987) yra DC Comics metinis komiksas, nukeliantis skaitytoj\u0105 \u012f tolim\u0105 ateit\u012f, kurioje veikia Superheroj\u0173 Legionas.\",\"breadcrumb\":{\"@id\":\"https:\/\/collectin.eu\/produktas\/tales-of-the-legion-of-super-heroes-annual-5-1987-dc-comics\/#breadcrumb\"},\"inLanguage\":\"en-US\",\"potentialAction\":[{\"@type\":\"ReadAction\",\"target\":[\"https:\/\/collectin.eu\/produktas\/tales-of-the-legion-of-super-heroes-annual-5-1987-dc-comics\/\"]}]},{\"@type\":\"ImageObject\",\"inLanguage\":\"en-US\",\"@id\":\"https:\/\/collectin.eu\/produktas\/tales-of-the-legion-of-super-heroes-annual-5-1987-dc-comics\/#primaryimage\",\"url\":\"https:\/\/collectin.eu\/wp-content\/uploads\/2026\/01\/Untitled-design-2026-01-07T223941.236.png\",\"contentUrl\":\"https:\/\/collectin.eu\/wp-content\/uploads\/2026\/01\/Untitled-design-2026-01-07T223941.236.png\",\"width\":1080,\"height\":1080},{\"@type\":\"BreadcrumbList\",\"@id\":\"https:\/\/collectin.eu\/produktas\/tales-of-the-legion-of-super-heroes-annual-5-1987-dc-comics\/#breadcrumb\",\"itemListElement\":[{\"@type\":\"ListItem\",\"position\":1,\"name\":\"Home\",\"item\":\"https:\/\/collectin.eu\/\"},{\"@type\":\"ListItem\",\"position\":2,\"name\":\"Parduotuv\u0117\",\"item\":\"https:\/\/collectin.eu\/parduotuve\/\"},{\"@type\":\"ListItem\",\"position\":3,\"name\":\"Tales Of The Legion Of Super-Heroes Annual #5 (1987) DC Comics\"}]},{\"@type\":\"WebSite\",\"@id\":\"https:\/\/collectin.eu\/#website\",\"url\":\"https:\/\/collectin.eu\/\",\"name\":\"Collectin.eu\",\"description\":\"\",\"potentialAction\":[{\"@type\":\"SearchAction\",\"target\":{\"@type\":\"EntryPoint\",\"urlTemplate\":\"https:\/\/collectin.eu\/?s={search_term_string}\"},\"query-input\":{\"@type\":\"PropertyValueSpecification\",\"valueRequired\":true,\"valueName\":\"search_term_string\"}}],\"inLanguage\":\"en-US\"}]}<\/script>\n<!-- \/ Yoast SEO plugin. -->","yoast_head_json":{"title":"Tales Of The Legion Of Super-Heroes Annual #5 (1987) DC Comics - Collectin.eu","description":"Tales Of The Legion Of Super-Heroes Annual #5 (1987) yra DC Comics metinis komiksas, nukeliantis skaitytoj\u0105 \u012f tolim\u0105 ateit\u012f, kurioje veikia Superheroj\u0173 Legionas.","robots":{"index":"index","follow":"follow","max-snippet":"max-snippet:-1","max-image-preview":"max-image-preview:large","max-video-preview":"max-video-preview:-1"},"canonical":"https:\/\/collectin.eu\/en\/product\/tales-of-the-legion-of-super-heroes-annual-5-1987-dc-comics\/","og_locale":"en_US","og_type":"article","og_title":"Tales Of The Legion Of Super-Heroes Annual #5 (1987) DC Comics - Collectin.eu","og_description":"Tales Of The Legion Of Super-Heroes Annual #5 (1987) yra DC Comics metinis komiksas, nukeliantis skaitytoj\u0105 \u012f tolim\u0105 ateit\u012f, kurioje veikia Superheroj\u0173 Legionas.","og_url":"https:\/\/collectin.eu\/en\/product\/tales-of-the-legion-of-super-heroes-annual-5-1987-dc-comics\/","og_site_name":"Collectin.eu","article_modified_time":"2026-03-05T07:17:45+00:00","og_image":[{"width":1080,"height":1080,"url":"http:\/\/collectin.eu\/wp-content\/uploads\/2026\/01\/Untitled-design-2026-01-07T223941.236.png","type":"image\/png"}],"twitter_card":"summary_large_image","twitter_misc":{"Est. reading time":"1 minute"},"schema":{"@context":"https:\/\/schema.org","@graph":[{"@type":"WebPage","@id":"https:\/\/collectin.eu\/produktas\/tales-of-the-legion-of-super-heroes-annual-5-1987-dc-comics\/","url":"https:\/\/collectin.eu\/produktas\/tales-of-the-legion-of-super-heroes-annual-5-1987-dc-comics\/","name":"Tales Of The Legion Of Super-Heroes Annual #5 (1987) DC Comics - Collectin.eu","isPartOf":{"@id":"https:\/\/collectin.eu\/#website"},"primaryImageOfPage":{"@id":"https:\/\/collectin.eu\/produktas\/tales-of-the-legion-of-super-heroes-annual-5-1987-dc-comics\/#primaryimage"},"image":{"@id":"https:\/\/collectin.eu\/produktas\/tales-of-the-legion-of-super-heroes-annual-5-1987-dc-comics\/#primaryimage"},"thumbnailUrl":"https:\/\/collectin.eu\/wp-content\/uploads\/2026\/01\/Untitled-design-2026-01-07T223941.236.png","datePublished":"2026-01-07T20:43:27+00:00","dateModified":"2026-03-05T07:17:45+00:00","description":"Tales Of The Legion Of Super-Heroes Annual #5 (1987) yra DC Comics metinis komiksas, nukeliantis skaitytoj\u0105 \u012f tolim\u0105 ateit\u012f, kurioje veikia Superheroj\u0173 Legionas.","breadcrumb":{"@id":"https:\/\/collectin.eu\/produktas\/tales-of-the-legion-of-super-heroes-annual-5-1987-dc-comics\/#breadcrumb"},"inLanguage":"en-US","potentialAction":[{"@type":"ReadAction","target":["https:\/\/collectin.eu\/produktas\/tales-of-the-legion-of-super-heroes-annual-5-1987-dc-comics\/"]}]},{"@type":"ImageObject","inLanguage":"en-US","@id":"https:\/\/collectin.eu\/produktas\/tales-of-the-legion-of-super-heroes-annual-5-1987-dc-comics\/#primaryimage","url":"https:\/\/collectin.eu\/wp-content\/uploads\/2026\/01\/Untitled-design-2026-01-07T223941.236.png","contentUrl":"https:\/\/collectin.eu\/wp-content\/uploads\/2026\/01\/Untitled-design-2026-01-07T223941.236.png","width":1080,"height":1080},{"@type":"BreadcrumbList","@id":"https:\/\/collectin.eu\/produktas\/tales-of-the-legion-of-super-heroes-annual-5-1987-dc-comics\/#breadcrumb","itemListElement":[{"@type":"ListItem","position":1,"name":"Home","item":"https:\/\/collectin.eu\/"},{"@type":"ListItem","position":2,"name":"Parduotuv\u0117","item":"https:\/\/collectin.eu\/parduotuve\/"},{"@type":"ListItem","position":3,"name":"Tales Of The Legion Of Super-Heroes Annual #5 (1987) DC Comics"}]},{"@type":"WebSite","@id":"https:\/\/collectin.eu\/#website","url":"https:\/\/collectin.eu\/","name":"Collectin.eu","description":"","potentialAction":[{"@type":"SearchAction","target":{"@type":"EntryPoint","urlTemplate":"https:\/\/collectin.eu\/?s={search_term_string}"},"query-input":{"@type":"PropertyValueSpecification","valueRequired":true,"valueName":"search_term_string"}}],"inLanguage":"en-US"}]}},"jetpack_sharing_enabled":true,"_links":{"self":[{"href":"https:\/\/collectin.eu\/en\/wp-json\/wp\/v2\/product\/39060","targetHints":{"allow":["GET"]}}],"collection":[{"href":"https:\/\/collectin.eu\/en\/wp-json\/wp\/v2\/product"}],"about":[{"href":"https:\/\/collectin.eu\/en\/wp-json\/wp\/v2\/types\/product"}],"replies":[{"embeddable":true,"href":"https:\/\/collectin.eu\/en\/wp-json\/wp\/v2\/comments?post=39060"}],"version-history":[{"count":2,"href":"https:\/\/collectin.eu\/en\/wp-json\/wp\/v2\/product\/39060\/revisions"}],"predecessor-version":[{"id":40208,"href":"https:\/\/collectin.eu\/en\/wp-json\/wp\/v2\/product\/39060\/revisions\/40208"}],"wp:featuredmedia":[{"embeddable":true,"href":"https:\/\/collectin.eu\/en\/wp-json\/wp\/v2\/media\/39061"}],"wp:attachment":[{"href":"https:\/\/collectin.eu\/en\/wp-json\/wp\/v2\/media?parent=39060"}],"wp:term":[{"taxonomy":"product_brand","embeddable":true,"href":"https:\/\/collectin.eu\/en\/wp-json\/wp\/v2\/product_brand?post=39060"},{"taxonomy":"product_cat","embeddable":true,"href":"https:\/\/collectin.eu\/en\/wp-json\/wp\/v2\/product_cat?post=39060"},{"taxonomy":"product_tag","embeddable":true,"href":"https:\/\/collectin.eu\/en\/wp-json\/wp\/v2\/product_tag?post=39060"}],"curies":[{"name":"wp","href":"https:\/\/api.w.org\/{rel}","templated":true}]}}