{"id":39064,"date":"2026-01-07T20:50:59","date_gmt":"2026-01-07T20:50:59","guid":{"rendered":"https:\/\/collectin.eu\/?post_type=product&#038;p=39064"},"modified":"2026-03-05T07:17:58","modified_gmt":"2026-03-05T07:17:58","slug":"infinity-inc-8-1984-dc-comics","status":"publish","type":"product","link":"https:\/\/collectin.eu\/en\/product\/infinity-inc-8-1984-dc-comics\/","title":{"rendered":"Infinity Inc. #8 (1984) DC Comics"},"content":{"rendered":"<p>Infinity, Inc. #8 (1984) yra DC Comics komiksas, pasakojantis apie jaun\u0105 superheroj\u0173 komand\u0105, susijusi\u0105 su legendine Justice Society of America. \u0160iame numeryje nagrin\u0117jami komandos nari\u0173 tarpusavio santykiai, j\u0173 pastangos \u012frodyti savo vert\u0119 ir susidoroti su i\u0161\u0161\u016bkiais, kylantiems i\u0161 heroj\u0173 palikimo. Pasakojimas i\u0161siskiria emocine gylio ir atsakomyb\u0117s tema, b\u016bdingomis 1980-\u0173j\u0173 DC Comics stilistikai, bei pabr\u0117\u017eia jaun\u0173 heroj\u0173 augim\u0105 ir identiteto paie\u0161kas. Tai \u012fdomus ir kolekci\u0161kai vertingas leidinys tiek Infinity, Inc. gerb\u0117jams, tiek klasikinio DC Bronze Age period\u0173 komiks\u0173 m\u0117g\u0117jams.<\/p>","protected":false},"excerpt":{"rendered":"<p>Infinity, Inc. #8 (1984) yra DC Comics komiksas, pasakojantis apie jaun\u0105 superheroj\u0173 komand\u0105, susijusi\u0105 su legendine Justice Society of America.<\/p>","protected":false},"featured_media":39065,"comment_status":"open","ping_status":"closed","template":"","meta":[],"product_brand":[541],"product_cat":[537,535],"product_tag":[],"class_list":{"0":"post-39064","1":"product","2":"type-product","3":"status-publish","4":"has-post-thumbnail","6":"product_brand-dc-comics","7":"product_cat-dc-komiksai-1935-1999","8":"product_cat-komiksai","10":"first","11":"instock","12":"taxable","13":"shipping-taxable","14":"purchasable","15":"product-type-simple"},"yoast_head":"<!-- This site is optimized with the Yoast SEO plugin v25.9 - https:\/\/yoast.com\/wordpress\/plugins\/seo\/ -->\n<title>Infinity Inc. #8 (1984) DC Comics - Collectin.eu<\/title>\n<meta name=\"description\" content=\"Infinity, Inc. #8 (1984) \u2013 tai DC Comics komiksas, priklausantis serijai Infinity, Inc., kuri pasakoja apie jaun\u0105 superheroj\u0173 komand\u0105, glaud\u017eiai susijusi\u0105 su legendine Justice Society of America.\" \/>\n<meta name=\"robots\" content=\"index, follow, max-snippet:-1, max-image-preview:large, max-video-preview:-1\" \/>\n<link rel=\"canonical\" href=\"https:\/\/collectin.eu\/en\/product\/infinity-inc-8-1984-dc-comics\/\" \/>\n<meta property=\"og:locale\" content=\"en_US\" \/>\n<meta property=\"og:type\" content=\"article\" \/>\n<meta property=\"og:title\" content=\"Infinity Inc. #8 (1984) DC Comics - Collectin.eu\" \/>\n<meta property=\"og:description\" content=\"Infinity, Inc. #8 (1984) \u2013 tai DC Comics komiksas, priklausantis serijai Infinity, Inc., kuri pasakoja apie jaun\u0105 superheroj\u0173 komand\u0105, glaud\u017eiai susijusi\u0105 su legendine Justice Society of America.\" \/>\n<meta property=\"og:url\" content=\"https:\/\/collectin.eu\/en\/product\/infinity-inc-8-1984-dc-comics\/\" \/>\n<meta property=\"og:site_name\" content=\"Collectin.eu\" \/>\n<meta property=\"article:modified_time\" content=\"2026-03-05T07:17:58+00:00\" \/>\n<meta property=\"og:image\" content=\"http:\/\/collectin.eu\/wp-content\/uploads\/2026\/01\/Untitled-design-2026-01-07T224541.388.png\" \/>\n\t<meta property=\"og:image:width\" content=\"1080\" \/>\n\t<meta property=\"og:image:height\" content=\"1080\" \/>\n\t<meta property=\"og:image:type\" content=\"image\/png\" \/>\n<meta name=\"twitter:card\" content=\"summary_large_image\" \/>\n<meta name=\"twitter:label1\" content=\"Est. reading time\" \/>\n\t<meta name=\"twitter:data1\" content=\"1 minute\" \/>\n<script type=\"application\/ld+json\" class=\"yoast-schema-graph\">{\"@context\":\"https:\/\/schema.org\",\"@graph\":[{\"@type\":\"WebPage\",\"@id\":\"https:\/\/collectin.eu\/produktas\/infinity-inc-8-1984-dc-comics\/\",\"url\":\"https:\/\/collectin.eu\/produktas\/infinity-inc-8-1984-dc-comics\/\",\"name\":\"Infinity Inc. #8 (1984) DC Comics - Collectin.eu\",\"isPartOf\":{\"@id\":\"https:\/\/collectin.eu\/#website\"},\"primaryImageOfPage\":{\"@id\":\"https:\/\/collectin.eu\/produktas\/infinity-inc-8-1984-dc-comics\/#primaryimage\"},\"image\":{\"@id\":\"https:\/\/collectin.eu\/produktas\/infinity-inc-8-1984-dc-comics\/#primaryimage\"},\"thumbnailUrl\":\"https:\/\/collectin.eu\/wp-content\/uploads\/2026\/01\/Untitled-design-2026-01-07T224541.388.png\",\"datePublished\":\"2026-01-07T20:50:59+00:00\",\"dateModified\":\"2026-03-05T07:17:58+00:00\",\"description\":\"Infinity, Inc. #8 (1984) \u2013 tai DC Comics komiksas, priklausantis serijai Infinity, Inc., kuri pasakoja apie jaun\u0105 superheroj\u0173 komand\u0105, glaud\u017eiai susijusi\u0105 su legendine Justice Society of America.\",\"breadcrumb\":{\"@id\":\"https:\/\/collectin.eu\/produktas\/infinity-inc-8-1984-dc-comics\/#breadcrumb\"},\"inLanguage\":\"en-US\",\"potentialAction\":[{\"@type\":\"ReadAction\",\"target\":[\"https:\/\/collectin.eu\/produktas\/infinity-inc-8-1984-dc-comics\/\"]}]},{\"@type\":\"ImageObject\",\"inLanguage\":\"en-US\",\"@id\":\"https:\/\/collectin.eu\/produktas\/infinity-inc-8-1984-dc-comics\/#primaryimage\",\"url\":\"https:\/\/collectin.eu\/wp-content\/uploads\/2026\/01\/Untitled-design-2026-01-07T224541.388.png\",\"contentUrl\":\"https:\/\/collectin.eu\/wp-content\/uploads\/2026\/01\/Untitled-design-2026-01-07T224541.388.png\",\"width\":1080,\"height\":1080},{\"@type\":\"BreadcrumbList\",\"@id\":\"https:\/\/collectin.eu\/produktas\/infinity-inc-8-1984-dc-comics\/#breadcrumb\",\"itemListElement\":[{\"@type\":\"ListItem\",\"position\":1,\"name\":\"Home\",\"item\":\"https:\/\/collectin.eu\/\"},{\"@type\":\"ListItem\",\"position\":2,\"name\":\"Parduotuv\u0117\",\"item\":\"https:\/\/collectin.eu\/parduotuve\/\"},{\"@type\":\"ListItem\",\"position\":3,\"name\":\"Infinity Inc. #8 (1984) DC Comics\"}]},{\"@type\":\"WebSite\",\"@id\":\"https:\/\/collectin.eu\/#website\",\"url\":\"https:\/\/collectin.eu\/\",\"name\":\"Collectin.eu\",\"description\":\"\",\"potentialAction\":[{\"@type\":\"SearchAction\",\"target\":{\"@type\":\"EntryPoint\",\"urlTemplate\":\"https:\/\/collectin.eu\/?s={search_term_string}\"},\"query-input\":{\"@type\":\"PropertyValueSpecification\",\"valueRequired\":true,\"valueName\":\"search_term_string\"}}],\"inLanguage\":\"en-US\"}]}<\/script>\n<!-- \/ Yoast SEO plugin. -->","yoast_head_json":{"title":"Infinity Inc. #8 (1984) DC Comics - Collectin.eu","description":"Infinity, Inc. #8 (1984) \u2013 tai DC Comics komiksas, priklausantis serijai Infinity, Inc., kuri pasakoja apie jaun\u0105 superheroj\u0173 komand\u0105, glaud\u017eiai susijusi\u0105 su legendine Justice Society of America.","robots":{"index":"index","follow":"follow","max-snippet":"max-snippet:-1","max-image-preview":"max-image-preview:large","max-video-preview":"max-video-preview:-1"},"canonical":"https:\/\/collectin.eu\/en\/product\/infinity-inc-8-1984-dc-comics\/","og_locale":"en_US","og_type":"article","og_title":"Infinity Inc. #8 (1984) DC Comics - Collectin.eu","og_description":"Infinity, Inc. #8 (1984) \u2013 tai DC Comics komiksas, priklausantis serijai Infinity, Inc., kuri pasakoja apie jaun\u0105 superheroj\u0173 komand\u0105, glaud\u017eiai susijusi\u0105 su legendine Justice Society of America.","og_url":"https:\/\/collectin.eu\/en\/product\/infinity-inc-8-1984-dc-comics\/","og_site_name":"Collectin.eu","article_modified_time":"2026-03-05T07:17:58+00:00","og_image":[{"width":1080,"height":1080,"url":"http:\/\/collectin.eu\/wp-content\/uploads\/2026\/01\/Untitled-design-2026-01-07T224541.388.png","type":"image\/png"}],"twitter_card":"summary_large_image","twitter_misc":{"Est. reading time":"1 minute"},"schema":{"@context":"https:\/\/schema.org","@graph":[{"@type":"WebPage","@id":"https:\/\/collectin.eu\/produktas\/infinity-inc-8-1984-dc-comics\/","url":"https:\/\/collectin.eu\/produktas\/infinity-inc-8-1984-dc-comics\/","name":"Infinity Inc. #8 (1984) DC Comics - Collectin.eu","isPartOf":{"@id":"https:\/\/collectin.eu\/#website"},"primaryImageOfPage":{"@id":"https:\/\/collectin.eu\/produktas\/infinity-inc-8-1984-dc-comics\/#primaryimage"},"image":{"@id":"https:\/\/collectin.eu\/produktas\/infinity-inc-8-1984-dc-comics\/#primaryimage"},"thumbnailUrl":"https:\/\/collectin.eu\/wp-content\/uploads\/2026\/01\/Untitled-design-2026-01-07T224541.388.png","datePublished":"2026-01-07T20:50:59+00:00","dateModified":"2026-03-05T07:17:58+00:00","description":"Infinity, Inc. #8 (1984) \u2013 tai DC Comics komiksas, priklausantis serijai Infinity, Inc., kuri pasakoja apie jaun\u0105 superheroj\u0173 komand\u0105, glaud\u017eiai susijusi\u0105 su legendine Justice Society of America.","breadcrumb":{"@id":"https:\/\/collectin.eu\/produktas\/infinity-inc-8-1984-dc-comics\/#breadcrumb"},"inLanguage":"en-US","potentialAction":[{"@type":"ReadAction","target":["https:\/\/collectin.eu\/produktas\/infinity-inc-8-1984-dc-comics\/"]}]},{"@type":"ImageObject","inLanguage":"en-US","@id":"https:\/\/collectin.eu\/produktas\/infinity-inc-8-1984-dc-comics\/#primaryimage","url":"https:\/\/collectin.eu\/wp-content\/uploads\/2026\/01\/Untitled-design-2026-01-07T224541.388.png","contentUrl":"https:\/\/collectin.eu\/wp-content\/uploads\/2026\/01\/Untitled-design-2026-01-07T224541.388.png","width":1080,"height":1080},{"@type":"BreadcrumbList","@id":"https:\/\/collectin.eu\/produktas\/infinity-inc-8-1984-dc-comics\/#breadcrumb","itemListElement":[{"@type":"ListItem","position":1,"name":"Home","item":"https:\/\/collectin.eu\/"},{"@type":"ListItem","position":2,"name":"Parduotuv\u0117","item":"https:\/\/collectin.eu\/parduotuve\/"},{"@type":"ListItem","position":3,"name":"Infinity Inc. #8 (1984) DC Comics"}]},{"@type":"WebSite","@id":"https:\/\/collectin.eu\/#website","url":"https:\/\/collectin.eu\/","name":"Collectin.eu","description":"","potentialAction":[{"@type":"SearchAction","target":{"@type":"EntryPoint","urlTemplate":"https:\/\/collectin.eu\/?s={search_term_string}"},"query-input":{"@type":"PropertyValueSpecification","valueRequired":true,"valueName":"search_term_string"}}],"inLanguage":"en-US"}]}},"jetpack_sharing_enabled":true,"_links":{"self":[{"href":"https:\/\/collectin.eu\/en\/wp-json\/wp\/v2\/product\/39064","targetHints":{"allow":["GET"]}}],"collection":[{"href":"https:\/\/collectin.eu\/en\/wp-json\/wp\/v2\/product"}],"about":[{"href":"https:\/\/collectin.eu\/en\/wp-json\/wp\/v2\/types\/product"}],"replies":[{"embeddable":true,"href":"https:\/\/collectin.eu\/en\/wp-json\/wp\/v2\/comments?post=39064"}],"version-history":[{"count":2,"href":"https:\/\/collectin.eu\/en\/wp-json\/wp\/v2\/product\/39064\/revisions"}],"predecessor-version":[{"id":40209,"href":"https:\/\/collectin.eu\/en\/wp-json\/wp\/v2\/product\/39064\/revisions\/40209"}],"wp:featuredmedia":[{"embeddable":true,"href":"https:\/\/collectin.eu\/en\/wp-json\/wp\/v2\/media\/39065"}],"wp:attachment":[{"href":"https:\/\/collectin.eu\/en\/wp-json\/wp\/v2\/media?parent=39064"}],"wp:term":[{"taxonomy":"product_brand","embeddable":true,"href":"https:\/\/collectin.eu\/en\/wp-json\/wp\/v2\/product_brand?post=39064"},{"taxonomy":"product_cat","embeddable":true,"href":"https:\/\/collectin.eu\/en\/wp-json\/wp\/v2\/product_cat?post=39064"},{"taxonomy":"product_tag","embeddable":true,"href":"https:\/\/collectin.eu\/en\/wp-json\/wp\/v2\/product_tag?post=39064"}],"curies":[{"name":"wp","href":"https:\/\/api.w.org\/{rel}","templated":true}]}}