{"id":39068,"date":"2026-01-07T21:00:42","date_gmt":"2026-01-07T21:00:42","guid":{"rendered":"https:\/\/collectin.eu\/?post_type=product&#038;p=39068"},"modified":"2026-03-05T07:18:10","modified_gmt":"2026-03-05T07:18:10","slug":"all-star-squadron-27-1981-dc-comics","status":"publish","type":"product","link":"https:\/\/collectin.eu\/en\/product\/all-star-squadron-27-1981-dc-comics\/","title":{"rendered":"All-Star Squadron #27 (1981) DC Comics"},"content":{"rendered":"<p>All-Star Squadron #27 (1981) yra DC Comics komiksas, pasakojantis apie superheroj\u0173 veikl\u0105 Antrojo pasaulinio karo metu. \u0160iame numeryje matome \u012fvairi\u0173 heroj\u0173 bendradarbiavim\u0105 kovojant su nacistin\u0117mis gr\u0117sm\u0117mis ir kitomis pasaulin\u0117mis pavojingomis situacijomis. Siu\u017eetas jungia istorinius \u012fvykius su superheroj\u0173 nuotykiais, pabr\u0117\u017eiant dr\u0105s\u0105, atsakomyb\u0119 ir pareig\u0105 \u2013 vertybes, b\u016bdingas 1980-\u0173j\u0173 DC Comics stiliui. Tai \u012fdomus ir kolekci\u0161kai vertingas leidinys, ypa\u010d tiems, kurie domisi Golden Age ir Bronze Age DC superheroj\u0173 istorijomis.<\/p>","protected":false},"excerpt":{"rendered":"<p>All-Star Squadron #27 (1981) yra DC Comics komiksas, pasakojantis apie superheroj\u0173 veikl\u0105 Antrojo pasaulinio karo metu. \u0160iame numeryje matome \u012fvairi\u0173<\/p>","protected":false},"featured_media":39069,"comment_status":"open","ping_status":"closed","template":"","meta":[],"product_brand":[541],"product_cat":[537,535],"product_tag":[],"class_list":{"0":"post-39068","1":"product","2":"type-product","3":"status-publish","4":"has-post-thumbnail","6":"product_brand-dc-comics","7":"product_cat-dc-komiksai-1935-1999","8":"product_cat-komiksai","10":"first","11":"instock","12":"taxable","13":"shipping-taxable","14":"purchasable","15":"product-type-simple"},"yoast_head":"<!-- This site is optimized with the Yoast SEO plugin v25.9 - https:\/\/yoast.com\/wordpress\/plugins\/seo\/ -->\n<title>All-Star Squadron #27 (1981) DC Comics - Collectin.eu<\/title>\n<meta name=\"description\" content=\"All-Star Squadron #27 (1981) yra DC Comics komiksas, priklausantis All-Star Squadron serijai, kuri pasakoja apie superheroj\u0173 veikl\u0105 Antrojo pasaulinio karo metu.\" \/>\n<meta name=\"robots\" content=\"index, follow, max-snippet:-1, max-image-preview:large, max-video-preview:-1\" \/>\n<link rel=\"canonical\" href=\"https:\/\/collectin.eu\/en\/product\/all-star-squadron-27-1981-dc-comics\/\" \/>\n<meta property=\"og:locale\" content=\"en_US\" \/>\n<meta property=\"og:type\" content=\"article\" \/>\n<meta property=\"og:title\" content=\"All-Star Squadron #27 (1981) DC Comics - Collectin.eu\" \/>\n<meta property=\"og:description\" content=\"All-Star Squadron #27 (1981) yra DC Comics komiksas, priklausantis All-Star Squadron serijai, kuri pasakoja apie superheroj\u0173 veikl\u0105 Antrojo pasaulinio karo metu.\" \/>\n<meta property=\"og:url\" content=\"https:\/\/collectin.eu\/en\/product\/all-star-squadron-27-1981-dc-comics\/\" \/>\n<meta property=\"og:site_name\" content=\"Collectin.eu\" \/>\n<meta property=\"article:modified_time\" content=\"2026-03-05T07:18:10+00:00\" \/>\n<meta property=\"og:image\" content=\"http:\/\/collectin.eu\/wp-content\/uploads\/2026\/01\/Untitled-design-2026-01-07T225500.257.png\" \/>\n\t<meta property=\"og:image:width\" content=\"1080\" \/>\n\t<meta property=\"og:image:height\" content=\"1080\" \/>\n\t<meta property=\"og:image:type\" content=\"image\/png\" \/>\n<meta name=\"twitter:card\" content=\"summary_large_image\" \/>\n<meta name=\"twitter:label1\" content=\"Est. reading time\" \/>\n\t<meta name=\"twitter:data1\" content=\"1 minute\" \/>\n<script type=\"application\/ld+json\" class=\"yoast-schema-graph\">{\"@context\":\"https:\/\/schema.org\",\"@graph\":[{\"@type\":\"WebPage\",\"@id\":\"https:\/\/collectin.eu\/produktas\/all-star-squadron-27-1981-dc-comics\/\",\"url\":\"https:\/\/collectin.eu\/produktas\/all-star-squadron-27-1981-dc-comics\/\",\"name\":\"All-Star Squadron #27 (1981) DC Comics - Collectin.eu\",\"isPartOf\":{\"@id\":\"https:\/\/collectin.eu\/#website\"},\"primaryImageOfPage\":{\"@id\":\"https:\/\/collectin.eu\/produktas\/all-star-squadron-27-1981-dc-comics\/#primaryimage\"},\"image\":{\"@id\":\"https:\/\/collectin.eu\/produktas\/all-star-squadron-27-1981-dc-comics\/#primaryimage\"},\"thumbnailUrl\":\"https:\/\/collectin.eu\/wp-content\/uploads\/2026\/01\/Untitled-design-2026-01-07T225500.257.png\",\"datePublished\":\"2026-01-07T21:00:42+00:00\",\"dateModified\":\"2026-03-05T07:18:10+00:00\",\"description\":\"All-Star Squadron #27 (1981) yra DC Comics komiksas, priklausantis All-Star Squadron serijai, kuri pasakoja apie superheroj\u0173 veikl\u0105 Antrojo pasaulinio karo metu.\",\"breadcrumb\":{\"@id\":\"https:\/\/collectin.eu\/produktas\/all-star-squadron-27-1981-dc-comics\/#breadcrumb\"},\"inLanguage\":\"en-US\",\"potentialAction\":[{\"@type\":\"ReadAction\",\"target\":[\"https:\/\/collectin.eu\/produktas\/all-star-squadron-27-1981-dc-comics\/\"]}]},{\"@type\":\"ImageObject\",\"inLanguage\":\"en-US\",\"@id\":\"https:\/\/collectin.eu\/produktas\/all-star-squadron-27-1981-dc-comics\/#primaryimage\",\"url\":\"https:\/\/collectin.eu\/wp-content\/uploads\/2026\/01\/Untitled-design-2026-01-07T225500.257.png\",\"contentUrl\":\"https:\/\/collectin.eu\/wp-content\/uploads\/2026\/01\/Untitled-design-2026-01-07T225500.257.png\",\"width\":1080,\"height\":1080},{\"@type\":\"BreadcrumbList\",\"@id\":\"https:\/\/collectin.eu\/produktas\/all-star-squadron-27-1981-dc-comics\/#breadcrumb\",\"itemListElement\":[{\"@type\":\"ListItem\",\"position\":1,\"name\":\"Home\",\"item\":\"https:\/\/collectin.eu\/\"},{\"@type\":\"ListItem\",\"position\":2,\"name\":\"Parduotuv\u0117\",\"item\":\"https:\/\/collectin.eu\/parduotuve\/\"},{\"@type\":\"ListItem\",\"position\":3,\"name\":\"All-Star Squadron #27 (1981) DC Comics\"}]},{\"@type\":\"WebSite\",\"@id\":\"https:\/\/collectin.eu\/#website\",\"url\":\"https:\/\/collectin.eu\/\",\"name\":\"Collectin.eu\",\"description\":\"\",\"potentialAction\":[{\"@type\":\"SearchAction\",\"target\":{\"@type\":\"EntryPoint\",\"urlTemplate\":\"https:\/\/collectin.eu\/?s={search_term_string}\"},\"query-input\":{\"@type\":\"PropertyValueSpecification\",\"valueRequired\":true,\"valueName\":\"search_term_string\"}}],\"inLanguage\":\"en-US\"}]}<\/script>\n<!-- \/ Yoast SEO plugin. -->","yoast_head_json":{"title":"All-Star Squadron #27 (1981) DC Comics - Collectin.eu","description":"All-Star Squadron #27 (1981) yra DC Comics komiksas, priklausantis All-Star Squadron serijai, kuri pasakoja apie superheroj\u0173 veikl\u0105 Antrojo pasaulinio karo metu.","robots":{"index":"index","follow":"follow","max-snippet":"max-snippet:-1","max-image-preview":"max-image-preview:large","max-video-preview":"max-video-preview:-1"},"canonical":"https:\/\/collectin.eu\/en\/product\/all-star-squadron-27-1981-dc-comics\/","og_locale":"en_US","og_type":"article","og_title":"All-Star Squadron #27 (1981) DC Comics - Collectin.eu","og_description":"All-Star Squadron #27 (1981) yra DC Comics komiksas, priklausantis All-Star Squadron serijai, kuri pasakoja apie superheroj\u0173 veikl\u0105 Antrojo pasaulinio karo metu.","og_url":"https:\/\/collectin.eu\/en\/product\/all-star-squadron-27-1981-dc-comics\/","og_site_name":"Collectin.eu","article_modified_time":"2026-03-05T07:18:10+00:00","og_image":[{"width":1080,"height":1080,"url":"http:\/\/collectin.eu\/wp-content\/uploads\/2026\/01\/Untitled-design-2026-01-07T225500.257.png","type":"image\/png"}],"twitter_card":"summary_large_image","twitter_misc":{"Est. reading time":"1 minute"},"schema":{"@context":"https:\/\/schema.org","@graph":[{"@type":"WebPage","@id":"https:\/\/collectin.eu\/produktas\/all-star-squadron-27-1981-dc-comics\/","url":"https:\/\/collectin.eu\/produktas\/all-star-squadron-27-1981-dc-comics\/","name":"All-Star Squadron #27 (1981) DC Comics - Collectin.eu","isPartOf":{"@id":"https:\/\/collectin.eu\/#website"},"primaryImageOfPage":{"@id":"https:\/\/collectin.eu\/produktas\/all-star-squadron-27-1981-dc-comics\/#primaryimage"},"image":{"@id":"https:\/\/collectin.eu\/produktas\/all-star-squadron-27-1981-dc-comics\/#primaryimage"},"thumbnailUrl":"https:\/\/collectin.eu\/wp-content\/uploads\/2026\/01\/Untitled-design-2026-01-07T225500.257.png","datePublished":"2026-01-07T21:00:42+00:00","dateModified":"2026-03-05T07:18:10+00:00","description":"All-Star Squadron #27 (1981) yra DC Comics komiksas, priklausantis All-Star Squadron serijai, kuri pasakoja apie superheroj\u0173 veikl\u0105 Antrojo pasaulinio karo metu.","breadcrumb":{"@id":"https:\/\/collectin.eu\/produktas\/all-star-squadron-27-1981-dc-comics\/#breadcrumb"},"inLanguage":"en-US","potentialAction":[{"@type":"ReadAction","target":["https:\/\/collectin.eu\/produktas\/all-star-squadron-27-1981-dc-comics\/"]}]},{"@type":"ImageObject","inLanguage":"en-US","@id":"https:\/\/collectin.eu\/produktas\/all-star-squadron-27-1981-dc-comics\/#primaryimage","url":"https:\/\/collectin.eu\/wp-content\/uploads\/2026\/01\/Untitled-design-2026-01-07T225500.257.png","contentUrl":"https:\/\/collectin.eu\/wp-content\/uploads\/2026\/01\/Untitled-design-2026-01-07T225500.257.png","width":1080,"height":1080},{"@type":"BreadcrumbList","@id":"https:\/\/collectin.eu\/produktas\/all-star-squadron-27-1981-dc-comics\/#breadcrumb","itemListElement":[{"@type":"ListItem","position":1,"name":"Home","item":"https:\/\/collectin.eu\/"},{"@type":"ListItem","position":2,"name":"Parduotuv\u0117","item":"https:\/\/collectin.eu\/parduotuve\/"},{"@type":"ListItem","position":3,"name":"All-Star Squadron #27 (1981) DC Comics"}]},{"@type":"WebSite","@id":"https:\/\/collectin.eu\/#website","url":"https:\/\/collectin.eu\/","name":"Collectin.eu","description":"","potentialAction":[{"@type":"SearchAction","target":{"@type":"EntryPoint","urlTemplate":"https:\/\/collectin.eu\/?s={search_term_string}"},"query-input":{"@type":"PropertyValueSpecification","valueRequired":true,"valueName":"search_term_string"}}],"inLanguage":"en-US"}]}},"jetpack_sharing_enabled":true,"_links":{"self":[{"href":"https:\/\/collectin.eu\/en\/wp-json\/wp\/v2\/product\/39068","targetHints":{"allow":["GET"]}}],"collection":[{"href":"https:\/\/collectin.eu\/en\/wp-json\/wp\/v2\/product"}],"about":[{"href":"https:\/\/collectin.eu\/en\/wp-json\/wp\/v2\/types\/product"}],"replies":[{"embeddable":true,"href":"https:\/\/collectin.eu\/en\/wp-json\/wp\/v2\/comments?post=39068"}],"version-history":[{"count":2,"href":"https:\/\/collectin.eu\/en\/wp-json\/wp\/v2\/product\/39068\/revisions"}],"predecessor-version":[{"id":40210,"href":"https:\/\/collectin.eu\/en\/wp-json\/wp\/v2\/product\/39068\/revisions\/40210"}],"wp:featuredmedia":[{"embeddable":true,"href":"https:\/\/collectin.eu\/en\/wp-json\/wp\/v2\/media\/39069"}],"wp:attachment":[{"href":"https:\/\/collectin.eu\/en\/wp-json\/wp\/v2\/media?parent=39068"}],"wp:term":[{"taxonomy":"product_brand","embeddable":true,"href":"https:\/\/collectin.eu\/en\/wp-json\/wp\/v2\/product_brand?post=39068"},{"taxonomy":"product_cat","embeddable":true,"href":"https:\/\/collectin.eu\/en\/wp-json\/wp\/v2\/product_cat?post=39068"},{"taxonomy":"product_tag","embeddable":true,"href":"https:\/\/collectin.eu\/en\/wp-json\/wp\/v2\/product_tag?post=39068"}],"curies":[{"name":"wp","href":"https:\/\/api.w.org\/{rel}","templated":true}]}}