{"id":39076,"date":"2026-01-07T21:15:58","date_gmt":"2026-01-07T21:15:58","guid":{"rendered":"https:\/\/collectin.eu\/?post_type=product&#038;p=39076"},"modified":"2026-03-05T07:18:33","modified_gmt":"2026-03-05T07:18:33","slug":"defenders-73-1979-marvel-comics","status":"publish","type":"product","link":"https:\/\/collectin.eu\/en\/product\/defenders-73-1979-marvel-comics\/","title":{"rendered":"Defenders #73 (1979) Marvel Comics"},"content":{"rendered":"<p>Defenders #73, i\u0161leistas 1979 met\u0173 liep\u0105, yra Marvel Comics superheroj\u0173 komikso numeris, priklausantis \u201eThe Defenders\u201c serijai. \u0160\u012f numer\u012f para\u0161\u0117 Ed Hannigan, pie\u0161\u0117 Herb Trimpe, o darbe taip pat dalyvavo Mike Esposito, Ben Sean, John Costanza ir Clem Robins. Originali kaina JAV rinkoje buvo 40 cent\u0173, o leidinys tur\u0117jo apie 32 puslapius. \u0160iame numeryje pasirodo pagrindiniai Defenders komandos nariai \u2013 Hulk, Dr. Strange, Valkyrie, Nighthawk ir Hellcat, kartu su kitais veik\u0117jais, tokiais kaip Clea, Tyrk, Unnamable, Lunatik, Xhoohx, Dollar Bill, Ledge ir Foolkiller. Siu\u017eetas pavadinimu \u201eOf Wizards, Shadows &amp; Kings\u201c pasakoja apie Defenders kelion\u0119 \u012f paslapting\u0105 Tunnel World, kur jie susiduria su senoviniais magijos ir \u0161e\u0161\u0117li\u0173 j\u0117gomis. Su Tunnel World burtininko Xhoohx pagalba komanda suvienija suskaidyt\u0105 magi\u0161k\u0105 b\u016btyb\u0119 Arisen Tyrk, ta\u010diau \u0161i bando juos nu\u017eudyti savo \u0161eimininkui, Unnamable. Defenders sugeba nugal\u0117ti Tyrk m\u016b\u0161yje, o Dr. Strange panaudoja burtus, kad laikinai j\u012f sustabdyt\u0173 ir gr\u0105\u017eina komand\u0105 atgal \u012f \u017dem\u0119, pats liekant ie\u0161koti b\u016bd\u0173 sustabdyti Unnamable. Tuo pat metu kitoje siu\u017eeto linijoje Dollar Bill ir Ledge susiduria su nusikalstamuoju Foolkiller, siekian\u010diu sunaikinti Lunatik\u0105.<\/p>","protected":false},"excerpt":{"rendered":"<p>Defenders #73, i\u0161leistas 1979 met\u0173 liep\u0105, yra Marvel Comics superheroj\u0173 komikso numeris, priklausantis \u201eThe Defenders\u201c serijai. \u0160\u012f numer\u012f para\u0161\u0117 Ed<\/p>","protected":false},"featured_media":39077,"comment_status":"open","ping_status":"closed","template":"","meta":[],"product_brand":[428],"product_cat":[535,536],"product_tag":[],"class_list":{"0":"post-39076","1":"product","2":"type-product","3":"status-publish","4":"has-post-thumbnail","6":"product_brand-marvel-comics","7":"product_cat-komiksai","8":"product_cat-marvel-komiksai-1939-1999","10":"first","11":"instock","12":"taxable","13":"shipping-taxable","14":"purchasable","15":"product-type-simple"},"yoast_head":"<!-- This site is optimized with the Yoast SEO plugin v25.9 - https:\/\/yoast.com\/wordpress\/plugins\/seo\/ -->\n<title>Defenders #73 (1979) Marvel Comics - Collectin.eu<\/title>\n<meta name=\"description\" content=\"Defenders #73 (1979) yra Marvel Comics komiksas, priklausantis populiariai Defenders serijai, kurioje susijungia ne\u012fprasta superheroj\u0173 grup\u0117, kovojanti su did\u017eiul\u0117mis gr\u0117sm\u0117mis, kuri\u0173 vienas herojus vienas negal\u0117t\u0173 \u012fveikti.\" \/>\n<meta name=\"robots\" content=\"index, follow, max-snippet:-1, max-image-preview:large, max-video-preview:-1\" \/>\n<link rel=\"canonical\" href=\"https:\/\/collectin.eu\/en\/product\/defenders-73-1979-marvel-comics\/\" \/>\n<meta property=\"og:locale\" content=\"en_US\" \/>\n<meta property=\"og:type\" content=\"article\" \/>\n<meta property=\"og:title\" content=\"Defenders #73 (1979) Marvel Comics - Collectin.eu\" \/>\n<meta property=\"og:description\" content=\"Defenders #73 (1979) yra Marvel Comics komiksas, priklausantis populiariai Defenders serijai, kurioje susijungia ne\u012fprasta superheroj\u0173 grup\u0117, kovojanti su did\u017eiul\u0117mis gr\u0117sm\u0117mis, kuri\u0173 vienas herojus vienas negal\u0117t\u0173 \u012fveikti.\" \/>\n<meta property=\"og:url\" content=\"https:\/\/collectin.eu\/en\/product\/defenders-73-1979-marvel-comics\/\" \/>\n<meta property=\"og:site_name\" content=\"Collectin.eu\" \/>\n<meta property=\"article:modified_time\" content=\"2026-03-05T07:18:33+00:00\" \/>\n<meta property=\"og:image\" content=\"http:\/\/collectin.eu\/wp-content\/uploads\/2026\/01\/Untitled-design-2026-01-07T231143.313.png\" \/>\n\t<meta property=\"og:image:width\" content=\"1080\" \/>\n\t<meta property=\"og:image:height\" content=\"1080\" \/>\n\t<meta property=\"og:image:type\" content=\"image\/png\" \/>\n<meta name=\"twitter:card\" content=\"summary_large_image\" \/>\n<meta name=\"twitter:label1\" content=\"Est. reading time\" \/>\n\t<meta name=\"twitter:data1\" content=\"2 minutes\" \/>\n<script type=\"application\/ld+json\" class=\"yoast-schema-graph\">{\"@context\":\"https:\/\/schema.org\",\"@graph\":[{\"@type\":\"WebPage\",\"@id\":\"https:\/\/collectin.eu\/produktas\/defenders-73-1979-marvel-comics\/\",\"url\":\"https:\/\/collectin.eu\/produktas\/defenders-73-1979-marvel-comics\/\",\"name\":\"Defenders #73 (1979) Marvel Comics - Collectin.eu\",\"isPartOf\":{\"@id\":\"https:\/\/collectin.eu\/#website\"},\"primaryImageOfPage\":{\"@id\":\"https:\/\/collectin.eu\/produktas\/defenders-73-1979-marvel-comics\/#primaryimage\"},\"image\":{\"@id\":\"https:\/\/collectin.eu\/produktas\/defenders-73-1979-marvel-comics\/#primaryimage\"},\"thumbnailUrl\":\"https:\/\/collectin.eu\/wp-content\/uploads\/2026\/01\/Untitled-design-2026-01-07T231143.313.png\",\"datePublished\":\"2026-01-07T21:15:58+00:00\",\"dateModified\":\"2026-03-05T07:18:33+00:00\",\"description\":\"Defenders #73 (1979) yra Marvel Comics komiksas, priklausantis populiariai Defenders serijai, kurioje susijungia ne\u012fprasta superheroj\u0173 grup\u0117, kovojanti su did\u017eiul\u0117mis gr\u0117sm\u0117mis, kuri\u0173 vienas herojus vienas negal\u0117t\u0173 \u012fveikti.\",\"breadcrumb\":{\"@id\":\"https:\/\/collectin.eu\/produktas\/defenders-73-1979-marvel-comics\/#breadcrumb\"},\"inLanguage\":\"en-US\",\"potentialAction\":[{\"@type\":\"ReadAction\",\"target\":[\"https:\/\/collectin.eu\/produktas\/defenders-73-1979-marvel-comics\/\"]}]},{\"@type\":\"ImageObject\",\"inLanguage\":\"en-US\",\"@id\":\"https:\/\/collectin.eu\/produktas\/defenders-73-1979-marvel-comics\/#primaryimage\",\"url\":\"https:\/\/collectin.eu\/wp-content\/uploads\/2026\/01\/Untitled-design-2026-01-07T231143.313.png\",\"contentUrl\":\"https:\/\/collectin.eu\/wp-content\/uploads\/2026\/01\/Untitled-design-2026-01-07T231143.313.png\",\"width\":1080,\"height\":1080},{\"@type\":\"BreadcrumbList\",\"@id\":\"https:\/\/collectin.eu\/produktas\/defenders-73-1979-marvel-comics\/#breadcrumb\",\"itemListElement\":[{\"@type\":\"ListItem\",\"position\":1,\"name\":\"Home\",\"item\":\"https:\/\/collectin.eu\/\"},{\"@type\":\"ListItem\",\"position\":2,\"name\":\"Parduotuv\u0117\",\"item\":\"https:\/\/collectin.eu\/parduotuve\/\"},{\"@type\":\"ListItem\",\"position\":3,\"name\":\"Defenders #73 (1979) Marvel Comics\"}]},{\"@type\":\"WebSite\",\"@id\":\"https:\/\/collectin.eu\/#website\",\"url\":\"https:\/\/collectin.eu\/\",\"name\":\"Collectin.eu\",\"description\":\"\",\"potentialAction\":[{\"@type\":\"SearchAction\",\"target\":{\"@type\":\"EntryPoint\",\"urlTemplate\":\"https:\/\/collectin.eu\/?s={search_term_string}\"},\"query-input\":{\"@type\":\"PropertyValueSpecification\",\"valueRequired\":true,\"valueName\":\"search_term_string\"}}],\"inLanguage\":\"en-US\"}]}<\/script>\n<!-- \/ Yoast SEO plugin. -->","yoast_head_json":{"title":"Defenders #73 (1979) Marvel Comics - Collectin.eu","description":"Defenders #73 (1979) yra Marvel Comics komiksas, priklausantis populiariai Defenders serijai, kurioje susijungia ne\u012fprasta superheroj\u0173 grup\u0117, kovojanti su did\u017eiul\u0117mis gr\u0117sm\u0117mis, kuri\u0173 vienas herojus vienas negal\u0117t\u0173 \u012fveikti.","robots":{"index":"index","follow":"follow","max-snippet":"max-snippet:-1","max-image-preview":"max-image-preview:large","max-video-preview":"max-video-preview:-1"},"canonical":"https:\/\/collectin.eu\/en\/product\/defenders-73-1979-marvel-comics\/","og_locale":"en_US","og_type":"article","og_title":"Defenders #73 (1979) Marvel Comics - Collectin.eu","og_description":"Defenders #73 (1979) yra Marvel Comics komiksas, priklausantis populiariai Defenders serijai, kurioje susijungia ne\u012fprasta superheroj\u0173 grup\u0117, kovojanti su did\u017eiul\u0117mis gr\u0117sm\u0117mis, kuri\u0173 vienas herojus vienas negal\u0117t\u0173 \u012fveikti.","og_url":"https:\/\/collectin.eu\/en\/product\/defenders-73-1979-marvel-comics\/","og_site_name":"Collectin.eu","article_modified_time":"2026-03-05T07:18:33+00:00","og_image":[{"width":1080,"height":1080,"url":"http:\/\/collectin.eu\/wp-content\/uploads\/2026\/01\/Untitled-design-2026-01-07T231143.313.png","type":"image\/png"}],"twitter_card":"summary_large_image","twitter_misc":{"Est. reading time":"2 minutes"},"schema":{"@context":"https:\/\/schema.org","@graph":[{"@type":"WebPage","@id":"https:\/\/collectin.eu\/produktas\/defenders-73-1979-marvel-comics\/","url":"https:\/\/collectin.eu\/produktas\/defenders-73-1979-marvel-comics\/","name":"Defenders #73 (1979) Marvel Comics - Collectin.eu","isPartOf":{"@id":"https:\/\/collectin.eu\/#website"},"primaryImageOfPage":{"@id":"https:\/\/collectin.eu\/produktas\/defenders-73-1979-marvel-comics\/#primaryimage"},"image":{"@id":"https:\/\/collectin.eu\/produktas\/defenders-73-1979-marvel-comics\/#primaryimage"},"thumbnailUrl":"https:\/\/collectin.eu\/wp-content\/uploads\/2026\/01\/Untitled-design-2026-01-07T231143.313.png","datePublished":"2026-01-07T21:15:58+00:00","dateModified":"2026-03-05T07:18:33+00:00","description":"Defenders #73 (1979) yra Marvel Comics komiksas, priklausantis populiariai Defenders serijai, kurioje susijungia ne\u012fprasta superheroj\u0173 grup\u0117, kovojanti su did\u017eiul\u0117mis gr\u0117sm\u0117mis, kuri\u0173 vienas herojus vienas negal\u0117t\u0173 \u012fveikti.","breadcrumb":{"@id":"https:\/\/collectin.eu\/produktas\/defenders-73-1979-marvel-comics\/#breadcrumb"},"inLanguage":"en-US","potentialAction":[{"@type":"ReadAction","target":["https:\/\/collectin.eu\/produktas\/defenders-73-1979-marvel-comics\/"]}]},{"@type":"ImageObject","inLanguage":"en-US","@id":"https:\/\/collectin.eu\/produktas\/defenders-73-1979-marvel-comics\/#primaryimage","url":"https:\/\/collectin.eu\/wp-content\/uploads\/2026\/01\/Untitled-design-2026-01-07T231143.313.png","contentUrl":"https:\/\/collectin.eu\/wp-content\/uploads\/2026\/01\/Untitled-design-2026-01-07T231143.313.png","width":1080,"height":1080},{"@type":"BreadcrumbList","@id":"https:\/\/collectin.eu\/produktas\/defenders-73-1979-marvel-comics\/#breadcrumb","itemListElement":[{"@type":"ListItem","position":1,"name":"Home","item":"https:\/\/collectin.eu\/"},{"@type":"ListItem","position":2,"name":"Parduotuv\u0117","item":"https:\/\/collectin.eu\/parduotuve\/"},{"@type":"ListItem","position":3,"name":"Defenders #73 (1979) Marvel Comics"}]},{"@type":"WebSite","@id":"https:\/\/collectin.eu\/#website","url":"https:\/\/collectin.eu\/","name":"Collectin.eu","description":"","potentialAction":[{"@type":"SearchAction","target":{"@type":"EntryPoint","urlTemplate":"https:\/\/collectin.eu\/?s={search_term_string}"},"query-input":{"@type":"PropertyValueSpecification","valueRequired":true,"valueName":"search_term_string"}}],"inLanguage":"en-US"}]}},"jetpack_sharing_enabled":true,"_links":{"self":[{"href":"https:\/\/collectin.eu\/en\/wp-json\/wp\/v2\/product\/39076","targetHints":{"allow":["GET"]}}],"collection":[{"href":"https:\/\/collectin.eu\/en\/wp-json\/wp\/v2\/product"}],"about":[{"href":"https:\/\/collectin.eu\/en\/wp-json\/wp\/v2\/types\/product"}],"replies":[{"embeddable":true,"href":"https:\/\/collectin.eu\/en\/wp-json\/wp\/v2\/comments?post=39076"}],"version-history":[{"count":2,"href":"https:\/\/collectin.eu\/en\/wp-json\/wp\/v2\/product\/39076\/revisions"}],"predecessor-version":[{"id":40212,"href":"https:\/\/collectin.eu\/en\/wp-json\/wp\/v2\/product\/39076\/revisions\/40212"}],"wp:featuredmedia":[{"embeddable":true,"href":"https:\/\/collectin.eu\/en\/wp-json\/wp\/v2\/media\/39077"}],"wp:attachment":[{"href":"https:\/\/collectin.eu\/en\/wp-json\/wp\/v2\/media?parent=39076"}],"wp:term":[{"taxonomy":"product_brand","embeddable":true,"href":"https:\/\/collectin.eu\/en\/wp-json\/wp\/v2\/product_brand?post=39076"},{"taxonomy":"product_cat","embeddable":true,"href":"https:\/\/collectin.eu\/en\/wp-json\/wp\/v2\/product_cat?post=39076"},{"taxonomy":"product_tag","embeddable":true,"href":"https:\/\/collectin.eu\/en\/wp-json\/wp\/v2\/product_tag?post=39076"}],"curies":[{"name":"wp","href":"https:\/\/api.w.org\/{rel}","templated":true}]}}