{"id":39080,"date":"2026-01-07T21:26:57","date_gmt":"2026-01-07T21:26:57","guid":{"rendered":"https:\/\/collectin.eu\/?post_type=product&#038;p=39080"},"modified":"2026-03-05T07:18:45","modified_gmt":"2026-03-05T07:18:45","slug":"legion-of-super-heroes-281-1980-dc-comics","status":"publish","type":"product","link":"https:\/\/collectin.eu\/en\/product\/legion-of-super-heroes-281-1980-dc-comics\/","title":{"rendered":"Legion of Super-Heroes #281 (1980) DC Comics"},"content":{"rendered":"<p>Legion of Super-Heroes #281, i\u0161leistas 1981 met\u0173 lapkrit\u012f, yra DC Comics komiksas, priklausantis \u201eLegion of Super-Heroes\u201c serijai (Volume 2). J\u012f para\u0161\u0117 Paul Levitz kartu su Roy Thomas, pie\u0161\u0117 Steve Ditko, o vir\u0161el\u012f suk\u016br\u0117 George P\u00e9rez. Leidinys turi apie 36 puslapius ir tuo metu kainavo ma\u017edaug 60 cent\u0173. \u0160iame numeryje Legion of Super-Heroes komanda susiduria su laiko kelion\u0117s i\u0161\u0161\u016bkiais. Jie patenka \u012f 20-\u0105j\u012f am\u017ei\u0173, kur kartu su jais yra Superboy, ta\u010diau jo atmintis sutrikusi, tod\u0117l jis stengiasi suprasti savo praeit\u012f ir tapatyb\u0119. Tuo pat metu pasirodo pavojingas prie\u0161as \u2013 robotas Molecule Master, kur\u012f siun\u010dia paslaptingasis Time Trapper, ir jis kelia didel\u0119 gr\u0117sm\u0119 visai komandai.<\/p>","protected":false},"excerpt":{"rendered":"<p>Legion of Super-Heroes #281, i\u0161leistas 1981 met\u0173 lapkrit\u012f, yra DC Comics komiksas, priklausantis \u201eLegion of Super-Heroes\u201c serijai (Volume 2). J\u012f<\/p>","protected":false},"featured_media":39081,"comment_status":"open","ping_status":"closed","template":"","meta":[],"product_brand":[541],"product_cat":[537,535],"product_tag":[],"class_list":{"0":"post-39080","1":"product","2":"type-product","3":"status-publish","4":"has-post-thumbnail","6":"product_brand-dc-comics","7":"product_cat-dc-komiksai-1935-1999","8":"product_cat-komiksai","10":"first","11":"instock","12":"taxable","13":"shipping-taxable","14":"purchasable","15":"product-type-simple"},"yoast_head":"<!-- This site is optimized with the Yoast SEO plugin v25.9 - https:\/\/yoast.com\/wordpress\/plugins\/seo\/ -->\n<title>Legion of Super-Heroes #281 (1980) DC Comics - Collectin.eu<\/title>\n<meta name=\"description\" content=\"Legion of Super-Heroes #281, i\u0161leistas 1981 met\u0173 lapkrit\u012f, yra DC Comics superheroj\u0173 komikso numeris, priklausantis \u201eLegion of Super-Heroes\u201c serijai (Volume 2).\" \/>\n<meta name=\"robots\" content=\"index, follow, max-snippet:-1, max-image-preview:large, max-video-preview:-1\" \/>\n<link rel=\"canonical\" href=\"https:\/\/collectin.eu\/en\/product\/legion-of-super-heroes-281-1980-dc-comics\/\" \/>\n<meta property=\"og:locale\" content=\"en_US\" \/>\n<meta property=\"og:type\" content=\"article\" \/>\n<meta property=\"og:title\" content=\"Legion of Super-Heroes #281 (1980) DC Comics - Collectin.eu\" \/>\n<meta property=\"og:description\" content=\"Legion of Super-Heroes #281, i\u0161leistas 1981 met\u0173 lapkrit\u012f, yra DC Comics superheroj\u0173 komikso numeris, priklausantis \u201eLegion of Super-Heroes\u201c serijai (Volume 2).\" \/>\n<meta property=\"og:url\" content=\"https:\/\/collectin.eu\/en\/product\/legion-of-super-heroes-281-1980-dc-comics\/\" \/>\n<meta property=\"og:site_name\" content=\"Collectin.eu\" \/>\n<meta property=\"article:modified_time\" content=\"2026-03-05T07:18:45+00:00\" \/>\n<meta property=\"og:image\" content=\"http:\/\/collectin.eu\/wp-content\/uploads\/2026\/01\/Untitled-design-2026-01-07T232243.231.png\" \/>\n\t<meta property=\"og:image:width\" content=\"1080\" \/>\n\t<meta property=\"og:image:height\" content=\"1080\" \/>\n\t<meta property=\"og:image:type\" content=\"image\/png\" \/>\n<meta name=\"twitter:card\" content=\"summary_large_image\" \/>\n<meta name=\"twitter:label1\" content=\"Est. reading time\" \/>\n\t<meta name=\"twitter:data1\" content=\"1 minute\" \/>\n<script type=\"application\/ld+json\" class=\"yoast-schema-graph\">{\"@context\":\"https:\/\/schema.org\",\"@graph\":[{\"@type\":\"WebPage\",\"@id\":\"https:\/\/collectin.eu\/produktas\/legion-of-super-heroes-281-1980-dc-comics\/\",\"url\":\"https:\/\/collectin.eu\/produktas\/legion-of-super-heroes-281-1980-dc-comics\/\",\"name\":\"Legion of Super-Heroes #281 (1980) DC Comics - Collectin.eu\",\"isPartOf\":{\"@id\":\"https:\/\/collectin.eu\/#website\"},\"primaryImageOfPage\":{\"@id\":\"https:\/\/collectin.eu\/produktas\/legion-of-super-heroes-281-1980-dc-comics\/#primaryimage\"},\"image\":{\"@id\":\"https:\/\/collectin.eu\/produktas\/legion-of-super-heroes-281-1980-dc-comics\/#primaryimage\"},\"thumbnailUrl\":\"https:\/\/collectin.eu\/wp-content\/uploads\/2026\/01\/Untitled-design-2026-01-07T232243.231.png\",\"datePublished\":\"2026-01-07T21:26:57+00:00\",\"dateModified\":\"2026-03-05T07:18:45+00:00\",\"description\":\"Legion of Super-Heroes #281, i\u0161leistas 1981 met\u0173 lapkrit\u012f, yra DC Comics superheroj\u0173 komikso numeris, priklausantis \u201eLegion of Super-Heroes\u201c serijai (Volume 2).\",\"breadcrumb\":{\"@id\":\"https:\/\/collectin.eu\/produktas\/legion-of-super-heroes-281-1980-dc-comics\/#breadcrumb\"},\"inLanguage\":\"en-US\",\"potentialAction\":[{\"@type\":\"ReadAction\",\"target\":[\"https:\/\/collectin.eu\/produktas\/legion-of-super-heroes-281-1980-dc-comics\/\"]}]},{\"@type\":\"ImageObject\",\"inLanguage\":\"en-US\",\"@id\":\"https:\/\/collectin.eu\/produktas\/legion-of-super-heroes-281-1980-dc-comics\/#primaryimage\",\"url\":\"https:\/\/collectin.eu\/wp-content\/uploads\/2026\/01\/Untitled-design-2026-01-07T232243.231.png\",\"contentUrl\":\"https:\/\/collectin.eu\/wp-content\/uploads\/2026\/01\/Untitled-design-2026-01-07T232243.231.png\",\"width\":1080,\"height\":1080},{\"@type\":\"BreadcrumbList\",\"@id\":\"https:\/\/collectin.eu\/produktas\/legion-of-super-heroes-281-1980-dc-comics\/#breadcrumb\",\"itemListElement\":[{\"@type\":\"ListItem\",\"position\":1,\"name\":\"Home\",\"item\":\"https:\/\/collectin.eu\/\"},{\"@type\":\"ListItem\",\"position\":2,\"name\":\"Parduotuv\u0117\",\"item\":\"https:\/\/collectin.eu\/parduotuve\/\"},{\"@type\":\"ListItem\",\"position\":3,\"name\":\"Legion of Super-Heroes #281 (1980) DC Comics\"}]},{\"@type\":\"WebSite\",\"@id\":\"https:\/\/collectin.eu\/#website\",\"url\":\"https:\/\/collectin.eu\/\",\"name\":\"Collectin.eu\",\"description\":\"\",\"potentialAction\":[{\"@type\":\"SearchAction\",\"target\":{\"@type\":\"EntryPoint\",\"urlTemplate\":\"https:\/\/collectin.eu\/?s={search_term_string}\"},\"query-input\":{\"@type\":\"PropertyValueSpecification\",\"valueRequired\":true,\"valueName\":\"search_term_string\"}}],\"inLanguage\":\"en-US\"}]}<\/script>\n<!-- \/ Yoast SEO plugin. -->","yoast_head_json":{"title":"Legion of Super-Heroes #281 (1980) DC Comics - Collectin.eu","description":"Legion of Super-Heroes #281, i\u0161leistas 1981 met\u0173 lapkrit\u012f, yra DC Comics superheroj\u0173 komikso numeris, priklausantis \u201eLegion of Super-Heroes\u201c serijai (Volume 2).","robots":{"index":"index","follow":"follow","max-snippet":"max-snippet:-1","max-image-preview":"max-image-preview:large","max-video-preview":"max-video-preview:-1"},"canonical":"https:\/\/collectin.eu\/en\/product\/legion-of-super-heroes-281-1980-dc-comics\/","og_locale":"en_US","og_type":"article","og_title":"Legion of Super-Heroes #281 (1980) DC Comics - Collectin.eu","og_description":"Legion of Super-Heroes #281, i\u0161leistas 1981 met\u0173 lapkrit\u012f, yra DC Comics superheroj\u0173 komikso numeris, priklausantis \u201eLegion of Super-Heroes\u201c serijai (Volume 2).","og_url":"https:\/\/collectin.eu\/en\/product\/legion-of-super-heroes-281-1980-dc-comics\/","og_site_name":"Collectin.eu","article_modified_time":"2026-03-05T07:18:45+00:00","og_image":[{"width":1080,"height":1080,"url":"http:\/\/collectin.eu\/wp-content\/uploads\/2026\/01\/Untitled-design-2026-01-07T232243.231.png","type":"image\/png"}],"twitter_card":"summary_large_image","twitter_misc":{"Est. reading time":"1 minute"},"schema":{"@context":"https:\/\/schema.org","@graph":[{"@type":"WebPage","@id":"https:\/\/collectin.eu\/produktas\/legion-of-super-heroes-281-1980-dc-comics\/","url":"https:\/\/collectin.eu\/produktas\/legion-of-super-heroes-281-1980-dc-comics\/","name":"Legion of Super-Heroes #281 (1980) DC Comics - Collectin.eu","isPartOf":{"@id":"https:\/\/collectin.eu\/#website"},"primaryImageOfPage":{"@id":"https:\/\/collectin.eu\/produktas\/legion-of-super-heroes-281-1980-dc-comics\/#primaryimage"},"image":{"@id":"https:\/\/collectin.eu\/produktas\/legion-of-super-heroes-281-1980-dc-comics\/#primaryimage"},"thumbnailUrl":"https:\/\/collectin.eu\/wp-content\/uploads\/2026\/01\/Untitled-design-2026-01-07T232243.231.png","datePublished":"2026-01-07T21:26:57+00:00","dateModified":"2026-03-05T07:18:45+00:00","description":"Legion of Super-Heroes #281, i\u0161leistas 1981 met\u0173 lapkrit\u012f, yra DC Comics superheroj\u0173 komikso numeris, priklausantis \u201eLegion of Super-Heroes\u201c serijai (Volume 2).","breadcrumb":{"@id":"https:\/\/collectin.eu\/produktas\/legion-of-super-heroes-281-1980-dc-comics\/#breadcrumb"},"inLanguage":"en-US","potentialAction":[{"@type":"ReadAction","target":["https:\/\/collectin.eu\/produktas\/legion-of-super-heroes-281-1980-dc-comics\/"]}]},{"@type":"ImageObject","inLanguage":"en-US","@id":"https:\/\/collectin.eu\/produktas\/legion-of-super-heroes-281-1980-dc-comics\/#primaryimage","url":"https:\/\/collectin.eu\/wp-content\/uploads\/2026\/01\/Untitled-design-2026-01-07T232243.231.png","contentUrl":"https:\/\/collectin.eu\/wp-content\/uploads\/2026\/01\/Untitled-design-2026-01-07T232243.231.png","width":1080,"height":1080},{"@type":"BreadcrumbList","@id":"https:\/\/collectin.eu\/produktas\/legion-of-super-heroes-281-1980-dc-comics\/#breadcrumb","itemListElement":[{"@type":"ListItem","position":1,"name":"Home","item":"https:\/\/collectin.eu\/"},{"@type":"ListItem","position":2,"name":"Parduotuv\u0117","item":"https:\/\/collectin.eu\/parduotuve\/"},{"@type":"ListItem","position":3,"name":"Legion of Super-Heroes #281 (1980) DC Comics"}]},{"@type":"WebSite","@id":"https:\/\/collectin.eu\/#website","url":"https:\/\/collectin.eu\/","name":"Collectin.eu","description":"","potentialAction":[{"@type":"SearchAction","target":{"@type":"EntryPoint","urlTemplate":"https:\/\/collectin.eu\/?s={search_term_string}"},"query-input":{"@type":"PropertyValueSpecification","valueRequired":true,"valueName":"search_term_string"}}],"inLanguage":"en-US"}]}},"jetpack_sharing_enabled":true,"_links":{"self":[{"href":"https:\/\/collectin.eu\/en\/wp-json\/wp\/v2\/product\/39080","targetHints":{"allow":["GET"]}}],"collection":[{"href":"https:\/\/collectin.eu\/en\/wp-json\/wp\/v2\/product"}],"about":[{"href":"https:\/\/collectin.eu\/en\/wp-json\/wp\/v2\/types\/product"}],"replies":[{"embeddable":true,"href":"https:\/\/collectin.eu\/en\/wp-json\/wp\/v2\/comments?post=39080"}],"version-history":[{"count":2,"href":"https:\/\/collectin.eu\/en\/wp-json\/wp\/v2\/product\/39080\/revisions"}],"predecessor-version":[{"id":40213,"href":"https:\/\/collectin.eu\/en\/wp-json\/wp\/v2\/product\/39080\/revisions\/40213"}],"wp:featuredmedia":[{"embeddable":true,"href":"https:\/\/collectin.eu\/en\/wp-json\/wp\/v2\/media\/39081"}],"wp:attachment":[{"href":"https:\/\/collectin.eu\/en\/wp-json\/wp\/v2\/media?parent=39080"}],"wp:term":[{"taxonomy":"product_brand","embeddable":true,"href":"https:\/\/collectin.eu\/en\/wp-json\/wp\/v2\/product_brand?post=39080"},{"taxonomy":"product_cat","embeddable":true,"href":"https:\/\/collectin.eu\/en\/wp-json\/wp\/v2\/product_cat?post=39080"},{"taxonomy":"product_tag","embeddable":true,"href":"https:\/\/collectin.eu\/en\/wp-json\/wp\/v2\/product_tag?post=39080"}],"curies":[{"name":"wp","href":"https:\/\/api.w.org\/{rel}","templated":true}]}}