{"id":39088,"date":"2026-01-07T21:41:20","date_gmt":"2026-01-07T21:41:20","guid":{"rendered":"https:\/\/collectin.eu\/?post_type=product&#038;p=39088"},"modified":"2026-03-05T07:19:05","modified_gmt":"2026-03-05T07:19:05","slug":"the-mighty-thor-whitman-262-1977-marvel-comics","status":"publish","type":"product","link":"https:\/\/collectin.eu\/en\/product\/the-mighty-thor-whitman-262-1977-marvel-comics\/","title":{"rendered":"The Mighty Thor [Whitman] #262 (1977) Marvel Comics"},"content":{"rendered":"<p>The Mighty Thor #262, i\u0161leistas 1977 met\u0173, yra Marvel Comics komiksas i\u0161 Bronzos eros Thor serijos. J\u012f para\u0161\u0117 Len Wein, pie\u0161\u0117 Walt Simonson, inkeris buvo Tony Dezuniga, spalvino Glynis Oliver, o raid\u017ei\u0173 dizain\u0105 atliko Joe Rosen. \u0160i istorija i\u0161siskiria did\u017eiuliu dramati\u0161kumu ir veiksmo \u012ftampa, kur net nemirtingas dievas susiduria su mirtinu pavojumi, o jo i\u0161tikimi s\u0105jungininkai turi gelb\u0117ti Asgard\u0105. Komiksas pasakoja, kaip Thor patenka \u012f prie\u0161\u0173 \u2013 Soul Survivors \u2013 nagus. \u0160ie prie\u0161ai taip pat pagavo jo t\u0117v\u0105 Odin\u0105 ir beveik i\u0161sekino j\u012f, pasinaudodami jo galia. Thor bando i\u0161silaisvinti, o tuo metu jo s\u0105jungininkai, \u012fskaitant Balder ir Karnilla, ver\u017eiasi \u012f Asgard\u0105, kad pad\u0117t\u0173. Prie\u0161ai panaudoja likusi\u0105 Odi\u0173 gali\u0105, kad sukurt\u0173 galing\u0105 b\u016btyb\u0119, kuri kelia gr\u0117sm\u0119 visam Asgardui. Komanda turi ne tik i\u0161gyventi, bet ir apsaugoti savo pasaul\u012f nuo sunaikinimo. \u0160is numeris parodo, kad net dievai gali b\u016bti pa\u017eeid\u017eiami, ir pabr\u0117\u017eia dr\u0105sos, i\u0161tikimyb\u0117s ir bendradarbiavimo svarb\u0105. Istorija kupina kosmini\u0173 pavoj\u0173, dramati\u0161k\u0173 konflikt\u0173 ir heroji\u0161k\u0173 kov\u0173, d\u0117l kuri\u0173 tai yra vienas \u012fsimintiniausi\u0173 Bronzos eros Thor epizod\u0173.<\/p>","protected":false},"excerpt":{"rendered":"<p>The Mighty Thor #262, i\u0161leistas 1977 met\u0173, yra Marvel Comics komiksas i\u0161 Bronzos eros Thor serijos. J\u012f para\u0161\u0117 Len Wein,<\/p>","protected":false},"featured_media":39089,"comment_status":"open","ping_status":"closed","template":"","meta":[],"product_brand":[428],"product_cat":[535,536],"product_tag":[],"class_list":{"0":"post-39088","1":"product","2":"type-product","3":"status-publish","4":"has-post-thumbnail","6":"product_brand-marvel-comics","7":"product_cat-komiksai","8":"product_cat-marvel-komiksai-1939-1999","10":"first","11":"instock","12":"taxable","13":"shipping-taxable","14":"purchasable","15":"product-type-simple"},"yoast_head":"<!-- This site is optimized with the Yoast SEO plugin v25.9 - https:\/\/yoast.com\/wordpress\/plugins\/seo\/ -->\n<title>The Mighty Thor [Whitman] #262 (1977) Marvel Comics - Collectin.eu<\/title>\n<meta name=\"description\" content=\"The Mighty Thor #262, i\u0161leistas 1977 metais, yra Marvel Comics komiksas, priklausantis Bronzos eros Thor serijai.\" \/>\n<meta name=\"robots\" content=\"index, follow, max-snippet:-1, max-image-preview:large, max-video-preview:-1\" \/>\n<link rel=\"canonical\" href=\"https:\/\/collectin.eu\/en\/product\/the-mighty-thor-whitman-262-1977-marvel-comics\/\" \/>\n<meta property=\"og:locale\" content=\"en_US\" \/>\n<meta property=\"og:type\" content=\"article\" \/>\n<meta property=\"og:title\" content=\"The Mighty Thor [Whitman] #262 (1977) Marvel Comics - Collectin.eu\" \/>\n<meta property=\"og:description\" content=\"The Mighty Thor #262, i\u0161leistas 1977 metais, yra Marvel Comics komiksas, priklausantis Bronzos eros Thor serijai.\" \/>\n<meta property=\"og:url\" content=\"https:\/\/collectin.eu\/en\/product\/the-mighty-thor-whitman-262-1977-marvel-comics\/\" \/>\n<meta property=\"og:site_name\" content=\"Collectin.eu\" \/>\n<meta property=\"article:modified_time\" content=\"2026-03-05T07:19:05+00:00\" \/>\n<meta property=\"og:image\" content=\"http:\/\/collectin.eu\/wp-content\/uploads\/2026\/01\/Untitled-design-2026-01-07T233849.787.png\" \/>\n\t<meta property=\"og:image:width\" content=\"1080\" \/>\n\t<meta property=\"og:image:height\" content=\"1080\" \/>\n\t<meta property=\"og:image:type\" content=\"image\/png\" \/>\n<meta name=\"twitter:card\" content=\"summary_large_image\" \/>\n<meta name=\"twitter:label1\" content=\"Est. reading time\" \/>\n\t<meta name=\"twitter:data1\" content=\"2 minutes\" \/>\n<script type=\"application\/ld+json\" class=\"yoast-schema-graph\">{\"@context\":\"https:\/\/schema.org\",\"@graph\":[{\"@type\":\"WebPage\",\"@id\":\"https:\/\/collectin.eu\/produktas\/the-mighty-thor-whitman-262-1977-marvel-comics\/\",\"url\":\"https:\/\/collectin.eu\/produktas\/the-mighty-thor-whitman-262-1977-marvel-comics\/\",\"name\":\"The Mighty Thor [Whitman] #262 (1977) Marvel Comics - Collectin.eu\",\"isPartOf\":{\"@id\":\"https:\/\/collectin.eu\/#website\"},\"primaryImageOfPage\":{\"@id\":\"https:\/\/collectin.eu\/produktas\/the-mighty-thor-whitman-262-1977-marvel-comics\/#primaryimage\"},\"image\":{\"@id\":\"https:\/\/collectin.eu\/produktas\/the-mighty-thor-whitman-262-1977-marvel-comics\/#primaryimage\"},\"thumbnailUrl\":\"https:\/\/collectin.eu\/wp-content\/uploads\/2026\/01\/Untitled-design-2026-01-07T233849.787.png\",\"datePublished\":\"2026-01-07T21:41:20+00:00\",\"dateModified\":\"2026-03-05T07:19:05+00:00\",\"description\":\"The Mighty Thor #262, i\u0161leistas 1977 metais, yra Marvel Comics komiksas, priklausantis Bronzos eros Thor serijai.\",\"breadcrumb\":{\"@id\":\"https:\/\/collectin.eu\/produktas\/the-mighty-thor-whitman-262-1977-marvel-comics\/#breadcrumb\"},\"inLanguage\":\"en-US\",\"potentialAction\":[{\"@type\":\"ReadAction\",\"target\":[\"https:\/\/collectin.eu\/produktas\/the-mighty-thor-whitman-262-1977-marvel-comics\/\"]}]},{\"@type\":\"ImageObject\",\"inLanguage\":\"en-US\",\"@id\":\"https:\/\/collectin.eu\/produktas\/the-mighty-thor-whitman-262-1977-marvel-comics\/#primaryimage\",\"url\":\"https:\/\/collectin.eu\/wp-content\/uploads\/2026\/01\/Untitled-design-2026-01-07T233849.787.png\",\"contentUrl\":\"https:\/\/collectin.eu\/wp-content\/uploads\/2026\/01\/Untitled-design-2026-01-07T233849.787.png\",\"width\":1080,\"height\":1080},{\"@type\":\"BreadcrumbList\",\"@id\":\"https:\/\/collectin.eu\/produktas\/the-mighty-thor-whitman-262-1977-marvel-comics\/#breadcrumb\",\"itemListElement\":[{\"@type\":\"ListItem\",\"position\":1,\"name\":\"Home\",\"item\":\"https:\/\/collectin.eu\/\"},{\"@type\":\"ListItem\",\"position\":2,\"name\":\"Parduotuv\u0117\",\"item\":\"https:\/\/collectin.eu\/parduotuve\/\"},{\"@type\":\"ListItem\",\"position\":3,\"name\":\"The Mighty Thor [Whitman] #262 (1977) Marvel Comics\"}]},{\"@type\":\"WebSite\",\"@id\":\"https:\/\/collectin.eu\/#website\",\"url\":\"https:\/\/collectin.eu\/\",\"name\":\"Collectin.eu\",\"description\":\"\",\"potentialAction\":[{\"@type\":\"SearchAction\",\"target\":{\"@type\":\"EntryPoint\",\"urlTemplate\":\"https:\/\/collectin.eu\/?s={search_term_string}\"},\"query-input\":{\"@type\":\"PropertyValueSpecification\",\"valueRequired\":true,\"valueName\":\"search_term_string\"}}],\"inLanguage\":\"en-US\"}]}<\/script>\n<!-- \/ Yoast SEO plugin. -->","yoast_head_json":{"title":"The Mighty Thor [Whitman] #262 (1977) Marvel Comics - Collectin.eu","description":"The Mighty Thor #262, i\u0161leistas 1977 metais, yra Marvel Comics komiksas, priklausantis Bronzos eros Thor serijai.","robots":{"index":"index","follow":"follow","max-snippet":"max-snippet:-1","max-image-preview":"max-image-preview:large","max-video-preview":"max-video-preview:-1"},"canonical":"https:\/\/collectin.eu\/en\/product\/the-mighty-thor-whitman-262-1977-marvel-comics\/","og_locale":"en_US","og_type":"article","og_title":"The Mighty Thor [Whitman] #262 (1977) Marvel Comics - Collectin.eu","og_description":"The Mighty Thor #262, i\u0161leistas 1977 metais, yra Marvel Comics komiksas, priklausantis Bronzos eros Thor serijai.","og_url":"https:\/\/collectin.eu\/en\/product\/the-mighty-thor-whitman-262-1977-marvel-comics\/","og_site_name":"Collectin.eu","article_modified_time":"2026-03-05T07:19:05+00:00","og_image":[{"width":1080,"height":1080,"url":"http:\/\/collectin.eu\/wp-content\/uploads\/2026\/01\/Untitled-design-2026-01-07T233849.787.png","type":"image\/png"}],"twitter_card":"summary_large_image","twitter_misc":{"Est. reading time":"2 minutes"},"schema":{"@context":"https:\/\/schema.org","@graph":[{"@type":"WebPage","@id":"https:\/\/collectin.eu\/produktas\/the-mighty-thor-whitman-262-1977-marvel-comics\/","url":"https:\/\/collectin.eu\/produktas\/the-mighty-thor-whitman-262-1977-marvel-comics\/","name":"The Mighty Thor [Whitman] #262 (1977) Marvel Comics - Collectin.eu","isPartOf":{"@id":"https:\/\/collectin.eu\/#website"},"primaryImageOfPage":{"@id":"https:\/\/collectin.eu\/produktas\/the-mighty-thor-whitman-262-1977-marvel-comics\/#primaryimage"},"image":{"@id":"https:\/\/collectin.eu\/produktas\/the-mighty-thor-whitman-262-1977-marvel-comics\/#primaryimage"},"thumbnailUrl":"https:\/\/collectin.eu\/wp-content\/uploads\/2026\/01\/Untitled-design-2026-01-07T233849.787.png","datePublished":"2026-01-07T21:41:20+00:00","dateModified":"2026-03-05T07:19:05+00:00","description":"The Mighty Thor #262, i\u0161leistas 1977 metais, yra Marvel Comics komiksas, priklausantis Bronzos eros Thor serijai.","breadcrumb":{"@id":"https:\/\/collectin.eu\/produktas\/the-mighty-thor-whitman-262-1977-marvel-comics\/#breadcrumb"},"inLanguage":"en-US","potentialAction":[{"@type":"ReadAction","target":["https:\/\/collectin.eu\/produktas\/the-mighty-thor-whitman-262-1977-marvel-comics\/"]}]},{"@type":"ImageObject","inLanguage":"en-US","@id":"https:\/\/collectin.eu\/produktas\/the-mighty-thor-whitman-262-1977-marvel-comics\/#primaryimage","url":"https:\/\/collectin.eu\/wp-content\/uploads\/2026\/01\/Untitled-design-2026-01-07T233849.787.png","contentUrl":"https:\/\/collectin.eu\/wp-content\/uploads\/2026\/01\/Untitled-design-2026-01-07T233849.787.png","width":1080,"height":1080},{"@type":"BreadcrumbList","@id":"https:\/\/collectin.eu\/produktas\/the-mighty-thor-whitman-262-1977-marvel-comics\/#breadcrumb","itemListElement":[{"@type":"ListItem","position":1,"name":"Home","item":"https:\/\/collectin.eu\/"},{"@type":"ListItem","position":2,"name":"Parduotuv\u0117","item":"https:\/\/collectin.eu\/parduotuve\/"},{"@type":"ListItem","position":3,"name":"The Mighty Thor [Whitman] #262 (1977) Marvel Comics"}]},{"@type":"WebSite","@id":"https:\/\/collectin.eu\/#website","url":"https:\/\/collectin.eu\/","name":"Collectin.eu","description":"","potentialAction":[{"@type":"SearchAction","target":{"@type":"EntryPoint","urlTemplate":"https:\/\/collectin.eu\/?s={search_term_string}"},"query-input":{"@type":"PropertyValueSpecification","valueRequired":true,"valueName":"search_term_string"}}],"inLanguage":"en-US"}]}},"jetpack_sharing_enabled":true,"_links":{"self":[{"href":"https:\/\/collectin.eu\/en\/wp-json\/wp\/v2\/product\/39088","targetHints":{"allow":["GET"]}}],"collection":[{"href":"https:\/\/collectin.eu\/en\/wp-json\/wp\/v2\/product"}],"about":[{"href":"https:\/\/collectin.eu\/en\/wp-json\/wp\/v2\/types\/product"}],"replies":[{"embeddable":true,"href":"https:\/\/collectin.eu\/en\/wp-json\/wp\/v2\/comments?post=39088"}],"version-history":[{"count":2,"href":"https:\/\/collectin.eu\/en\/wp-json\/wp\/v2\/product\/39088\/revisions"}],"predecessor-version":[{"id":40215,"href":"https:\/\/collectin.eu\/en\/wp-json\/wp\/v2\/product\/39088\/revisions\/40215"}],"wp:featuredmedia":[{"embeddable":true,"href":"https:\/\/collectin.eu\/en\/wp-json\/wp\/v2\/media\/39089"}],"wp:attachment":[{"href":"https:\/\/collectin.eu\/en\/wp-json\/wp\/v2\/media?parent=39088"}],"wp:term":[{"taxonomy":"product_brand","embeddable":true,"href":"https:\/\/collectin.eu\/en\/wp-json\/wp\/v2\/product_brand?post=39088"},{"taxonomy":"product_cat","embeddable":true,"href":"https:\/\/collectin.eu\/en\/wp-json\/wp\/v2\/product_cat?post=39088"},{"taxonomy":"product_tag","embeddable":true,"href":"https:\/\/collectin.eu\/en\/wp-json\/wp\/v2\/product_tag?post=39088"}],"curies":[{"name":"wp","href":"https:\/\/api.w.org\/{rel}","templated":true}]}}