{"id":39092,"date":"2026-01-07T21:47:46","date_gmt":"2026-01-07T21:47:46","guid":{"rendered":"https:\/\/collectin.eu\/?post_type=product&#038;p=39092"},"modified":"2026-03-05T07:19:14","modified_gmt":"2026-03-05T07:19:14","slug":"action-comics-553-1984-dc-comics","status":"publish","type":"product","link":"https:\/\/collectin.eu\/en\/product\/action-comics-553-1984-dc-comics\/","title":{"rendered":"Action Comics #553 (1984) DC Comics"},"content":{"rendered":"<p>Action Comics #553, i\u0161leistas 1984 met\u0173 kov\u0105, yra DC Comics komiksas, pasakojantis apie Supermen\u0105 (Clark Kent) ir jo nuotykius kartu su pamir\u0161ta superheroj\u0173 grupe, vadinama Forgotten Heroes. \u0160\u012f numer\u012f para\u0161\u0117 Marv Wolfman, pie\u0161\u0117 Gil Kane, spalvino Tony Tollin, o raid\u017ei\u0173 dizain\u0105 atliko Ben Oda. Komikse Supermenas kartu su tokiais veik\u0117jais kaip Animal Man, Cave Carson, Rip Hunter, Dolphin ir Congorilla keliauja laiku, kad sustabdyt\u0173 am\u017ein\u0105 prie\u0161\u0105 Vandal Savage\u2019\u0105, siekiant\u012f pasinaudoti galingomis k\u016brimo j\u0117gomis ir pakeisti istorij\u0105 savo naudai. Herojai turi ne tik kovoti su pavojingu prie\u0161u, bet ir u\u017etikrinti, kad laiko t\u0117km\u0117 i\u0161likt\u0173 nepa\u017eeista, pasitelkdami strategij\u0105, dr\u0105s\u0105 ir savo sugeb\u0117jimus. \u0160i istorija i\u0161siskiria \u012ftemptu veiksmo tempu, laiko kelion\u0117mis ir bendradarbiavimo svarba, parodant, kad net did\u017eiausi pavojai gali b\u016bti \u012fveikti tik veik\u0117jams vienijantis ir pasitelkiant vis\u0105 savo j\u0117g\u0105 bei i\u0161radingum\u0105.<\/p>","protected":false},"excerpt":{"rendered":"<p>Action Comics #553, i\u0161leistas 1984 met\u0173 kov\u0105, yra DC Comics komiksas, pasakojantis apie Supermen\u0105 (Clark Kent) ir jo nuotykius kartu<\/p>","protected":false},"featured_media":39093,"comment_status":"open","ping_status":"closed","template":"","meta":[],"product_brand":[541],"product_cat":[537,535],"product_tag":[],"class_list":{"0":"post-39092","1":"product","2":"type-product","3":"status-publish","4":"has-post-thumbnail","6":"product_brand-dc-comics","7":"product_cat-dc-komiksai-1935-1999","8":"product_cat-komiksai","10":"first","11":"instock","12":"taxable","13":"shipping-taxable","14":"purchasable","15":"product-type-simple"},"yoast_head":"<!-- This site is optimized with the Yoast SEO plugin v25.9 - https:\/\/yoast.com\/wordpress\/plugins\/seo\/ -->\n<title>Action Comics #553 (1984) DC Comics - Collectin.eu<\/title>\n<meta name=\"description\" content=\"Action Comics #553, i\u0161leistas 1984 met\u0173 kov\u0105, yra DC Comics komiksas, priklausantis \u201eAction Comics\u201c serijai ir pasakojantis apie Supermen\u0105 (Clark Kent).\" \/>\n<meta name=\"robots\" content=\"index, follow, max-snippet:-1, max-image-preview:large, max-video-preview:-1\" \/>\n<link rel=\"canonical\" href=\"https:\/\/collectin.eu\/en\/product\/action-comics-553-1984-dc-comics\/\" \/>\n<meta property=\"og:locale\" content=\"en_US\" \/>\n<meta property=\"og:type\" content=\"article\" \/>\n<meta property=\"og:title\" content=\"Action Comics #553 (1984) DC Comics - Collectin.eu\" \/>\n<meta property=\"og:description\" content=\"Action Comics #553, i\u0161leistas 1984 met\u0173 kov\u0105, yra DC Comics komiksas, priklausantis \u201eAction Comics\u201c serijai ir pasakojantis apie Supermen\u0105 (Clark Kent).\" \/>\n<meta property=\"og:url\" content=\"https:\/\/collectin.eu\/en\/product\/action-comics-553-1984-dc-comics\/\" \/>\n<meta property=\"og:site_name\" content=\"Collectin.eu\" \/>\n<meta property=\"article:modified_time\" content=\"2026-03-05T07:19:14+00:00\" \/>\n<meta property=\"og:image\" content=\"http:\/\/collectin.eu\/wp-content\/uploads\/2026\/01\/Untitled-design-2026-01-07T234446.217.png\" \/>\n\t<meta property=\"og:image:width\" content=\"1080\" \/>\n\t<meta property=\"og:image:height\" content=\"1080\" \/>\n\t<meta property=\"og:image:type\" content=\"image\/png\" \/>\n<meta name=\"twitter:card\" content=\"summary_large_image\" \/>\n<meta name=\"twitter:label1\" content=\"Est. reading time\" \/>\n\t<meta name=\"twitter:data1\" content=\"1 minute\" \/>\n<script type=\"application\/ld+json\" class=\"yoast-schema-graph\">{\"@context\":\"https:\/\/schema.org\",\"@graph\":[{\"@type\":\"WebPage\",\"@id\":\"https:\/\/collectin.eu\/produktas\/action-comics-553-1984-dc-comics\/\",\"url\":\"https:\/\/collectin.eu\/produktas\/action-comics-553-1984-dc-comics\/\",\"name\":\"Action Comics #553 (1984) DC Comics - Collectin.eu\",\"isPartOf\":{\"@id\":\"https:\/\/collectin.eu\/#website\"},\"primaryImageOfPage\":{\"@id\":\"https:\/\/collectin.eu\/produktas\/action-comics-553-1984-dc-comics\/#primaryimage\"},\"image\":{\"@id\":\"https:\/\/collectin.eu\/produktas\/action-comics-553-1984-dc-comics\/#primaryimage\"},\"thumbnailUrl\":\"https:\/\/collectin.eu\/wp-content\/uploads\/2026\/01\/Untitled-design-2026-01-07T234446.217.png\",\"datePublished\":\"2026-01-07T21:47:46+00:00\",\"dateModified\":\"2026-03-05T07:19:14+00:00\",\"description\":\"Action Comics #553, i\u0161leistas 1984 met\u0173 kov\u0105, yra DC Comics komiksas, priklausantis \u201eAction Comics\u201c serijai ir pasakojantis apie Supermen\u0105 (Clark Kent).\",\"breadcrumb\":{\"@id\":\"https:\/\/collectin.eu\/produktas\/action-comics-553-1984-dc-comics\/#breadcrumb\"},\"inLanguage\":\"en-US\",\"potentialAction\":[{\"@type\":\"ReadAction\",\"target\":[\"https:\/\/collectin.eu\/produktas\/action-comics-553-1984-dc-comics\/\"]}]},{\"@type\":\"ImageObject\",\"inLanguage\":\"en-US\",\"@id\":\"https:\/\/collectin.eu\/produktas\/action-comics-553-1984-dc-comics\/#primaryimage\",\"url\":\"https:\/\/collectin.eu\/wp-content\/uploads\/2026\/01\/Untitled-design-2026-01-07T234446.217.png\",\"contentUrl\":\"https:\/\/collectin.eu\/wp-content\/uploads\/2026\/01\/Untitled-design-2026-01-07T234446.217.png\",\"width\":1080,\"height\":1080},{\"@type\":\"BreadcrumbList\",\"@id\":\"https:\/\/collectin.eu\/produktas\/action-comics-553-1984-dc-comics\/#breadcrumb\",\"itemListElement\":[{\"@type\":\"ListItem\",\"position\":1,\"name\":\"Home\",\"item\":\"https:\/\/collectin.eu\/\"},{\"@type\":\"ListItem\",\"position\":2,\"name\":\"Parduotuv\u0117\",\"item\":\"https:\/\/collectin.eu\/parduotuve\/\"},{\"@type\":\"ListItem\",\"position\":3,\"name\":\"Action Comics #553 (1984) DC Comics\"}]},{\"@type\":\"WebSite\",\"@id\":\"https:\/\/collectin.eu\/#website\",\"url\":\"https:\/\/collectin.eu\/\",\"name\":\"Collectin.eu\",\"description\":\"\",\"potentialAction\":[{\"@type\":\"SearchAction\",\"target\":{\"@type\":\"EntryPoint\",\"urlTemplate\":\"https:\/\/collectin.eu\/?s={search_term_string}\"},\"query-input\":{\"@type\":\"PropertyValueSpecification\",\"valueRequired\":true,\"valueName\":\"search_term_string\"}}],\"inLanguage\":\"en-US\"}]}<\/script>\n<!-- \/ Yoast SEO plugin. -->","yoast_head_json":{"title":"Action Comics #553 (1984) DC Comics - Collectin.eu","description":"Action Comics #553, i\u0161leistas 1984 met\u0173 kov\u0105, yra DC Comics komiksas, priklausantis \u201eAction Comics\u201c serijai ir pasakojantis apie Supermen\u0105 (Clark Kent).","robots":{"index":"index","follow":"follow","max-snippet":"max-snippet:-1","max-image-preview":"max-image-preview:large","max-video-preview":"max-video-preview:-1"},"canonical":"https:\/\/collectin.eu\/en\/product\/action-comics-553-1984-dc-comics\/","og_locale":"en_US","og_type":"article","og_title":"Action Comics #553 (1984) DC Comics - Collectin.eu","og_description":"Action Comics #553, i\u0161leistas 1984 met\u0173 kov\u0105, yra DC Comics komiksas, priklausantis \u201eAction Comics\u201c serijai ir pasakojantis apie Supermen\u0105 (Clark Kent).","og_url":"https:\/\/collectin.eu\/en\/product\/action-comics-553-1984-dc-comics\/","og_site_name":"Collectin.eu","article_modified_time":"2026-03-05T07:19:14+00:00","og_image":[{"width":1080,"height":1080,"url":"http:\/\/collectin.eu\/wp-content\/uploads\/2026\/01\/Untitled-design-2026-01-07T234446.217.png","type":"image\/png"}],"twitter_card":"summary_large_image","twitter_misc":{"Est. reading time":"1 minute"},"schema":{"@context":"https:\/\/schema.org","@graph":[{"@type":"WebPage","@id":"https:\/\/collectin.eu\/produktas\/action-comics-553-1984-dc-comics\/","url":"https:\/\/collectin.eu\/produktas\/action-comics-553-1984-dc-comics\/","name":"Action Comics #553 (1984) DC Comics - Collectin.eu","isPartOf":{"@id":"https:\/\/collectin.eu\/#website"},"primaryImageOfPage":{"@id":"https:\/\/collectin.eu\/produktas\/action-comics-553-1984-dc-comics\/#primaryimage"},"image":{"@id":"https:\/\/collectin.eu\/produktas\/action-comics-553-1984-dc-comics\/#primaryimage"},"thumbnailUrl":"https:\/\/collectin.eu\/wp-content\/uploads\/2026\/01\/Untitled-design-2026-01-07T234446.217.png","datePublished":"2026-01-07T21:47:46+00:00","dateModified":"2026-03-05T07:19:14+00:00","description":"Action Comics #553, i\u0161leistas 1984 met\u0173 kov\u0105, yra DC Comics komiksas, priklausantis \u201eAction Comics\u201c serijai ir pasakojantis apie Supermen\u0105 (Clark Kent).","breadcrumb":{"@id":"https:\/\/collectin.eu\/produktas\/action-comics-553-1984-dc-comics\/#breadcrumb"},"inLanguage":"en-US","potentialAction":[{"@type":"ReadAction","target":["https:\/\/collectin.eu\/produktas\/action-comics-553-1984-dc-comics\/"]}]},{"@type":"ImageObject","inLanguage":"en-US","@id":"https:\/\/collectin.eu\/produktas\/action-comics-553-1984-dc-comics\/#primaryimage","url":"https:\/\/collectin.eu\/wp-content\/uploads\/2026\/01\/Untitled-design-2026-01-07T234446.217.png","contentUrl":"https:\/\/collectin.eu\/wp-content\/uploads\/2026\/01\/Untitled-design-2026-01-07T234446.217.png","width":1080,"height":1080},{"@type":"BreadcrumbList","@id":"https:\/\/collectin.eu\/produktas\/action-comics-553-1984-dc-comics\/#breadcrumb","itemListElement":[{"@type":"ListItem","position":1,"name":"Home","item":"https:\/\/collectin.eu\/"},{"@type":"ListItem","position":2,"name":"Parduotuv\u0117","item":"https:\/\/collectin.eu\/parduotuve\/"},{"@type":"ListItem","position":3,"name":"Action Comics #553 (1984) DC Comics"}]},{"@type":"WebSite","@id":"https:\/\/collectin.eu\/#website","url":"https:\/\/collectin.eu\/","name":"Collectin.eu","description":"","potentialAction":[{"@type":"SearchAction","target":{"@type":"EntryPoint","urlTemplate":"https:\/\/collectin.eu\/?s={search_term_string}"},"query-input":{"@type":"PropertyValueSpecification","valueRequired":true,"valueName":"search_term_string"}}],"inLanguage":"en-US"}]}},"jetpack_sharing_enabled":true,"_links":{"self":[{"href":"https:\/\/collectin.eu\/en\/wp-json\/wp\/v2\/product\/39092","targetHints":{"allow":["GET"]}}],"collection":[{"href":"https:\/\/collectin.eu\/en\/wp-json\/wp\/v2\/product"}],"about":[{"href":"https:\/\/collectin.eu\/en\/wp-json\/wp\/v2\/types\/product"}],"replies":[{"embeddable":true,"href":"https:\/\/collectin.eu\/en\/wp-json\/wp\/v2\/comments?post=39092"}],"version-history":[{"count":2,"href":"https:\/\/collectin.eu\/en\/wp-json\/wp\/v2\/product\/39092\/revisions"}],"predecessor-version":[{"id":40216,"href":"https:\/\/collectin.eu\/en\/wp-json\/wp\/v2\/product\/39092\/revisions\/40216"}],"wp:featuredmedia":[{"embeddable":true,"href":"https:\/\/collectin.eu\/en\/wp-json\/wp\/v2\/media\/39093"}],"wp:attachment":[{"href":"https:\/\/collectin.eu\/en\/wp-json\/wp\/v2\/media?parent=39092"}],"wp:term":[{"taxonomy":"product_brand","embeddable":true,"href":"https:\/\/collectin.eu\/en\/wp-json\/wp\/v2\/product_brand?post=39092"},{"taxonomy":"product_cat","embeddable":true,"href":"https:\/\/collectin.eu\/en\/wp-json\/wp\/v2\/product_cat?post=39092"},{"taxonomy":"product_tag","embeddable":true,"href":"https:\/\/collectin.eu\/en\/wp-json\/wp\/v2\/product_tag?post=39092"}],"curies":[{"name":"wp","href":"https:\/\/api.w.org\/{rel}","templated":true}]}}