{"id":39096,"date":"2026-01-07T21:54:06","date_gmt":"2026-01-07T21:54:06","guid":{"rendered":"https:\/\/collectin.eu\/?post_type=product&#038;p=39096"},"modified":"2026-03-05T07:19:21","modified_gmt":"2026-03-05T07:19:21","slug":"superman-292-1975-dc-comics","status":"publish","type":"product","link":"https:\/\/collectin.eu\/en\/product\/superman-292-1975-dc-comics\/","title":{"rendered":"Superman #292 (1975) DC Comics"},"content":{"rendered":"<p>Superman #292, i\u0161leistas 1975 met\u0173 spal\u012f, yra DC Comics komiksas i\u0161 Bronzos eros \u201eSuperman\u201c serijos. J\u012f para\u0161\u0117 Elliot S. Maggin, pie\u0161\u0117 Curt Swan, o inker\u012f atliko Bob Oksner. \u0160iame numeryje daug d\u0117mesio skiriama Supermeno (Clark Kent \/ Kal\u2011El) ir jo ilgalaikio prie\u0161o Lex Luthor santykiui. Po to, kai Supermenas sustabdo nauj\u0105 Luthoro plan\u0105, skaitytojai su\u017eino daugiau apie Luthoro praeit\u012f ir motyvus, paai\u0161kinan\u010dius jo neapykant\u0105 Supermenui. Papildoma istorija atskleid\u017eia Clark Kent kasdien\u012f gyvenim\u0105 kaip \u017eurnalisto, parodant jo kasdienius i\u0161\u0161\u016bkius ir humoristi\u0161kus nuotykius. Komiksas i\u0161siskiria ne tik veiksmo scenomis ir kovomis su prie\u0161ais, bet ir giliais charakteri\u0173 santykiais bei psichologiniais motyvais, suteikdamas skaitytojams daugiau supratimo apie Luthoro asmenyb\u0119 ir jo konflikt\u0105 su Supermenu.<\/p>","protected":false},"excerpt":{"rendered":"<p>Superman #292, i\u0161leistas 1975 met\u0173 spal\u012f, yra DC Comics komiksas i\u0161 Bronzos eros \u201eSuperman\u201c serijos. J\u012f para\u0161\u0117 Elliot S. Maggin,<\/p>","protected":false},"featured_media":39097,"comment_status":"open","ping_status":"closed","template":"","meta":[],"product_brand":[541],"product_cat":[537,535],"product_tag":[],"class_list":{"0":"post-39096","1":"product","2":"type-product","3":"status-publish","4":"has-post-thumbnail","6":"product_brand-dc-comics","7":"product_cat-dc-komiksai-1935-1999","8":"product_cat-komiksai","10":"first","11":"instock","12":"taxable","13":"shipping-taxable","14":"purchasable","15":"product-type-simple"},"yoast_head":"<!-- This site is optimized with the Yoast SEO plugin v25.9 - https:\/\/yoast.com\/wordpress\/plugins\/seo\/ -->\n<title>Superman #292 (1975) DC Comics - Collectin.eu<\/title>\n<meta name=\"description\" content=\"Superman #292, i\u0161leistas 1975 met\u0173 spal\u012f, yra DC Comics komiksas i\u0161 Bronzos eros, priklausantis \u201eSuperman\u201c serijai (Vol. 1).\" \/>\n<meta name=\"robots\" content=\"index, follow, max-snippet:-1, max-image-preview:large, max-video-preview:-1\" \/>\n<link rel=\"canonical\" href=\"https:\/\/collectin.eu\/en\/product\/superman-292-1975-dc-comics\/\" \/>\n<meta property=\"og:locale\" content=\"en_US\" \/>\n<meta property=\"og:type\" content=\"article\" \/>\n<meta property=\"og:title\" content=\"Superman #292 (1975) DC Comics - Collectin.eu\" \/>\n<meta property=\"og:description\" content=\"Superman #292, i\u0161leistas 1975 met\u0173 spal\u012f, yra DC Comics komiksas i\u0161 Bronzos eros, priklausantis \u201eSuperman\u201c serijai (Vol. 1).\" \/>\n<meta property=\"og:url\" content=\"https:\/\/collectin.eu\/en\/product\/superman-292-1975-dc-comics\/\" \/>\n<meta property=\"og:site_name\" content=\"Collectin.eu\" \/>\n<meta property=\"article:modified_time\" content=\"2026-03-05T07:19:21+00:00\" \/>\n<meta property=\"og:image\" content=\"http:\/\/collectin.eu\/wp-content\/uploads\/2026\/01\/Untitled-design-2026-01-07T235049.692.png\" \/>\n\t<meta property=\"og:image:width\" content=\"1080\" \/>\n\t<meta property=\"og:image:height\" content=\"1080\" \/>\n\t<meta property=\"og:image:type\" content=\"image\/png\" \/>\n<meta name=\"twitter:card\" content=\"summary_large_image\" \/>\n<meta name=\"twitter:label1\" content=\"Est. reading time\" \/>\n\t<meta name=\"twitter:data1\" content=\"1 minute\" \/>\n<script type=\"application\/ld+json\" class=\"yoast-schema-graph\">{\"@context\":\"https:\/\/schema.org\",\"@graph\":[{\"@type\":\"WebPage\",\"@id\":\"https:\/\/collectin.eu\/produktas\/superman-292-1975-dc-comics\/\",\"url\":\"https:\/\/collectin.eu\/produktas\/superman-292-1975-dc-comics\/\",\"name\":\"Superman #292 (1975) DC Comics - Collectin.eu\",\"isPartOf\":{\"@id\":\"https:\/\/collectin.eu\/#website\"},\"primaryImageOfPage\":{\"@id\":\"https:\/\/collectin.eu\/produktas\/superman-292-1975-dc-comics\/#primaryimage\"},\"image\":{\"@id\":\"https:\/\/collectin.eu\/produktas\/superman-292-1975-dc-comics\/#primaryimage\"},\"thumbnailUrl\":\"https:\/\/collectin.eu\/wp-content\/uploads\/2026\/01\/Untitled-design-2026-01-07T235049.692.png\",\"datePublished\":\"2026-01-07T21:54:06+00:00\",\"dateModified\":\"2026-03-05T07:19:21+00:00\",\"description\":\"Superman #292, i\u0161leistas 1975 met\u0173 spal\u012f, yra DC Comics komiksas i\u0161 Bronzos eros, priklausantis \u201eSuperman\u201c serijai (Vol. 1).\",\"breadcrumb\":{\"@id\":\"https:\/\/collectin.eu\/produktas\/superman-292-1975-dc-comics\/#breadcrumb\"},\"inLanguage\":\"en-US\",\"potentialAction\":[{\"@type\":\"ReadAction\",\"target\":[\"https:\/\/collectin.eu\/produktas\/superman-292-1975-dc-comics\/\"]}]},{\"@type\":\"ImageObject\",\"inLanguage\":\"en-US\",\"@id\":\"https:\/\/collectin.eu\/produktas\/superman-292-1975-dc-comics\/#primaryimage\",\"url\":\"https:\/\/collectin.eu\/wp-content\/uploads\/2026\/01\/Untitled-design-2026-01-07T235049.692.png\",\"contentUrl\":\"https:\/\/collectin.eu\/wp-content\/uploads\/2026\/01\/Untitled-design-2026-01-07T235049.692.png\",\"width\":1080,\"height\":1080},{\"@type\":\"BreadcrumbList\",\"@id\":\"https:\/\/collectin.eu\/produktas\/superman-292-1975-dc-comics\/#breadcrumb\",\"itemListElement\":[{\"@type\":\"ListItem\",\"position\":1,\"name\":\"Home\",\"item\":\"https:\/\/collectin.eu\/\"},{\"@type\":\"ListItem\",\"position\":2,\"name\":\"Parduotuv\u0117\",\"item\":\"https:\/\/collectin.eu\/parduotuve\/\"},{\"@type\":\"ListItem\",\"position\":3,\"name\":\"Superman #292 (1975) DC Comics\"}]},{\"@type\":\"WebSite\",\"@id\":\"https:\/\/collectin.eu\/#website\",\"url\":\"https:\/\/collectin.eu\/\",\"name\":\"Collectin.eu\",\"description\":\"\",\"potentialAction\":[{\"@type\":\"SearchAction\",\"target\":{\"@type\":\"EntryPoint\",\"urlTemplate\":\"https:\/\/collectin.eu\/?s={search_term_string}\"},\"query-input\":{\"@type\":\"PropertyValueSpecification\",\"valueRequired\":true,\"valueName\":\"search_term_string\"}}],\"inLanguage\":\"en-US\"}]}<\/script>\n<!-- \/ Yoast SEO plugin. -->","yoast_head_json":{"title":"Superman #292 (1975) DC Comics - Collectin.eu","description":"Superman #292, i\u0161leistas 1975 met\u0173 spal\u012f, yra DC Comics komiksas i\u0161 Bronzos eros, priklausantis \u201eSuperman\u201c serijai (Vol. 1).","robots":{"index":"index","follow":"follow","max-snippet":"max-snippet:-1","max-image-preview":"max-image-preview:large","max-video-preview":"max-video-preview:-1"},"canonical":"https:\/\/collectin.eu\/en\/product\/superman-292-1975-dc-comics\/","og_locale":"en_US","og_type":"article","og_title":"Superman #292 (1975) DC Comics - Collectin.eu","og_description":"Superman #292, i\u0161leistas 1975 met\u0173 spal\u012f, yra DC Comics komiksas i\u0161 Bronzos eros, priklausantis \u201eSuperman\u201c serijai (Vol. 1).","og_url":"https:\/\/collectin.eu\/en\/product\/superman-292-1975-dc-comics\/","og_site_name":"Collectin.eu","article_modified_time":"2026-03-05T07:19:21+00:00","og_image":[{"width":1080,"height":1080,"url":"http:\/\/collectin.eu\/wp-content\/uploads\/2026\/01\/Untitled-design-2026-01-07T235049.692.png","type":"image\/png"}],"twitter_card":"summary_large_image","twitter_misc":{"Est. reading time":"1 minute"},"schema":{"@context":"https:\/\/schema.org","@graph":[{"@type":"WebPage","@id":"https:\/\/collectin.eu\/produktas\/superman-292-1975-dc-comics\/","url":"https:\/\/collectin.eu\/produktas\/superman-292-1975-dc-comics\/","name":"Superman #292 (1975) DC Comics - Collectin.eu","isPartOf":{"@id":"https:\/\/collectin.eu\/#website"},"primaryImageOfPage":{"@id":"https:\/\/collectin.eu\/produktas\/superman-292-1975-dc-comics\/#primaryimage"},"image":{"@id":"https:\/\/collectin.eu\/produktas\/superman-292-1975-dc-comics\/#primaryimage"},"thumbnailUrl":"https:\/\/collectin.eu\/wp-content\/uploads\/2026\/01\/Untitled-design-2026-01-07T235049.692.png","datePublished":"2026-01-07T21:54:06+00:00","dateModified":"2026-03-05T07:19:21+00:00","description":"Superman #292, i\u0161leistas 1975 met\u0173 spal\u012f, yra DC Comics komiksas i\u0161 Bronzos eros, priklausantis \u201eSuperman\u201c serijai (Vol. 1).","breadcrumb":{"@id":"https:\/\/collectin.eu\/produktas\/superman-292-1975-dc-comics\/#breadcrumb"},"inLanguage":"en-US","potentialAction":[{"@type":"ReadAction","target":["https:\/\/collectin.eu\/produktas\/superman-292-1975-dc-comics\/"]}]},{"@type":"ImageObject","inLanguage":"en-US","@id":"https:\/\/collectin.eu\/produktas\/superman-292-1975-dc-comics\/#primaryimage","url":"https:\/\/collectin.eu\/wp-content\/uploads\/2026\/01\/Untitled-design-2026-01-07T235049.692.png","contentUrl":"https:\/\/collectin.eu\/wp-content\/uploads\/2026\/01\/Untitled-design-2026-01-07T235049.692.png","width":1080,"height":1080},{"@type":"BreadcrumbList","@id":"https:\/\/collectin.eu\/produktas\/superman-292-1975-dc-comics\/#breadcrumb","itemListElement":[{"@type":"ListItem","position":1,"name":"Home","item":"https:\/\/collectin.eu\/"},{"@type":"ListItem","position":2,"name":"Parduotuv\u0117","item":"https:\/\/collectin.eu\/parduotuve\/"},{"@type":"ListItem","position":3,"name":"Superman #292 (1975) DC Comics"}]},{"@type":"WebSite","@id":"https:\/\/collectin.eu\/#website","url":"https:\/\/collectin.eu\/","name":"Collectin.eu","description":"","potentialAction":[{"@type":"SearchAction","target":{"@type":"EntryPoint","urlTemplate":"https:\/\/collectin.eu\/?s={search_term_string}"},"query-input":{"@type":"PropertyValueSpecification","valueRequired":true,"valueName":"search_term_string"}}],"inLanguage":"en-US"}]}},"jetpack_sharing_enabled":true,"_links":{"self":[{"href":"https:\/\/collectin.eu\/en\/wp-json\/wp\/v2\/product\/39096","targetHints":{"allow":["GET"]}}],"collection":[{"href":"https:\/\/collectin.eu\/en\/wp-json\/wp\/v2\/product"}],"about":[{"href":"https:\/\/collectin.eu\/en\/wp-json\/wp\/v2\/types\/product"}],"replies":[{"embeddable":true,"href":"https:\/\/collectin.eu\/en\/wp-json\/wp\/v2\/comments?post=39096"}],"version-history":[{"count":2,"href":"https:\/\/collectin.eu\/en\/wp-json\/wp\/v2\/product\/39096\/revisions"}],"predecessor-version":[{"id":40217,"href":"https:\/\/collectin.eu\/en\/wp-json\/wp\/v2\/product\/39096\/revisions\/40217"}],"wp:featuredmedia":[{"embeddable":true,"href":"https:\/\/collectin.eu\/en\/wp-json\/wp\/v2\/media\/39097"}],"wp:attachment":[{"href":"https:\/\/collectin.eu\/en\/wp-json\/wp\/v2\/media?parent=39096"}],"wp:term":[{"taxonomy":"product_brand","embeddable":true,"href":"https:\/\/collectin.eu\/en\/wp-json\/wp\/v2\/product_brand?post=39096"},{"taxonomy":"product_cat","embeddable":true,"href":"https:\/\/collectin.eu\/en\/wp-json\/wp\/v2\/product_cat?post=39096"},{"taxonomy":"product_tag","embeddable":true,"href":"https:\/\/collectin.eu\/en\/wp-json\/wp\/v2\/product_tag?post=39096"}],"curies":[{"name":"wp","href":"https:\/\/api.w.org\/{rel}","templated":true}]}}