{"id":39104,"date":"2026-01-07T22:11:47","date_gmt":"2026-01-07T22:11:47","guid":{"rendered":"https:\/\/collectin.eu\/?post_type=product&#038;p=39104"},"modified":"2026-03-05T07:19:36","modified_gmt":"2026-03-05T07:19:36","slug":"green-lantern-corps-209-1986-dc-comics","status":"publish","type":"product","link":"https:\/\/collectin.eu\/en\/product\/green-lantern-corps-209-1986-dc-comics\/","title":{"rendered":"Green Lantern Corps #209 (1986) DC Comics"},"content":{"rendered":"<p>Green Lantern Corps #209, i\u0161leistas 1986 met\u0173, yra DC Comics komiksas i\u0161 \u201eGreen Lantern Corps\u201c serijos, para\u0161ytas Steve Englehart, pie\u0161tas Joe Staton, inker\u012f atliko Mark Farmer, spalvino Anthony Tollin, o raid\u017ei\u0173 dizain\u0105 \u2013 Bob Lappan. \u0160ioje istorijoje, pavadintoje \u201eRed Alert!\u201c, JAV Prezidentas panaikina superheroj\u0173 veiklos apribojimus ir oficialiai kvie\u010dia Green Lantern Corps ginti \u0161al\u012f. Tuo metu nariai Kilowog, John Stewart ir Katma Tui veikia Soviet\u0173 S\u0105jungoje, o santykiai su vietos vald\u017eia, \u012fskaitant Generalin\u012f sekretori\u0173 Gorba\u010diov\u0105, tampa \u012ftempti. Gorba\u010diovas mano, kad Lanternai kelia pavoj\u0173, ir siun\u010dia Rocket Red brigad\u0105 juos sustabdyti. Herojai turi ne tik kovoti, bet ir spr\u0119sti diplomatinius nesutarimus, i\u0161laikydami savo moral\u0119 ir \u012fsipareigojimus misijai. Komiksas i\u0161siskiria \u012ftemptomis politin\u0117mis situacijomis, heroji\u0161kais veiksmais ir i\u0161\u0161\u016bkiais, kai superherojai turi veikti tiek prie\u0161 prie\u0161us, tiek spr\u0119sti tarptautines \u012ftampas.<\/p>","protected":false},"excerpt":{"rendered":"<p>Green Lantern Corps #209, i\u0161leistas 1986 met\u0173, yra DC Comics komiksas i\u0161 \u201eGreen Lantern Corps\u201c serijos, para\u0161ytas Steve Englehart, pie\u0161tas<\/p>","protected":false},"featured_media":39105,"comment_status":"open","ping_status":"closed","template":"","meta":[],"product_brand":[541],"product_cat":[537,535],"product_tag":[],"class_list":{"0":"post-39104","1":"product","2":"type-product","3":"status-publish","4":"has-post-thumbnail","6":"product_brand-dc-comics","7":"product_cat-dc-komiksai-1935-1999","8":"product_cat-komiksai","10":"first","11":"instock","12":"taxable","13":"shipping-taxable","14":"purchasable","15":"product-type-simple"},"yoast_head":"<!-- This site is optimized with the Yoast SEO plugin v25.9 - https:\/\/yoast.com\/wordpress\/plugins\/seo\/ -->\n<title>Green Lantern Corps #209 (1986) DC Comics - Collectin.eu<\/title>\n<meta name=\"description\" content=\"Green Lantern Corps #209, i\u0161leistas 1986 met\u0173, yra DC Comics komiksas i\u0161 \u201eGreen Lantern Corps\u201c serijos, para\u0161ytas Steve Englehart, pie\u0161tas Joe Staton, inker\u012f atliko Mark Farmer, spalvino Anthony Tollin.\" \/>\n<meta name=\"robots\" content=\"index, follow, max-snippet:-1, max-image-preview:large, max-video-preview:-1\" \/>\n<link rel=\"canonical\" href=\"https:\/\/collectin.eu\/en\/product\/green-lantern-corps-209-1986-dc-comics\/\" \/>\n<meta property=\"og:locale\" content=\"en_US\" \/>\n<meta property=\"og:type\" content=\"article\" \/>\n<meta property=\"og:title\" content=\"Green Lantern Corps #209 (1986) DC Comics - Collectin.eu\" \/>\n<meta property=\"og:description\" content=\"Green Lantern Corps #209, i\u0161leistas 1986 met\u0173, yra DC Comics komiksas i\u0161 \u201eGreen Lantern Corps\u201c serijos, para\u0161ytas Steve Englehart, pie\u0161tas Joe Staton, inker\u012f atliko Mark Farmer, spalvino Anthony Tollin.\" \/>\n<meta property=\"og:url\" content=\"https:\/\/collectin.eu\/en\/product\/green-lantern-corps-209-1986-dc-comics\/\" \/>\n<meta property=\"og:site_name\" content=\"Collectin.eu\" \/>\n<meta property=\"article:modified_time\" content=\"2026-03-05T07:19:36+00:00\" \/>\n<meta property=\"og:image\" content=\"http:\/\/collectin.eu\/wp-content\/uploads\/2026\/01\/Untitled-design-2026-01-08T000803.952.png\" \/>\n\t<meta property=\"og:image:width\" content=\"1080\" \/>\n\t<meta property=\"og:image:height\" content=\"1080\" \/>\n\t<meta property=\"og:image:type\" content=\"image\/png\" \/>\n<meta name=\"twitter:card\" content=\"summary_large_image\" \/>\n<meta name=\"twitter:label1\" content=\"Est. reading time\" \/>\n\t<meta name=\"twitter:data1\" content=\"1 minute\" \/>\n<script type=\"application\/ld+json\" class=\"yoast-schema-graph\">{\"@context\":\"https:\/\/schema.org\",\"@graph\":[{\"@type\":\"WebPage\",\"@id\":\"https:\/\/collectin.eu\/produktas\/green-lantern-corps-209-1986-dc-comics\/\",\"url\":\"https:\/\/collectin.eu\/produktas\/green-lantern-corps-209-1986-dc-comics\/\",\"name\":\"Green Lantern Corps #209 (1986) DC Comics - Collectin.eu\",\"isPartOf\":{\"@id\":\"https:\/\/collectin.eu\/#website\"},\"primaryImageOfPage\":{\"@id\":\"https:\/\/collectin.eu\/produktas\/green-lantern-corps-209-1986-dc-comics\/#primaryimage\"},\"image\":{\"@id\":\"https:\/\/collectin.eu\/produktas\/green-lantern-corps-209-1986-dc-comics\/#primaryimage\"},\"thumbnailUrl\":\"https:\/\/collectin.eu\/wp-content\/uploads\/2026\/01\/Untitled-design-2026-01-08T000803.952.png\",\"datePublished\":\"2026-01-07T22:11:47+00:00\",\"dateModified\":\"2026-03-05T07:19:36+00:00\",\"description\":\"Green Lantern Corps #209, i\u0161leistas 1986 met\u0173, yra DC Comics komiksas i\u0161 \u201eGreen Lantern Corps\u201c serijos, para\u0161ytas Steve Englehart, pie\u0161tas Joe Staton, inker\u012f atliko Mark Farmer, spalvino Anthony Tollin.\",\"breadcrumb\":{\"@id\":\"https:\/\/collectin.eu\/produktas\/green-lantern-corps-209-1986-dc-comics\/#breadcrumb\"},\"inLanguage\":\"en-US\",\"potentialAction\":[{\"@type\":\"ReadAction\",\"target\":[\"https:\/\/collectin.eu\/produktas\/green-lantern-corps-209-1986-dc-comics\/\"]}]},{\"@type\":\"ImageObject\",\"inLanguage\":\"en-US\",\"@id\":\"https:\/\/collectin.eu\/produktas\/green-lantern-corps-209-1986-dc-comics\/#primaryimage\",\"url\":\"https:\/\/collectin.eu\/wp-content\/uploads\/2026\/01\/Untitled-design-2026-01-08T000803.952.png\",\"contentUrl\":\"https:\/\/collectin.eu\/wp-content\/uploads\/2026\/01\/Untitled-design-2026-01-08T000803.952.png\",\"width\":1080,\"height\":1080},{\"@type\":\"BreadcrumbList\",\"@id\":\"https:\/\/collectin.eu\/produktas\/green-lantern-corps-209-1986-dc-comics\/#breadcrumb\",\"itemListElement\":[{\"@type\":\"ListItem\",\"position\":1,\"name\":\"Home\",\"item\":\"https:\/\/collectin.eu\/\"},{\"@type\":\"ListItem\",\"position\":2,\"name\":\"Parduotuv\u0117\",\"item\":\"https:\/\/collectin.eu\/parduotuve\/\"},{\"@type\":\"ListItem\",\"position\":3,\"name\":\"Green Lantern Corps #209 (1986) DC Comics\"}]},{\"@type\":\"WebSite\",\"@id\":\"https:\/\/collectin.eu\/#website\",\"url\":\"https:\/\/collectin.eu\/\",\"name\":\"Collectin.eu\",\"description\":\"\",\"potentialAction\":[{\"@type\":\"SearchAction\",\"target\":{\"@type\":\"EntryPoint\",\"urlTemplate\":\"https:\/\/collectin.eu\/?s={search_term_string}\"},\"query-input\":{\"@type\":\"PropertyValueSpecification\",\"valueRequired\":true,\"valueName\":\"search_term_string\"}}],\"inLanguage\":\"en-US\"}]}<\/script>\n<!-- \/ Yoast SEO plugin. -->","yoast_head_json":{"title":"Green Lantern Corps #209 (1986) DC Comics - Collectin.eu","description":"Green Lantern Corps #209, i\u0161leistas 1986 met\u0173, yra DC Comics komiksas i\u0161 \u201eGreen Lantern Corps\u201c serijos, para\u0161ytas Steve Englehart, pie\u0161tas Joe Staton, inker\u012f atliko Mark Farmer, spalvino Anthony Tollin.","robots":{"index":"index","follow":"follow","max-snippet":"max-snippet:-1","max-image-preview":"max-image-preview:large","max-video-preview":"max-video-preview:-1"},"canonical":"https:\/\/collectin.eu\/en\/product\/green-lantern-corps-209-1986-dc-comics\/","og_locale":"en_US","og_type":"article","og_title":"Green Lantern Corps #209 (1986) DC Comics - Collectin.eu","og_description":"Green Lantern Corps #209, i\u0161leistas 1986 met\u0173, yra DC Comics komiksas i\u0161 \u201eGreen Lantern Corps\u201c serijos, para\u0161ytas Steve Englehart, pie\u0161tas Joe Staton, inker\u012f atliko Mark Farmer, spalvino Anthony Tollin.","og_url":"https:\/\/collectin.eu\/en\/product\/green-lantern-corps-209-1986-dc-comics\/","og_site_name":"Collectin.eu","article_modified_time":"2026-03-05T07:19:36+00:00","og_image":[{"width":1080,"height":1080,"url":"http:\/\/collectin.eu\/wp-content\/uploads\/2026\/01\/Untitled-design-2026-01-08T000803.952.png","type":"image\/png"}],"twitter_card":"summary_large_image","twitter_misc":{"Est. reading time":"1 minute"},"schema":{"@context":"https:\/\/schema.org","@graph":[{"@type":"WebPage","@id":"https:\/\/collectin.eu\/produktas\/green-lantern-corps-209-1986-dc-comics\/","url":"https:\/\/collectin.eu\/produktas\/green-lantern-corps-209-1986-dc-comics\/","name":"Green Lantern Corps #209 (1986) DC Comics - Collectin.eu","isPartOf":{"@id":"https:\/\/collectin.eu\/#website"},"primaryImageOfPage":{"@id":"https:\/\/collectin.eu\/produktas\/green-lantern-corps-209-1986-dc-comics\/#primaryimage"},"image":{"@id":"https:\/\/collectin.eu\/produktas\/green-lantern-corps-209-1986-dc-comics\/#primaryimage"},"thumbnailUrl":"https:\/\/collectin.eu\/wp-content\/uploads\/2026\/01\/Untitled-design-2026-01-08T000803.952.png","datePublished":"2026-01-07T22:11:47+00:00","dateModified":"2026-03-05T07:19:36+00:00","description":"Green Lantern Corps #209, i\u0161leistas 1986 met\u0173, yra DC Comics komiksas i\u0161 \u201eGreen Lantern Corps\u201c serijos, para\u0161ytas Steve Englehart, pie\u0161tas Joe Staton, inker\u012f atliko Mark Farmer, spalvino Anthony Tollin.","breadcrumb":{"@id":"https:\/\/collectin.eu\/produktas\/green-lantern-corps-209-1986-dc-comics\/#breadcrumb"},"inLanguage":"en-US","potentialAction":[{"@type":"ReadAction","target":["https:\/\/collectin.eu\/produktas\/green-lantern-corps-209-1986-dc-comics\/"]}]},{"@type":"ImageObject","inLanguage":"en-US","@id":"https:\/\/collectin.eu\/produktas\/green-lantern-corps-209-1986-dc-comics\/#primaryimage","url":"https:\/\/collectin.eu\/wp-content\/uploads\/2026\/01\/Untitled-design-2026-01-08T000803.952.png","contentUrl":"https:\/\/collectin.eu\/wp-content\/uploads\/2026\/01\/Untitled-design-2026-01-08T000803.952.png","width":1080,"height":1080},{"@type":"BreadcrumbList","@id":"https:\/\/collectin.eu\/produktas\/green-lantern-corps-209-1986-dc-comics\/#breadcrumb","itemListElement":[{"@type":"ListItem","position":1,"name":"Home","item":"https:\/\/collectin.eu\/"},{"@type":"ListItem","position":2,"name":"Parduotuv\u0117","item":"https:\/\/collectin.eu\/parduotuve\/"},{"@type":"ListItem","position":3,"name":"Green Lantern Corps #209 (1986) DC Comics"}]},{"@type":"WebSite","@id":"https:\/\/collectin.eu\/#website","url":"https:\/\/collectin.eu\/","name":"Collectin.eu","description":"","potentialAction":[{"@type":"SearchAction","target":{"@type":"EntryPoint","urlTemplate":"https:\/\/collectin.eu\/?s={search_term_string}"},"query-input":{"@type":"PropertyValueSpecification","valueRequired":true,"valueName":"search_term_string"}}],"inLanguage":"en-US"}]}},"jetpack_sharing_enabled":true,"_links":{"self":[{"href":"https:\/\/collectin.eu\/en\/wp-json\/wp\/v2\/product\/39104","targetHints":{"allow":["GET"]}}],"collection":[{"href":"https:\/\/collectin.eu\/en\/wp-json\/wp\/v2\/product"}],"about":[{"href":"https:\/\/collectin.eu\/en\/wp-json\/wp\/v2\/types\/product"}],"replies":[{"embeddable":true,"href":"https:\/\/collectin.eu\/en\/wp-json\/wp\/v2\/comments?post=39104"}],"version-history":[{"count":2,"href":"https:\/\/collectin.eu\/en\/wp-json\/wp\/v2\/product\/39104\/revisions"}],"predecessor-version":[{"id":40219,"href":"https:\/\/collectin.eu\/en\/wp-json\/wp\/v2\/product\/39104\/revisions\/40219"}],"wp:featuredmedia":[{"embeddable":true,"href":"https:\/\/collectin.eu\/en\/wp-json\/wp\/v2\/media\/39105"}],"wp:attachment":[{"href":"https:\/\/collectin.eu\/en\/wp-json\/wp\/v2\/media?parent=39104"}],"wp:term":[{"taxonomy":"product_brand","embeddable":true,"href":"https:\/\/collectin.eu\/en\/wp-json\/wp\/v2\/product_brand?post=39104"},{"taxonomy":"product_cat","embeddable":true,"href":"https:\/\/collectin.eu\/en\/wp-json\/wp\/v2\/product_cat?post=39104"},{"taxonomy":"product_tag","embeddable":true,"href":"https:\/\/collectin.eu\/en\/wp-json\/wp\/v2\/product_tag?post=39104"}],"curies":[{"name":"wp","href":"https:\/\/api.w.org\/{rel}","templated":true}]}}