{"id":39112,"date":"2026-01-07T22:32:11","date_gmt":"2026-01-07T22:32:11","guid":{"rendered":"https:\/\/collectin.eu\/?post_type=product&#038;p=39112"},"modified":"2026-03-05T07:19:50","modified_gmt":"2026-03-05T07:19:50","slug":"the-mighty-thor-275-1978-marvel-comics","status":"publish","type":"product","link":"https:\/\/collectin.eu\/en\/product\/the-mighty-thor-275-1978-marvel-comics\/","title":{"rendered":"The Mighty Thor #275 (1978) Marvel Comics"},"content":{"rendered":"<p>The Mighty Thor #275, i\u0161leistas 1978 met\u0173 rugs\u0117j\u012f, yra Marvel Comics komiksas i\u0161 \u201eThe Mighty Thor\u201c serijos (Bronzos eros). J\u012f para\u0161\u0117 Roy Thomas, pie\u0161\u0117 John Buscema, inker\u012f atliko Tom Palmer, spalvino Ben Sean, o raid\u017ei\u0173 dizain\u0105 \u2013 Joe Rosen. \u0160iame numeryje t\u0119siamas dramati\u0161kas Ragnarok siu\u017eetas, kai Loki pasiekia savo tiksl\u0105 \u2013 Balder \u017e\u016bsta, o jo mirtis gr\u0117smingai artina Asgardo sunaikinim\u0105. Odinas panaudoja savo gali\u0105, kad sustabdyt\u0173 Balder laik\u0105 tarsi \u201eu\u017estrigusi\u0105\u201c b\u016bsen\u0105, kad neleist\u0173 senaties procesui t\u0119stis, ta\u010diau tai neatitolina visi\u0161kai gri\u016bties. Tuo tarpu Loki pasitelkia senovinius burtus ir Roger \u201eRed\u201c Norvell \u2013 paprast\u0105 \u017emog\u0173 \u2013 suteikia jam Thor gali\u0173, apr\u016bpindamas j\u012f Belt of Strength ir Iron Gloves, ir taip ver\u010dia j\u012f tapti nauju, savoti\u0161ku Toro pakaitalu. Red su Mjolnir pavagia Sif ir grasina sunaikinti Asgard\u0105, jei jo reikalavimai nebus \u012fvykdyti. Thor, susilpnintas Balder mirties bei Loki kerais, vis tiek turi kovoti ir bandyti i\u0161vaduoti savo mylim\u0105j\u0105, kartu su Warriors Three ir kitais Asgardie\u010diais bandydamas atstatyti pusiausvyr\u0105 Asgarde ir sustabdyti nauj\u0105 gr\u0117sm\u0119 prie\u0161ui. #275 yra \u012ftempta, pavoj\u0173 kupina istorija, kurioje senieji dievai, magija ir \u017emogaus tro\u0161kimai susipina \u012f epin\u012f Asgardo gelb\u0117jimo konflikt\u0105, parodydami tiek mitologin\u012f dramati\u0161kum\u0105, tiek klasikin\u012f superheroj\u0173 veiksmo ritm\u0105.<\/p>","protected":false},"excerpt":{"rendered":"<p>The Mighty Thor #275, i\u0161leistas 1978 met\u0173 rugs\u0117j\u012f, yra Marvel Comics komiksas i\u0161 \u201eThe Mighty Thor\u201c serijos (Bronzos eros). J\u012f<\/p>","protected":false},"featured_media":39116,"comment_status":"open","ping_status":"closed","template":"","meta":[],"product_brand":[428],"product_cat":[535,536],"product_tag":[],"class_list":{"0":"post-39112","1":"product","2":"type-product","3":"status-publish","4":"has-post-thumbnail","6":"product_brand-marvel-comics","7":"product_cat-komiksai","8":"product_cat-marvel-komiksai-1939-1999","10":"first","11":"instock","12":"taxable","13":"shipping-taxable","14":"purchasable","15":"product-type-simple"},"yoast_head":"<!-- This site is optimized with the Yoast SEO plugin v25.9 - https:\/\/yoast.com\/wordpress\/plugins\/seo\/ -->\n<title>The Mighty Thor #275 (1978) Marvel Comics - Collectin.eu<\/title>\n<meta name=\"description\" content=\"The Mighty Thor #275, i\u0161leistas 1978 met\u0173 rugs\u0117j\u012f, yra Marvel Comics komiksas i\u0161 \u201eThor\u201c serijos (Bronzos eros), para\u0161ytas Roy Thomas, pie\u0161tas John Buscema, inker\u012f atliko Tom Palmer, spalvino Ben Sean, o raid\u017ei\u0173 dizain\u0105 \u2013 Joe Rosen.\" \/>\n<meta name=\"robots\" content=\"index, follow, max-snippet:-1, max-image-preview:large, max-video-preview:-1\" \/>\n<link rel=\"canonical\" href=\"https:\/\/collectin.eu\/en\/product\/the-mighty-thor-275-1978-marvel-comics\/\" \/>\n<meta property=\"og:locale\" content=\"en_US\" \/>\n<meta property=\"og:type\" content=\"article\" \/>\n<meta property=\"og:title\" content=\"The Mighty Thor #275 (1978) Marvel Comics - Collectin.eu\" \/>\n<meta property=\"og:description\" content=\"The Mighty Thor #275, i\u0161leistas 1978 met\u0173 rugs\u0117j\u012f, yra Marvel Comics komiksas i\u0161 \u201eThor\u201c serijos (Bronzos eros), para\u0161ytas Roy Thomas, pie\u0161tas John Buscema, inker\u012f atliko Tom Palmer, spalvino Ben Sean, o raid\u017ei\u0173 dizain\u0105 \u2013 Joe Rosen.\" \/>\n<meta property=\"og:url\" content=\"https:\/\/collectin.eu\/en\/product\/the-mighty-thor-275-1978-marvel-comics\/\" \/>\n<meta property=\"og:site_name\" content=\"Collectin.eu\" \/>\n<meta property=\"article:modified_time\" content=\"2026-03-05T07:19:50+00:00\" \/>\n<meta property=\"og:image\" content=\"http:\/\/collectin.eu\/wp-content\/uploads\/2026\/01\/Untitled-design-2026-01-08T003237.456.png\" \/>\n\t<meta property=\"og:image:width\" content=\"1080\" \/>\n\t<meta property=\"og:image:height\" content=\"1080\" \/>\n\t<meta property=\"og:image:type\" content=\"image\/png\" \/>\n<meta name=\"twitter:card\" content=\"summary_large_image\" \/>\n<meta name=\"twitter:label1\" content=\"Est. reading time\" \/>\n\t<meta name=\"twitter:data1\" content=\"2 minutes\" \/>\n<script type=\"application\/ld+json\" class=\"yoast-schema-graph\">{\"@context\":\"https:\/\/schema.org\",\"@graph\":[{\"@type\":\"WebPage\",\"@id\":\"https:\/\/collectin.eu\/produktas\/the-mighty-thor-275-1978-marvel-comics\/\",\"url\":\"https:\/\/collectin.eu\/produktas\/the-mighty-thor-275-1978-marvel-comics\/\",\"name\":\"The Mighty Thor #275 (1978) Marvel Comics - Collectin.eu\",\"isPartOf\":{\"@id\":\"https:\/\/collectin.eu\/#website\"},\"primaryImageOfPage\":{\"@id\":\"https:\/\/collectin.eu\/produktas\/the-mighty-thor-275-1978-marvel-comics\/#primaryimage\"},\"image\":{\"@id\":\"https:\/\/collectin.eu\/produktas\/the-mighty-thor-275-1978-marvel-comics\/#primaryimage\"},\"thumbnailUrl\":\"https:\/\/collectin.eu\/wp-content\/uploads\/2026\/01\/Untitled-design-2026-01-08T003237.456.png\",\"datePublished\":\"2026-01-07T22:32:11+00:00\",\"dateModified\":\"2026-03-05T07:19:50+00:00\",\"description\":\"The Mighty Thor #275, i\u0161leistas 1978 met\u0173 rugs\u0117j\u012f, yra Marvel Comics komiksas i\u0161 \u201eThor\u201c serijos (Bronzos eros), para\u0161ytas Roy Thomas, pie\u0161tas John Buscema, inker\u012f atliko Tom Palmer, spalvino Ben Sean, o raid\u017ei\u0173 dizain\u0105 \u2013 Joe Rosen.\",\"breadcrumb\":{\"@id\":\"https:\/\/collectin.eu\/produktas\/the-mighty-thor-275-1978-marvel-comics\/#breadcrumb\"},\"inLanguage\":\"en-US\",\"potentialAction\":[{\"@type\":\"ReadAction\",\"target\":[\"https:\/\/collectin.eu\/produktas\/the-mighty-thor-275-1978-marvel-comics\/\"]}]},{\"@type\":\"ImageObject\",\"inLanguage\":\"en-US\",\"@id\":\"https:\/\/collectin.eu\/produktas\/the-mighty-thor-275-1978-marvel-comics\/#primaryimage\",\"url\":\"https:\/\/collectin.eu\/wp-content\/uploads\/2026\/01\/Untitled-design-2026-01-08T003237.456.png\",\"contentUrl\":\"https:\/\/collectin.eu\/wp-content\/uploads\/2026\/01\/Untitled-design-2026-01-08T003237.456.png\",\"width\":1080,\"height\":1080},{\"@type\":\"BreadcrumbList\",\"@id\":\"https:\/\/collectin.eu\/produktas\/the-mighty-thor-275-1978-marvel-comics\/#breadcrumb\",\"itemListElement\":[{\"@type\":\"ListItem\",\"position\":1,\"name\":\"Home\",\"item\":\"https:\/\/collectin.eu\/\"},{\"@type\":\"ListItem\",\"position\":2,\"name\":\"Parduotuv\u0117\",\"item\":\"https:\/\/collectin.eu\/parduotuve\/\"},{\"@type\":\"ListItem\",\"position\":3,\"name\":\"The Mighty Thor #275 (1978) Marvel Comics\"}]},{\"@type\":\"WebSite\",\"@id\":\"https:\/\/collectin.eu\/#website\",\"url\":\"https:\/\/collectin.eu\/\",\"name\":\"Collectin.eu\",\"description\":\"\",\"potentialAction\":[{\"@type\":\"SearchAction\",\"target\":{\"@type\":\"EntryPoint\",\"urlTemplate\":\"https:\/\/collectin.eu\/?s={search_term_string}\"},\"query-input\":{\"@type\":\"PropertyValueSpecification\",\"valueRequired\":true,\"valueName\":\"search_term_string\"}}],\"inLanguage\":\"en-US\"}]}<\/script>\n<!-- \/ Yoast SEO plugin. -->","yoast_head_json":{"title":"The Mighty Thor #275 (1978) Marvel Comics - Collectin.eu","description":"The Mighty Thor #275, i\u0161leistas 1978 met\u0173 rugs\u0117j\u012f, yra Marvel Comics komiksas i\u0161 \u201eThor\u201c serijos (Bronzos eros), para\u0161ytas Roy Thomas, pie\u0161tas John Buscema, inker\u012f atliko Tom Palmer, spalvino Ben Sean, o raid\u017ei\u0173 dizain\u0105 \u2013 Joe Rosen.","robots":{"index":"index","follow":"follow","max-snippet":"max-snippet:-1","max-image-preview":"max-image-preview:large","max-video-preview":"max-video-preview:-1"},"canonical":"https:\/\/collectin.eu\/en\/product\/the-mighty-thor-275-1978-marvel-comics\/","og_locale":"en_US","og_type":"article","og_title":"The Mighty Thor #275 (1978) Marvel Comics - Collectin.eu","og_description":"The Mighty Thor #275, i\u0161leistas 1978 met\u0173 rugs\u0117j\u012f, yra Marvel Comics komiksas i\u0161 \u201eThor\u201c serijos (Bronzos eros), para\u0161ytas Roy Thomas, pie\u0161tas John Buscema, inker\u012f atliko Tom Palmer, spalvino Ben Sean, o raid\u017ei\u0173 dizain\u0105 \u2013 Joe Rosen.","og_url":"https:\/\/collectin.eu\/en\/product\/the-mighty-thor-275-1978-marvel-comics\/","og_site_name":"Collectin.eu","article_modified_time":"2026-03-05T07:19:50+00:00","og_image":[{"width":1080,"height":1080,"url":"http:\/\/collectin.eu\/wp-content\/uploads\/2026\/01\/Untitled-design-2026-01-08T003237.456.png","type":"image\/png"}],"twitter_card":"summary_large_image","twitter_misc":{"Est. reading time":"2 minutes"},"schema":{"@context":"https:\/\/schema.org","@graph":[{"@type":"WebPage","@id":"https:\/\/collectin.eu\/produktas\/the-mighty-thor-275-1978-marvel-comics\/","url":"https:\/\/collectin.eu\/produktas\/the-mighty-thor-275-1978-marvel-comics\/","name":"The Mighty Thor #275 (1978) Marvel Comics - Collectin.eu","isPartOf":{"@id":"https:\/\/collectin.eu\/#website"},"primaryImageOfPage":{"@id":"https:\/\/collectin.eu\/produktas\/the-mighty-thor-275-1978-marvel-comics\/#primaryimage"},"image":{"@id":"https:\/\/collectin.eu\/produktas\/the-mighty-thor-275-1978-marvel-comics\/#primaryimage"},"thumbnailUrl":"https:\/\/collectin.eu\/wp-content\/uploads\/2026\/01\/Untitled-design-2026-01-08T003237.456.png","datePublished":"2026-01-07T22:32:11+00:00","dateModified":"2026-03-05T07:19:50+00:00","description":"The Mighty Thor #275, i\u0161leistas 1978 met\u0173 rugs\u0117j\u012f, yra Marvel Comics komiksas i\u0161 \u201eThor\u201c serijos (Bronzos eros), para\u0161ytas Roy Thomas, pie\u0161tas John Buscema, inker\u012f atliko Tom Palmer, spalvino Ben Sean, o raid\u017ei\u0173 dizain\u0105 \u2013 Joe Rosen.","breadcrumb":{"@id":"https:\/\/collectin.eu\/produktas\/the-mighty-thor-275-1978-marvel-comics\/#breadcrumb"},"inLanguage":"en-US","potentialAction":[{"@type":"ReadAction","target":["https:\/\/collectin.eu\/produktas\/the-mighty-thor-275-1978-marvel-comics\/"]}]},{"@type":"ImageObject","inLanguage":"en-US","@id":"https:\/\/collectin.eu\/produktas\/the-mighty-thor-275-1978-marvel-comics\/#primaryimage","url":"https:\/\/collectin.eu\/wp-content\/uploads\/2026\/01\/Untitled-design-2026-01-08T003237.456.png","contentUrl":"https:\/\/collectin.eu\/wp-content\/uploads\/2026\/01\/Untitled-design-2026-01-08T003237.456.png","width":1080,"height":1080},{"@type":"BreadcrumbList","@id":"https:\/\/collectin.eu\/produktas\/the-mighty-thor-275-1978-marvel-comics\/#breadcrumb","itemListElement":[{"@type":"ListItem","position":1,"name":"Home","item":"https:\/\/collectin.eu\/"},{"@type":"ListItem","position":2,"name":"Parduotuv\u0117","item":"https:\/\/collectin.eu\/parduotuve\/"},{"@type":"ListItem","position":3,"name":"The Mighty Thor #275 (1978) Marvel Comics"}]},{"@type":"WebSite","@id":"https:\/\/collectin.eu\/#website","url":"https:\/\/collectin.eu\/","name":"Collectin.eu","description":"","potentialAction":[{"@type":"SearchAction","target":{"@type":"EntryPoint","urlTemplate":"https:\/\/collectin.eu\/?s={search_term_string}"},"query-input":{"@type":"PropertyValueSpecification","valueRequired":true,"valueName":"search_term_string"}}],"inLanguage":"en-US"}]}},"jetpack_sharing_enabled":true,"_links":{"self":[{"href":"https:\/\/collectin.eu\/en\/wp-json\/wp\/v2\/product\/39112","targetHints":{"allow":["GET"]}}],"collection":[{"href":"https:\/\/collectin.eu\/en\/wp-json\/wp\/v2\/product"}],"about":[{"href":"https:\/\/collectin.eu\/en\/wp-json\/wp\/v2\/types\/product"}],"replies":[{"embeddable":true,"href":"https:\/\/collectin.eu\/en\/wp-json\/wp\/v2\/comments?post=39112"}],"version-history":[{"count":2,"href":"https:\/\/collectin.eu\/en\/wp-json\/wp\/v2\/product\/39112\/revisions"}],"predecessor-version":[{"id":40221,"href":"https:\/\/collectin.eu\/en\/wp-json\/wp\/v2\/product\/39112\/revisions\/40221"}],"wp:featuredmedia":[{"embeddable":true,"href":"https:\/\/collectin.eu\/en\/wp-json\/wp\/v2\/media\/39116"}],"wp:attachment":[{"href":"https:\/\/collectin.eu\/en\/wp-json\/wp\/v2\/media?parent=39112"}],"wp:term":[{"taxonomy":"product_brand","embeddable":true,"href":"https:\/\/collectin.eu\/en\/wp-json\/wp\/v2\/product_brand?post=39112"},{"taxonomy":"product_cat","embeddable":true,"href":"https:\/\/collectin.eu\/en\/wp-json\/wp\/v2\/product_cat?post=39112"},{"taxonomy":"product_tag","embeddable":true,"href":"https:\/\/collectin.eu\/en\/wp-json\/wp\/v2\/product_tag?post=39112"}],"curies":[{"name":"wp","href":"https:\/\/api.w.org\/{rel}","templated":true}]}}