{"id":39117,"date":"2026-01-07T22:42:08","date_gmt":"2026-01-07T22:42:08","guid":{"rendered":"https:\/\/collectin.eu\/?post_type=product&#038;p=39117"},"modified":"2026-03-05T07:19:56","modified_gmt":"2026-03-05T07:19:56","slug":"superboy-and-the-legion-of-super-heroes-256-1976-dc-comics","status":"publish","type":"product","link":"https:\/\/collectin.eu\/en\/product\/superboy-and-the-legion-of-super-heroes-256-1976-dc-comics\/","title":{"rendered":"Superboy and the Legion of Super-Heroes #256 (1976) DC Comics"},"content":{"rendered":"<p>Superboy and the Legion of Super-Heroes #256, i\u0161leistas 1976 met\u0173, yra DC Comics komiksas i\u0161 \u201eSuperboy and the Legion of Super-Heroes\u201c serijos. \u0160iame numeryje Legion of Super-Heroes padeda savo nariui Brainiac 5, sukurdami iliuzijas i\u0161 jo praeities, kad jis gal\u0117t\u0173 susidurti su vidiniais i\u0161\u0161\u016bkiais ir emociniais sunkumais. Komandoje dalyvauja Superboy (Kal-El) ir daugelis kit\u0173 nari\u0173 \u2013 Saturn Girl, Chameleon Boy, Lightning Lad, Cosmic Boy, Matter-Eater Lad, Mon-El, Shadow Lass, Shrinking Violet, Wildfire, Ultra Boy, Phantom Girl, Timber Wolf ir Light Lass \u2013 kurie r\u016bpinasi ne tik kovomis su prie\u0161ais, bet ir vienas kito emocine gerove. Istorija i\u0161ry\u0161kina komand\u0105 kaip viening\u0105 grup\u0119, parodan\u010di\u0105 draugyst\u0119, palaikym\u0105 ir heroji\u0161kum\u0105 tiek i\u0161oriniame, tiek vidiniame gyvenime.<\/p>","protected":false},"excerpt":{"rendered":"<p>Superboy and the Legion of Super-Heroes #256, i\u0161leistas 1976 met\u0173, yra DC Comics komiksas i\u0161 \u201eSuperboy and the Legion of<\/p>","protected":false},"featured_media":39118,"comment_status":"open","ping_status":"closed","template":"","meta":[],"product_brand":[541],"product_cat":[537,535],"product_tag":[],"class_list":{"0":"post-39117","1":"product","2":"type-product","3":"status-publish","4":"has-post-thumbnail","6":"product_brand-dc-comics","7":"product_cat-dc-komiksai-1935-1999","8":"product_cat-komiksai","10":"first","11":"instock","12":"taxable","13":"shipping-taxable","14":"purchasable","15":"product-type-simple"},"yoast_head":"<!-- This site is optimized with the Yoast SEO plugin v25.9 - https:\/\/yoast.com\/wordpress\/plugins\/seo\/ -->\n<title>Superboy and the Legion of Super-Heroes #256 (1976) DC Comics - Collectin.eu<\/title>\n<meta name=\"description\" content=\"Superboy and the Legion of Super-Heroes #256, i\u0161leistas 1976 met\u0173, yra DC Comics komiksas i\u0161 \u201eSuperboy and the Legion of Super-Heroes\u201c serijos.\" \/>\n<meta name=\"robots\" content=\"index, follow, max-snippet:-1, max-image-preview:large, max-video-preview:-1\" \/>\n<link rel=\"canonical\" href=\"https:\/\/collectin.eu\/en\/product\/superboy-and-the-legion-of-super-heroes-256-1976-dc-comics\/\" \/>\n<meta property=\"og:locale\" content=\"en_US\" \/>\n<meta property=\"og:type\" content=\"article\" \/>\n<meta property=\"og:title\" content=\"Superboy and the Legion of Super-Heroes #256 (1976) DC Comics - Collectin.eu\" \/>\n<meta property=\"og:description\" content=\"Superboy and the Legion of Super-Heroes #256, i\u0161leistas 1976 met\u0173, yra DC Comics komiksas i\u0161 \u201eSuperboy and the Legion of Super-Heroes\u201c serijos.\" \/>\n<meta property=\"og:url\" content=\"https:\/\/collectin.eu\/en\/product\/superboy-and-the-legion-of-super-heroes-256-1976-dc-comics\/\" \/>\n<meta property=\"og:site_name\" content=\"Collectin.eu\" \/>\n<meta property=\"article:modified_time\" content=\"2026-03-05T07:19:56+00:00\" \/>\n<meta property=\"og:image\" content=\"http:\/\/collectin.eu\/wp-content\/uploads\/2026\/01\/Untitled-design-2026-01-08T003701.541.png\" \/>\n\t<meta property=\"og:image:width\" content=\"1080\" \/>\n\t<meta property=\"og:image:height\" content=\"1080\" \/>\n\t<meta property=\"og:image:type\" content=\"image\/png\" \/>\n<meta name=\"twitter:card\" content=\"summary_large_image\" \/>\n<meta name=\"twitter:label1\" content=\"Est. reading time\" \/>\n\t<meta name=\"twitter:data1\" content=\"1 minute\" \/>\n<script type=\"application\/ld+json\" class=\"yoast-schema-graph\">{\"@context\":\"https:\/\/schema.org\",\"@graph\":[{\"@type\":\"WebPage\",\"@id\":\"https:\/\/collectin.eu\/produktas\/superboy-and-the-legion-of-super-heroes-256-1976-dc-comics\/\",\"url\":\"https:\/\/collectin.eu\/produktas\/superboy-and-the-legion-of-super-heroes-256-1976-dc-comics\/\",\"name\":\"Superboy and the Legion of Super-Heroes #256 (1976) DC Comics - Collectin.eu\",\"isPartOf\":{\"@id\":\"https:\/\/collectin.eu\/#website\"},\"primaryImageOfPage\":{\"@id\":\"https:\/\/collectin.eu\/produktas\/superboy-and-the-legion-of-super-heroes-256-1976-dc-comics\/#primaryimage\"},\"image\":{\"@id\":\"https:\/\/collectin.eu\/produktas\/superboy-and-the-legion-of-super-heroes-256-1976-dc-comics\/#primaryimage\"},\"thumbnailUrl\":\"https:\/\/collectin.eu\/wp-content\/uploads\/2026\/01\/Untitled-design-2026-01-08T003701.541.png\",\"datePublished\":\"2026-01-07T22:42:08+00:00\",\"dateModified\":\"2026-03-05T07:19:56+00:00\",\"description\":\"Superboy and the Legion of Super-Heroes #256, i\u0161leistas 1976 met\u0173, yra DC Comics komiksas i\u0161 \u201eSuperboy and the Legion of Super-Heroes\u201c serijos.\",\"breadcrumb\":{\"@id\":\"https:\/\/collectin.eu\/produktas\/superboy-and-the-legion-of-super-heroes-256-1976-dc-comics\/#breadcrumb\"},\"inLanguage\":\"en-US\",\"potentialAction\":[{\"@type\":\"ReadAction\",\"target\":[\"https:\/\/collectin.eu\/produktas\/superboy-and-the-legion-of-super-heroes-256-1976-dc-comics\/\"]}]},{\"@type\":\"ImageObject\",\"inLanguage\":\"en-US\",\"@id\":\"https:\/\/collectin.eu\/produktas\/superboy-and-the-legion-of-super-heroes-256-1976-dc-comics\/#primaryimage\",\"url\":\"https:\/\/collectin.eu\/wp-content\/uploads\/2026\/01\/Untitled-design-2026-01-08T003701.541.png\",\"contentUrl\":\"https:\/\/collectin.eu\/wp-content\/uploads\/2026\/01\/Untitled-design-2026-01-08T003701.541.png\",\"width\":1080,\"height\":1080},{\"@type\":\"BreadcrumbList\",\"@id\":\"https:\/\/collectin.eu\/produktas\/superboy-and-the-legion-of-super-heroes-256-1976-dc-comics\/#breadcrumb\",\"itemListElement\":[{\"@type\":\"ListItem\",\"position\":1,\"name\":\"Home\",\"item\":\"https:\/\/collectin.eu\/\"},{\"@type\":\"ListItem\",\"position\":2,\"name\":\"Parduotuv\u0117\",\"item\":\"https:\/\/collectin.eu\/parduotuve\/\"},{\"@type\":\"ListItem\",\"position\":3,\"name\":\"Superboy and the Legion of Super-Heroes #256 (1976) DC Comics\"}]},{\"@type\":\"WebSite\",\"@id\":\"https:\/\/collectin.eu\/#website\",\"url\":\"https:\/\/collectin.eu\/\",\"name\":\"Collectin.eu\",\"description\":\"\",\"potentialAction\":[{\"@type\":\"SearchAction\",\"target\":{\"@type\":\"EntryPoint\",\"urlTemplate\":\"https:\/\/collectin.eu\/?s={search_term_string}\"},\"query-input\":{\"@type\":\"PropertyValueSpecification\",\"valueRequired\":true,\"valueName\":\"search_term_string\"}}],\"inLanguage\":\"en-US\"}]}<\/script>\n<!-- \/ Yoast SEO plugin. -->","yoast_head_json":{"title":"Superboy and the Legion of Super-Heroes #256 (1976) DC Comics - Collectin.eu","description":"Superboy and the Legion of Super-Heroes #256, i\u0161leistas 1976 met\u0173, yra DC Comics komiksas i\u0161 \u201eSuperboy and the Legion of Super-Heroes\u201c serijos.","robots":{"index":"index","follow":"follow","max-snippet":"max-snippet:-1","max-image-preview":"max-image-preview:large","max-video-preview":"max-video-preview:-1"},"canonical":"https:\/\/collectin.eu\/en\/product\/superboy-and-the-legion-of-super-heroes-256-1976-dc-comics\/","og_locale":"en_US","og_type":"article","og_title":"Superboy and the Legion of Super-Heroes #256 (1976) DC Comics - Collectin.eu","og_description":"Superboy and the Legion of Super-Heroes #256, i\u0161leistas 1976 met\u0173, yra DC Comics komiksas i\u0161 \u201eSuperboy and the Legion of Super-Heroes\u201c serijos.","og_url":"https:\/\/collectin.eu\/en\/product\/superboy-and-the-legion-of-super-heroes-256-1976-dc-comics\/","og_site_name":"Collectin.eu","article_modified_time":"2026-03-05T07:19:56+00:00","og_image":[{"width":1080,"height":1080,"url":"http:\/\/collectin.eu\/wp-content\/uploads\/2026\/01\/Untitled-design-2026-01-08T003701.541.png","type":"image\/png"}],"twitter_card":"summary_large_image","twitter_misc":{"Est. reading time":"1 minute"},"schema":{"@context":"https:\/\/schema.org","@graph":[{"@type":"WebPage","@id":"https:\/\/collectin.eu\/produktas\/superboy-and-the-legion-of-super-heroes-256-1976-dc-comics\/","url":"https:\/\/collectin.eu\/produktas\/superboy-and-the-legion-of-super-heroes-256-1976-dc-comics\/","name":"Superboy and the Legion of Super-Heroes #256 (1976) DC Comics - Collectin.eu","isPartOf":{"@id":"https:\/\/collectin.eu\/#website"},"primaryImageOfPage":{"@id":"https:\/\/collectin.eu\/produktas\/superboy-and-the-legion-of-super-heroes-256-1976-dc-comics\/#primaryimage"},"image":{"@id":"https:\/\/collectin.eu\/produktas\/superboy-and-the-legion-of-super-heroes-256-1976-dc-comics\/#primaryimage"},"thumbnailUrl":"https:\/\/collectin.eu\/wp-content\/uploads\/2026\/01\/Untitled-design-2026-01-08T003701.541.png","datePublished":"2026-01-07T22:42:08+00:00","dateModified":"2026-03-05T07:19:56+00:00","description":"Superboy and the Legion of Super-Heroes #256, i\u0161leistas 1976 met\u0173, yra DC Comics komiksas i\u0161 \u201eSuperboy and the Legion of Super-Heroes\u201c serijos.","breadcrumb":{"@id":"https:\/\/collectin.eu\/produktas\/superboy-and-the-legion-of-super-heroes-256-1976-dc-comics\/#breadcrumb"},"inLanguage":"en-US","potentialAction":[{"@type":"ReadAction","target":["https:\/\/collectin.eu\/produktas\/superboy-and-the-legion-of-super-heroes-256-1976-dc-comics\/"]}]},{"@type":"ImageObject","inLanguage":"en-US","@id":"https:\/\/collectin.eu\/produktas\/superboy-and-the-legion-of-super-heroes-256-1976-dc-comics\/#primaryimage","url":"https:\/\/collectin.eu\/wp-content\/uploads\/2026\/01\/Untitled-design-2026-01-08T003701.541.png","contentUrl":"https:\/\/collectin.eu\/wp-content\/uploads\/2026\/01\/Untitled-design-2026-01-08T003701.541.png","width":1080,"height":1080},{"@type":"BreadcrumbList","@id":"https:\/\/collectin.eu\/produktas\/superboy-and-the-legion-of-super-heroes-256-1976-dc-comics\/#breadcrumb","itemListElement":[{"@type":"ListItem","position":1,"name":"Home","item":"https:\/\/collectin.eu\/"},{"@type":"ListItem","position":2,"name":"Parduotuv\u0117","item":"https:\/\/collectin.eu\/parduotuve\/"},{"@type":"ListItem","position":3,"name":"Superboy and the Legion of Super-Heroes #256 (1976) DC Comics"}]},{"@type":"WebSite","@id":"https:\/\/collectin.eu\/#website","url":"https:\/\/collectin.eu\/","name":"Collectin.eu","description":"","potentialAction":[{"@type":"SearchAction","target":{"@type":"EntryPoint","urlTemplate":"https:\/\/collectin.eu\/?s={search_term_string}"},"query-input":{"@type":"PropertyValueSpecification","valueRequired":true,"valueName":"search_term_string"}}],"inLanguage":"en-US"}]}},"jetpack_sharing_enabled":true,"_links":{"self":[{"href":"https:\/\/collectin.eu\/en\/wp-json\/wp\/v2\/product\/39117","targetHints":{"allow":["GET"]}}],"collection":[{"href":"https:\/\/collectin.eu\/en\/wp-json\/wp\/v2\/product"}],"about":[{"href":"https:\/\/collectin.eu\/en\/wp-json\/wp\/v2\/types\/product"}],"replies":[{"embeddable":true,"href":"https:\/\/collectin.eu\/en\/wp-json\/wp\/v2\/comments?post=39117"}],"version-history":[{"count":2,"href":"https:\/\/collectin.eu\/en\/wp-json\/wp\/v2\/product\/39117\/revisions"}],"predecessor-version":[{"id":40222,"href":"https:\/\/collectin.eu\/en\/wp-json\/wp\/v2\/product\/39117\/revisions\/40222"}],"wp:featuredmedia":[{"embeddable":true,"href":"https:\/\/collectin.eu\/en\/wp-json\/wp\/v2\/media\/39118"}],"wp:attachment":[{"href":"https:\/\/collectin.eu\/en\/wp-json\/wp\/v2\/media?parent=39117"}],"wp:term":[{"taxonomy":"product_brand","embeddable":true,"href":"https:\/\/collectin.eu\/en\/wp-json\/wp\/v2\/product_brand?post=39117"},{"taxonomy":"product_cat","embeddable":true,"href":"https:\/\/collectin.eu\/en\/wp-json\/wp\/v2\/product_cat?post=39117"},{"taxonomy":"product_tag","embeddable":true,"href":"https:\/\/collectin.eu\/en\/wp-json\/wp\/v2\/product_tag?post=39117"}],"curies":[{"name":"wp","href":"https:\/\/api.w.org\/{rel}","templated":true}]}}