{"id":39121,"date":"2026-01-07T22:50:19","date_gmt":"2026-01-07T22:50:19","guid":{"rendered":"https:\/\/collectin.eu\/?post_type=product&#038;p=39121"},"modified":"2026-03-05T07:20:03","modified_gmt":"2026-03-05T07:20:03","slug":"justice-league-of-america-231-1984-dc-comics","status":"publish","type":"product","link":"https:\/\/collectin.eu\/en\/product\/justice-league-of-america-231-1984-dc-comics\/","title":{"rendered":"Justice League of America #231 (1984) DC Comics"},"content":{"rendered":"<p>Justice League of America #231, i\u0161leistas 1984 met\u0173 spal\u012f, yra DC Comics komiksas i\u0161 \u201eJustice League of America\u201c (Volume\u202f1) serijos su istorija pavadinimu \u201eFamily Crisis!\u201c. \u0160i\u0105 istorij\u0105 para\u0161\u0117 Kurt Busiek, pie\u0161\u0117 Alan Kupperberg, inker\u012f atliko Rich Buckler, spalvino Gene D\u2019Angelo, o raid\u017ei\u0173 dizain\u0105 \u2013 Ben Oda. Skaitytojai mato, kaip Superman, Wonder Woman, Supergirl ir Flash yra netik\u0117tai perkelti i\u0161 JLA palydovo \u012f \u017dem\u0119\u2011Du, kur susitinka su keliais nariais i\u0161 Justice Society of America ir kartu turi kovoti su paslaptingu prie\u0161u, \u017einomu kaip The Commander, bei jo gr\u0117smingomis \u201eskraidan\u010diomis be\u017ed\u017eion\u0117mis\u201c. Tuo pa\u010diu metu pasakojama mokslininko Dr. Joshua Champion \u0161eimos istorija, kai jo paie\u0161k\u0173 kelion\u0117je pasirodo jo dukra ir s\u016bnus, turintys sav\u0173 gali\u0173, susijusi\u0173 su nepaai\u0161kinamu i\u0161 kosmoso kilusiu poveikiu. Komiksas i\u0161siskiria tuo, kad supina Justice League ir Justice Society nari\u0173 j\u0117gas kovai su keista multiviso metine gr\u0117sme, parodant tiek superheroj\u0173 heroji\u0161kum\u0105, tiek asmenines dramos akimirkas tarp \u012fvairi\u0173 \u017dem\u0117s versij\u0173.<\/p>","protected":false},"excerpt":{"rendered":"<p>Justice League of America #231, i\u0161leistas 1984 met\u0173 spal\u012f, yra DC Comics komiksas i\u0161 \u201eJustice League of America\u201c (Volume\u202f1) serijos<\/p>","protected":false},"featured_media":39122,"comment_status":"open","ping_status":"closed","template":"","meta":[],"product_brand":[541],"product_cat":[537,535],"product_tag":[],"class_list":{"0":"post-39121","1":"product","2":"type-product","3":"status-publish","4":"has-post-thumbnail","6":"product_brand-dc-comics","7":"product_cat-dc-komiksai-1935-1999","8":"product_cat-komiksai","10":"first","11":"instock","12":"taxable","13":"shipping-taxable","14":"purchasable","15":"product-type-simple"},"yoast_head":"<!-- This site is optimized with the Yoast SEO plugin v25.9 - https:\/\/yoast.com\/wordpress\/plugins\/seo\/ -->\n<title>Justice League of America #231 (1984) DC Comics - Collectin.eu<\/title>\n<meta name=\"description\" content=\"Justice League of America #231, i\u0161leistas 1984 met\u0173 spal\u012f, yra DC Comics komiksas i\u0161 \u201eJustice League of America\u201c serijos su istorija pavadinimu \u201eFamily Crisis!\u201c.\" \/>\n<meta name=\"robots\" content=\"index, follow, max-snippet:-1, max-image-preview:large, max-video-preview:-1\" \/>\n<link rel=\"canonical\" href=\"https:\/\/collectin.eu\/en\/product\/justice-league-of-america-231-1984-dc-comics\/\" \/>\n<meta property=\"og:locale\" content=\"en_US\" \/>\n<meta property=\"og:type\" content=\"article\" \/>\n<meta property=\"og:title\" content=\"Justice League of America #231 (1984) DC Comics - Collectin.eu\" \/>\n<meta property=\"og:description\" content=\"Justice League of America #231, i\u0161leistas 1984 met\u0173 spal\u012f, yra DC Comics komiksas i\u0161 \u201eJustice League of America\u201c serijos su istorija pavadinimu \u201eFamily Crisis!\u201c.\" \/>\n<meta property=\"og:url\" content=\"https:\/\/collectin.eu\/en\/product\/justice-league-of-america-231-1984-dc-comics\/\" \/>\n<meta property=\"og:site_name\" content=\"Collectin.eu\" \/>\n<meta property=\"article:modified_time\" content=\"2026-03-05T07:20:03+00:00\" \/>\n<meta property=\"og:image\" content=\"http:\/\/collectin.eu\/wp-content\/uploads\/2026\/01\/Untitled-design-2026-01-08T004817.379.png\" \/>\n\t<meta property=\"og:image:width\" content=\"1080\" \/>\n\t<meta property=\"og:image:height\" content=\"1080\" \/>\n\t<meta property=\"og:image:type\" content=\"image\/png\" \/>\n<meta name=\"twitter:card\" content=\"summary_large_image\" \/>\n<meta name=\"twitter:label1\" content=\"Est. reading time\" \/>\n\t<meta name=\"twitter:data1\" content=\"2 minutes\" \/>\n<script type=\"application\/ld+json\" class=\"yoast-schema-graph\">{\"@context\":\"https:\/\/schema.org\",\"@graph\":[{\"@type\":\"WebPage\",\"@id\":\"https:\/\/collectin.eu\/produktas\/justice-league-of-america-231-1984-dc-comics\/\",\"url\":\"https:\/\/collectin.eu\/produktas\/justice-league-of-america-231-1984-dc-comics\/\",\"name\":\"Justice League of America #231 (1984) DC Comics - Collectin.eu\",\"isPartOf\":{\"@id\":\"https:\/\/collectin.eu\/#website\"},\"primaryImageOfPage\":{\"@id\":\"https:\/\/collectin.eu\/produktas\/justice-league-of-america-231-1984-dc-comics\/#primaryimage\"},\"image\":{\"@id\":\"https:\/\/collectin.eu\/produktas\/justice-league-of-america-231-1984-dc-comics\/#primaryimage\"},\"thumbnailUrl\":\"https:\/\/collectin.eu\/wp-content\/uploads\/2026\/01\/Untitled-design-2026-01-08T004817.379.png\",\"datePublished\":\"2026-01-07T22:50:19+00:00\",\"dateModified\":\"2026-03-05T07:20:03+00:00\",\"description\":\"Justice League of America #231, i\u0161leistas 1984 met\u0173 spal\u012f, yra DC Comics komiksas i\u0161 \u201eJustice League of America\u201c serijos su istorija pavadinimu \u201eFamily Crisis!\u201c.\",\"breadcrumb\":{\"@id\":\"https:\/\/collectin.eu\/produktas\/justice-league-of-america-231-1984-dc-comics\/#breadcrumb\"},\"inLanguage\":\"en-US\",\"potentialAction\":[{\"@type\":\"ReadAction\",\"target\":[\"https:\/\/collectin.eu\/produktas\/justice-league-of-america-231-1984-dc-comics\/\"]}]},{\"@type\":\"ImageObject\",\"inLanguage\":\"en-US\",\"@id\":\"https:\/\/collectin.eu\/produktas\/justice-league-of-america-231-1984-dc-comics\/#primaryimage\",\"url\":\"https:\/\/collectin.eu\/wp-content\/uploads\/2026\/01\/Untitled-design-2026-01-08T004817.379.png\",\"contentUrl\":\"https:\/\/collectin.eu\/wp-content\/uploads\/2026\/01\/Untitled-design-2026-01-08T004817.379.png\",\"width\":1080,\"height\":1080},{\"@type\":\"BreadcrumbList\",\"@id\":\"https:\/\/collectin.eu\/produktas\/justice-league-of-america-231-1984-dc-comics\/#breadcrumb\",\"itemListElement\":[{\"@type\":\"ListItem\",\"position\":1,\"name\":\"Home\",\"item\":\"https:\/\/collectin.eu\/\"},{\"@type\":\"ListItem\",\"position\":2,\"name\":\"Parduotuv\u0117\",\"item\":\"https:\/\/collectin.eu\/parduotuve\/\"},{\"@type\":\"ListItem\",\"position\":3,\"name\":\"Justice League of America #231 (1984) DC Comics\"}]},{\"@type\":\"WebSite\",\"@id\":\"https:\/\/collectin.eu\/#website\",\"url\":\"https:\/\/collectin.eu\/\",\"name\":\"Collectin.eu\",\"description\":\"\",\"potentialAction\":[{\"@type\":\"SearchAction\",\"target\":{\"@type\":\"EntryPoint\",\"urlTemplate\":\"https:\/\/collectin.eu\/?s={search_term_string}\"},\"query-input\":{\"@type\":\"PropertyValueSpecification\",\"valueRequired\":true,\"valueName\":\"search_term_string\"}}],\"inLanguage\":\"en-US\"}]}<\/script>\n<!-- \/ Yoast SEO plugin. -->","yoast_head_json":{"title":"Justice League of America #231 (1984) DC Comics - Collectin.eu","description":"Justice League of America #231, i\u0161leistas 1984 met\u0173 spal\u012f, yra DC Comics komiksas i\u0161 \u201eJustice League of America\u201c serijos su istorija pavadinimu \u201eFamily Crisis!\u201c.","robots":{"index":"index","follow":"follow","max-snippet":"max-snippet:-1","max-image-preview":"max-image-preview:large","max-video-preview":"max-video-preview:-1"},"canonical":"https:\/\/collectin.eu\/en\/product\/justice-league-of-america-231-1984-dc-comics\/","og_locale":"en_US","og_type":"article","og_title":"Justice League of America #231 (1984) DC Comics - Collectin.eu","og_description":"Justice League of America #231, i\u0161leistas 1984 met\u0173 spal\u012f, yra DC Comics komiksas i\u0161 \u201eJustice League of America\u201c serijos su istorija pavadinimu \u201eFamily Crisis!\u201c.","og_url":"https:\/\/collectin.eu\/en\/product\/justice-league-of-america-231-1984-dc-comics\/","og_site_name":"Collectin.eu","article_modified_time":"2026-03-05T07:20:03+00:00","og_image":[{"width":1080,"height":1080,"url":"http:\/\/collectin.eu\/wp-content\/uploads\/2026\/01\/Untitled-design-2026-01-08T004817.379.png","type":"image\/png"}],"twitter_card":"summary_large_image","twitter_misc":{"Est. reading time":"2 minutes"},"schema":{"@context":"https:\/\/schema.org","@graph":[{"@type":"WebPage","@id":"https:\/\/collectin.eu\/produktas\/justice-league-of-america-231-1984-dc-comics\/","url":"https:\/\/collectin.eu\/produktas\/justice-league-of-america-231-1984-dc-comics\/","name":"Justice League of America #231 (1984) DC Comics - Collectin.eu","isPartOf":{"@id":"https:\/\/collectin.eu\/#website"},"primaryImageOfPage":{"@id":"https:\/\/collectin.eu\/produktas\/justice-league-of-america-231-1984-dc-comics\/#primaryimage"},"image":{"@id":"https:\/\/collectin.eu\/produktas\/justice-league-of-america-231-1984-dc-comics\/#primaryimage"},"thumbnailUrl":"https:\/\/collectin.eu\/wp-content\/uploads\/2026\/01\/Untitled-design-2026-01-08T004817.379.png","datePublished":"2026-01-07T22:50:19+00:00","dateModified":"2026-03-05T07:20:03+00:00","description":"Justice League of America #231, i\u0161leistas 1984 met\u0173 spal\u012f, yra DC Comics komiksas i\u0161 \u201eJustice League of America\u201c serijos su istorija pavadinimu \u201eFamily Crisis!\u201c.","breadcrumb":{"@id":"https:\/\/collectin.eu\/produktas\/justice-league-of-america-231-1984-dc-comics\/#breadcrumb"},"inLanguage":"en-US","potentialAction":[{"@type":"ReadAction","target":["https:\/\/collectin.eu\/produktas\/justice-league-of-america-231-1984-dc-comics\/"]}]},{"@type":"ImageObject","inLanguage":"en-US","@id":"https:\/\/collectin.eu\/produktas\/justice-league-of-america-231-1984-dc-comics\/#primaryimage","url":"https:\/\/collectin.eu\/wp-content\/uploads\/2026\/01\/Untitled-design-2026-01-08T004817.379.png","contentUrl":"https:\/\/collectin.eu\/wp-content\/uploads\/2026\/01\/Untitled-design-2026-01-08T004817.379.png","width":1080,"height":1080},{"@type":"BreadcrumbList","@id":"https:\/\/collectin.eu\/produktas\/justice-league-of-america-231-1984-dc-comics\/#breadcrumb","itemListElement":[{"@type":"ListItem","position":1,"name":"Home","item":"https:\/\/collectin.eu\/"},{"@type":"ListItem","position":2,"name":"Parduotuv\u0117","item":"https:\/\/collectin.eu\/parduotuve\/"},{"@type":"ListItem","position":3,"name":"Justice League of America #231 (1984) DC Comics"}]},{"@type":"WebSite","@id":"https:\/\/collectin.eu\/#website","url":"https:\/\/collectin.eu\/","name":"Collectin.eu","description":"","potentialAction":[{"@type":"SearchAction","target":{"@type":"EntryPoint","urlTemplate":"https:\/\/collectin.eu\/?s={search_term_string}"},"query-input":{"@type":"PropertyValueSpecification","valueRequired":true,"valueName":"search_term_string"}}],"inLanguage":"en-US"}]}},"jetpack_sharing_enabled":true,"_links":{"self":[{"href":"https:\/\/collectin.eu\/en\/wp-json\/wp\/v2\/product\/39121","targetHints":{"allow":["GET"]}}],"collection":[{"href":"https:\/\/collectin.eu\/en\/wp-json\/wp\/v2\/product"}],"about":[{"href":"https:\/\/collectin.eu\/en\/wp-json\/wp\/v2\/types\/product"}],"replies":[{"embeddable":true,"href":"https:\/\/collectin.eu\/en\/wp-json\/wp\/v2\/comments?post=39121"}],"version-history":[{"count":2,"href":"https:\/\/collectin.eu\/en\/wp-json\/wp\/v2\/product\/39121\/revisions"}],"predecessor-version":[{"id":40223,"href":"https:\/\/collectin.eu\/en\/wp-json\/wp\/v2\/product\/39121\/revisions\/40223"}],"wp:featuredmedia":[{"embeddable":true,"href":"https:\/\/collectin.eu\/en\/wp-json\/wp\/v2\/media\/39122"}],"wp:attachment":[{"href":"https:\/\/collectin.eu\/en\/wp-json\/wp\/v2\/media?parent=39121"}],"wp:term":[{"taxonomy":"product_brand","embeddable":true,"href":"https:\/\/collectin.eu\/en\/wp-json\/wp\/v2\/product_brand?post=39121"},{"taxonomy":"product_cat","embeddable":true,"href":"https:\/\/collectin.eu\/en\/wp-json\/wp\/v2\/product_cat?post=39121"},{"taxonomy":"product_tag","embeddable":true,"href":"https:\/\/collectin.eu\/en\/wp-json\/wp\/v2\/product_tag?post=39121"}],"curies":[{"name":"wp","href":"https:\/\/api.w.org\/{rel}","templated":true}]}}