{"id":39124,"date":"2026-01-07T22:55:25","date_gmt":"2026-01-07T22:55:25","guid":{"rendered":"https:\/\/collectin.eu\/?post_type=product&#038;p=39124"},"modified":"2026-03-05T07:21:06","modified_gmt":"2026-03-05T07:21:06","slug":"the-secret-society-of-super-villains-2-1976-dc-comics","status":"publish","type":"product","link":"https:\/\/collectin.eu\/en\/product\/the-secret-society-of-super-villains-2-1976-dc-comics\/","title":{"rendered":"The Secret Society of Super-Villains #2 (1976) DC Comics"},"content":{"rendered":"<p>Secret Society of Super\u2011Villains #2, i\u0161leistas 1976 met\u0173 rugpj\u016b\u010dio\u2013liepos m\u0117nes\u012f, yra DC Comics Bronzos eros komiksas, t\u0119siantis serij\u0105 apie nusikalstam\u0105 superblogiuk\u0173 grup\u0119, \u017einom\u0105 kaip Secret Society of Super\u2011Villains. \u0160ios istorijos pavadinimas yra \u201eNo Man Shall I Call Master!\u201c ir joje \u012f siu\u017eet\u0105 \u012fsilieja seniai matytas herojus Captain Comet, kuris po ilgo nebuvimo \u017dem\u0117je netik\u0117tai randa save konflikto su Green Lantern viduryje. D\u0117l painiavos Comet padeda blogiukams \u2013 tokiems kaip Gorilla Grodd ir Hi\u2011Jack \u2013 nugal\u0117ti \u017dali\u0105j\u012f \u017dibint\u0105, o tada j\u012f apgaul\u0117s b\u016bdu priima \u012f Secret Society. Ta\u010diau Manhunter slaptai atskleid\u017eia Comet tikr\u0105j\u0105 Organizacijos prigimt\u012f ir savo abejones d\u0117l jos, o netrukus blogiukai atranda, kad u\u017e j\u0173 stovi paslaptingasis Darkseid, kuris turi savo plan\u0173. Prie\u0161\u0173 pad\u0117t\u012f dar labiau komplikuoja Darkseid p\u0117stininkas Mantis ir jo vergai, kurie pasi\u016blo nariams pasirinki \u2013 paklusti Apokolips vald\u017eiai arba mirti. Komiksas atskleid\u017eia tiek blogiuk\u0173 grup\u0117s prielaidas ir trintis, tiek j\u0173 susid\u016brim\u0105 su didesne kosmine gr\u0117sme, tuo pa\u010diu kuriant konflikt\u0105, kur herojai ir blogiukai netik\u0117tai persipina bei i\u0161bandomi i\u0161davyst\u0117s, painiavos ir galios domina.<\/p>","protected":false},"excerpt":{"rendered":"<p>Secret Society of Super\u2011Villains #2, i\u0161leistas 1976 met\u0173 rugpj\u016b\u010dio\u2013liepos m\u0117nes\u012f, yra DC Comics Bronzos eros komiksas, t\u0119siantis serij\u0105 apie nusikalstam\u0105<\/p>","protected":false},"featured_media":39125,"comment_status":"open","ping_status":"closed","template":"","meta":[],"product_brand":[541],"product_cat":[537,535],"product_tag":[],"class_list":{"0":"post-39124","1":"product","2":"type-product","3":"status-publish","4":"has-post-thumbnail","6":"product_brand-dc-comics","7":"product_cat-dc-komiksai-1935-1999","8":"product_cat-komiksai","10":"first","11":"instock","12":"taxable","13":"shipping-taxable","14":"purchasable","15":"product-type-simple"},"yoast_head":"<!-- This site is optimized with the Yoast SEO plugin v25.9 - https:\/\/yoast.com\/wordpress\/plugins\/seo\/ -->\n<title>The Secret Society of Super-Villains #2 (1976) DC Comics - Collectin.eu<\/title>\n<meta name=\"description\" content=\"Secret Society of Super-Villains #2, i\u0161leistas 1976 met\u0173, yra DC Comics komiksas i\u0161 Bronzos eros serijos apie nusikalstam\u0105 superblogiuk\u0173 grup\u0119.\" \/>\n<meta name=\"robots\" content=\"index, follow, max-snippet:-1, max-image-preview:large, max-video-preview:-1\" \/>\n<link rel=\"canonical\" href=\"https:\/\/collectin.eu\/en\/product\/the-secret-society-of-super-villains-2-1976-dc-comics\/\" \/>\n<meta property=\"og:locale\" content=\"en_US\" \/>\n<meta property=\"og:type\" content=\"article\" \/>\n<meta property=\"og:title\" content=\"The Secret Society of Super-Villains #2 (1976) DC Comics - Collectin.eu\" \/>\n<meta property=\"og:description\" content=\"Secret Society of Super-Villains #2, i\u0161leistas 1976 met\u0173, yra DC Comics komiksas i\u0161 Bronzos eros serijos apie nusikalstam\u0105 superblogiuk\u0173 grup\u0119.\" \/>\n<meta property=\"og:url\" content=\"https:\/\/collectin.eu\/en\/product\/the-secret-society-of-super-villains-2-1976-dc-comics\/\" \/>\n<meta property=\"og:site_name\" content=\"Collectin.eu\" \/>\n<meta property=\"article:modified_time\" content=\"2026-03-05T07:21:06+00:00\" \/>\n<meta property=\"og:image\" content=\"http:\/\/collectin.eu\/wp-content\/uploads\/2026\/01\/Untitled-design-2026-01-08T005238.242.png\" \/>\n\t<meta property=\"og:image:width\" content=\"1080\" \/>\n\t<meta property=\"og:image:height\" content=\"1080\" \/>\n\t<meta property=\"og:image:type\" content=\"image\/png\" \/>\n<meta name=\"twitter:card\" content=\"summary_large_image\" \/>\n<meta name=\"twitter:label1\" content=\"Est. reading time\" \/>\n\t<meta name=\"twitter:data1\" content=\"2 minutes\" \/>\n<script type=\"application\/ld+json\" class=\"yoast-schema-graph\">{\"@context\":\"https:\/\/schema.org\",\"@graph\":[{\"@type\":\"WebPage\",\"@id\":\"https:\/\/collectin.eu\/produktas\/the-secret-society-of-super-villains-2-1976-dc-comics\/\",\"url\":\"https:\/\/collectin.eu\/produktas\/the-secret-society-of-super-villains-2-1976-dc-comics\/\",\"name\":\"The Secret Society of Super-Villains #2 (1976) DC Comics - Collectin.eu\",\"isPartOf\":{\"@id\":\"https:\/\/collectin.eu\/#website\"},\"primaryImageOfPage\":{\"@id\":\"https:\/\/collectin.eu\/produktas\/the-secret-society-of-super-villains-2-1976-dc-comics\/#primaryimage\"},\"image\":{\"@id\":\"https:\/\/collectin.eu\/produktas\/the-secret-society-of-super-villains-2-1976-dc-comics\/#primaryimage\"},\"thumbnailUrl\":\"https:\/\/collectin.eu\/wp-content\/uploads\/2026\/01\/Untitled-design-2026-01-08T005238.242.png\",\"datePublished\":\"2026-01-07T22:55:25+00:00\",\"dateModified\":\"2026-03-05T07:21:06+00:00\",\"description\":\"Secret Society of Super-Villains #2, i\u0161leistas 1976 met\u0173, yra DC Comics komiksas i\u0161 Bronzos eros serijos apie nusikalstam\u0105 superblogiuk\u0173 grup\u0119.\",\"breadcrumb\":{\"@id\":\"https:\/\/collectin.eu\/produktas\/the-secret-society-of-super-villains-2-1976-dc-comics\/#breadcrumb\"},\"inLanguage\":\"en-US\",\"potentialAction\":[{\"@type\":\"ReadAction\",\"target\":[\"https:\/\/collectin.eu\/produktas\/the-secret-society-of-super-villains-2-1976-dc-comics\/\"]}]},{\"@type\":\"ImageObject\",\"inLanguage\":\"en-US\",\"@id\":\"https:\/\/collectin.eu\/produktas\/the-secret-society-of-super-villains-2-1976-dc-comics\/#primaryimage\",\"url\":\"https:\/\/collectin.eu\/wp-content\/uploads\/2026\/01\/Untitled-design-2026-01-08T005238.242.png\",\"contentUrl\":\"https:\/\/collectin.eu\/wp-content\/uploads\/2026\/01\/Untitled-design-2026-01-08T005238.242.png\",\"width\":1080,\"height\":1080},{\"@type\":\"BreadcrumbList\",\"@id\":\"https:\/\/collectin.eu\/produktas\/the-secret-society-of-super-villains-2-1976-dc-comics\/#breadcrumb\",\"itemListElement\":[{\"@type\":\"ListItem\",\"position\":1,\"name\":\"Home\",\"item\":\"https:\/\/collectin.eu\/\"},{\"@type\":\"ListItem\",\"position\":2,\"name\":\"Parduotuv\u0117\",\"item\":\"https:\/\/collectin.eu\/parduotuve\/\"},{\"@type\":\"ListItem\",\"position\":3,\"name\":\"The Secret Society of Super-Villains #2 (1976) DC Comics\"}]},{\"@type\":\"WebSite\",\"@id\":\"https:\/\/collectin.eu\/#website\",\"url\":\"https:\/\/collectin.eu\/\",\"name\":\"Collectin.eu\",\"description\":\"\",\"potentialAction\":[{\"@type\":\"SearchAction\",\"target\":{\"@type\":\"EntryPoint\",\"urlTemplate\":\"https:\/\/collectin.eu\/?s={search_term_string}\"},\"query-input\":{\"@type\":\"PropertyValueSpecification\",\"valueRequired\":true,\"valueName\":\"search_term_string\"}}],\"inLanguage\":\"en-US\"}]}<\/script>\n<!-- \/ Yoast SEO plugin. -->","yoast_head_json":{"title":"The Secret Society of Super-Villains #2 (1976) DC Comics - Collectin.eu","description":"Secret Society of Super-Villains #2, i\u0161leistas 1976 met\u0173, yra DC Comics komiksas i\u0161 Bronzos eros serijos apie nusikalstam\u0105 superblogiuk\u0173 grup\u0119.","robots":{"index":"index","follow":"follow","max-snippet":"max-snippet:-1","max-image-preview":"max-image-preview:large","max-video-preview":"max-video-preview:-1"},"canonical":"https:\/\/collectin.eu\/en\/product\/the-secret-society-of-super-villains-2-1976-dc-comics\/","og_locale":"en_US","og_type":"article","og_title":"The Secret Society of Super-Villains #2 (1976) DC Comics - Collectin.eu","og_description":"Secret Society of Super-Villains #2, i\u0161leistas 1976 met\u0173, yra DC Comics komiksas i\u0161 Bronzos eros serijos apie nusikalstam\u0105 superblogiuk\u0173 grup\u0119.","og_url":"https:\/\/collectin.eu\/en\/product\/the-secret-society-of-super-villains-2-1976-dc-comics\/","og_site_name":"Collectin.eu","article_modified_time":"2026-03-05T07:21:06+00:00","og_image":[{"width":1080,"height":1080,"url":"http:\/\/collectin.eu\/wp-content\/uploads\/2026\/01\/Untitled-design-2026-01-08T005238.242.png","type":"image\/png"}],"twitter_card":"summary_large_image","twitter_misc":{"Est. reading time":"2 minutes"},"schema":{"@context":"https:\/\/schema.org","@graph":[{"@type":"WebPage","@id":"https:\/\/collectin.eu\/produktas\/the-secret-society-of-super-villains-2-1976-dc-comics\/","url":"https:\/\/collectin.eu\/produktas\/the-secret-society-of-super-villains-2-1976-dc-comics\/","name":"The Secret Society of Super-Villains #2 (1976) DC Comics - Collectin.eu","isPartOf":{"@id":"https:\/\/collectin.eu\/#website"},"primaryImageOfPage":{"@id":"https:\/\/collectin.eu\/produktas\/the-secret-society-of-super-villains-2-1976-dc-comics\/#primaryimage"},"image":{"@id":"https:\/\/collectin.eu\/produktas\/the-secret-society-of-super-villains-2-1976-dc-comics\/#primaryimage"},"thumbnailUrl":"https:\/\/collectin.eu\/wp-content\/uploads\/2026\/01\/Untitled-design-2026-01-08T005238.242.png","datePublished":"2026-01-07T22:55:25+00:00","dateModified":"2026-03-05T07:21:06+00:00","description":"Secret Society of Super-Villains #2, i\u0161leistas 1976 met\u0173, yra DC Comics komiksas i\u0161 Bronzos eros serijos apie nusikalstam\u0105 superblogiuk\u0173 grup\u0119.","breadcrumb":{"@id":"https:\/\/collectin.eu\/produktas\/the-secret-society-of-super-villains-2-1976-dc-comics\/#breadcrumb"},"inLanguage":"en-US","potentialAction":[{"@type":"ReadAction","target":["https:\/\/collectin.eu\/produktas\/the-secret-society-of-super-villains-2-1976-dc-comics\/"]}]},{"@type":"ImageObject","inLanguage":"en-US","@id":"https:\/\/collectin.eu\/produktas\/the-secret-society-of-super-villains-2-1976-dc-comics\/#primaryimage","url":"https:\/\/collectin.eu\/wp-content\/uploads\/2026\/01\/Untitled-design-2026-01-08T005238.242.png","contentUrl":"https:\/\/collectin.eu\/wp-content\/uploads\/2026\/01\/Untitled-design-2026-01-08T005238.242.png","width":1080,"height":1080},{"@type":"BreadcrumbList","@id":"https:\/\/collectin.eu\/produktas\/the-secret-society-of-super-villains-2-1976-dc-comics\/#breadcrumb","itemListElement":[{"@type":"ListItem","position":1,"name":"Home","item":"https:\/\/collectin.eu\/"},{"@type":"ListItem","position":2,"name":"Parduotuv\u0117","item":"https:\/\/collectin.eu\/parduotuve\/"},{"@type":"ListItem","position":3,"name":"The Secret Society of Super-Villains #2 (1976) DC Comics"}]},{"@type":"WebSite","@id":"https:\/\/collectin.eu\/#website","url":"https:\/\/collectin.eu\/","name":"Collectin.eu","description":"","potentialAction":[{"@type":"SearchAction","target":{"@type":"EntryPoint","urlTemplate":"https:\/\/collectin.eu\/?s={search_term_string}"},"query-input":{"@type":"PropertyValueSpecification","valueRequired":true,"valueName":"search_term_string"}}],"inLanguage":"en-US"}]}},"jetpack_sharing_enabled":true,"_links":{"self":[{"href":"https:\/\/collectin.eu\/en\/wp-json\/wp\/v2\/product\/39124","targetHints":{"allow":["GET"]}}],"collection":[{"href":"https:\/\/collectin.eu\/en\/wp-json\/wp\/v2\/product"}],"about":[{"href":"https:\/\/collectin.eu\/en\/wp-json\/wp\/v2\/types\/product"}],"replies":[{"embeddable":true,"href":"https:\/\/collectin.eu\/en\/wp-json\/wp\/v2\/comments?post=39124"}],"version-history":[{"count":2,"href":"https:\/\/collectin.eu\/en\/wp-json\/wp\/v2\/product\/39124\/revisions"}],"predecessor-version":[{"id":40224,"href":"https:\/\/collectin.eu\/en\/wp-json\/wp\/v2\/product\/39124\/revisions\/40224"}],"wp:featuredmedia":[{"embeddable":true,"href":"https:\/\/collectin.eu\/en\/wp-json\/wp\/v2\/media\/39125"}],"wp:attachment":[{"href":"https:\/\/collectin.eu\/en\/wp-json\/wp\/v2\/media?parent=39124"}],"wp:term":[{"taxonomy":"product_brand","embeddable":true,"href":"https:\/\/collectin.eu\/en\/wp-json\/wp\/v2\/product_brand?post=39124"},{"taxonomy":"product_cat","embeddable":true,"href":"https:\/\/collectin.eu\/en\/wp-json\/wp\/v2\/product_cat?post=39124"},{"taxonomy":"product_tag","embeddable":true,"href":"https:\/\/collectin.eu\/en\/wp-json\/wp\/v2\/product_tag?post=39124"}],"curies":[{"name":"wp","href":"https:\/\/api.w.org\/{rel}","templated":true}]}}