{"id":39128,"date":"2026-01-07T22:59:47","date_gmt":"2026-01-07T22:59:47","guid":{"rendered":"https:\/\/collectin.eu\/?post_type=product&#038;p=39128"},"modified":"2026-03-05T07:21:11","modified_gmt":"2026-03-05T07:21:11","slug":"justice-league-2-1987-dc-comics","status":"publish","type":"product","link":"https:\/\/collectin.eu\/en\/product\/justice-league-2-1987-dc-comics\/","title":{"rendered":"Justice League #2 (1987) DC Comics"},"content":{"rendered":"<p>Justice League #2, i\u0161leistas 1987 met\u0173 vasar\u012f, yra DC Comics komiksas, t\u0119siantis nauj\u0105 \u201eJustice League\u201c (v\u0117liau vadinam\u0105 Justice League International) serij\u0105, kuri\u0105 sudar\u0117 tokie \u017einomi k\u016br\u0117jai kaip Keith Giffen ir J.M. DeMatteis. \u0160iame numeryje, pavadintame \u201eMake War No More!\u201c, pasaul\u012f ima gaubti nauja gr\u0117sm\u0117, kai trys supergalingi padarai staiga pasirodo ir ima naikinti branduolinius ginklus visame pasaulyje. Justice League \u2013 \u012fskaitant tokius narius kaip Batman (Bruce Wayne), Green Lantern (Guy Gardner), Martian Manhunter, Blue Beetle, Captain Marvel, Doctor Fate, Doctor Light, Maxwell Lord ir net Mister Miracle \u2013 bando sustabdyti \u0161i\u0105 katastrof\u0105 ir i\u0161siai\u0161kinti, kas stovi u\u017e \u0161i\u0173 i\u0161puoli\u0173.<\/p>","protected":false},"excerpt":{"rendered":"<p>Justice League #2, i\u0161leistas 1987 met\u0173 vasar\u012f, yra DC Comics komiksas, t\u0119siantis nauj\u0105 \u201eJustice League\u201c (v\u0117liau vadinam\u0105 Justice League International)<\/p>","protected":false},"featured_media":39129,"comment_status":"open","ping_status":"closed","template":"","meta":[],"product_brand":[541],"product_cat":[537,535],"product_tag":[],"class_list":{"0":"post-39128","1":"product","2":"type-product","3":"status-publish","4":"has-post-thumbnail","6":"product_brand-dc-comics","7":"product_cat-dc-komiksai-1935-1999","8":"product_cat-komiksai","10":"first","11":"instock","12":"taxable","13":"shipping-taxable","14":"purchasable","15":"product-type-simple"},"yoast_head":"<!-- This site is optimized with the Yoast SEO plugin v25.9 - https:\/\/yoast.com\/wordpress\/plugins\/seo\/ -->\n<title>Justice League #2 (1987) DC Comics - Collectin.eu<\/title>\n<meta name=\"description\" content=\"Justice League #2, i\u0161leistas 1987 met\u0173, yra DC Comics komiksas i\u0161 naujos \u201eJustice League International\u201c serijos, para\u0161ytas Keith Giffen ir J.M. DeMatteis.\" \/>\n<meta name=\"robots\" content=\"index, follow, max-snippet:-1, max-image-preview:large, max-video-preview:-1\" \/>\n<link rel=\"canonical\" href=\"https:\/\/collectin.eu\/en\/product\/justice-league-2-1987-dc-comics\/\" \/>\n<meta property=\"og:locale\" content=\"en_US\" \/>\n<meta property=\"og:type\" content=\"article\" \/>\n<meta property=\"og:title\" content=\"Justice League #2 (1987) DC Comics - Collectin.eu\" \/>\n<meta property=\"og:description\" content=\"Justice League #2, i\u0161leistas 1987 met\u0173, yra DC Comics komiksas i\u0161 naujos \u201eJustice League International\u201c serijos, para\u0161ytas Keith Giffen ir J.M. DeMatteis.\" \/>\n<meta property=\"og:url\" content=\"https:\/\/collectin.eu\/en\/product\/justice-league-2-1987-dc-comics\/\" \/>\n<meta property=\"og:site_name\" content=\"Collectin.eu\" \/>\n<meta property=\"article:modified_time\" content=\"2026-03-05T07:21:11+00:00\" \/>\n<meta property=\"og:image\" content=\"http:\/\/collectin.eu\/wp-content\/uploads\/2026\/01\/Untitled-design-2026-01-08T005721.738.png\" \/>\n\t<meta property=\"og:image:width\" content=\"1080\" \/>\n\t<meta property=\"og:image:height\" content=\"1080\" \/>\n\t<meta property=\"og:image:type\" content=\"image\/png\" \/>\n<meta name=\"twitter:card\" content=\"summary_large_image\" \/>\n<meta name=\"twitter:label1\" content=\"Est. reading time\" \/>\n\t<meta name=\"twitter:data1\" content=\"1 minute\" \/>\n<script type=\"application\/ld+json\" class=\"yoast-schema-graph\">{\"@context\":\"https:\/\/schema.org\",\"@graph\":[{\"@type\":\"WebPage\",\"@id\":\"https:\/\/collectin.eu\/produktas\/justice-league-2-1987-dc-comics\/\",\"url\":\"https:\/\/collectin.eu\/produktas\/justice-league-2-1987-dc-comics\/\",\"name\":\"Justice League #2 (1987) DC Comics - Collectin.eu\",\"isPartOf\":{\"@id\":\"https:\/\/collectin.eu\/#website\"},\"primaryImageOfPage\":{\"@id\":\"https:\/\/collectin.eu\/produktas\/justice-league-2-1987-dc-comics\/#primaryimage\"},\"image\":{\"@id\":\"https:\/\/collectin.eu\/produktas\/justice-league-2-1987-dc-comics\/#primaryimage\"},\"thumbnailUrl\":\"https:\/\/collectin.eu\/wp-content\/uploads\/2026\/01\/Untitled-design-2026-01-08T005721.738.png\",\"datePublished\":\"2026-01-07T22:59:47+00:00\",\"dateModified\":\"2026-03-05T07:21:11+00:00\",\"description\":\"Justice League #2, i\u0161leistas 1987 met\u0173, yra DC Comics komiksas i\u0161 naujos \u201eJustice League International\u201c serijos, para\u0161ytas Keith Giffen ir J.M. DeMatteis.\",\"breadcrumb\":{\"@id\":\"https:\/\/collectin.eu\/produktas\/justice-league-2-1987-dc-comics\/#breadcrumb\"},\"inLanguage\":\"en-US\",\"potentialAction\":[{\"@type\":\"ReadAction\",\"target\":[\"https:\/\/collectin.eu\/produktas\/justice-league-2-1987-dc-comics\/\"]}]},{\"@type\":\"ImageObject\",\"inLanguage\":\"en-US\",\"@id\":\"https:\/\/collectin.eu\/produktas\/justice-league-2-1987-dc-comics\/#primaryimage\",\"url\":\"https:\/\/collectin.eu\/wp-content\/uploads\/2026\/01\/Untitled-design-2026-01-08T005721.738.png\",\"contentUrl\":\"https:\/\/collectin.eu\/wp-content\/uploads\/2026\/01\/Untitled-design-2026-01-08T005721.738.png\",\"width\":1080,\"height\":1080},{\"@type\":\"BreadcrumbList\",\"@id\":\"https:\/\/collectin.eu\/produktas\/justice-league-2-1987-dc-comics\/#breadcrumb\",\"itemListElement\":[{\"@type\":\"ListItem\",\"position\":1,\"name\":\"Home\",\"item\":\"https:\/\/collectin.eu\/\"},{\"@type\":\"ListItem\",\"position\":2,\"name\":\"Parduotuv\u0117\",\"item\":\"https:\/\/collectin.eu\/parduotuve\/\"},{\"@type\":\"ListItem\",\"position\":3,\"name\":\"Justice League #2 (1987) DC Comics\"}]},{\"@type\":\"WebSite\",\"@id\":\"https:\/\/collectin.eu\/#website\",\"url\":\"https:\/\/collectin.eu\/\",\"name\":\"Collectin.eu\",\"description\":\"\",\"potentialAction\":[{\"@type\":\"SearchAction\",\"target\":{\"@type\":\"EntryPoint\",\"urlTemplate\":\"https:\/\/collectin.eu\/?s={search_term_string}\"},\"query-input\":{\"@type\":\"PropertyValueSpecification\",\"valueRequired\":true,\"valueName\":\"search_term_string\"}}],\"inLanguage\":\"en-US\"}]}<\/script>\n<!-- \/ Yoast SEO plugin. -->","yoast_head_json":{"title":"Justice League #2 (1987) DC Comics - Collectin.eu","description":"Justice League #2, i\u0161leistas 1987 met\u0173, yra DC Comics komiksas i\u0161 naujos \u201eJustice League International\u201c serijos, para\u0161ytas Keith Giffen ir J.M. DeMatteis.","robots":{"index":"index","follow":"follow","max-snippet":"max-snippet:-1","max-image-preview":"max-image-preview:large","max-video-preview":"max-video-preview:-1"},"canonical":"https:\/\/collectin.eu\/en\/product\/justice-league-2-1987-dc-comics\/","og_locale":"en_US","og_type":"article","og_title":"Justice League #2 (1987) DC Comics - Collectin.eu","og_description":"Justice League #2, i\u0161leistas 1987 met\u0173, yra DC Comics komiksas i\u0161 naujos \u201eJustice League International\u201c serijos, para\u0161ytas Keith Giffen ir J.M. DeMatteis.","og_url":"https:\/\/collectin.eu\/en\/product\/justice-league-2-1987-dc-comics\/","og_site_name":"Collectin.eu","article_modified_time":"2026-03-05T07:21:11+00:00","og_image":[{"width":1080,"height":1080,"url":"http:\/\/collectin.eu\/wp-content\/uploads\/2026\/01\/Untitled-design-2026-01-08T005721.738.png","type":"image\/png"}],"twitter_card":"summary_large_image","twitter_misc":{"Est. reading time":"1 minute"},"schema":{"@context":"https:\/\/schema.org","@graph":[{"@type":"WebPage","@id":"https:\/\/collectin.eu\/produktas\/justice-league-2-1987-dc-comics\/","url":"https:\/\/collectin.eu\/produktas\/justice-league-2-1987-dc-comics\/","name":"Justice League #2 (1987) DC Comics - Collectin.eu","isPartOf":{"@id":"https:\/\/collectin.eu\/#website"},"primaryImageOfPage":{"@id":"https:\/\/collectin.eu\/produktas\/justice-league-2-1987-dc-comics\/#primaryimage"},"image":{"@id":"https:\/\/collectin.eu\/produktas\/justice-league-2-1987-dc-comics\/#primaryimage"},"thumbnailUrl":"https:\/\/collectin.eu\/wp-content\/uploads\/2026\/01\/Untitled-design-2026-01-08T005721.738.png","datePublished":"2026-01-07T22:59:47+00:00","dateModified":"2026-03-05T07:21:11+00:00","description":"Justice League #2, i\u0161leistas 1987 met\u0173, yra DC Comics komiksas i\u0161 naujos \u201eJustice League International\u201c serijos, para\u0161ytas Keith Giffen ir J.M. DeMatteis.","breadcrumb":{"@id":"https:\/\/collectin.eu\/produktas\/justice-league-2-1987-dc-comics\/#breadcrumb"},"inLanguage":"en-US","potentialAction":[{"@type":"ReadAction","target":["https:\/\/collectin.eu\/produktas\/justice-league-2-1987-dc-comics\/"]}]},{"@type":"ImageObject","inLanguage":"en-US","@id":"https:\/\/collectin.eu\/produktas\/justice-league-2-1987-dc-comics\/#primaryimage","url":"https:\/\/collectin.eu\/wp-content\/uploads\/2026\/01\/Untitled-design-2026-01-08T005721.738.png","contentUrl":"https:\/\/collectin.eu\/wp-content\/uploads\/2026\/01\/Untitled-design-2026-01-08T005721.738.png","width":1080,"height":1080},{"@type":"BreadcrumbList","@id":"https:\/\/collectin.eu\/produktas\/justice-league-2-1987-dc-comics\/#breadcrumb","itemListElement":[{"@type":"ListItem","position":1,"name":"Home","item":"https:\/\/collectin.eu\/"},{"@type":"ListItem","position":2,"name":"Parduotuv\u0117","item":"https:\/\/collectin.eu\/parduotuve\/"},{"@type":"ListItem","position":3,"name":"Justice League #2 (1987) DC Comics"}]},{"@type":"WebSite","@id":"https:\/\/collectin.eu\/#website","url":"https:\/\/collectin.eu\/","name":"Collectin.eu","description":"","potentialAction":[{"@type":"SearchAction","target":{"@type":"EntryPoint","urlTemplate":"https:\/\/collectin.eu\/?s={search_term_string}"},"query-input":{"@type":"PropertyValueSpecification","valueRequired":true,"valueName":"search_term_string"}}],"inLanguage":"en-US"}]}},"jetpack_sharing_enabled":true,"_links":{"self":[{"href":"https:\/\/collectin.eu\/en\/wp-json\/wp\/v2\/product\/39128","targetHints":{"allow":["GET"]}}],"collection":[{"href":"https:\/\/collectin.eu\/en\/wp-json\/wp\/v2\/product"}],"about":[{"href":"https:\/\/collectin.eu\/en\/wp-json\/wp\/v2\/types\/product"}],"replies":[{"embeddable":true,"href":"https:\/\/collectin.eu\/en\/wp-json\/wp\/v2\/comments?post=39128"}],"version-history":[{"count":3,"href":"https:\/\/collectin.eu\/en\/wp-json\/wp\/v2\/product\/39128\/revisions"}],"predecessor-version":[{"id":40227,"href":"https:\/\/collectin.eu\/en\/wp-json\/wp\/v2\/product\/39128\/revisions\/40227"}],"wp:featuredmedia":[{"embeddable":true,"href":"https:\/\/collectin.eu\/en\/wp-json\/wp\/v2\/media\/39129"}],"wp:attachment":[{"href":"https:\/\/collectin.eu\/en\/wp-json\/wp\/v2\/media?parent=39128"}],"wp:term":[{"taxonomy":"product_brand","embeddable":true,"href":"https:\/\/collectin.eu\/en\/wp-json\/wp\/v2\/product_brand?post=39128"},{"taxonomy":"product_cat","embeddable":true,"href":"https:\/\/collectin.eu\/en\/wp-json\/wp\/v2\/product_cat?post=39128"},{"taxonomy":"product_tag","embeddable":true,"href":"https:\/\/collectin.eu\/en\/wp-json\/wp\/v2\/product_tag?post=39128"}],"curies":[{"name":"wp","href":"https:\/\/api.w.org\/{rel}","templated":true}]}}