{"id":39133,"date":"2026-01-08T20:40:58","date_gmt":"2026-01-08T20:40:58","guid":{"rendered":"https:\/\/collectin.eu\/?post_type=product&#038;p=39133"},"modified":"2026-03-05T07:21:18","modified_gmt":"2026-03-05T07:21:18","slug":"shogun-warriors-17-1980-marvel-comics","status":"publish","type":"product","link":"https:\/\/collectin.eu\/en\/product\/shogun-warriors-17-1980-marvel-comics\/","title":{"rendered":"Shogun Warriors #17 (1980) Marvel Comics"},"content":{"rendered":"<p>Shogun Warriors #17 (1980) \u2013 Marvel Comics \u2013 tai klasikinis \u201eBronzos am\u017eiaus\u201c laikotarpio amerikieti\u0161kas komiksas, i\u0161leistas 1980 metais \u201eMarvel Comics\u201c leidyklos, paremtas \u201eMattel\u201c \u017eaisl\u0173 linija \u201eShogun Warriors\u201c ir \u012fkv\u0117ptas japoni\u0161kos mecha (mil\u017eini\u0161k\u0173 robot\u0173) estetikos. \u0160iame numeryje pateikiamas dinami\u0161kas mokslin\u0117s fantastikos pasakojimas apie mil\u017eini\u0161kus robotus, kosmines gr\u0117smes ir herojus, kovojan\u010dius u\u017e \u017dem\u0117s bei \u017emonijos i\u0161likim\u0105, su b\u016bdingu to laikme\u010dio \u201eMarvel\u201c stiliumi, ry\u0161kia grafika ir dramati\u0161ku siu\u017eetu. Komiksas yra vertinamas kolekcinink\u0173 kaip nostalgi\u0161kas 1980-\u0173j\u0173 popkult\u016bros artefaktas, jungiantis Vakar\u0173 komiks\u0173 tradicijas su japoni\u0161ka robot\u0173 tematika, tod\u0117l tai patrauklus ir vertingas leidinys \u201eMarvel\u201c bei mecha \u017eanro gerb\u0117j\u0173 kolekcijoms.<\/p>","protected":false},"excerpt":{"rendered":"<p>Shogun Warriors #17 (1980) \u2013 Marvel Comics \u2013 tai klasikinis \u201eBronzos am\u017eiaus\u201c laikotarpio amerikieti\u0161kas komiksas, i\u0161leistas 1980 metais \u201eMarvel Comics\u201c<\/p>","protected":false},"featured_media":39134,"comment_status":"open","ping_status":"closed","template":"","meta":[],"product_brand":[428],"product_cat":[535,536],"product_tag":[],"class_list":{"0":"post-39133","1":"product","2":"type-product","3":"status-publish","4":"has-post-thumbnail","6":"product_brand-marvel-comics","7":"product_cat-komiksai","8":"product_cat-marvel-komiksai-1939-1999","10":"first","11":"instock","12":"taxable","13":"shipping-taxable","14":"purchasable","15":"product-type-simple"},"yoast_head":"<!-- This site is optimized with the Yoast SEO plugin v25.9 - https:\/\/yoast.com\/wordpress\/plugins\/seo\/ -->\n<title>Shogun Warriors #17 (1980) Marvel Comics - Collectin.eu<\/title>\n<meta name=\"description\" content=\"Shogun Warriors #17 (1980) \u2013 Marvel Comics \u2013 tai klasikinis \u201eBronzos am\u017eiaus\u201c laikotarpio amerikieti\u0161kas komiksas, i\u0161leistas 1980 metais \u201eMarvel Comics\u201c leidyklos.\" \/>\n<meta name=\"robots\" content=\"index, follow, max-snippet:-1, max-image-preview:large, max-video-preview:-1\" \/>\n<link rel=\"canonical\" href=\"https:\/\/collectin.eu\/en\/product\/shogun-warriors-17-1980-marvel-comics\/\" \/>\n<meta property=\"og:locale\" content=\"en_US\" \/>\n<meta property=\"og:type\" content=\"article\" \/>\n<meta property=\"og:title\" content=\"Shogun Warriors #17 (1980) Marvel Comics - Collectin.eu\" \/>\n<meta property=\"og:description\" content=\"Shogun Warriors #17 (1980) \u2013 Marvel Comics \u2013 tai klasikinis \u201eBronzos am\u017eiaus\u201c laikotarpio amerikieti\u0161kas komiksas, i\u0161leistas 1980 metais \u201eMarvel Comics\u201c leidyklos.\" \/>\n<meta property=\"og:url\" content=\"https:\/\/collectin.eu\/en\/product\/shogun-warriors-17-1980-marvel-comics\/\" \/>\n<meta property=\"og:site_name\" content=\"Collectin.eu\" \/>\n<meta property=\"article:modified_time\" content=\"2026-03-05T07:21:18+00:00\" \/>\n<meta property=\"og:image\" content=\"http:\/\/collectin.eu\/wp-content\/uploads\/2026\/01\/Untitled-design-2026-01-08T223937.206.png\" \/>\n\t<meta property=\"og:image:width\" content=\"1080\" \/>\n\t<meta property=\"og:image:height\" content=\"1080\" \/>\n\t<meta property=\"og:image:type\" content=\"image\/png\" \/>\n<meta name=\"twitter:card\" content=\"summary_large_image\" \/>\n<meta name=\"twitter:label1\" content=\"Est. reading time\" \/>\n\t<meta name=\"twitter:data1\" content=\"1 minute\" \/>\n<script type=\"application\/ld+json\" class=\"yoast-schema-graph\">{\"@context\":\"https:\/\/schema.org\",\"@graph\":[{\"@type\":\"WebPage\",\"@id\":\"https:\/\/collectin.eu\/produktas\/shogun-warriors-17-1980-marvel-comics\/\",\"url\":\"https:\/\/collectin.eu\/produktas\/shogun-warriors-17-1980-marvel-comics\/\",\"name\":\"Shogun Warriors #17 (1980) Marvel Comics - Collectin.eu\",\"isPartOf\":{\"@id\":\"https:\/\/collectin.eu\/#website\"},\"primaryImageOfPage\":{\"@id\":\"https:\/\/collectin.eu\/produktas\/shogun-warriors-17-1980-marvel-comics\/#primaryimage\"},\"image\":{\"@id\":\"https:\/\/collectin.eu\/produktas\/shogun-warriors-17-1980-marvel-comics\/#primaryimage\"},\"thumbnailUrl\":\"https:\/\/collectin.eu\/wp-content\/uploads\/2026\/01\/Untitled-design-2026-01-08T223937.206.png\",\"datePublished\":\"2026-01-08T20:40:58+00:00\",\"dateModified\":\"2026-03-05T07:21:18+00:00\",\"description\":\"Shogun Warriors #17 (1980) \u2013 Marvel Comics \u2013 tai klasikinis \u201eBronzos am\u017eiaus\u201c laikotarpio amerikieti\u0161kas komiksas, i\u0161leistas 1980 metais \u201eMarvel Comics\u201c leidyklos.\",\"breadcrumb\":{\"@id\":\"https:\/\/collectin.eu\/produktas\/shogun-warriors-17-1980-marvel-comics\/#breadcrumb\"},\"inLanguage\":\"en-US\",\"potentialAction\":[{\"@type\":\"ReadAction\",\"target\":[\"https:\/\/collectin.eu\/produktas\/shogun-warriors-17-1980-marvel-comics\/\"]}]},{\"@type\":\"ImageObject\",\"inLanguage\":\"en-US\",\"@id\":\"https:\/\/collectin.eu\/produktas\/shogun-warriors-17-1980-marvel-comics\/#primaryimage\",\"url\":\"https:\/\/collectin.eu\/wp-content\/uploads\/2026\/01\/Untitled-design-2026-01-08T223937.206.png\",\"contentUrl\":\"https:\/\/collectin.eu\/wp-content\/uploads\/2026\/01\/Untitled-design-2026-01-08T223937.206.png\",\"width\":1080,\"height\":1080},{\"@type\":\"BreadcrumbList\",\"@id\":\"https:\/\/collectin.eu\/produktas\/shogun-warriors-17-1980-marvel-comics\/#breadcrumb\",\"itemListElement\":[{\"@type\":\"ListItem\",\"position\":1,\"name\":\"Home\",\"item\":\"https:\/\/collectin.eu\/\"},{\"@type\":\"ListItem\",\"position\":2,\"name\":\"Parduotuv\u0117\",\"item\":\"https:\/\/collectin.eu\/parduotuve\/\"},{\"@type\":\"ListItem\",\"position\":3,\"name\":\"Shogun Warriors #17 (1980) Marvel Comics\"}]},{\"@type\":\"WebSite\",\"@id\":\"https:\/\/collectin.eu\/#website\",\"url\":\"https:\/\/collectin.eu\/\",\"name\":\"Collectin.eu\",\"description\":\"\",\"potentialAction\":[{\"@type\":\"SearchAction\",\"target\":{\"@type\":\"EntryPoint\",\"urlTemplate\":\"https:\/\/collectin.eu\/?s={search_term_string}\"},\"query-input\":{\"@type\":\"PropertyValueSpecification\",\"valueRequired\":true,\"valueName\":\"search_term_string\"}}],\"inLanguage\":\"en-US\"}]}<\/script>\n<!-- \/ Yoast SEO plugin. -->","yoast_head_json":{"title":"Shogun Warriors #17 (1980) Marvel Comics - Collectin.eu","description":"Shogun Warriors #17 (1980) \u2013 Marvel Comics \u2013 tai klasikinis \u201eBronzos am\u017eiaus\u201c laikotarpio amerikieti\u0161kas komiksas, i\u0161leistas 1980 metais \u201eMarvel Comics\u201c leidyklos.","robots":{"index":"index","follow":"follow","max-snippet":"max-snippet:-1","max-image-preview":"max-image-preview:large","max-video-preview":"max-video-preview:-1"},"canonical":"https:\/\/collectin.eu\/en\/product\/shogun-warriors-17-1980-marvel-comics\/","og_locale":"en_US","og_type":"article","og_title":"Shogun Warriors #17 (1980) Marvel Comics - Collectin.eu","og_description":"Shogun Warriors #17 (1980) \u2013 Marvel Comics \u2013 tai klasikinis \u201eBronzos am\u017eiaus\u201c laikotarpio amerikieti\u0161kas komiksas, i\u0161leistas 1980 metais \u201eMarvel Comics\u201c leidyklos.","og_url":"https:\/\/collectin.eu\/en\/product\/shogun-warriors-17-1980-marvel-comics\/","og_site_name":"Collectin.eu","article_modified_time":"2026-03-05T07:21:18+00:00","og_image":[{"width":1080,"height":1080,"url":"http:\/\/collectin.eu\/wp-content\/uploads\/2026\/01\/Untitled-design-2026-01-08T223937.206.png","type":"image\/png"}],"twitter_card":"summary_large_image","twitter_misc":{"Est. reading time":"1 minute"},"schema":{"@context":"https:\/\/schema.org","@graph":[{"@type":"WebPage","@id":"https:\/\/collectin.eu\/produktas\/shogun-warriors-17-1980-marvel-comics\/","url":"https:\/\/collectin.eu\/produktas\/shogun-warriors-17-1980-marvel-comics\/","name":"Shogun Warriors #17 (1980) Marvel Comics - Collectin.eu","isPartOf":{"@id":"https:\/\/collectin.eu\/#website"},"primaryImageOfPage":{"@id":"https:\/\/collectin.eu\/produktas\/shogun-warriors-17-1980-marvel-comics\/#primaryimage"},"image":{"@id":"https:\/\/collectin.eu\/produktas\/shogun-warriors-17-1980-marvel-comics\/#primaryimage"},"thumbnailUrl":"https:\/\/collectin.eu\/wp-content\/uploads\/2026\/01\/Untitled-design-2026-01-08T223937.206.png","datePublished":"2026-01-08T20:40:58+00:00","dateModified":"2026-03-05T07:21:18+00:00","description":"Shogun Warriors #17 (1980) \u2013 Marvel Comics \u2013 tai klasikinis \u201eBronzos am\u017eiaus\u201c laikotarpio amerikieti\u0161kas komiksas, i\u0161leistas 1980 metais \u201eMarvel Comics\u201c leidyklos.","breadcrumb":{"@id":"https:\/\/collectin.eu\/produktas\/shogun-warriors-17-1980-marvel-comics\/#breadcrumb"},"inLanguage":"en-US","potentialAction":[{"@type":"ReadAction","target":["https:\/\/collectin.eu\/produktas\/shogun-warriors-17-1980-marvel-comics\/"]}]},{"@type":"ImageObject","inLanguage":"en-US","@id":"https:\/\/collectin.eu\/produktas\/shogun-warriors-17-1980-marvel-comics\/#primaryimage","url":"https:\/\/collectin.eu\/wp-content\/uploads\/2026\/01\/Untitled-design-2026-01-08T223937.206.png","contentUrl":"https:\/\/collectin.eu\/wp-content\/uploads\/2026\/01\/Untitled-design-2026-01-08T223937.206.png","width":1080,"height":1080},{"@type":"BreadcrumbList","@id":"https:\/\/collectin.eu\/produktas\/shogun-warriors-17-1980-marvel-comics\/#breadcrumb","itemListElement":[{"@type":"ListItem","position":1,"name":"Home","item":"https:\/\/collectin.eu\/"},{"@type":"ListItem","position":2,"name":"Parduotuv\u0117","item":"https:\/\/collectin.eu\/parduotuve\/"},{"@type":"ListItem","position":3,"name":"Shogun Warriors #17 (1980) Marvel Comics"}]},{"@type":"WebSite","@id":"https:\/\/collectin.eu\/#website","url":"https:\/\/collectin.eu\/","name":"Collectin.eu","description":"","potentialAction":[{"@type":"SearchAction","target":{"@type":"EntryPoint","urlTemplate":"https:\/\/collectin.eu\/?s={search_term_string}"},"query-input":{"@type":"PropertyValueSpecification","valueRequired":true,"valueName":"search_term_string"}}],"inLanguage":"en-US"}]}},"jetpack_sharing_enabled":true,"_links":{"self":[{"href":"https:\/\/collectin.eu\/en\/wp-json\/wp\/v2\/product\/39133","targetHints":{"allow":["GET"]}}],"collection":[{"href":"https:\/\/collectin.eu\/en\/wp-json\/wp\/v2\/product"}],"about":[{"href":"https:\/\/collectin.eu\/en\/wp-json\/wp\/v2\/types\/product"}],"replies":[{"embeddable":true,"href":"https:\/\/collectin.eu\/en\/wp-json\/wp\/v2\/comments?post=39133"}],"version-history":[{"count":2,"href":"https:\/\/collectin.eu\/en\/wp-json\/wp\/v2\/product\/39133\/revisions"}],"predecessor-version":[{"id":40226,"href":"https:\/\/collectin.eu\/en\/wp-json\/wp\/v2\/product\/39133\/revisions\/40226"}],"wp:featuredmedia":[{"embeddable":true,"href":"https:\/\/collectin.eu\/en\/wp-json\/wp\/v2\/media\/39134"}],"wp:attachment":[{"href":"https:\/\/collectin.eu\/en\/wp-json\/wp\/v2\/media?parent=39133"}],"wp:term":[{"taxonomy":"product_brand","embeddable":true,"href":"https:\/\/collectin.eu\/en\/wp-json\/wp\/v2\/product_brand?post=39133"},{"taxonomy":"product_cat","embeddable":true,"href":"https:\/\/collectin.eu\/en\/wp-json\/wp\/v2\/product_cat?post=39133"},{"taxonomy":"product_tag","embeddable":true,"href":"https:\/\/collectin.eu\/en\/wp-json\/wp\/v2\/product_tag?post=39133"}],"curies":[{"name":"wp","href":"https:\/\/api.w.org\/{rel}","templated":true}]}}