{"id":39137,"date":"2026-01-08T20:45:01","date_gmt":"2026-01-08T20:45:01","guid":{"rendered":"https:\/\/collectin.eu\/?post_type=product&#038;p=39137"},"modified":"2026-03-05T07:21:35","modified_gmt":"2026-03-05T07:21:35","slug":"avengers-161-1977-marvel-comics","status":"publish","type":"product","link":"https:\/\/collectin.eu\/en\/product\/avengers-161-1977-marvel-comics\/","title":{"rendered":"Avengers #161 (1977) Marvel Comics"},"content":{"rendered":"<p>Avengers #161 (1977) \u2013 Marvel Comics \u2013 tai 1977 metais i\u0161leistas klasikinis \u201eMarvel\u201c komiksas, priklausantis bronzos am\u017eiaus laikotarpiui ir t\u0119siantis legendin\u0117s \u201eKer\u0161ytoj\u0173\u201c komandos nuotykius. \u0160iame numeryje skaitytojai susiduria su dramati\u0161kais \u012fvykiais, vidin\u0117mis heroj\u0173 \u012ftampomis ir galingais prie\u0161ininkais, kurie kelia gr\u0117sm\u0119 tiek komandai, tiek visam pasauliui. Leidiniui b\u016bdingas to meto \u201eMarvel\u201c stilius \u2013 dinami\u0161kas veiksmas, emocingi dialogai ir detalus pie\u0161inys, formav\u0119s superheroj\u0173 komiks\u0173 aukso standartus. \u201eAvengers #161\u201c yra vertinamas kolekcinink\u0173 kaip svarbus serijos istorijos etapas ir patrauklus 1970-\u0173j\u0173 \u201eMarvel\u201c k\u016brybos pavyzdys, tinkantis tiek ilgame\u010diams gerb\u0117jams, tiek komiks\u0173 kolekcij\u0173 papildymui.<\/p>","protected":false},"excerpt":{"rendered":"<p>Avengers #161 (1977) \u2013 Marvel Comics \u2013 tai 1977 metais i\u0161leistas klasikinis \u201eMarvel\u201c komiksas, priklausantis bronzos am\u017eiaus laikotarpiui ir t\u0119siantis<\/p>","protected":false},"featured_media":39138,"comment_status":"open","ping_status":"closed","template":"","meta":[],"product_brand":[428],"product_cat":[535,536],"product_tag":[],"class_list":{"0":"post-39137","1":"product","2":"type-product","3":"status-publish","4":"has-post-thumbnail","6":"product_brand-marvel-comics","7":"product_cat-komiksai","8":"product_cat-marvel-komiksai-1939-1999","10":"first","11":"instock","12":"taxable","13":"shipping-taxable","14":"purchasable","15":"product-type-simple"},"yoast_head":"<!-- This site is optimized with the Yoast SEO plugin v25.9 - https:\/\/yoast.com\/wordpress\/plugins\/seo\/ -->\n<title>Avengers #161 (1977) Marvel Comics - Collectin.eu<\/title>\n<meta name=\"description\" content=\"Avengers #161 (1977) \u2013 Marvel Comics \u2013 tai 1977 metais i\u0161leistas klasikinis \u201eMarvel\u201c komiksas, priklausantis bronzos am\u017eiaus laikotarpiui ir t\u0119siantis legendin\u0117s \u201eKer\u0161ytoj\u0173\u201c komandos nuotykius.\" \/>\n<meta name=\"robots\" content=\"index, follow, max-snippet:-1, max-image-preview:large, max-video-preview:-1\" \/>\n<link rel=\"canonical\" href=\"https:\/\/collectin.eu\/en\/product\/avengers-161-1977-marvel-comics\/\" \/>\n<meta property=\"og:locale\" content=\"en_US\" \/>\n<meta property=\"og:type\" content=\"article\" \/>\n<meta property=\"og:title\" content=\"Avengers #161 (1977) Marvel Comics - Collectin.eu\" \/>\n<meta property=\"og:description\" content=\"Avengers #161 (1977) \u2013 Marvel Comics \u2013 tai 1977 metais i\u0161leistas klasikinis \u201eMarvel\u201c komiksas, priklausantis bronzos am\u017eiaus laikotarpiui ir t\u0119siantis legendin\u0117s \u201eKer\u0161ytoj\u0173\u201c komandos nuotykius.\" \/>\n<meta property=\"og:url\" content=\"https:\/\/collectin.eu\/en\/product\/avengers-161-1977-marvel-comics\/\" \/>\n<meta property=\"og:site_name\" content=\"Collectin.eu\" \/>\n<meta property=\"article:modified_time\" content=\"2026-03-05T07:21:35+00:00\" \/>\n<meta property=\"og:image\" content=\"http:\/\/collectin.eu\/wp-content\/uploads\/2026\/01\/Untitled-design-2026-01-08T224229.167.png\" \/>\n\t<meta property=\"og:image:width\" content=\"1080\" \/>\n\t<meta property=\"og:image:height\" content=\"1080\" \/>\n\t<meta property=\"og:image:type\" content=\"image\/png\" \/>\n<meta name=\"twitter:card\" content=\"summary_large_image\" \/>\n<meta name=\"twitter:label1\" content=\"Est. reading time\" \/>\n\t<meta name=\"twitter:data1\" content=\"1 minute\" \/>\n<script type=\"application\/ld+json\" class=\"yoast-schema-graph\">{\"@context\":\"https:\/\/schema.org\",\"@graph\":[{\"@type\":\"WebPage\",\"@id\":\"https:\/\/collectin.eu\/produktas\/avengers-161-1977-marvel-comics\/\",\"url\":\"https:\/\/collectin.eu\/produktas\/avengers-161-1977-marvel-comics\/\",\"name\":\"Avengers #161 (1977) Marvel Comics - Collectin.eu\",\"isPartOf\":{\"@id\":\"https:\/\/collectin.eu\/#website\"},\"primaryImageOfPage\":{\"@id\":\"https:\/\/collectin.eu\/produktas\/avengers-161-1977-marvel-comics\/#primaryimage\"},\"image\":{\"@id\":\"https:\/\/collectin.eu\/produktas\/avengers-161-1977-marvel-comics\/#primaryimage\"},\"thumbnailUrl\":\"https:\/\/collectin.eu\/wp-content\/uploads\/2026\/01\/Untitled-design-2026-01-08T224229.167.png\",\"datePublished\":\"2026-01-08T20:45:01+00:00\",\"dateModified\":\"2026-03-05T07:21:35+00:00\",\"description\":\"Avengers #161 (1977) \u2013 Marvel Comics \u2013 tai 1977 metais i\u0161leistas klasikinis \u201eMarvel\u201c komiksas, priklausantis bronzos am\u017eiaus laikotarpiui ir t\u0119siantis legendin\u0117s \u201eKer\u0161ytoj\u0173\u201c komandos nuotykius.\",\"breadcrumb\":{\"@id\":\"https:\/\/collectin.eu\/produktas\/avengers-161-1977-marvel-comics\/#breadcrumb\"},\"inLanguage\":\"en-US\",\"potentialAction\":[{\"@type\":\"ReadAction\",\"target\":[\"https:\/\/collectin.eu\/produktas\/avengers-161-1977-marvel-comics\/\"]}]},{\"@type\":\"ImageObject\",\"inLanguage\":\"en-US\",\"@id\":\"https:\/\/collectin.eu\/produktas\/avengers-161-1977-marvel-comics\/#primaryimage\",\"url\":\"https:\/\/collectin.eu\/wp-content\/uploads\/2026\/01\/Untitled-design-2026-01-08T224229.167.png\",\"contentUrl\":\"https:\/\/collectin.eu\/wp-content\/uploads\/2026\/01\/Untitled-design-2026-01-08T224229.167.png\",\"width\":1080,\"height\":1080},{\"@type\":\"BreadcrumbList\",\"@id\":\"https:\/\/collectin.eu\/produktas\/avengers-161-1977-marvel-comics\/#breadcrumb\",\"itemListElement\":[{\"@type\":\"ListItem\",\"position\":1,\"name\":\"Home\",\"item\":\"https:\/\/collectin.eu\/\"},{\"@type\":\"ListItem\",\"position\":2,\"name\":\"Parduotuv\u0117\",\"item\":\"https:\/\/collectin.eu\/parduotuve\/\"},{\"@type\":\"ListItem\",\"position\":3,\"name\":\"Avengers #161 (1977) Marvel Comics\"}]},{\"@type\":\"WebSite\",\"@id\":\"https:\/\/collectin.eu\/#website\",\"url\":\"https:\/\/collectin.eu\/\",\"name\":\"Collectin.eu\",\"description\":\"\",\"potentialAction\":[{\"@type\":\"SearchAction\",\"target\":{\"@type\":\"EntryPoint\",\"urlTemplate\":\"https:\/\/collectin.eu\/?s={search_term_string}\"},\"query-input\":{\"@type\":\"PropertyValueSpecification\",\"valueRequired\":true,\"valueName\":\"search_term_string\"}}],\"inLanguage\":\"en-US\"}]}<\/script>\n<!-- \/ Yoast SEO plugin. -->","yoast_head_json":{"title":"Avengers #161 (1977) Marvel Comics - Collectin.eu","description":"Avengers #161 (1977) \u2013 Marvel Comics \u2013 tai 1977 metais i\u0161leistas klasikinis \u201eMarvel\u201c komiksas, priklausantis bronzos am\u017eiaus laikotarpiui ir t\u0119siantis legendin\u0117s \u201eKer\u0161ytoj\u0173\u201c komandos nuotykius.","robots":{"index":"index","follow":"follow","max-snippet":"max-snippet:-1","max-image-preview":"max-image-preview:large","max-video-preview":"max-video-preview:-1"},"canonical":"https:\/\/collectin.eu\/en\/product\/avengers-161-1977-marvel-comics\/","og_locale":"en_US","og_type":"article","og_title":"Avengers #161 (1977) Marvel Comics - Collectin.eu","og_description":"Avengers #161 (1977) \u2013 Marvel Comics \u2013 tai 1977 metais i\u0161leistas klasikinis \u201eMarvel\u201c komiksas, priklausantis bronzos am\u017eiaus laikotarpiui ir t\u0119siantis legendin\u0117s \u201eKer\u0161ytoj\u0173\u201c komandos nuotykius.","og_url":"https:\/\/collectin.eu\/en\/product\/avengers-161-1977-marvel-comics\/","og_site_name":"Collectin.eu","article_modified_time":"2026-03-05T07:21:35+00:00","og_image":[{"width":1080,"height":1080,"url":"http:\/\/collectin.eu\/wp-content\/uploads\/2026\/01\/Untitled-design-2026-01-08T224229.167.png","type":"image\/png"}],"twitter_card":"summary_large_image","twitter_misc":{"Est. reading time":"1 minute"},"schema":{"@context":"https:\/\/schema.org","@graph":[{"@type":"WebPage","@id":"https:\/\/collectin.eu\/produktas\/avengers-161-1977-marvel-comics\/","url":"https:\/\/collectin.eu\/produktas\/avengers-161-1977-marvel-comics\/","name":"Avengers #161 (1977) Marvel Comics - Collectin.eu","isPartOf":{"@id":"https:\/\/collectin.eu\/#website"},"primaryImageOfPage":{"@id":"https:\/\/collectin.eu\/produktas\/avengers-161-1977-marvel-comics\/#primaryimage"},"image":{"@id":"https:\/\/collectin.eu\/produktas\/avengers-161-1977-marvel-comics\/#primaryimage"},"thumbnailUrl":"https:\/\/collectin.eu\/wp-content\/uploads\/2026\/01\/Untitled-design-2026-01-08T224229.167.png","datePublished":"2026-01-08T20:45:01+00:00","dateModified":"2026-03-05T07:21:35+00:00","description":"Avengers #161 (1977) \u2013 Marvel Comics \u2013 tai 1977 metais i\u0161leistas klasikinis \u201eMarvel\u201c komiksas, priklausantis bronzos am\u017eiaus laikotarpiui ir t\u0119siantis legendin\u0117s \u201eKer\u0161ytoj\u0173\u201c komandos nuotykius.","breadcrumb":{"@id":"https:\/\/collectin.eu\/produktas\/avengers-161-1977-marvel-comics\/#breadcrumb"},"inLanguage":"en-US","potentialAction":[{"@type":"ReadAction","target":["https:\/\/collectin.eu\/produktas\/avengers-161-1977-marvel-comics\/"]}]},{"@type":"ImageObject","inLanguage":"en-US","@id":"https:\/\/collectin.eu\/produktas\/avengers-161-1977-marvel-comics\/#primaryimage","url":"https:\/\/collectin.eu\/wp-content\/uploads\/2026\/01\/Untitled-design-2026-01-08T224229.167.png","contentUrl":"https:\/\/collectin.eu\/wp-content\/uploads\/2026\/01\/Untitled-design-2026-01-08T224229.167.png","width":1080,"height":1080},{"@type":"BreadcrumbList","@id":"https:\/\/collectin.eu\/produktas\/avengers-161-1977-marvel-comics\/#breadcrumb","itemListElement":[{"@type":"ListItem","position":1,"name":"Home","item":"https:\/\/collectin.eu\/"},{"@type":"ListItem","position":2,"name":"Parduotuv\u0117","item":"https:\/\/collectin.eu\/parduotuve\/"},{"@type":"ListItem","position":3,"name":"Avengers #161 (1977) Marvel Comics"}]},{"@type":"WebSite","@id":"https:\/\/collectin.eu\/#website","url":"https:\/\/collectin.eu\/","name":"Collectin.eu","description":"","potentialAction":[{"@type":"SearchAction","target":{"@type":"EntryPoint","urlTemplate":"https:\/\/collectin.eu\/?s={search_term_string}"},"query-input":{"@type":"PropertyValueSpecification","valueRequired":true,"valueName":"search_term_string"}}],"inLanguage":"en-US"}]}},"jetpack_sharing_enabled":true,"_links":{"self":[{"href":"https:\/\/collectin.eu\/en\/wp-json\/wp\/v2\/product\/39137","targetHints":{"allow":["GET"]}}],"collection":[{"href":"https:\/\/collectin.eu\/en\/wp-json\/wp\/v2\/product"}],"about":[{"href":"https:\/\/collectin.eu\/en\/wp-json\/wp\/v2\/types\/product"}],"replies":[{"embeddable":true,"href":"https:\/\/collectin.eu\/en\/wp-json\/wp\/v2\/comments?post=39137"}],"version-history":[{"count":2,"href":"https:\/\/collectin.eu\/en\/wp-json\/wp\/v2\/product\/39137\/revisions"}],"predecessor-version":[{"id":40228,"href":"https:\/\/collectin.eu\/en\/wp-json\/wp\/v2\/product\/39137\/revisions\/40228"}],"wp:featuredmedia":[{"embeddable":true,"href":"https:\/\/collectin.eu\/en\/wp-json\/wp\/v2\/media\/39138"}],"wp:attachment":[{"href":"https:\/\/collectin.eu\/en\/wp-json\/wp\/v2\/media?parent=39137"}],"wp:term":[{"taxonomy":"product_brand","embeddable":true,"href":"https:\/\/collectin.eu\/en\/wp-json\/wp\/v2\/product_brand?post=39137"},{"taxonomy":"product_cat","embeddable":true,"href":"https:\/\/collectin.eu\/en\/wp-json\/wp\/v2\/product_cat?post=39137"},{"taxonomy":"product_tag","embeddable":true,"href":"https:\/\/collectin.eu\/en\/wp-json\/wp\/v2\/product_tag?post=39137"}],"curies":[{"name":"wp","href":"https:\/\/api.w.org\/{rel}","templated":true}]}}