{"id":39141,"date":"2026-01-08T20:49:07","date_gmt":"2026-01-08T20:49:07","guid":{"rendered":"https:\/\/collectin.eu\/?post_type=product&#038;p=39141"},"modified":"2026-03-05T07:21:41","modified_gmt":"2026-03-05T07:21:41","slug":"star-trek-1-1980-marvel-comics","status":"publish","type":"product","link":"https:\/\/collectin.eu\/en\/product\/star-trek-1-1980-marvel-comics\/","title":{"rendered":"Star Trek #1 (1980) Marvel Comics"},"content":{"rendered":"<p>Star Trek #1 (1980) \u2013 Marvel Comics \u2013 tai 1980 metais \u201eMarvel Comics\u201c i\u0161leistas komiksas, prad\u0117j\u0119s nauj\u0105 \u201e\u017dvaig\u017ed\u017ei\u0173 kelio\u201c istorij\u0173 etap\u0105 komiks\u0173 formatu. Leidinys paremtas populiariuoju mokslin\u0117s fantastikos televizijos serialu ir pristato skaitytojams legendin\u0119 \u201eUSS Enterprise\u201c \u012fgul\u0105, j\u0173 kosmines misijas bei susid\u016brimus su nepa\u017eintais pasauliais ir civilizacijomis. Komiksui b\u016bdingas to laikotarpio \u201eMarvel\u201c pasakojimo stilius \u2013 nuotyki\u0173 kupinas siu\u017etas, ry\u0161k\u016bs persona\u017eai ir futuristin\u0117 atmosfera. \u201eStar Trek #1\u201c yra vertinamas kaip reik\u0161mingas ir nostalgi\u0161kas 1980-\u0173j\u0173 popkult\u016bros leidinys, patrauklus tiek \u201eStar Trek\u201c gerb\u0117jams, tiek klasikin\u0117s \u201eMarvel\u201c komiks\u0173 k\u016brybos kolekcininkams.<\/p>","protected":false},"excerpt":{"rendered":"<p>Star Trek #1 (1980) \u2013 Marvel Comics \u2013 tai 1980 metais \u201eMarvel Comics\u201c i\u0161leistas komiksas, prad\u0117j\u0119s nauj\u0105 \u201e\u017dvaig\u017ed\u017ei\u0173 kelio\u201c istorij\u0173<\/p>","protected":false},"featured_media":39142,"comment_status":"open","ping_status":"closed","template":"","meta":[],"product_brand":[428],"product_cat":[535,536],"product_tag":[],"class_list":{"0":"post-39141","1":"product","2":"type-product","3":"status-publish","4":"has-post-thumbnail","6":"product_brand-marvel-comics","7":"product_cat-komiksai","8":"product_cat-marvel-komiksai-1939-1999","10":"first","11":"instock","12":"taxable","13":"shipping-taxable","14":"purchasable","15":"product-type-simple"},"yoast_head":"<!-- This site is optimized with the Yoast SEO plugin v25.9 - https:\/\/yoast.com\/wordpress\/plugins\/seo\/ -->\n<title>Star Trek #1 (1980) Marvel Comics - Collectin.eu<\/title>\n<meta name=\"description\" content=\"Star Trek #1 (1980) \u2013 Marvel Comics \u2013 tai 1980 metais \u201eMarvel Comics\u201c i\u0161leistas komiksas, prad\u0117j\u0119s nauj\u0105 \u201e\u017dvaig\u017ed\u017ei\u0173 kelio\u201c istorij\u0173 etap\u0105 komiks\u0173 formatu.\" \/>\n<meta name=\"robots\" content=\"index, follow, max-snippet:-1, max-image-preview:large, max-video-preview:-1\" \/>\n<link rel=\"canonical\" href=\"https:\/\/collectin.eu\/en\/product\/star-trek-1-1980-marvel-comics\/\" \/>\n<meta property=\"og:locale\" content=\"en_US\" \/>\n<meta property=\"og:type\" content=\"article\" \/>\n<meta property=\"og:title\" content=\"Star Trek #1 (1980) Marvel Comics - Collectin.eu\" \/>\n<meta property=\"og:description\" content=\"Star Trek #1 (1980) \u2013 Marvel Comics \u2013 tai 1980 metais \u201eMarvel Comics\u201c i\u0161leistas komiksas, prad\u0117j\u0119s nauj\u0105 \u201e\u017dvaig\u017ed\u017ei\u0173 kelio\u201c istorij\u0173 etap\u0105 komiks\u0173 formatu.\" \/>\n<meta property=\"og:url\" content=\"https:\/\/collectin.eu\/en\/product\/star-trek-1-1980-marvel-comics\/\" \/>\n<meta property=\"og:site_name\" content=\"Collectin.eu\" \/>\n<meta property=\"article:modified_time\" content=\"2026-03-05T07:21:41+00:00\" \/>\n<meta property=\"og:image\" content=\"http:\/\/collectin.eu\/wp-content\/uploads\/2026\/01\/Untitled-design-2026-01-08T224651.097.png\" \/>\n\t<meta property=\"og:image:width\" content=\"1080\" \/>\n\t<meta property=\"og:image:height\" content=\"1080\" \/>\n\t<meta property=\"og:image:type\" content=\"image\/png\" \/>\n<meta name=\"twitter:card\" content=\"summary_large_image\" \/>\n<meta name=\"twitter:label1\" content=\"Est. reading time\" \/>\n\t<meta name=\"twitter:data1\" content=\"1 minute\" \/>\n<script type=\"application\/ld+json\" class=\"yoast-schema-graph\">{\"@context\":\"https:\/\/schema.org\",\"@graph\":[{\"@type\":\"WebPage\",\"@id\":\"https:\/\/collectin.eu\/produktas\/star-trek-1-1980-marvel-comics\/\",\"url\":\"https:\/\/collectin.eu\/produktas\/star-trek-1-1980-marvel-comics\/\",\"name\":\"Star Trek #1 (1980) Marvel Comics - Collectin.eu\",\"isPartOf\":{\"@id\":\"https:\/\/collectin.eu\/#website\"},\"primaryImageOfPage\":{\"@id\":\"https:\/\/collectin.eu\/produktas\/star-trek-1-1980-marvel-comics\/#primaryimage\"},\"image\":{\"@id\":\"https:\/\/collectin.eu\/produktas\/star-trek-1-1980-marvel-comics\/#primaryimage\"},\"thumbnailUrl\":\"https:\/\/collectin.eu\/wp-content\/uploads\/2026\/01\/Untitled-design-2026-01-08T224651.097.png\",\"datePublished\":\"2026-01-08T20:49:07+00:00\",\"dateModified\":\"2026-03-05T07:21:41+00:00\",\"description\":\"Star Trek #1 (1980) \u2013 Marvel Comics \u2013 tai 1980 metais \u201eMarvel Comics\u201c i\u0161leistas komiksas, prad\u0117j\u0119s nauj\u0105 \u201e\u017dvaig\u017ed\u017ei\u0173 kelio\u201c istorij\u0173 etap\u0105 komiks\u0173 formatu.\",\"breadcrumb\":{\"@id\":\"https:\/\/collectin.eu\/produktas\/star-trek-1-1980-marvel-comics\/#breadcrumb\"},\"inLanguage\":\"en-US\",\"potentialAction\":[{\"@type\":\"ReadAction\",\"target\":[\"https:\/\/collectin.eu\/produktas\/star-trek-1-1980-marvel-comics\/\"]}]},{\"@type\":\"ImageObject\",\"inLanguage\":\"en-US\",\"@id\":\"https:\/\/collectin.eu\/produktas\/star-trek-1-1980-marvel-comics\/#primaryimage\",\"url\":\"https:\/\/collectin.eu\/wp-content\/uploads\/2026\/01\/Untitled-design-2026-01-08T224651.097.png\",\"contentUrl\":\"https:\/\/collectin.eu\/wp-content\/uploads\/2026\/01\/Untitled-design-2026-01-08T224651.097.png\",\"width\":1080,\"height\":1080},{\"@type\":\"BreadcrumbList\",\"@id\":\"https:\/\/collectin.eu\/produktas\/star-trek-1-1980-marvel-comics\/#breadcrumb\",\"itemListElement\":[{\"@type\":\"ListItem\",\"position\":1,\"name\":\"Home\",\"item\":\"https:\/\/collectin.eu\/\"},{\"@type\":\"ListItem\",\"position\":2,\"name\":\"Parduotuv\u0117\",\"item\":\"https:\/\/collectin.eu\/parduotuve\/\"},{\"@type\":\"ListItem\",\"position\":3,\"name\":\"Star Trek #1 (1980) Marvel Comics\"}]},{\"@type\":\"WebSite\",\"@id\":\"https:\/\/collectin.eu\/#website\",\"url\":\"https:\/\/collectin.eu\/\",\"name\":\"Collectin.eu\",\"description\":\"\",\"potentialAction\":[{\"@type\":\"SearchAction\",\"target\":{\"@type\":\"EntryPoint\",\"urlTemplate\":\"https:\/\/collectin.eu\/?s={search_term_string}\"},\"query-input\":{\"@type\":\"PropertyValueSpecification\",\"valueRequired\":true,\"valueName\":\"search_term_string\"}}],\"inLanguage\":\"en-US\"}]}<\/script>\n<!-- \/ Yoast SEO plugin. -->","yoast_head_json":{"title":"Star Trek #1 (1980) Marvel Comics - Collectin.eu","description":"Star Trek #1 (1980) \u2013 Marvel Comics \u2013 tai 1980 metais \u201eMarvel Comics\u201c i\u0161leistas komiksas, prad\u0117j\u0119s nauj\u0105 \u201e\u017dvaig\u017ed\u017ei\u0173 kelio\u201c istorij\u0173 etap\u0105 komiks\u0173 formatu.","robots":{"index":"index","follow":"follow","max-snippet":"max-snippet:-1","max-image-preview":"max-image-preview:large","max-video-preview":"max-video-preview:-1"},"canonical":"https:\/\/collectin.eu\/en\/product\/star-trek-1-1980-marvel-comics\/","og_locale":"en_US","og_type":"article","og_title":"Star Trek #1 (1980) Marvel Comics - Collectin.eu","og_description":"Star Trek #1 (1980) \u2013 Marvel Comics \u2013 tai 1980 metais \u201eMarvel Comics\u201c i\u0161leistas komiksas, prad\u0117j\u0119s nauj\u0105 \u201e\u017dvaig\u017ed\u017ei\u0173 kelio\u201c istorij\u0173 etap\u0105 komiks\u0173 formatu.","og_url":"https:\/\/collectin.eu\/en\/product\/star-trek-1-1980-marvel-comics\/","og_site_name":"Collectin.eu","article_modified_time":"2026-03-05T07:21:41+00:00","og_image":[{"width":1080,"height":1080,"url":"http:\/\/collectin.eu\/wp-content\/uploads\/2026\/01\/Untitled-design-2026-01-08T224651.097.png","type":"image\/png"}],"twitter_card":"summary_large_image","twitter_misc":{"Est. reading time":"1 minute"},"schema":{"@context":"https:\/\/schema.org","@graph":[{"@type":"WebPage","@id":"https:\/\/collectin.eu\/produktas\/star-trek-1-1980-marvel-comics\/","url":"https:\/\/collectin.eu\/produktas\/star-trek-1-1980-marvel-comics\/","name":"Star Trek #1 (1980) Marvel Comics - Collectin.eu","isPartOf":{"@id":"https:\/\/collectin.eu\/#website"},"primaryImageOfPage":{"@id":"https:\/\/collectin.eu\/produktas\/star-trek-1-1980-marvel-comics\/#primaryimage"},"image":{"@id":"https:\/\/collectin.eu\/produktas\/star-trek-1-1980-marvel-comics\/#primaryimage"},"thumbnailUrl":"https:\/\/collectin.eu\/wp-content\/uploads\/2026\/01\/Untitled-design-2026-01-08T224651.097.png","datePublished":"2026-01-08T20:49:07+00:00","dateModified":"2026-03-05T07:21:41+00:00","description":"Star Trek #1 (1980) \u2013 Marvel Comics \u2013 tai 1980 metais \u201eMarvel Comics\u201c i\u0161leistas komiksas, prad\u0117j\u0119s nauj\u0105 \u201e\u017dvaig\u017ed\u017ei\u0173 kelio\u201c istorij\u0173 etap\u0105 komiks\u0173 formatu.","breadcrumb":{"@id":"https:\/\/collectin.eu\/produktas\/star-trek-1-1980-marvel-comics\/#breadcrumb"},"inLanguage":"en-US","potentialAction":[{"@type":"ReadAction","target":["https:\/\/collectin.eu\/produktas\/star-trek-1-1980-marvel-comics\/"]}]},{"@type":"ImageObject","inLanguage":"en-US","@id":"https:\/\/collectin.eu\/produktas\/star-trek-1-1980-marvel-comics\/#primaryimage","url":"https:\/\/collectin.eu\/wp-content\/uploads\/2026\/01\/Untitled-design-2026-01-08T224651.097.png","contentUrl":"https:\/\/collectin.eu\/wp-content\/uploads\/2026\/01\/Untitled-design-2026-01-08T224651.097.png","width":1080,"height":1080},{"@type":"BreadcrumbList","@id":"https:\/\/collectin.eu\/produktas\/star-trek-1-1980-marvel-comics\/#breadcrumb","itemListElement":[{"@type":"ListItem","position":1,"name":"Home","item":"https:\/\/collectin.eu\/"},{"@type":"ListItem","position":2,"name":"Parduotuv\u0117","item":"https:\/\/collectin.eu\/parduotuve\/"},{"@type":"ListItem","position":3,"name":"Star Trek #1 (1980) Marvel Comics"}]},{"@type":"WebSite","@id":"https:\/\/collectin.eu\/#website","url":"https:\/\/collectin.eu\/","name":"Collectin.eu","description":"","potentialAction":[{"@type":"SearchAction","target":{"@type":"EntryPoint","urlTemplate":"https:\/\/collectin.eu\/?s={search_term_string}"},"query-input":{"@type":"PropertyValueSpecification","valueRequired":true,"valueName":"search_term_string"}}],"inLanguage":"en-US"}]}},"jetpack_sharing_enabled":true,"_links":{"self":[{"href":"https:\/\/collectin.eu\/en\/wp-json\/wp\/v2\/product\/39141","targetHints":{"allow":["GET"]}}],"collection":[{"href":"https:\/\/collectin.eu\/en\/wp-json\/wp\/v2\/product"}],"about":[{"href":"https:\/\/collectin.eu\/en\/wp-json\/wp\/v2\/types\/product"}],"replies":[{"embeddable":true,"href":"https:\/\/collectin.eu\/en\/wp-json\/wp\/v2\/comments?post=39141"}],"version-history":[{"count":2,"href":"https:\/\/collectin.eu\/en\/wp-json\/wp\/v2\/product\/39141\/revisions"}],"predecessor-version":[{"id":40229,"href":"https:\/\/collectin.eu\/en\/wp-json\/wp\/v2\/product\/39141\/revisions\/40229"}],"wp:featuredmedia":[{"embeddable":true,"href":"https:\/\/collectin.eu\/en\/wp-json\/wp\/v2\/media\/39142"}],"wp:attachment":[{"href":"https:\/\/collectin.eu\/en\/wp-json\/wp\/v2\/media?parent=39141"}],"wp:term":[{"taxonomy":"product_brand","embeddable":true,"href":"https:\/\/collectin.eu\/en\/wp-json\/wp\/v2\/product_brand?post=39141"},{"taxonomy":"product_cat","embeddable":true,"href":"https:\/\/collectin.eu\/en\/wp-json\/wp\/v2\/product_cat?post=39141"},{"taxonomy":"product_tag","embeddable":true,"href":"https:\/\/collectin.eu\/en\/wp-json\/wp\/v2\/product_tag?post=39141"}],"curies":[{"name":"wp","href":"https:\/\/api.w.org\/{rel}","templated":true}]}}